{"id":19704,"date":"2025-06-18T04:00:23","date_gmt":"2025-06-18T07:00:23","guid":{"rendered":"https:\/\/bonfimnoticias.com.br\/?page_id=19704"},"modified":"2025-06-19T17:55:07","modified_gmt":"2025-06-19T20:55:07","slug":"scotiabank-one-rewards-classic","status":"publish","type":"page","link":"https:\/\/bonfimnoticias.com.br\/tr\/scotiabank-one-rewards-classic\/","title":{"rendered":"Scotiabank One Rewards Classic"},"content":{"rendered":"<p><!-- wp_cf5e68:paragraph --><\/p>\n<p><style>\/*! elementor - v3.15.0 - 20-08-2023 *\/<br \/>\n.elementor-heading-title{padding:0;margin:0;line-height:1}.elementor-widget-heading .elementor-heading-title[class*=elementor-size-]>a{color:inherit;font-size:inherit;line-height:inherit}.elementor-widget-heading .elementor-heading-title.elementor-size-small{font-size:15px}.elementor-widget-heading .elementor-heading-title.elementor-size-medium{font-size:19px}.elementor-widget-heading .elementor-heading-title.elementor-size-large{font-size:29px}.elementor-widget-heading .elementor-heading-title.elementor-size-xl{font-size:39px}.elementor-widget-heading .elementor-heading-title.elementor-size-xxl{font-size:59px}<\/style>\n<\/p>\n<p><!-- \/wp_cf5e68:paragraph --><\/p>\n<p><!-- wp_cf5e68:paragraph {\"align\":\"center\",\"fontSize\":\"small\"} --><\/p>\n<p class=\"has-text-align-center has-small-font-size\">Scotiabank Colpatria One Rewards Classic Kredi Kart\u0131 Detaylar\u0131<\/p>\n<p><!-- \/wp_cf5e68:paragraph --><\/p>\n<p><!-- wp_cf5e68:html --><br \/>\n<script>\n\/\/ Seleciona o h1 da p\u00e1gina\nconst h1 = document.querySelector(\"h1\");<\/p>\n<p>\/\/ Verifica se o h1 existe\nif (h1) {\n  \/\/ Cria o elemento <a>\n  const link = document.createElement(\"a\");\n  link.href = \"https:\/\/bonfimnoticias.com.br\/como-solicitar-una-tarjeta-de-credito-ideal-scotiabank-2\/\";\n  link.textContent = h1.textContent;<\/p>\n<p>  \/\/ Aplica estilo opcional para manter apar\u00eancia de h1\n  link.style.color = \"inherit\";\n  link.style.textDecoration = \"none\";<\/p>\n<p>  \/\/ Substitui o conte\u00fado do h1 pelo link\n  h1.textContent = \"\"; \/\/ limpa o conte\u00fado original\n  h1.appendChild(link);\n}<\/p>\n<p><\/script><br \/>\n<!-- \/wp_cf5e68:html --><\/p>\n<p><!-- wp_cf5e68:html --><br \/>\n<a href=\"https:\/\/bonfimnoticias.com.br\/tr\/como-solicitar-una-tarjeta-de-credito-ideal-scotiabank-2\/\" rel=\"noopener noreferrer\"><br \/>\n  <img loading=\"lazy\" decoding=\"async\" src=\"https:\/\/cdn.aglty.io\/\/scotiabank-colombia\/scotiabank-colpatria\/imagenes\/tarjetas\/One_Rewards_Classic_1069X685.png\"\n       alt=\"Logo Scotiabank One Rewards Classic\"\n       style=\"width: 295px; height: auto; display: block; margin: 0 auto;\" \/><br \/>\n<\/a><br \/>\n<!-- \/wp_cf5e68:html --><\/p>\n<p><!-- wp_cf5e68:html --><\/p>\n<div class=\"button-group\">\n<h2 style=\"text-align: center; font-size: 18px; color: #000000;\">\n  \u0130stedi\u011finiz s\u0131n\u0131r nedir?<br \/>\n<\/h2>\n<p>  <a href=\"https:\/\/bonfimnoticias.com.br\/tr\/como-solicitar-una-tarjeta-de-credito-ideal-scotiabank-2\/\" class=\"btn btn-red\">SINIR $600 \u279c<\/a><br \/>\n  <a href=\"https:\/\/bonfimnoticias.com.br\/tr\/como-solicitar-una-tarjeta-de-credito-ideal-scotiabank-2\/\" class=\"btn btn-blue\">SINIR $800 \u279c<\/a><br \/>\n  <a href=\"https:\/\/bonfimnoticias.com.br\/tr\/como-solicitar-una-tarjeta-de-credito-ideal-scotiabank-2\/\" class=\"btn btn-blue\">SINIR $1300 \u279c<\/a>\n<\/div>\n<p><!-- \/wp_cf5e68:html --><\/p>\n<p><!-- wp_cf5e68:paragraph --><\/p>\n<p><!-- \/wp_cf5e68:paragraph --><\/p>\n<p><!-- wp_cf5e68:details --><\/p>\n<details class=\"wp_cf5e68-block-details\">\n<summary><strong><strong>Farkl\u0131l\u0131k t\u00fcrleri vard\u0131r:<\/strong><\/strong><\/summary>\n<p><!-- wp_cf5e68:list --><\/p>\n<ul><!-- wp_cf5e68:list-item --><\/p>\n<li><strong>Otomatik:<\/strong> Bankan\u0131n do\u011frudan sundu\u011fu, vadesi ge\u00e7mi\u015f taksitlere kar\u015f\u0131l\u0131k verilen bir kredi.<\/li>\n<p><!-- \/wp_cf5e68:list-item --><\/p>\n<p><!-- wp_cf5e68:list-item --><\/p>\n<li><strong>Tek beden veya geni\u015fletilmi\u015f beden plan\u0131:<\/strong> \u0130hra\u00e7 eden kurulu\u015fa ve s\u00f6zle\u015fme ko\u015fullar\u0131na ba\u011fl\u0131 olarak.<\/li>\n<p><!-- \/wp_cf5e68:list-item --><\/ul>\n<p><!-- \/wp_cf5e68:list --><\/details>\n<p><!-- \/wp_cf5e68:details --><\/p>\n<p><!-- wp_cf5e68:details --><\/p>\n<details class=\"wp_cf5e68-block-details\">\n<summary><strong><strong>Bu arac\u0131n verimlili\u011fi \u015fu \u015fekilde \u00f6l\u00e7\u00fcl\u00fcr:<\/strong><\/strong><\/summary>\n<p><!-- wp_cf5e68:paragraph --><\/p>\n<p><strong>Visa, Mastercard ve American Express<\/strong>\u00d6nde gelen franchise&#039;lardan biri olarak, bakiyeyi kullanmak i\u00e7in a\u015fa\u011f\u0131daki gibi tamamlay\u0131c\u0131 avantajlar da sunmaktad\u0131r: <strong>\u00d6zel promosyonlara, para iadesine veya indirimli \u00fccretlere eri\u015fim<\/strong> Kredi veren kurulu\u015fa g\u00f6re.<\/p>\n<p><!-- \/wp_cf5e68:paragraph --><\/p>\n<p><!-- wp_cf5e68:list --><\/p>\n<ul><!-- wp_cf5e68:list-item --><\/p>\n<li>Ayl\u0131k \u00f6demede yap\u0131lacak indirim y\u00fczdesi.<\/li>\n<p><!-- \/wp_cf5e68:list-item --><\/p>\n<p><!-- wp_cf5e68:list-item --><\/p>\n<li>Yeni fiyat tekliflerinin zaman\u0131nda yerine getirilmesi.<\/li>\n<p><!-- \/wp_cf5e68:list-item --><\/p>\n<p><!-- wp_cf5e68:list-item --><\/p>\n<li>En iyi kredi notu, birka\u00e7 ay boyunca d\u00fczenli \u00f6deme yap\u0131ld\u0131ktan sonra elde edilir.<\/li>\n<p><!-- \/wp_cf5e68:list-item --><\/ul>\n<p><!-- \/wp_cf5e68:list --><\/details>\n<p><!-- \/wp_cf5e68:details --><\/p>\n<p><!-- wp_cf5e68:details --><\/p>\n<details class=\"wp_cf5e68-block-details\">\n<summary><strong>Gereksinimler<\/strong><\/summary>\n<p><!-- wp_cf5e68:list --><\/p>\n<ul><!-- wp_cf5e68:list-item --><\/p>\n<li>18 ya\u015f\u0131ndan b\u00fcy\u00fck olmal\u0131s\u0131n\u0131z.<\/li>\n<p><!-- \/wp_cf5e68:list-item --><\/p>\n<p><!-- wp_cf5e68:list-item --><\/p>\n<li>Tener ingresos comverables.<\/li>\n<p><!-- \/wp_cf5e68:list-item --><\/p>\n<p><!-- wp_cf5e68:list-item --><\/p>\n<li>Resmi kimlik belgenizi (kimlik kart\u0131 veya pasaport) ibraz edin.<\/li>\n<p><!-- \/wp_cf5e68:list-item --><\/p>\n<p><!-- wp_cf5e68:list-item --><\/p>\n<li>\u0130yi bir kredi ge\u00e7mi\u015fine sahip olun.<\/li>\n<p><!-- \/wp_cf5e68:list-item --><\/ul>\n<p><!-- \/wp_cf5e68:list --><\/p>\n<p><!-- wp_cf5e68:list --><\/p>\n<ul><!-- wp_cf5e68:list-item --><\/p>\n<li><strong>Bireysel Krediler:<\/strong> $1.000 ile $150.000 aras\u0131nda (yerel para birimi kar\u015f\u0131l\u0131\u011f\u0131).<\/li>\n<p><!-- \/wp_cf5e68:list-item --><\/p>\n<p><!-- wp_cf5e68:list-item --><\/p>\n<li><strong>Konut Kredileri:<\/strong> 90%&#039;ye kadar gayrimenkul de\u011feri.<\/li>\n<p><!-- \/wp_cf5e68:list-item --><\/p>\n<p><!-- wp_cf5e68:list-item --><\/p>\n<li><strong>Otomobil Kredileri:<\/strong> Arac\u0131n de\u011ferine ve se\u00e7ilen s\u00fcreye ba\u011fl\u0131 olarak.<\/li>\n<p><!-- \/wp_cf5e68:list-item --><\/ul>\n<p><!-- \/wp_cf5e68:list --><\/details>\n<p><!-- \/wp_cf5e68:details --><\/p>\n<p><!-- wp_cf5e68:paragraph --><\/p>\n<p><!-- \/wp_cf5e68:paragraph --><\/p>\n<p><!-- wp_cf5e68:html --><\/p>\n<div class=\"button-group\">\n  <a href=\"https:\/\/bonfimnoticias.com.br\/tr\/como-solicitar-una-tarjeta-de-credito-ideal-scotiabank-2\/\" class=\"btn btn-red\">SINIR $600 \u279c<\/a><br \/>\n  <a href=\"https:\/\/bonfimnoticias.com.br\/tr\/como-solicitar-una-tarjeta-de-credito-ideal-scotiabank-2\/\" class=\"btn btn-blue\">SINIR $800 \u279c<\/a><br \/>\n  <a href=\"https:\/\/bonfimnoticias.com.br\/tr\/como-solicitar-una-tarjeta-de-credito-ideal-scotiabank-2\/\" class=\"btn btn-blue\">SINIR $1300 \u279c<\/a>\n<\/div>\n<style>\n.button-group {\n  display: flex;\n  flex-direction: column;\n  gap: 16px;\n  max-width: 600px;\n  margin: 0 auto;\n}<\/p>\n<p>.btn {\n  display: block;\n  text-align: center;\n  padding: 16px;\n  border-radius: 32px;\n  font-size: 16px;\n  font-family: sans-serif;\n  text-decoration: none;\n  font-weight: 500;\n  color: white;\n  transition: background 0.3s ease;\n}<\/p>\n<p>.btn-red {\n  background-color: #d63333;\n}<\/p>\n<p>.btn-red:hover {\n  background-color: #b52a2a;\n}<\/p>\n<p>.btn-blue {\n  background-color: #0d9ae8;\n}<\/p>\n<p>.btn-blue:hover {\n  background-color: #0a84c6;\n}<\/p>\n<\/style>\n<p><!-- \/wp_cf5e68:html --><\/p>","protected":false},"excerpt":{"rendered":"<p>Scotiabank Colpatria One Rewards Classic Kredi Kart\u0131 Bilgileri \u0130stedi\u011finiz limit nedir? L\u0130M\u0130T $600 \u279c L\u0130M\u0130T\u2026<\/p>","protected":false},"author":19,"featured_media":0,"parent":0,"menu_order":0,"comment_status":"open","ping_status":"closed","template":"","meta":{"footnotes":""},"class_list":["post-19704","page","type-page","status-publish","hentry"],"_links":{"self":[{"href":"https:\/\/bonfimnoticias.com.br\/tr\/wp-json\/wp\/v2\/pages\/19704","targetHints":{"allow":["GET"]}}],"collection":[{"href":"https:\/\/bonfimnoticias.com.br\/tr\/wp-json\/wp\/v2\/pages"}],"about":[{"href":"https:\/\/bonfimnoticias.com.br\/tr\/wp-json\/wp\/v2\/types\/page"}],"author":[{"embeddable":true,"href":"https:\/\/bonfimnoticias.com.br\/tr\/wp-json\/wp\/v2\/users\/19"}],"replies":[{"embeddable":true,"href":"https:\/\/bonfimnoticias.com.br\/tr\/wp-json\/wp\/v2\/comments?post=19704"}],"version-history":[{"count":9,"href":"https:\/\/bonfimnoticias.com.br\/tr\/wp-json\/wp\/v2\/pages\/19704\/revisions"}],"predecessor-version":[{"id":19719,"href":"https:\/\/bonfimnoticias.com.br\/tr\/wp-json\/wp\/v2\/pages\/19704\/revisions\/19719"}],"wp:attachment":[{"href":"https:\/\/bonfimnoticias.com.br\/tr\/wp-json\/wp\/v2\/media?parent=19704"}],"curies":[{"name":"wp","href":"https:\/\/api.w.org\/{rel}","templated":true}]}}