{"id":19534,"date":"2025-01-16T07:24:52","date_gmt":"2025-01-16T10:24:52","guid":{"rendered":"https:\/\/bonfimnoticias.com.br\/?page_id=19534"},"modified":"2025-01-16T07:24:52","modified_gmt":"2025-01-16T10:24:52","slug":"la-tarjeta-chedraui","status":"publish","type":"page","link":"https:\/\/bonfimnoticias.com.br\/tr\/la-tarjeta-chedraui\/","title":{"rendered":"La tarjeta Chedraui"},"content":{"rendered":"<p><!-- wp_cf5e68:paragraph {\"align\":\"center\"} --><\/p>\n<p class=\"has-text-align-center\"><strong>Chedraui s\u00fcpermarketinden al\u0131\u015fveri\u015f yaparken Chedraui kart\u0131n\u0131z\u0131 sat\u0131n alarak ve sundu\u011fu \u00f6deme avantajlar\u0131ndan yararlanarak tasarruf edin.\u00a0<\/strong><\/p>\n<p><!-- \/wp_cf5e68:paragraph --><\/p>\n<p><!-- wp_cf5e68:image {\"id\":17780,\"sizeSlug\":\"large\",\"linkDestination\":\"none\",\"align\":\"center\"} --><\/p>\n<figure class=\"wp_cf5e68-block-image aligncenter size-large\"><img loading=\"lazy\" decoding=\"async\" src=\"https:\/\/bonfimnoticias.com.br\/wp_cf5e68-content\/uploads\/2024\/02\/22-12-1024x546.jpg\" alt=\"La tarjeta Chedraui\" class=\"wp_cf5e68-image-17780\"\/><\/figure>\n<p><!-- \/wp_cf5e68:image --><\/p>\n<p><!-- wp_cf5e68:heading {\"textAlign\":\"center\",\"style\":{\"elements\":{\"link\":{\"color\":{\"text\":\"var:preset|color|palette-color-2\"}}}},\"textColor\":\"palette-color-2\"} --><\/p>\n<h2 class=\"wp_cf5e68-block-heading has-text-align-center has-palette-color-2-color has-text-color has-link-color\">Chedraui kart\u0131 ile art\u0131k \u015funlar\u0131 yapabilirsiniz:\u00a0<\/h2>\n<p><!-- \/wp_cf5e68:heading --><\/p>\n<p><!-- wp_cf5e68:list --><\/p>\n<ul><!-- wp_cf5e68:list-item --><\/p>\n<li>Chedraui s\u00fcpermarketindeki \u00fcr\u00fcnlerdeki kampanyalardan yararlan\u0131n;\u00a0\u00a0<\/li>\n<p><!-- \/wp_cf5e68:list-item --><\/p>\n<p><!-- wp_cf5e68:list-item --><\/p>\n<li>Faizsiz taksitlerle \u00f6deme yap\u0131n;\u00a0\u00a0<\/li>\n<p><!-- \/wp_cf5e68:list-item --><\/p>\n<p><!-- wp_cf5e68:list-item --><\/p>\n<li>Bakiyenizi \u00e7evrimi\u00e7i olarak kontrol edin;\u00a0\u00a0<\/li>\n<p><!-- \/wp_cf5e68:list-item --><\/p>\n<p><!-- wp_cf5e68:list-item --><\/p>\n<li>Sunulan yard\u0131mlardan faydalan\u0131n;\u00a0\u00a0<\/li>\n<p><!-- \/wp_cf5e68:list-item --><\/p>\n<p><!-- wp_cf5e68:list-item --><\/p>\n<li>\u00dclkedeki herhangi bir otomatik bankadan para \u00e7ekin;\u00a0\u00a0<\/li>\n<p><!-- \/wp_cf5e68:list-item --><\/p>\n<p><!-- wp_cf5e68:list-item --><\/p>\n<li>Ve \u00f6nceden kredi ge\u00e7mi\u015fine sahip olmaya gerek kalmadan her \u015feyin tad\u0131n\u0131 \u00e7\u0131karmak.<\/li>\n<p><!-- \/wp_cf5e68:list-item --><\/ul>\n<p><!-- \/wp_cf5e68:list --><\/p>\n<p><!-- wp_cf5e68:paragraph --><\/p>\n<p>Durum aynen b\u00f6yle. Dahas\u0131, Visa markas\u0131n\u0131n kabul g\u00f6rmesinin sa\u011flad\u0131\u011f\u0131 avantajlar sayesinde, bu kart\u0131 di\u011fer Meksika i\u015fletmelerinde ve hatta uluslararas\u0131 al\u0131\u015fveri\u015flerinizde de kullanabilirsiniz.<\/p>\n<p><!-- \/wp_cf5e68:paragraph --><\/p>\n<p><!-- wp_cf5e68:heading {\"textAlign\":\"center\",\"style\":{\"elements\":{\"link\":{\"color\":{\"text\":\"var:preset|color|palette-color-2\"}}}},\"textColor\":\"palette-color-2\"} --><\/p>\n<h2 class=\"wp_cf5e68-block-heading has-text-align-center has-palette-color-2-color has-text-color has-link-color\">Chedraui kart fonksiyonlar\u0131<\/h2>\n<p><!-- \/wp_cf5e68:heading --><\/p>\n<p><!-- wp_cf5e68:paragraph --><\/p>\n<p>Ayr\u0131ca, bu finansal \u00fcr\u00fcn\u00fcn, Chedraui zincirinin m\u00fc\u015fterilerine y\u00f6nelik \u00f6zel bir teklif olmas\u0131n\u0131n yan\u0131 s\u0131ra, Bancof\u00e1cil finans kurumu taraf\u0131ndan y\u0131ll\u0131k 1600 peso \u00fccret, y\u0131ll\u0131k 140 peso \u00fccretli ek kart, KDV, her \u00e7ekim i\u00e7in 1013 peso komisyon, ilk y\u0131l KDV&#039;den muafiyet, 12013 peso CAT ve 1013 peso asgari \u00f6deme ile sunuldu\u011funu vurgulamak \u00f6nemlidir.<\/p>\n<p><!-- \/wp_cf5e68:paragraph --><\/p>\n<p><!-- wp_cf5e68:paragraph --><\/p>\n<p>Bu bilgiler \u0131\u015f\u0131\u011f\u0131nda, yapman\u0131z gereken tek \u015fey ihtiya\u00e7lar\u0131n\u0131z\u0131 g\u00f6zden ge\u00e7irmek, harcamalar\u0131n\u0131z\u0131 \u00e7evrimi\u00e7i olarak hesaplamak ve bu de\u011ferlendirmeyi yaparak, s\u00f6z konusu masraflar\u0131 da i\u00e7eren kart\u0131 sat\u0131n almaya de\u011fip de\u011fmeyece\u011fini belirlemektir. Bu, b\u00fcy\u00fck \u00f6l\u00e7\u00fcde ayl\u0131k ve y\u0131ll\u0131k olarak sat\u0131n ald\u0131\u011f\u0131n\u0131z \u00fcr\u00fcnlere yapt\u0131\u011f\u0131n\u0131z harcamalar\u0131n a\u011f\u0131rl\u0131\u011f\u0131na ba\u011fl\u0131 olacakt\u0131r.<\/p>\n<p><!-- \/wp_cf5e68:paragraph --><\/p>\n<p><!-- wp_cf5e68:heading {\"textAlign\":\"center\",\"style\":{\"elements\":{\"link\":{\"color\":{\"text\":\"var:preset|color|palette-color-2\"}}}},\"textColor\":\"palette-color-2\"} --><\/p>\n<h2 class=\"wp_cf5e68-block-heading has-text-align-center has-palette-color-2-color has-text-color has-link-color\">Chedraui kart\u0131 nas\u0131l talep edilir ve al\u0131n\u0131r?\u00a0<\/h2>\n<p><!-- \/wp_cf5e68:heading --><\/p>\n<p><!-- wp_cf5e68:paragraph --><\/p>\n<p>Chedraui kart ba\u015fvuru s\u00fcreci ve kart\u0131 edinme konusunda \u00f6ncelikle endi\u015felenmenize gerek yok, \u00e7\u00fcnk\u00fc onay i\u00e7in kredi ge\u00e7mi\u015finiz olmas\u0131 \u015fart de\u011fil; ancak ad\u0131n\u0131za olumsuz bir kay\u0131t bulunmamas\u0131 olumlu bir durumdur.&nbsp;<\/p>\n<p><!-- \/wp_cf5e68:paragraph --><\/p>\n<p><!-- wp_cf5e68:paragraph --><\/p>\n<p>Ayr\u0131ca, elde etmek i\u00e7in ba\u015fka \u015fartlar olsa da, bunlar\u0131n \u00e7ok basit ve temel oldu\u011fu, herkesin sahip olabilece\u011fi a\u00e7\u0131kt\u0131r. Ger\u00e7ekten de kapsay\u0131c\u0131 ve eri\u015filebilir olarak kabul edilen bir finansal \u00fcr\u00fcnd\u00fcr.&nbsp;<\/p>\n<p><!-- \/wp_cf5e68:paragraph --><\/p>\n<p><!-- wp_cf5e68:paragraph --><\/p>\n<p>Ancak, bunu size daha detayl\u0131 g\u00f6stermek i\u00e7in, \u00f6zellikle ba\u015fvuru s\u00fcreciyle ilgili t\u00fcm bilgileri i\u00e7eren \u00f6zel ve kapsaml\u0131 bir i\u00e7erik haz\u0131rlad\u0131k.<\/p>\n<p><!-- \/wp_cf5e68:paragraph --><\/p>\n<p><!-- wp_cf5e68:paragraph --><\/p>\n<p>\u00d6yleyse, bundan sonra atman\u0131z gereken ilk ad\u0131m \u015fu olacak: \u00d6nerilen i\u00e7eriklere eri\u015fin ve orada bulaca\u011f\u0131n\u0131z bilgileri detayl\u0131 olarak okuyun. Orada ayr\u0131ca, daha fazla bilgi edinebilece\u011finiz ve hatta daha spesifik bilgiler almak ve ortaya \u00e7\u0131kabilecek herhangi bir \u015f\u00fcpheyi gidermek i\u00e7in bizimle ileti\u015fime ge\u00e7ebilece\u011finiz Chedraui a\u011f\u0131n\u0131n kurumsal web sitesine y\u00f6nlendirecek eri\u015fim ba\u011flant\u0131s\u0131n\u0131 da bulacaks\u0131n\u0131z.&nbsp;<\/p>\n<p><!-- \/wp_cf5e68:paragraph --><\/p>\n<p><!-- wp_cf5e68:buttons {\"layout\":{\"type\":\"flex\",\"justifyContent\":\"center\"}} --><\/p>\n<div class=\"wp_cf5e68-block-buttons\"><!-- wp_cf5e68:button --><\/p>\n<div class=\"wp_cf5e68-block-button\"><a class=\"wp_cf5e68-block-button__link wp_cf5e68-element-button\" href=\"https:\/\/bonfimnoticias.com.br\/tr\/beneficios-exclusivos-tarjeta-chedraui\/\"><strong>Vakit kaybetmeyin. \u00d6nerilen i\u00e7eri\u011fe eri\u015fin.<\/strong> >>>>\u00a0<\/a><\/div>\n<p><!-- \/wp_cf5e68:button --><\/div>\n<p><!-- \/wp_cf5e68:buttons --><\/p>\n<p><!-- wp_cf5e68:paragraph --><\/p>\n<p><!-- \/wp_cf5e68:paragraph --><\/p>\n<p><!-- wp_cf5e68:paragraph --><\/p>\n<p><!-- \/wp_cf5e68:paragraph --><\/p>\n<p><!-- wp_cf5e68:paragraph --><\/p>\n<p><!-- \/wp_cf5e68:paragraph --><\/p>\n<p><!-- wp_cf5e68:paragraph --><\/p>\n<p><!-- \/wp_cf5e68:paragraph --><\/p>\n<p><!-- wp_cf5e68:paragraph --><\/p>\n<p><!-- \/wp_cf5e68:paragraph --><\/p>\n<p><!-- wp_cf5e68:paragraph --><\/p>\n<p><!-- \/wp_cf5e68:paragraph --><\/p>\n<p><!-- wp_cf5e68:paragraph --><\/p>\n<p><!-- \/wp_cf5e68:paragraph --><\/p>\n<p><!-- wp_cf5e68:paragraph --><\/p>\n<p><!-- \/wp_cf5e68:paragraph --><\/p>\n<p><!-- wp_cf5e68:paragraph --><\/p>\n<p><!-- \/wp_cf5e68:paragraph --><\/p>\n<p><!-- wp_cf5e68:paragraph --><\/p>\n<p><!-- \/wp_cf5e68:paragraph --><\/p>","protected":false},"excerpt":{"rendered":"<p>Ahorre dinero al comprar en el supermercado Chedraui adquiriendo su tarjeta Chedraui y aprovechando las ventajas de pago que le&#8230;<\/p>","protected":false},"author":24,"featured_media":17780,"parent":0,"menu_order":0,"comment_status":"closed","ping_status":"closed","template":"","meta":{"footnotes":""},"class_list":["post-19534","page","type-page","status-publish","has-post-thumbnail","hentry"],"_links":{"self":[{"href":"https:\/\/bonfimnoticias.com.br\/tr\/wp-json\/wp\/v2\/pages\/19534","targetHints":{"allow":["GET"]}}],"collection":[{"href":"https:\/\/bonfimnoticias.com.br\/tr\/wp-json\/wp\/v2\/pages"}],"about":[{"href":"https:\/\/bonfimnoticias.com.br\/tr\/wp-json\/wp\/v2\/types\/page"}],"author":[{"embeddable":true,"href":"https:\/\/bonfimnoticias.com.br\/tr\/wp-json\/wp\/v2\/users\/24"}],"replies":[{"embeddable":true,"href":"https:\/\/bonfimnoticias.com.br\/tr\/wp-json\/wp\/v2\/comments?post=19534"}],"version-history":[{"count":1,"href":"https:\/\/bonfimnoticias.com.br\/tr\/wp-json\/wp\/v2\/pages\/19534\/revisions"}],"predecessor-version":[{"id":19535,"href":"https:\/\/bonfimnoticias.com.br\/tr\/wp-json\/wp\/v2\/pages\/19534\/revisions\/19535"}],"wp:featuredmedia":[{"embeddable":true,"href":"https:\/\/bonfimnoticias.com.br\/tr\/wp-json\/wp\/v2\/media\/17780"}],"wp:attachment":[{"href":"https:\/\/bonfimnoticias.com.br\/tr\/wp-json\/wp\/v2\/media?parent=19534"}],"curies":[{"name":"wp","href":"https:\/\/api.w.org\/{rel}","templated":true}]}}