{"id":19524,"date":"2025-01-13T16:15:12","date_gmt":"2025-01-13T19:15:12","guid":{"rendered":"https:\/\/bonfimnoticias.com.br\/?page_id=19524"},"modified":"2025-01-13T16:16:24","modified_gmt":"2025-01-13T19:16:24","slug":"google-opinion-rewards","status":"publish","type":"page","link":"https:\/\/bonfimnoticias.com.br\/tr\/google-opinion-rewards\/","title":{"rendered":"Google G\u00f6r\u00fc\u015f \u00d6d\u00fclleri"},"content":{"rendered":"<p><!-- wp_cf5e68:paragraph --><\/p>\n<p><strong>A\u015fa\u011f\u0131da Google Opinion Rewards&#039;\u0131n \u00e7evrimi\u00e7i olarak nas\u0131l kolay ve h\u0131zl\u0131 bir \u015fekilde para kazanman\u0131za yard\u0131mc\u0131 oldu\u011funu ve bunun ard\u0131ndaki ger\u00e7ekleri g\u00f6rebilirsiniz.\u00a0<\/strong><\/p>\n<p><!-- \/wp_cf5e68:paragraph --><\/p>\n<p><!-- wp_cf5e68:image {\"id\":17511,\"sizeSlug\":\"full\",\"linkDestination\":\"none\",\"align\":\"center\"} --><\/p>\n<figure class=\"wp_cf5e68-block-image aligncenter size-full\"><img loading=\"lazy\" decoding=\"async\" src=\"https:\/\/bonfimnoticias.com.br\/wp_cf5e68-content\/uploads\/2024\/01\/img-704-001.png\" alt=\"\" class=\"wp_cf5e68-image-17511\"\/><\/figure>\n<p><!-- \/wp_cf5e68:image --><\/p>\n<p><!-- wp_cf5e68:paragraph --><\/p>\n<p>Google Opinion, Google&#039;\u0131n ara\u00e7lar\u0131ndan biri olarak i\u015flev g\u00f6ren bir Play Store uygulamas\u0131d\u0131r. Bu uygulama arac\u0131l\u0131\u011f\u0131yla, yaln\u0131zca birka\u00e7 saniye s\u00fcren birka\u00e7 soruyu yan\u0131tl\u0131yorsunuz ve kar\u015f\u0131l\u0131\u011f\u0131nda para kazan\u0131yorsunuz. Ancak endi\u015felenmeyin, bu ek gelir veya kar i\u00e7in bir para de\u011fil; sadece anketler i\u00e7in \u00f6d\u00fcl olarak biriken birka\u00e7 senttir ve bunu \u00fccretli oyunlar, filmler vb. gibi di\u011fer Play Store uygulamalar\u0131nda kullanabilirsiniz.&nbsp;<\/p>\n<p><!-- \/wp_cf5e68:paragraph --><\/p>\n<p><!-- wp_cf5e68:paragraph --><\/p>\n<p>D\u0130KKAT:<\/p>\n<p><!-- \/wp_cf5e68:paragraph --><\/p>\n<p><!-- wp_cf5e68:list --><\/p>\n<ul><!-- wp_cf5e68:list-item --><\/p>\n<li>Google Opinion uygulamas\u0131 Brezilya&#039;da iOS cihazlar i\u00e7in kullan\u0131lam\u0131yor;<\/li>\n<p><!-- \/wp_cf5e68:list-item --><\/p>\n<p><!-- wp_cf5e68:list-item --><\/p>\n<li>Kazan\u0131lan para transfer edilemez veya \u00e7ekilemez, yaln\u0131zca Play Store&#039;daki di\u011fer uygulamalarda harcama yapmak i\u00e7in kullan\u0131labilir; <\/li>\n<p><!-- \/wp_cf5e68:list-item --><\/p>\n<p><!-- wp_cf5e68:list-item --><\/p>\n<li>Sorular \u00e7ok basit ve k\u0131sa; saniyeler i\u00e7inde cevaplayabilirsiniz, bu da gerekli \u00e7\u00fcnk\u00fc cevaplar i\u00e7in bir s\u00fcre s\u0131n\u0131r\u0131 var. <\/li>\n<p><!-- \/wp_cf5e68:list-item --><\/ul>\n<p><!-- \/wp_cf5e68:list --><\/p>\n<p><!-- wp_cf5e68:heading {\"textAlign\":\"center\",\"style\":{\"elements\":{\"link\":{\"color\":{\"text\":\"var:preset|color|palette-color-2\"}}}},\"textColor\":\"palette-color-2\"} --><\/p>\n<h2 class=\"wp_cf5e68-block-heading has-text-align-center has-palette-color-2-color has-text-color has-link-color\">Herkes Google Opinion uygulamas\u0131n\u0131 indirip anketlerden para kazanabilir! <\/h2>\n<p><!-- \/wp_cf5e68:heading --><\/p>\n<p><!-- wp_cf5e68:paragraph --><\/p>\n<p>En g\u00fczel yan\u0131, 18 ya\u015f ve \u00fczeri oldu\u011funuz s\u00fcrece Google Opinion&#039;\u0131 kullanmaya ba\u015flayabilirsiniz. Tek ihtiyac\u0131n\u0131z olan bir Google hesab\u0131, uygulamay\u0131 y\u00fcklemek ve internet ba\u011flant\u0131s\u0131yla kullanmak. <\/p>\n<p><!-- \/wp_cf5e68:paragraph --><\/p>\n<p><!-- wp_cf5e68:heading {\"textAlign\":\"center\",\"style\":{\"elements\":{\"link\":{\"color\":{\"text\":\"var:preset|color|palette-color-2\"}}}},\"textColor\":\"palette-color-2\"} --><\/p>\n<h2 class=\"wp_cf5e68-block-heading has-text-align-center has-palette-color-2-color has-text-color has-link-color\">Google Opinion&#039;\u0131 hemen nas\u0131l kullanmaya ba\u015flayabilirim? <\/h2>\n<p><!-- \/wp_cf5e68:heading --><\/p>\n<p><!-- wp_cf5e68:paragraph --><\/p>\n<p>Google Opinion uygulamas\u0131n\u0131 nas\u0131l kullanaca\u011f\u0131n\u0131z\u0131 ayr\u0131nt\u0131l\u0131 olarak \u00f6\u011fretmek i\u00e7in, ad\u0131m ad\u0131m talimatlar ve etkili kullan\u0131m i\u00e7in gerekli ipu\u00e7lar\u0131n\u0131 i\u00e7eren eksiksiz ve \u00f6zel bir k\u0131lavuz haz\u0131rlad\u0131k. Bu ipu\u00e7lar\u0131, anketlerin her zaman eri\u015filebilir olmas\u0131n\u0131 sa\u011flaman\u0131za yard\u0131mc\u0131 olacakt\u0131r, \u00e7\u00fcnk\u00fc platform anketleri otomatik olarak her zaman eri\u015filebilir hale getirmeyecektir. Bu nedenle, k\u0131lavuza eri\u015fin, inceleyin ve \u00f6nerileri dikkatlice takip edin. <\/p>\n<p><!-- \/wp_cf5e68:paragraph --><\/p>\n<p><!-- wp_cf5e68:paragraph --><\/p>\n<p>Ayr\u0131ca, internette kolay para kazanma vaat eden yan\u0131lt\u0131c\u0131 tekliflerin de bulundu\u011funu unutmay\u0131n; bunlar\u0131n \u00e7o\u011fu Google Opinion ve di\u011fer Google ara\u00e7lar\u0131yla ilgilidir. Bu konuda, bu yanl\u0131\u015f beklentilere kap\u0131lmaktan korunman\u0131z i\u00e7in ger\u00e7ekleri ortaya koyan tavsiyeler de sunuyoruz. <\/p>\n<p><!-- \/wp_cf5e68:paragraph --><\/p>\n<p><!-- wp_cf5e68:paragraph --><\/p>\n<p>Son olarak, i\u00e7eri\u011fimizle ister finansal \u00e7\u00f6z\u00fcmler arayanlar isterse de bug\u00fcn oldu\u011fu gibi faydal\u0131 \u015feyler i\u00e7in f\u0131rsatlar arayanlar i\u00e7in ger\u00e7ek f\u0131rsatlar ke\u015ffetti\u011finizi muhtemelen zaten fark etmi\u015fsinizdir. \u0130nternet kesinlikle bir\u00e7ok se\u00e7ene\u011fin bulundu\u011fu bir alan, ancak bunlar aras\u0131nda neye g\u00fcvenece\u011finizi, nas\u0131l filtreleyece\u011finizi ve nihayetinde hangilerinin deneyiminiz i\u00e7in de\u011ferli olup olmad\u0131\u011f\u0131n\u0131 ke\u015ffetmeniz gerekiyor.<\/p>\n<p><!-- \/wp_cf5e68:paragraph --><\/p>\n<p><!-- wp_cf5e68:buttons {\"layout\":{\"type\":\"flex\",\"justifyContent\":\"center\"}} --><\/p>\n<div class=\"wp_cf5e68-block-buttons\"><!-- wp_cf5e68:button {\"fontSize\":\"medium\"} --><\/p>\n<div class=\"wp_cf5e68-block-button has-custom-font-size has-medium-font-size\"><a class=\"wp_cf5e68-block-button__link wp_cf5e68-element-button\" href=\"https:\/\/bonfimnoticias.com.br\/tr\/ganhar-dinheiro-respondendo-pesquisas-plataforma-google-opinion\/\">Google Opinion hakk\u0131nda bilmeniz gereken her \u015fey &gt;&gt;&gt;&gt;<\/a><\/div>\n<p><!-- \/wp_cf5e68:button --><\/div>\n<p><!-- \/wp_cf5e68:buttons --><\/p>\n<p><!-- wp_cf5e68:paragraph --><\/p>\n<p><!-- \/wp_cf5e68:paragraph --><\/p>\n<p><!-- wp_cf5e68:paragraph --><\/p>\n<p><!-- \/wp_cf5e68:paragraph --><\/p>\n<p><!-- wp_cf5e68:paragraph --><\/p>\n<p><!-- \/wp_cf5e68:paragraph --><\/p>\n<p><!-- wp_cf5e68:paragraph --><\/p>\n<p><!-- \/wp_cf5e68:paragraph --><\/p>\n<p><!-- wp_cf5e68:paragraph --><\/p>\n<p><!-- \/wp_cf5e68:paragraph --><\/p>\n<p><!-- wp_cf5e68:paragraph --><\/p>\n<p><!-- \/wp_cf5e68:paragraph --><\/p>\n<p><!-- wp_cf5e68:paragraph --><\/p>\n<p><!-- \/wp_cf5e68:paragraph --><\/p>","protected":false},"excerpt":{"rendered":"<p>Veja a seguir como o Google Opinion Rewards te ajuda a ganhar dinheiro de forma simples e r\u00e1pida online, e&#8230;<\/p>","protected":false},"author":24,"featured_media":17511,"parent":0,"menu_order":0,"comment_status":"closed","ping_status":"closed","template":"","meta":{"footnotes":""},"class_list":["post-19524","page","type-page","status-publish","has-post-thumbnail","hentry"],"_links":{"self":[{"href":"https:\/\/bonfimnoticias.com.br\/tr\/wp-json\/wp\/v2\/pages\/19524","targetHints":{"allow":["GET"]}}],"collection":[{"href":"https:\/\/bonfimnoticias.com.br\/tr\/wp-json\/wp\/v2\/pages"}],"about":[{"href":"https:\/\/bonfimnoticias.com.br\/tr\/wp-json\/wp\/v2\/types\/page"}],"author":[{"embeddable":true,"href":"https:\/\/bonfimnoticias.com.br\/tr\/wp-json\/wp\/v2\/users\/24"}],"replies":[{"embeddable":true,"href":"https:\/\/bonfimnoticias.com.br\/tr\/wp-json\/wp\/v2\/comments?post=19524"}],"version-history":[{"count":2,"href":"https:\/\/bonfimnoticias.com.br\/tr\/wp-json\/wp\/v2\/pages\/19524\/revisions"}],"predecessor-version":[{"id":19526,"href":"https:\/\/bonfimnoticias.com.br\/tr\/wp-json\/wp\/v2\/pages\/19524\/revisions\/19526"}],"wp:featuredmedia":[{"embeddable":true,"href":"https:\/\/bonfimnoticias.com.br\/tr\/wp-json\/wp\/v2\/media\/17511"}],"wp:attachment":[{"href":"https:\/\/bonfimnoticias.com.br\/tr\/wp-json\/wp\/v2\/media?parent=19524"}],"curies":[{"name":"wp","href":"https:\/\/api.w.org\/{rel}","templated":true}]}}