{"id":19499,"date":"2025-01-07T13:02:44","date_gmt":"2025-01-07T16:02:44","guid":{"rendered":"https:\/\/bonfimnoticias.com.br\/?page_id=19499"},"modified":"2025-01-07T13:06:57","modified_gmt":"2025-01-07T16:06:57","slug":"las-tarjetas-empresariales-banco-galicia-resumen","status":"publish","type":"page","link":"https:\/\/bonfimnoticias.com.br\/tr\/las-tarjetas-empresariales-banco-galicia-resumen\/","title":{"rendered":"Banco Galicia&#039;n\u0131n kartvizitleri: k\u0131sa bir \u00f6zet"},"content":{"rendered":"<h2>haberler<\/h2>\n<h2>Banco Galicia&#039;n\u0131n kartvizitleri: k\u0131sa bir \u00f6zet <\/h2>\n<h2>Banco Galicia&#039;n\u0131n kurumsal kredi ve banka kart\u0131 tekliflerini a\u015fa\u011f\u0131da inceleyebilirsiniz. <\/h2>\n<p>\t\t\t\t\t\t\t\t\t\t\t\t\t<img loading=\"lazy\" decoding=\"async\" width=\"615\" height=\"300\" src=\"https:\/\/bonfimnoticias.com.br\/wp_cf5e68-content\/uploads\/2024\/02\/saque-dinheiro-salario-fgts-recebimento-1487001871429_615x300.jpg.webp\" alt=\"\" srcset=\"https:\/\/bonfimnoticias.com.br\/wp_cf5e68-content\/uploads\/2024\/02\/saque-dinheiro-salario-fgts-recebimento-1487001871429_615x300.jpg.webp 615w, https:\/\/bonfimnoticias.com.br\/wp_cf5e68-content\/uploads\/2024\/02\/saque-dinheiro-salario-fgts-recebimento-1487001871429_615x300.jpg-150x73.webp 150w\" sizes=\"auto, (max-width: 615px) 100vw, 615px\" \/>\t\t\t\t\t\t\t\t\t\t\t\t\t<\/p>\n<p>Banco Galicia&#039;n\u0131n i\u015f kart\u0131 teklifleri aras\u0131nda Visa Business kredi kart\u0131 ve Visa Business banka kart\u0131 bulunmaktad\u0131r.<\/p>\n<p>Her ikisi de baz\u0131 farkl\u0131 i\u015flevler sunsa da, genel olarak bir\u00e7ok ortak noktalar\u0131 vard\u0131r; bunlardan ilki \u015fu avantajlard\u0131r: dijital platform arac\u0131l\u0131\u011f\u0131yla giderlerin verimli y\u00f6netimi; platformun kart kullan\u0131m\u0131 ve harcamalar\u0131 hakk\u0131nda sundu\u011fu detayl\u0131 bilgiler; sigorta ve koruma; dahil edilen \u00f6d\u00fcl programlar\u0131; ve ulusal ve uluslararas\u0131 kart kabul\u00fc sayesinde inan\u0131lmaz \u00f6deme kolayl\u0131\u011f\u0131.<\/p>\n<p>Ancak, bu finansal tekliflerin en spesifik ve ayr\u0131nt\u0131l\u0131 y\u00f6nlerini size g\u00f6stermek i\u00e7in, \u015firketinizin ihtiya\u00e7lar\u0131na en uygun kart\u0131n hangisi olabilece\u011fini daha net bir \u015fekilde ortaya koyacak \u00f6zel bir i\u00e7erik haz\u0131rlad\u0131k.<\/p>\n<p>\t\t\t\t\t<a href=\"https:\/\/bonfimnoticias.com.br\/tr\/todo-sobre-las-tarjetas-empresariales-del-banco-galicia\/\"><br \/>\n\t\t\t\t\t\t\t\t\tBanco Galicia kartvizitleri hakk\u0131nda her \u015fey<br \/>\n\t\t\t\t\t<\/a><\/p>\n<p>Banco Galicia&#039;n\u0131n tan\u0131t\u0131m kartlar\u0131yla ilgili vurgulanmas\u0131 gereken bir di\u011fer \u00e7ok \u00f6nemli nokta ise, \u015firketinizin b\u00fcy\u00fckl\u00fc\u011f\u00fc ne olursa olsun, kartlar\u0131 istedi\u011finiz zaman \u00e7ekebilmenizdir.<\/p>\n<p>Elbette, kart\u0131 alabilmek i\u00e7in baz\u0131 \u015fartlar\u0131 yerine getirmek gerekiyor, ancak endi\u015felenmenize gerek yok \u00e7\u00fcnk\u00fc banka bu konuda tamamen \u015feffaf davran\u0131yor, b\u00f6ylece kimsenin \u015f\u00fcphesi kalm\u0131yor.<\/p>\n<p>Ayr\u0131ca, bunu nas\u0131l talep edece\u011finizi ayr\u0131nt\u0131l\u0131 olarak \u00f6\u011fretmek i\u00e7in, daha \u00f6nce bahsetti\u011fimiz ve haz\u0131rlad\u0131\u011f\u0131m\u0131z bu \u00f6zel i\u00e7erikte, talep etme s\u00fcrecinin tamam\u0131n\u0131 ad\u0131m ad\u0131m a\u00e7\u0131kl\u0131yoruz.<\/p>\n<p>Bu i\u00e7erikte ayr\u0131ca, s\u00fcreci ba\u015flatmak ve \u00fcr\u00fcnlerin her bir \u00f6zelli\u011fi hakk\u0131nda daha fazla bilgi edinmek i\u00e7in sizi do\u011frudan kurumun web sitesine g\u00f6t\u00fcrecek eri\u015fim ba\u011flant\u0131s\u0131 da bulunmaktad\u0131r.<\/p>\n<p>Ba\u015fka hi\u00e7bir \u015fey i\u00e7in endi\u015felenmenize gerek yok, sadece t\u00fcm tavsiyelere uyun. Banco Galicia ger\u00e7ekten g\u00fcvenilir ve emniyetli bir kurumdur ve bu kartvizit teklifleri size uygun de\u011filse, ayn\u0131 b\u00f6lgede Banco Nacional gibi di\u011fer \u00f6nemli kurumlar da bulunmaktad\u0131r.<\/p>\n<p>Ancak ad\u0131mlar\u0131 atlamay\u0131n. \u00d6ncelikle belirtilen i\u00e7eri\u011fi inceleyin ve \u00f6nerileri takip edin. L\u00fctfen unutmay\u0131n ki, herhangi bir finansal \u00fcr\u00fcn i\u00e7in s\u00f6zle\u015fme s\u00fcreci, \u00f6zellikle \u00f6deme s\u00f6z konusu oldu\u011funda, \u00e7ok fazla \u00f6n bilgi, ko\u015fullar\u0131n detayl\u0131 analizi ve talep sonras\u0131ndaki s\u00fcre\u00e7leri gerektirir.<\/p>\n<p>Hesab\u0131mda her zaman \u015fu \u00f6\u011feler bulunur: oku, bilgilendir ve eri\u015f. Bu d\u00fczen asla de\u011fi\u015ftirilemez.<\/p>\n<p>\t\t\t\t\t<a href=\"https:\/\/bonfimnoticias.com.br\/tr\/todo-sobre-las-tarjetas-empresariales-del-banco-galicia\/\"><br \/>\n\t\t\t\t\t\t\t\t\tBanco Galicia i\u015f kart\u0131 edinme rehberi<br \/>\n\t\t\t\t\t<\/a><\/p>\n<p><strong>Hizmetlerimiz hakk\u0131nda<\/strong><br \/>Portal\u0131m\u0131z, bizi ziyaret eden ki\u015filerin ki\u015fisel bilgilerini asla talep etmez. Biz, kartlar ve krediler de dahil olmak \u00fczere \u00e7e\u015fitli finansal \u00fcr\u00fcnleri tan\u0131tan bir bilgi platformu olarak faaliyet g\u00f6steriyoruz. Ki\u015fisel bilgilerinizi yaln\u0131zca \u00f6nerdi\u011fimiz \u015firketlerin resmi \u00e7evrimi\u00e7i alanlar\u0131nda veya fiziksel lokasyonlar\u0131nda payla\u015fman\u0131z\u0131 rica ediyoruz.<\/p>\n<p><strong>Dernekler ve Haklar<\/strong><br \/>Sundu\u011fumuz \u00fcr\u00fcnlerin bir\u00e7o\u011fuyla ortakl\u0131k anla\u015fmalar\u0131m\u0131z bulunmaktad\u0131r. Unutmay\u0131n, \u00fcr\u00fcnlerle ilgili t\u00fcm g\u00f6rseller ve isimler ilgili hak sahiplerine aittir.<\/p>\n<p><strong>G\u00fcncelleme Taahh\u00fcd\u00fc<\/strong><br \/>\u00dcr\u00fcnlerimizle ilgili t\u00fcm bilgilerin g\u00fcncel olmas\u0131n\u0131 sa\u011flamak i\u00e7in elimizden gelen her \u015feyi yap\u0131yoruz. Ancak, resmi sayfaya y\u00f6nlendirildi\u011finizde farkl\u0131 verilerle kar\u015f\u0131la\u015fabilirsiniz, \u00e7\u00fcnk\u00fc \u015firketler \u00fcr\u00fcnlerinin \u015fartlar\u0131n\u0131 \u00f6nceden haber vermeden de\u011fi\u015ftirme hakk\u0131na sahiptir. Her zaman en do\u011fru ve g\u00fcncel bilgilere eri\u015febilmenizi sa\u011flamak istiyoruz.<\/p>\n<p>Do\u011frulu\u011funu ve g\u00fcncelli\u011fini garanti alt\u0131na almak i\u00e7in bilgilerin her zaman \u015firketlerin resmi sayfalar\u0131ndan do\u011frudan kontrol edilmesinin \u00f6nemli oldu\u011funu unutmay\u0131n. Bize g\u00fcvendi\u011finiz i\u00e7in te\u015fekk\u00fcr ederiz!<\/p>\n<p>\t\t\t\t\t\t\t\t\t\t\t\t\t<img loading=\"lazy\" decoding=\"async\" width=\"271\" height=\"298\" src=\"https:\/\/bonfimnoticias.com.br\/wp_cf5e68-content\/uploads\/2024\/11\/logo-bonfim-png.png\" alt=\"\" \/><\/p>","protected":false},"excerpt":{"rendered":"<p>novidades Las tarjetas empresariales del Banco Galicia: un breve resumen Consult\u00e1 las ofertas de tarjetas de cr\u00e9dito y d\u00e9bito corporativas&#8230;<\/p>","protected":false},"author":24,"featured_media":17819,"parent":0,"menu_order":0,"comment_status":"closed","ping_status":"closed","template":"","meta":{"footnotes":""},"class_list":["post-19499","page","type-page","status-publish","has-post-thumbnail","hentry"],"_links":{"self":[{"href":"https:\/\/bonfimnoticias.com.br\/tr\/wp-json\/wp\/v2\/pages\/19499","targetHints":{"allow":["GET"]}}],"collection":[{"href":"https:\/\/bonfimnoticias.com.br\/tr\/wp-json\/wp\/v2\/pages"}],"about":[{"href":"https:\/\/bonfimnoticias.com.br\/tr\/wp-json\/wp\/v2\/types\/page"}],"author":[{"embeddable":true,"href":"https:\/\/bonfimnoticias.com.br\/tr\/wp-json\/wp\/v2\/users\/24"}],"replies":[{"embeddable":true,"href":"https:\/\/bonfimnoticias.com.br\/tr\/wp-json\/wp\/v2\/comments?post=19499"}],"version-history":[{"count":4,"href":"https:\/\/bonfimnoticias.com.br\/tr\/wp-json\/wp\/v2\/pages\/19499\/revisions"}],"predecessor-version":[{"id":19503,"href":"https:\/\/bonfimnoticias.com.br\/tr\/wp-json\/wp\/v2\/pages\/19499\/revisions\/19503"}],"wp:featuredmedia":[{"embeddable":true,"href":"https:\/\/bonfimnoticias.com.br\/tr\/wp-json\/wp\/v2\/media\/17819"}],"wp:attachment":[{"href":"https:\/\/bonfimnoticias.com.br\/tr\/wp-json\/wp\/v2\/media?parent=19499"}],"curies":[{"name":"wp","href":"https:\/\/api.w.org\/{rel}","templated":true}]}}