{"id":19492,"date":"2025-01-06T15:11:39","date_gmt":"2025-01-06T18:11:39","guid":{"rendered":"https:\/\/bonfimnoticias.com.br\/?page_id=19492"},"modified":"2025-01-06T15:46:22","modified_gmt":"2025-01-06T18:46:22","slug":"las-tarjetas-empresariales-bbva-resumen","status":"publish","type":"page","link":"https:\/\/bonfimnoticias.com.br\/tr\/las-tarjetas-empresariales-bbva-resumen\/","title":{"rendered":"BBVA kartvizitleri: k\u0131sa bir \u00f6zet"},"content":{"rendered":"<h2>haberler<\/h2>\n<h2>BBVA kartvizitleri: k\u0131sa bir \u00f6zet <\/h2>\n<h2>\u0130\u015fletmeniz i\u00e7in BBVA kurumsal kart tekliflerini ke\u015ffedin. <\/h2>\n<p>\t\t\t\t\t\t\t\t\t\t\t\t\t<img loading=\"lazy\" decoding=\"async\" width=\"1024\" height=\"1024\" src=\"https:\/\/bonfimnoticias.com.br\/wp_cf5e68-content\/uploads\/2024\/05\/bbva-mexico-nueva-imagen-hugo-salazar-jpg_423682103-1024x1024.jpg\" alt=\"Todo sobre las tarjetas empresariales BBVA\" srcset=\"https:\/\/bonfimnoticias.com.br\/wp_cf5e68-content\/uploads\/2024\/05\/bbva-mexico-nueva-imagen-hugo-salazar-jpg_423682103-1024x1024.jpg 1024w, https:\/\/bonfimnoticias.com.br\/wp_cf5e68-content\/uploads\/2024\/05\/bbva-mexico-nueva-imagen-hugo-salazar-jpg_423682103-400x400.jpg 400w, https:\/\/bonfimnoticias.com.br\/wp_cf5e68-content\/uploads\/2024\/05\/bbva-mexico-nueva-imagen-hugo-salazar-jpg_423682103-800x800.jpg 800w, https:\/\/bonfimnoticias.com.br\/wp_cf5e68-content\/uploads\/2024\/05\/bbva-mexico-nueva-imagen-hugo-salazar-jpg_423682103-768x768.jpg 768w, https:\/\/bonfimnoticias.com.br\/wp_cf5e68-content\/uploads\/2024\/05\/bbva-mexico-nueva-imagen-hugo-salazar-jpg_423682103.jpg 1200w\" sizes=\"auto, (max-width: 1024px) 100vw, 1024px\" \/>\t\t\t\t\t\t\t\t\t\t\t\t\t<\/p>\n<p>BBVA kartvizitleri, farkl\u0131 s\u0131n\u0131fland\u0131rmalara ayr\u0131lan finansal \u00e7\u00f6z\u00fcmlerdir: KOB\u0130&#039;ler i\u00e7in kartvizitler, her b\u00fcy\u00fckl\u00fckteki \u015firketler i\u00e7in kartvizitler ve b\u00fcy\u00fck \u015firketler i\u00e7in kartvizitler bulunmaktad\u0131r.<\/p>\n<p>Elbette her \u00fcr\u00fcn\u00fcn kendine \u00f6zg\u00fc \u00f6zellikleri ve avantajlar\u0131 vard\u0131r. Ancak genel olarak, t\u00fcm kartlar\u0131n dijital platform \u00fczerinden verimli finansal y\u00f6netim, esnek \u00f6deme se\u00e7enekleri, ulusal ve uluslararas\u0131 kabul, indirimler ve avantajlar, \u00f6deme g\u00fcvenli\u011fi, i\u015fletme giderlerinizin daha iyi y\u00f6netimi i\u00e7in kontrol ara\u00e7lar\u0131 ve raporlar, uzman deste\u011fi, seyahat avantajlar\u0131 ve sigorta gibi \u00f6zellikler sundu\u011fu ortakt\u0131r.<\/p>\n<p>\t\t\t\t\t<a href=\"https:\/\/bonfimnoticias.com.br\/tr\/todo-sobre-las-tarjetas-empresariales-bbva\/\"><br \/>\n\t\t\t\t\t\t\t\t\tBBVA kartvizitleri hakk\u0131nda her \u015fey<br \/>\n\t\t\t\t\t<\/a><\/p>\n<p>K\u00fc\u00e7\u00fck ve orta \u00f6l\u00e7ekli i\u015fletmeler (KOB\u0130&#039;ler) i\u00e7in kart se\u00e7enekleri aras\u0131nda \u015funlar yer almaktad\u0131r: i\u015fletme kart\u0131, mikro i\u015fletmeler i\u00e7in kredi kart\u0131 ve finansman plan\u0131. Her b\u00fcy\u00fckl\u00fckteki \u015firketler i\u00e7in BBVA i\u015fletme kart\u0131 mevcuttur. Son olarak, b\u00fcy\u00fck \u015firketler i\u00e7in kurumsal kart bulunmaktad\u0131r.<\/p>\n<p>G\u00f6rd\u00fc\u011f\u00fcn\u00fcz gibi, bahsedilen genel \u00f6zelliklere ek olarak, her birinin kendine \u00f6zg\u00fc \u00f6zellikleri ve faydalar\u0131 bulunmaktad\u0131r.<\/p>\n<p>Vurgulanmas\u0131 gereken \u00e7ok \u00f6nemli bir nokta, bu tekliflerin Banco BBVA gibi tan\u0131nm\u0131\u015f ve pop\u00fcler bir bankadan geldi\u011fi i\u00e7in ger\u00e7ekten g\u00fcvenli ve g\u00fcvenilir olmas\u0131d\u0131r.<\/p>\n<p>Son olarak, bu kartlar\u0131 daha ayr\u0131nt\u0131l\u0131 bir \u015fekilde anlamak, bunlara eri\u015fmek ve nas\u0131l talep edece\u011finizi \u00f6\u011frenmek i\u00e7in, edinme s\u00fcrecine dair ad\u0131m ad\u0131m eksiksiz bir k\u0131lavuz i\u00e7eren \u00f6zel bir i\u00e7erik haz\u0131rlad\u0131k. Orada ayr\u0131ca, talep etmeden \u00f6nce hesab\u0131n\u0131zda nelerin bulunmas\u0131 gerekti\u011fi ve daha bir\u00e7ok \u00f6nemli ipucu bulacaks\u0131n\u0131z. Bu nedenle, i\u00e7eri\u011fin tamam\u0131n\u0131 okuman\u0131z\u0131 ve \u00f6nerilen y\u00f6nergeleri izlemenizi tavsiye ederiz.<\/p>\n<p>Ayr\u0131ca belirtmekte fayda var ki, daha geleneksel bir eri\u015fim \u015feklini tercih eden bir m\u00fc\u015fteriyseniz, belgelerinizle birlikte bir BBVA banka \u015fubesine giderek bilgi alabilir ve kendiniz talepte bulunabilirsiniz. Ancak \u00fcr\u00fcnlere eri\u015fim ve sat\u0131n alma konusunda daha fazla kolayl\u0131k ve modernlik tercih ediyorsan\u0131z, i\u00e7eri\u011fe \u015fimdi compru\u00e9balo \u00fczerinden eri\u015febilirsiniz. Kolay, h\u0131zl\u0131 ve \u00e7ok g\u00fcvenli.<\/p>\n<p>\u00d6nerilen i\u00e7eri\u011fin tamam\u0131n\u0131 okuduktan ve BBVA \u015firket kartlar\u0131n\u0131 detayl\u0131 olarak anlamak i\u00e7in verilen tavsiyeleri uygulad\u0131ktan sonra, bunlar\u0131n ihtiya\u00e7lar\u0131n\u0131z ve idealleriniz i\u00e7in en iyi se\u00e7enek olmad\u0131\u011f\u0131 sonucuna var\u0131rsan\u0131z endi\u015felenmeyin, \u00e7\u00fcnk\u00fc ayn\u0131 i\u00e7erikte dan\u0131\u015fabilece\u011finiz ve kart tekliflerinizi ke\u015ffedebilece\u011finiz di\u011fer g\u00fcvenilir kurulu\u015flardan da tavsiyeler bulacaks\u0131n\u0131z. Kaybedecek hi\u00e7bir \u015feyiniz ve bekleyecek hi\u00e7bir \u015feyiniz yok. Hemen eri\u015fin.\u00a0<\/p>\n<p>\t\t\t\t\t<a href=\"https:\/\/bonfimnoticias.com.br\/tr\/todo-sobre-las-tarjetas-empresariales-bbva\/\"><br \/>\n\t\t\t\t\t\t\t\t\tBBVA i\u015f kart\u0131 edinme rehberi<br \/>\n\t\t\t\t\t<\/a><\/p>\n<p><strong>Hizmetlerimiz hakk\u0131nda<\/strong><br \/>Portal\u0131m\u0131z, bizi ziyaret eden ki\u015filerin ki\u015fisel bilgilerini asla talep etmez. Biz, kartlar ve krediler de dahil olmak \u00fczere \u00e7e\u015fitli finansal \u00fcr\u00fcnleri tan\u0131tan bir bilgi platformu olarak faaliyet g\u00f6steriyoruz. Ki\u015fisel bilgilerinizi yaln\u0131zca \u00f6nerdi\u011fimiz \u015firketlerin resmi \u00e7evrimi\u00e7i alanlar\u0131nda veya fiziksel lokasyonlar\u0131nda payla\u015fman\u0131z\u0131 rica ediyoruz.<\/p>\n<p><strong>Dernekler ve Haklar<\/strong><br \/>Sundu\u011fumuz \u00fcr\u00fcnlerin bir\u00e7o\u011fuyla ortakl\u0131k anla\u015fmalar\u0131m\u0131z bulunmaktad\u0131r. Unutmay\u0131n, \u00fcr\u00fcnlerle ilgili t\u00fcm g\u00f6rseller ve isimler ilgili hak sahiplerine aittir.<\/p>\n<p><strong>G\u00fcncelleme Taahh\u00fcd\u00fc<\/strong><br \/>\u00dcr\u00fcnlerimizle ilgili t\u00fcm bilgilerin g\u00fcncel olmas\u0131n\u0131 sa\u011flamak i\u00e7in elimizden gelen her \u015feyi yap\u0131yoruz. Ancak, resmi sayfaya y\u00f6nlendirildi\u011finizde farkl\u0131 verilerle kar\u015f\u0131la\u015fabilirsiniz, \u00e7\u00fcnk\u00fc \u015firketler \u00fcr\u00fcnlerinin \u015fartlar\u0131n\u0131 \u00f6nceden haber vermeden de\u011fi\u015ftirme hakk\u0131na sahiptir. Her zaman en do\u011fru ve g\u00fcncel bilgilere eri\u015febilmenizi sa\u011flamak istiyoruz.<\/p>\n<p>Do\u011frulu\u011funu ve g\u00fcncelli\u011fini garanti alt\u0131na almak i\u00e7in bilgilerin her zaman \u015firketlerin resmi sayfalar\u0131ndan do\u011frudan kontrol edilmesinin \u00f6nemli oldu\u011funu unutmay\u0131n. Bize g\u00fcvendi\u011finiz i\u00e7in te\u015fekk\u00fcr ederiz!<\/p>\n<p>\t\t\t\t\t\t\t\t\t\t\t\t\t<img loading=\"lazy\" decoding=\"async\" width=\"271\" height=\"298\" src=\"https:\/\/bonfimnoticias.com.br\/wp_cf5e68-content\/uploads\/2024\/11\/logo-bonfim-png.png\" alt=\"\" \/><\/p>","protected":false},"excerpt":{"rendered":"<p>novidades Las tarjetas empresariales BBVA: un breve resumen Descubra las ofertas de tarjetas corporativas BBVA para su negocio. Las tarjetas&#8230;<\/p>","protected":false},"author":24,"featured_media":18387,"parent":0,"menu_order":0,"comment_status":"closed","ping_status":"closed","template":"","meta":{"footnotes":""},"class_list":["post-19492","page","type-page","status-publish","has-post-thumbnail","hentry"],"_links":{"self":[{"href":"https:\/\/bonfimnoticias.com.br\/tr\/wp-json\/wp\/v2\/pages\/19492","targetHints":{"allow":["GET"]}}],"collection":[{"href":"https:\/\/bonfimnoticias.com.br\/tr\/wp-json\/wp\/v2\/pages"}],"about":[{"href":"https:\/\/bonfimnoticias.com.br\/tr\/wp-json\/wp\/v2\/types\/page"}],"author":[{"embeddable":true,"href":"https:\/\/bonfimnoticias.com.br\/tr\/wp-json\/wp\/v2\/users\/24"}],"replies":[{"embeddable":true,"href":"https:\/\/bonfimnoticias.com.br\/tr\/wp-json\/wp\/v2\/comments?post=19492"}],"version-history":[{"count":4,"href":"https:\/\/bonfimnoticias.com.br\/tr\/wp-json\/wp\/v2\/pages\/19492\/revisions"}],"predecessor-version":[{"id":19496,"href":"https:\/\/bonfimnoticias.com.br\/tr\/wp-json\/wp\/v2\/pages\/19492\/revisions\/19496"}],"wp:featuredmedia":[{"embeddable":true,"href":"https:\/\/bonfimnoticias.com.br\/tr\/wp-json\/wp\/v2\/media\/18387"}],"wp:attachment":[{"href":"https:\/\/bonfimnoticias.com.br\/tr\/wp-json\/wp\/v2\/media?parent=19492"}],"curies":[{"name":"wp","href":"https:\/\/api.w.org\/{rel}","templated":true}]}}