{"id":19222,"date":"2024-10-31T21:20:09","date_gmt":"2024-11-01T00:20:09","guid":{"rendered":"https:\/\/bonfimnoticias.com.br\/?page_id=19222"},"modified":"2024-10-31T21:20:13","modified_gmt":"2024-11-01T00:20:13","slug":"compra-tu-propio-coche-desde-solo-20-dolares","status":"publish","type":"page","link":"https:\/\/bonfimnoticias.com.br\/tr\/compra-tu-propio-coche-desde-solo-20-dolares\/","title":{"rendered":"Kendi araban\u0131z\u0131 sadece 20 dolardan ba\u015flayan fiyatlarla sat\u0131n al\u0131n."},"content":{"rendered":"<p><!-- wp_cf5e68:paragraph {\"align\":\"center\"} --><\/p>\n<p class=\"has-text-align-center\"><strong>Evet, 20 dolara kendi araban\u0131z\u0131 sat\u0131n almak m\u00fcmk\u00fcn ve k\u00f6t\u00fc durumda, hurda bir arabadan bahsetmiyorum; bu inan\u0131lmaz fiyata de\u011ferli arabalar bulabilir ve yine de \u00e7ok uygun bir \u015fekilde sahip olabilirsiniz.<\/strong><\/p>\n<p><!-- \/wp_cf5e68:paragraph --><\/p>\n<p><!-- wp_cf5e68:image {\"id\":19223,\"sizeSlug\":\"large\",\"linkDestination\":\"none\",\"align\":\"center\"} --><\/p>\n<figure class=\"wp_cf5e68-block-image aligncenter size-large\"><img loading=\"lazy\" decoding=\"async\" src=\"https:\/\/bonfimnoticias.com.br\/wp_cf5e68-content\/uploads\/2024\/10\/rei-do-airbag-copart-1.jpg\" alt=\"Compra tu propio coche desde s\u00f3lo 20 d\u00f3lares\" class=\"wp_cf5e68-image-19223\"\/><\/figure>\n<p><!-- \/wp_cf5e68:image --><\/p>\n<p><!-- wp_cf5e68:list --><\/p>\n<ul><!-- wp_cf5e68:list-item --><\/p>\n<li><strong>Copart&#039;\u0131n ara\u00e7 alt sistemlerini ke\u015ffedin<\/strong>Copart, d\u00fcnyan\u0131n en b\u00fcy\u00fck ve tan\u0131nm\u0131\u015f denizalt\u0131 platformudur. Bu platform arac\u0131l\u0131\u011f\u0131yla piyasada inan\u0131lmaz fiyatlara sat\u0131lan ara\u00e7lar\u0131 bulabilirsiniz. Sayfa filtrelerini kullanarak \u00e7evrenizdeki f\u0131rsatlar\u0131 bulabilir ve kendi arac\u0131n\u0131za sahip olmak i\u00e7in bu \u00e7evrimi\u00e7i etkinliklere kat\u0131labilirsiniz. Orada, inanmasan\u0131z bile sadece 20 dolara sat\u0131lan otob\u00fcsler bulacaks\u0131n\u0131z ve ayr\u0131ca Copart&#039;\u0131n g\u00fcvenlik ve d\u00fcr\u00fcstl\u00fc\u011f\u00fcyle tan\u0131nd\u0131\u011f\u0131 i\u00e7in detayl\u0131 ve \u015feffaf bilgiler de bulacaks\u0131n\u0131z.<\/li>\n<p><!-- \/wp_cf5e68:list-item --><\/p>\n<p><!-- wp_cf5e68:list-item --><\/p>\n<li><strong>Copart ta\u015f\u0131mac\u0131l\u0131k hizmetini ke\u015ffedin<\/strong>E\u011fer eyalette kendi arac\u0131n\u0131z\u0131 sat\u0131n alacak kadar paran\u0131z varsa, Copart ula\u015f\u0131m hizmetini de talep edebilirsiniz. Ek bir \u00fccret kar\u015f\u0131l\u0131\u011f\u0131nda otob\u00fcs size teslim edilecektir.<\/li>\n<p><!-- \/wp_cf5e68:list-item --><\/p>\n<p><!-- wp_cf5e68:list-item --><\/p>\n<li><strong>Kat\u0131lmak ve araba sat\u0131n almak i\u00e7in gerekenler:<\/strong> Copart alt sat\u0131\u015flar\u0131na kat\u0131lmak ve kendi araban\u0131z\u0131 sat\u0131n almak i\u00e7in, iyi bir planlama ve finansal kontrol\u00fcn temel unsurlar oldu\u011fundan emin olmak \u00e7ok \u00f6nemlidir. Maksimum \u00e7aba g\u00f6sterin ve a\u015f\u0131r\u0131ya ka\u00e7may\u0131n. Ayn\u0131 zamanda, ula\u015f\u0131m gibi ek masraflar\u0131 da hesaba kat\u0131n, b\u00f6ylece kar\u015f\u0131layabilece\u011finizden fazla harcama yaparak finansal sa\u011fl\u0131\u011f\u0131n\u0131za zarar vermeyin. Duygular\u0131n\u0131z\u0131 kontrol etmek de kat\u0131l\u0131m i\u00e7in \u00e7ok \u00f6nemlidir. Ancak, kat\u0131l\u0131mc\u0131 olma s\u00fcreciyle ilgili ayr\u0131nt\u0131l\u0131 bilgileri resmi makalemizde bulabilirsiniz. Orada ayr\u0131ca, s\u00fcreci ba\u015flat\u0131p en k\u0131sa s\u00fcrede kat\u0131l\u0131mc\u0131 olabilmeniz i\u00e7in sizi do\u011frudan Copart web sitesine g\u00f6t\u00fcrecek ba\u011flant\u0131y\u0131 da bulacaks\u0131n\u0131z. Sadece oraya gitmeniz yeterli. Konuyla ilgili herhangi bir \u015f\u00fcpheniz varsa, resmi makale size \u00e7ok daha fazla bilgi sunsa da, sayfa size daha eksiksiz bilgilerle cevap verebilir. Son olarak, otob\u00fcs alt sat\u0131\u015flar\u0131n\u0131 para tasarrufu yapma ve fayda elde etme f\u0131rsat\u0131, otob\u00fcsleri \u00e7ok d\u00fc\u015f\u00fck fiyata sat\u0131n al\u0131p normal piyasa de\u011ferinde satarak gelir elde etme kayna\u011f\u0131 olarak da d\u00fc\u015f\u00fcnebilirsiniz. Ancak \u015fimdi yapman\u0131z gerekenler \u015funlar: resmi makalemize eri\u015fin, masraflar\u0131n\u0131z\u0131 ve b\u00fct\u00e7enizi planlay\u0131n ve kat\u0131l\u0131mc\u0131 olmak i\u00e7in gereken ad\u0131mlar\u0131 izleyerek i\u015fe koyulun ve ard\u0131ndan kendi araban\u0131z\u0131 sat\u0131n al\u0131n.<\/li>\n<p><!-- \/wp_cf5e68:list-item --><\/ul>\n<p><!-- \/wp_cf5e68:list --><\/p>\n<p><!-- wp_cf5e68:buttons {\"layout\":{\"type\":\"flex\",\"justifyContent\":\"center\"}} --><\/p>\n<div class=\"wp_cf5e68-block-buttons\"><!-- wp_cf5e68:button --><\/p>\n<div class=\"wp_cf5e68-block-button\"><a class=\"wp_cf5e68-block-button__link wp_cf5e68-element-button\" href=\"https:\/\/bonfimnoticias.com.br\/tr\/comprar-tu-propio-coche-20-dolares\/\">Copart alt kurulu\u015flar\u0131na nas\u0131l kat\u0131labilirsiniz? &gt;&gt;&gt;&gt;<\/a><\/div>\n<p><!-- \/wp_cf5e68:button --><\/div>\n<p><!-- \/wp_cf5e68:buttons --><\/p>\n<p><!-- wp_cf5e68:paragraph {\"align\":\"center\",\"style\":{\"elements\":{\"link\":{\"color\":{\"text\":\"var:preset|color|cyan-bluish-gray\"}}}},\"textColor\":\"cyan-bluish-gray\"} --><\/p>\n<p class=\"has-text-align-center has-cyan-bluish-gray-color has-text-color has-link-color\">Bahsi ge\u00e7en resmi makalemize y\u00f6nlendirileceksiniz. <\/p>\n<p><!-- \/wp_cf5e68:paragraph --><\/p>","protected":false},"excerpt":{"rendered":"<p>S\u00ed, es posible comprar tu propio coche desde tan s\u00f3lo 20 d\u00f3lares, y no estoy hablando de un coche destartalado&#8230;<\/p>","protected":false},"author":24,"featured_media":19223,"parent":0,"menu_order":0,"comment_status":"closed","ping_status":"closed","template":"","meta":{"footnotes":""},"class_list":["post-19222","page","type-page","status-publish","has-post-thumbnail","hentry"],"_links":{"self":[{"href":"https:\/\/bonfimnoticias.com.br\/tr\/wp-json\/wp\/v2\/pages\/19222","targetHints":{"allow":["GET"]}}],"collection":[{"href":"https:\/\/bonfimnoticias.com.br\/tr\/wp-json\/wp\/v2\/pages"}],"about":[{"href":"https:\/\/bonfimnoticias.com.br\/tr\/wp-json\/wp\/v2\/types\/page"}],"author":[{"embeddable":true,"href":"https:\/\/bonfimnoticias.com.br\/tr\/wp-json\/wp\/v2\/users\/24"}],"replies":[{"embeddable":true,"href":"https:\/\/bonfimnoticias.com.br\/tr\/wp-json\/wp\/v2\/comments?post=19222"}],"version-history":[{"count":1,"href":"https:\/\/bonfimnoticias.com.br\/tr\/wp-json\/wp\/v2\/pages\/19222\/revisions"}],"predecessor-version":[{"id":19224,"href":"https:\/\/bonfimnoticias.com.br\/tr\/wp-json\/wp\/v2\/pages\/19222\/revisions\/19224"}],"wp:featuredmedia":[{"embeddable":true,"href":"https:\/\/bonfimnoticias.com.br\/tr\/wp-json\/wp\/v2\/media\/19223"}],"wp:attachment":[{"href":"https:\/\/bonfimnoticias.com.br\/tr\/wp-json\/wp\/v2\/media?parent=19222"}],"curies":[{"name":"wp","href":"https:\/\/api.w.org\/{rel}","templated":true}]}}