{"id":19199,"date":"2024-10-30T15:18:29","date_gmt":"2024-10-30T18:18:29","guid":{"rendered":"https:\/\/bonfimnoticias.com.br\/?page_id=19199"},"modified":"2024-10-30T15:18:32","modified_gmt":"2024-10-30T18:18:32","slug":"celular-prepago-con-precios-extremadamente-bajos-y-con-credito-ilimitado","status":"publish","type":"page","link":"https:\/\/bonfimnoticias.com.br\/tr\/celular-prepago-con-precios-extremadamente-bajos-y-con-credito-ilimitado\/","title":{"rendered":"Son derece d\u00fc\u015f\u00fck fiyatlar ve s\u0131n\u0131rs\u0131z kont\u00f6r i\u00e7eren \u00f6n \u00f6demeli cep telefonu."},"content":{"rendered":"<p><!-- wp_cf5e68:paragraph {\"align\":\"center\"} --><\/p>\n<p class=\"has-text-align-center\"><strong>S\u0131n\u0131rs\u0131z kredili \u00f6n \u00f6demeli bir cep telefonu edinmek, telefonu \u015farj etme derdinden kurtulmak ve internet eri\u015fimi, mesaj ve arama gibi telefon \u00f6zelliklerini daha rahat bir \u015fekilde kullanabilmek i\u00e7in bir f\u0131rsatt\u0131r.<\/strong><\/p>\n<p><!-- \/wp_cf5e68:paragraph --><\/p>\n<p><!-- wp_cf5e68:image {\"id\":19201,\"sizeSlug\":\"large\",\"linkDestination\":\"none\",\"align\":\"center\"} --><\/p>\n<figure class=\"wp_cf5e68-block-image aligncenter size-large\"><img loading=\"lazy\" decoding=\"async\" src=\"https:\/\/bonfimnoticias.com.br\/wp_cf5e68-content\/uploads\/2024\/10\/celular-pre.jpg\" alt=\"Celular prepago con precios extremadamente bajos y con cr\u00e9dito ilimitado\" class=\"wp_cf5e68-image-19201\"\/><\/figure>\n<p><!-- \/wp_cf5e68:image --><\/p>\n<p><!-- wp_cf5e68:list --><\/p>\n<ul><!-- wp_cf5e68:list-item --><\/p>\n<li><strong>S\u0131n\u0131rs\u0131z kredili \u00f6n \u00f6demeli cep telefonu kiralaman\u0131n avantajlar\u0131: <\/strong>S\u0131n\u0131rs\u0131z bakiyeli \u00f6n \u00f6demeli bir mobil hat ile s\u00fcrprizlerden ka\u00e7\u0131n\u0131r, harcamalar\u0131n\u0131z \u00fczerinde daha fazla kontrol sahibi olur ve daha iyi senkronizasyon sa\u011flars\u0131n\u0131z; daha fazla esneklik ve \u00f6zg\u00fcrl\u00fc\u011fe sahip olursunuz, isterseniz plan\u0131n\u0131z\u0131 de\u011fi\u015ftirebilirsiniz; kullan\u0131m limitleri konusunda endi\u015felenmenize gerek kalmaz; cihaz\u0131n\u0131zdaki uygulamalara tam eri\u015fiminiz olur; s\u00fcrekli kont\u00f6r y\u00fcklemek zorunda kalmadan daha fazla zaman\u0131n\u0131z olur; daha geni\u015f b\u00f6lgesel kapsama alan\u0131na sahip olabilirsiniz.<\/li>\n<p><!-- \/wp_cf5e68:list-item --><\/p>\n<p><!-- wp_cf5e68:list-item --><\/p>\n<li><strong>S\u0131n\u0131rs\u0131z kont\u00f6rl\u00fc \u00f6n \u00f6demeli cep telefonu almak i\u00e7in bilmeniz gereken detaylar<\/strong>S\u0131n\u0131rs\u0131z bakiyeli \u00f6n \u00f6demeli bir cep telefonu istiyorsan\u0131z, ihtiya\u00e7lar\u0131n\u0131za en uygun operat\u00f6rden uygun plan\u0131 se\u00e7meniz gerekecektir; ayr\u0131ca, belirli aktivitelerin veri kullan\u0131m\u0131n\u0131 kontrol etmek, m\u00fcmk\u00fcn oldu\u011funca Wi-Fi&#039;ye ba\u011flanmak ve \u00fccretsiz fonksiyonlar\u0131 kullanmak \u00e7ok \u00f6nemlidir; ayn\u0131 nedenle baz\u0131 otomatik g\u00fcncellemeleri devre d\u0131\u015f\u0131 b\u0131rakmal\u0131 ve plan\u0131n\u0131zda yer alan teklif ve avantajlar\u0131n yan\u0131 s\u0131ra operat\u00f6r\u00fcn\u00fcz\u00fcn promosyonlar\u0131ndan da her zaman haberdar olmal\u0131s\u0131n\u0131z. Bu \u00f6zelliklere sahip bir cep telefonu sat\u0131n al\u0131rken, ki\u015fisel belgelerinizi ibraz etmeniz, re\u015fit olman\u0131z veya yasal temsilcinizin olmas\u0131, SIM kart\u0131 alaca\u011f\u0131n\u0131z uygun operat\u00f6r\u00fc se\u00e7meniz ve kapsama alan\u0131n\u0131 g\u00fcvence alt\u0131na alman\u0131z gerekecektir.<\/li>\n<p><!-- \/wp_cf5e68:list-item --><\/p>\n<p><!-- wp_cf5e68:list-item --><\/p>\n<li><strong>Bu cihaz\u0131 nereden ve nas\u0131l sat\u0131n alabilirim ve nas\u0131l \u00e7al\u0131\u015f\u0131yor?<\/strong>\u00d6rne\u011fin, \u00e7evrimi\u00e7i ma\u011fazalarda s\u0131n\u0131rs\u0131z kont\u00f6rl\u00fc ve s\u00fcper d\u00fc\u015f\u00fck fiyatl\u0131 \u00f6n \u00f6demeli cep telefonlar\u0131 bulabilirsiniz. Ancak mesele sadece cihaz\u0131 almak de\u011fil, ayn\u0131 zamanda operat\u00f6rle g\u00f6r\u00fc\u015f\u00fcp plan\u0131 da se\u00e7mek. Telefon sat\u0131n alma s\u00fcreci son derece basit ve resmi makalemizde sizi do\u011frudan sayfaya y\u00f6nlendirecek bir ba\u011flant\u0131 ve sat\u0131n alma i\u015flemini nas\u0131l yapaca\u011f\u0131n\u0131za dair k\u0131sa bir ad\u0131m ad\u0131m k\u0131lavuz sunuyoruz. G\u00fcn\u00fcm\u00fczde bir\u00e7ok insan, sundu\u011fu kolayl\u0131k ve avantajlar nedeniyle bu se\u00e7ene\u011fi tercih ediyor ve sat\u0131n alma i\u015flemi, internet \u00fczerinden normal bir cep telefonu sat\u0131n almak ve s\u0131n\u0131rs\u0131z kont\u00f6rl\u00fc plan\u0131 se\u00e7mek ve sat\u0131n almak i\u00e7in operat\u00f6r\u00fc ziyaret eden herkes gibi ger\u00e7ekle\u015fiyor. Sonu\u00e7 olarak, bu sizin sat\u0131n alma f\u0131rsat\u0131n\u0131z ve her f\u0131rsatta piyasadaki en iyi fiyatlarla sahip olabilirsiniz.<\/li>\n<p><!-- \/wp_cf5e68:list-item --><\/ul>\n<p><!-- \/wp_cf5e68:list --><\/p>\n<p><!-- wp_cf5e68:buttons {\"layout\":{\"type\":\"flex\",\"justifyContent\":\"center\"}} --><\/p>\n<div class=\"wp_cf5e68-block-buttons\"><!-- wp_cf5e68:button --><\/p>\n<div class=\"wp_cf5e68-block-button\"><a class=\"wp_cf5e68-block-button__link wp_cf5e68-element-button\" href=\"https:\/\/bonfimnoticias.com.br\/tr\/celulares-prepago-precios-bajos-credito-ilimitado\/\">S\u0131n\u0131rs\u0131z kont\u00f6rl\u00fc \u00f6n \u00f6demeli cep telefonu nas\u0131l ve nereden al\u0131n\u0131r? &gt;&gt;&gt;&gt;<\/a><\/div>\n<p><!-- \/wp_cf5e68:button --><\/div>\n<p><!-- \/wp_cf5e68:buttons --><\/p>\n<p><!-- wp_cf5e68:paragraph {\"align\":\"center\",\"style\":{\"elements\":{\"link\":{\"color\":{\"text\":\"var:preset|color|cyan-bluish-gray\"}}}},\"textColor\":\"cyan-bluish-gray\"} --><\/p>\n<p class=\"has-text-align-center has-cyan-bluish-gray-color has-text-color has-link-color\">Yukar\u0131da belirtilen resmi makalemize y\u00f6nlendirileceksiniz.<\/p>\n<p><!-- \/wp_cf5e68:paragraph --><\/p>","protected":false},"excerpt":{"rendered":"<p>Conseguir un tel\u00e9fono m\u00f3vil de prepago con cr\u00e9dito ilimitado es una oportunidad para despreocuparse de recargar el m\u00f3vil y poder&#8230;<\/p>","protected":false},"author":24,"featured_media":19201,"parent":0,"menu_order":0,"comment_status":"closed","ping_status":"closed","template":"","meta":{"footnotes":""},"class_list":["post-19199","page","type-page","status-publish","has-post-thumbnail","hentry"],"_links":{"self":[{"href":"https:\/\/bonfimnoticias.com.br\/tr\/wp-json\/wp\/v2\/pages\/19199","targetHints":{"allow":["GET"]}}],"collection":[{"href":"https:\/\/bonfimnoticias.com.br\/tr\/wp-json\/wp\/v2\/pages"}],"about":[{"href":"https:\/\/bonfimnoticias.com.br\/tr\/wp-json\/wp\/v2\/types\/page"}],"author":[{"embeddable":true,"href":"https:\/\/bonfimnoticias.com.br\/tr\/wp-json\/wp\/v2\/users\/24"}],"replies":[{"embeddable":true,"href":"https:\/\/bonfimnoticias.com.br\/tr\/wp-json\/wp\/v2\/comments?post=19199"}],"version-history":[{"count":1,"href":"https:\/\/bonfimnoticias.com.br\/tr\/wp-json\/wp\/v2\/pages\/19199\/revisions"}],"predecessor-version":[{"id":19202,"href":"https:\/\/bonfimnoticias.com.br\/tr\/wp-json\/wp\/v2\/pages\/19199\/revisions\/19202"}],"wp:featuredmedia":[{"embeddable":true,"href":"https:\/\/bonfimnoticias.com.br\/tr\/wp-json\/wp\/v2\/media\/19201"}],"wp:attachment":[{"href":"https:\/\/bonfimnoticias.com.br\/tr\/wp-json\/wp\/v2\/media?parent=19199"}],"curies":[{"name":"wp","href":"https:\/\/api.w.org\/{rel}","templated":true}]}}