{"id":19122,"date":"2024-10-11T17:06:44","date_gmt":"2024-10-11T20:06:44","guid":{"rendered":"https:\/\/bonfimnoticias.com.br\/?page_id=19122"},"modified":"2024-10-11T17:50:03","modified_gmt":"2024-10-11T20:50:03","slug":"introduccion-a-los-productos-de-credito-de-caixabank-tarjetas-y-prestamos-personales","status":"publish","type":"page","link":"https:\/\/bonfimnoticias.com.br\/tr\/introduccion-a-los-productos-de-credito-de-caixabank-tarjetas-y-prestamos-personales\/","title":{"rendered":"Caixabank kredi \u00fcr\u00fcnlerine giri\u015f: kartlar ve bireysel krediler"},"content":{"rendered":"<p><!-- wp_cf5e68:paragraph {\"align\":\"center\",\"style\":{\"elements\":{\"link\":{\"color\":{\"text\":\"var:preset|color|white\"}}}},\"backgroundColor\":\"vivid-cyan-blue\",\"textColor\":\"white\"} --><\/p>\n<p class=\"has-text-align-center has-white-color has-vivid-cyan-blue-background-color has-text-color has-background has-link-color\"><strong>CaixaBank, en b\u00fcy\u00fck yerel finans kurulu\u015flar\u0131ndan biri olarak kabul edilmektedir. \u00dcr\u00fcnleri aras\u0131nda, kredi kartlar\u0131 ve bireysel krediler de dahil olmak \u00fczere geni\u015f bir yelpazede kredi imkan\u0131 sunmaktad\u0131r. Kredi kartlar\u0131n\u0131z, \u00f6demeleri b\u00f6lmek i\u00e7in esnek ve kullan\u0131\u015fl\u0131 f\u0131rsatlar sunarken, bireylere y\u00f6nelik olarak sa\u011flad\u0131\u011f\u0131m\u0131z bu kartlar, herhangi bir projeyi finanse etmek isteyenler i\u00e7in finansal \u00e7\u00f6z\u00fcmlerdir. Bu nedenle, bug\u00fcn bu \u00fcr\u00fcnleri talep etmenin ba\u015fl\u0131ca nedenlerini, g\u00fcvenli ve g\u00fcvenilir f\u0131rsatlar olduklar\u0131n\u0131 varsayarak \u00f6\u011freneceksiniz.<\/strong><\/p>\n<p><!-- \/wp_cf5e68:paragraph --><\/p>\n<p><!-- wp_cf5e68:image {\"id\":19123,\"sizeSlug\":\"large\",\"linkDestination\":\"none\",\"align\":\"center\"} --><\/p>\n<figure class=\"wp_cf5e68-block-image aligncenter size-large\"><img loading=\"lazy\" decoding=\"async\" src=\"https:\/\/bonfimnoticias.com.br\/wp_cf5e68-content\/uploads\/2024\/10\/CaixaBank-Logo-1024x576.png\" alt=\"Introducci\u00f3n a los productos de cr\u00e9dito de Caixabank: tarjetas y pr\u00e9stamos personales\" class=\"wp_cf5e68-image-19123\"\/><\/figure>\n<p><!-- \/wp_cf5e68:image --><\/p>\n<p><!-- wp_cf5e68:heading {\"textAlign\":\"center\",\"style\":{\"elements\":{\"link\":{\"color\":{\"text\":\"var:preset|color|white\"}}}},\"backgroundColor\":\"vivid-cyan-blue\",\"textColor\":\"white\"} --><\/p>\n<h2 class=\"wp_cf5e68-block-heading has-text-align-center has-white-color has-vivid-cyan-blue-background-color has-text-color has-background has-link-color\">\u00d6ncelikle, Caixabank&#039;\u0131n sundu\u011fu bireysel kredilere ve avantajlar\u0131na bir g\u00f6z atal\u0131m.<\/h2>\n<p><!-- \/wp_cf5e68:heading --><\/p>\n<p><!-- wp_cf5e68:paragraph --><\/p>\n<p>CaixaBank&#039;ta ki\u015fisel krediler, maa\u015ftan kesintili krediler, ta\u015f\u0131t kredileri, gayrimenkul kredileri, ipotek kredileri, elektronik krediler ve \u00f6\u011frenci kredileri bulabilirsiniz. Bunlar arac\u0131l\u0131\u011f\u0131yla, sahip oldu\u011funuz her t\u00fcrl\u00fc projeyi finanse edebilirsiniz; yeni, kullan\u0131lm\u0131\u015f, hibrit veya elektrikli arac\u0131n\u0131z\u0131 finanse edebilirsiniz; evinizi yenileyebilirsiniz; yeni teknolojik \u00fcr\u00fcnler sat\u0131n almak i\u00e7in yat\u0131r\u0131m yapabilirsiniz; y\u0131ll\u0131k \u00f6\u011frenci masraflar\u0131n\u0131z\u0131 kar\u015f\u0131layabilirsiniz; ve daha fazlas\u0131!<\/p>\n<p><!-- \/wp_cf5e68:paragraph --><\/p>\n<p><!-- wp_cf5e68:heading {\"textAlign\":\"center\",\"style\":{\"elements\":{\"link\":{\"color\":{\"text\":\"var:preset|color|white\"}}}},\"backgroundColor\":\"vivid-cyan-blue\",\"textColor\":\"white\"} --><\/p>\n<h2 class=\"wp_cf5e68-block-heading has-text-align-center has-white-color has-vivid-cyan-blue-background-color has-text-color has-background has-link-color\">CaixaBank&#039;\u0131n sundu\u011fu kredi kartlar\u0131n\u0131 ve avantajlar\u0131n\u0131 da \u015fimdi inceleyin.<\/h2>\n<p><!-- \/wp_cf5e68:heading --><\/p>\n<p><!-- wp_cf5e68:paragraph --><\/p>\n<p>CaixaBank&#039;\u0131n kredi kartlar\u0131na gelince, MyCard (al\u0131\u015fveri\u015flerinizi istedi\u011finiz kadar taksitlendirme, \u00f6demeyi sat\u0131n alma g\u00fcn\u00fcnden sonraki g\u00fcn tek seferde alma ve ayr\u0131ca harcamalar\u0131n\u0131z\u0131 uzaktan ve dijital olarak y\u00f6netme olana\u011f\u0131) ve Visa &amp;Go (her ay sat\u0131n alma i\u00e7in \u00f6demek istedi\u011finiz tutar\u0131 se\u00e7ebilece\u011finiz \u00f6zel bir \u00fcr\u00fcn) bulacaks\u0131n\u0131z. \u0130lk y\u0131l kart \u00e7\u0131karma ve bak\u0131m \u00fccretleri tamamen \u00fccretsizdir ve ikinci y\u0131lda, y\u0131lda en az bir kez kulland\u0131\u011f\u0131n\u0131zda k\u00fc\u00e7\u00fck bir miktar \u00f6dersiniz.<\/p>\n<p><!-- \/wp_cf5e68:paragraph --><\/p>\n<p><!-- wp_cf5e68:heading {\"textAlign\":\"center\",\"style\":{\"elements\":{\"link\":{\"color\":{\"text\":\"var:preset|color|white\"}}}},\"backgroundColor\":\"vivid-cyan-blue\",\"textColor\":\"white\"} --><\/p>\n<h2 class=\"wp_cf5e68-block-heading has-text-align-center has-white-color has-vivid-cyan-blue-background-color has-text-color has-background has-link-color\">Baz\u0131 faydal\u0131 ipu\u00e7lar\u0131<\/h2>\n<p><!-- \/wp_cf5e68:heading --><\/p>\n<p><!-- wp_cf5e68:paragraph --><\/p>\n<p>CaixaBank&#039;ta ba\u015fka kredi ve kart \u00fcr\u00fcnleri de bulabilece\u011finizi, ancak bu kredilerin mutlaka ki\u015fisel olmad\u0131\u011f\u0131n\u0131 ve bu kartlar\u0131n mutlaka kredi puan\u0131na dayal\u0131 olmad\u0131\u011f\u0131n\u0131, dolay\u0131s\u0131yla bu ayr\u0131m\u0131n kurulu\u015fu \u00e7evrimi\u00e7i hale getirdi\u011fini ak\u0131lda tutmak \u00f6nemlidir.<\/p>\n<p><!-- \/wp_cf5e68:paragraph --><\/p>\n<p><!-- wp_cf5e68:heading {\"textAlign\":\"center\",\"style\":{\"elements\":{\"link\":{\"color\":{\"text\":\"var:preset|color|white\"}}}},\"backgroundColor\":\"vivid-cyan-blue\",\"textColor\":\"white\"} --><\/p>\n<h2 class=\"wp_cf5e68-block-heading has-text-align-center has-white-color has-vivid-cyan-blue-background-color has-text-color has-background has-link-color\">Son olarak, bu kurulu\u015ftan kredi \u00fcr\u00fcn\u00fcn\u00fcz\u00fc nas\u0131l talep edece\u011finizi a\u00e7\u0131klayal\u0131m.<\/h2>\n<p><!-- \/wp_cf5e68:heading --><\/p>\n<p><!-- wp_cf5e68:paragraph --><\/p>\n<p>CaixaBank kredi kart\u0131 veya ki\u015fisel kredi ba\u015fvurusu yapmak i\u00e7in, genel bir bak\u0131\u015f elde etmek amac\u0131yla resmi makalelere g\u00f6z atman\u0131z\u0131 \u00f6neririm. Orada, ba\u015fvuru i\u00e7in gereken \u015fartlar da dahil olmak \u00fczere ad\u0131m ad\u0131m eksiksiz bir k\u0131lavuz bulacaks\u0131n\u0131z. Ayr\u0131ca, sizi do\u011frudan s\u00fcrecin ilk ad\u0131m\u0131na g\u00f6t\u00fcrecek ba\u011flant\u0131y\u0131 da edineceksiniz. Bu nedenle, \u00f6zellikle bu f\u0131rsatlar hakk\u0131nda daha fazla ayr\u0131nt\u0131 edinmek i\u00e7in bunlara eri\u015fmeniz \u00e7ok \u00f6nemlidir.<\/p>\n<p><!-- \/wp_cf5e68:paragraph --><\/p>\n<p><!-- wp_cf5e68:paragraph --><\/p>\n<p>Son olarak, bankan\u0131n kendisi de \u00fcr\u00fcnleriyle ilgilenenlere tavsiyelerde bulunuyor ve yay\u0131nlad\u0131\u011f\u0131 makaleler arac\u0131l\u0131\u011f\u0131yla, CaixaBank&#039;tan veya ba\u015fka bir kurulu\u015ftan talepte bulunmak istedi\u011finizde size yard\u0131mc\u0131 olacak, kurulu\u015fun kendisini kapsayan noktalar hakk\u0131nda bilgi veriyoruz. Ancak her zaman di\u011fer kurulu\u015flar\u0131n g\u00fcvenilirli\u011fini kontrol etmeyi ve \u00f6rne\u011fin BBVA gibi en sa\u011flam ve pop\u00fcler olanlara \u00f6ncelik vermeyi hat\u0131rlat\u0131yorum. Bir teklifte ne kadar avantaj\u0131n\u0131z olursa olsun, sahip olabilece\u011finiz en b\u00fcy\u00fck avantaj g\u00fcvenliktir. <\/p>\n<p><!-- \/wp_cf5e68:paragraph --><\/p>\n<p><!-- wp_cf5e68:buttons {\"layout\":{\"type\":\"flex\",\"justifyContent\":\"center\"}} --><\/p>\n<div class=\"wp_cf5e68-block-buttons\"><!-- wp_cf5e68:button {\"backgroundColor\":\"vivid-cyan-blue\",\"textColor\":\"white\",\"style\":{\"elements\":{\"link\":{\"color\":{\"text\":\"var:preset|color|white\"}}}}} --><\/p>\n<div class=\"wp_cf5e68-block-button\"><a class=\"wp_cf5e68-block-button__link has-white-color has-vivid-cyan-blue-background-color has-text-color has-background has-link-color wp_cf5e68-element-button\" href=\"https:\/\/bonfimnoticias.com.br\/tr\/prestamos-personales-caixabank-una-vision-completa-y-como-solicitarlos\/\">Caixabank&#039;tan bireysel kredi nas\u0131l talep edilir &gt;&gt;&gt;&gt;<\/a><\/div>\n<p><!-- \/wp_cf5e68:button --><\/div>\n<p><!-- \/wp_cf5e68:buttons --><\/p>\n<p><!-- wp_cf5e68:paragraph {\"align\":\"center\",\"style\":{\"elements\":{\"link\":{\"color\":{\"text\":\"var:preset|color|cyan-bluish-gray\"}}}},\"textColor\":\"cyan-bluish-gray\"} --><\/p>\n<p class=\"has-text-align-center has-cyan-bluish-gray-color has-text-color has-link-color\">Bahsi ge\u00e7en krediyle ilgili makaleye y\u00f6nlendirileceksiniz.<\/p>\n<p><!-- \/wp_cf5e68:paragraph --><\/p>\n<p><!-- wp_cf5e68:buttons {\"layout\":{\"type\":\"flex\",\"justifyContent\":\"center\"}} --><\/p>\n<div class=\"wp_cf5e68-block-buttons\"><!-- wp_cf5e68:button {\"backgroundColor\":\"vivid-cyan-blue\"} --><\/p>\n<div class=\"wp_cf5e68-block-button\"><a class=\"wp_cf5e68-block-button__link has-vivid-cyan-blue-background-color has-background wp_cf5e68-element-button\" href=\"https:\/\/bonfimnoticias.com.br\/tr\/tarjetas-de-credito-caixabank-consulta-las-opciones-y-como-solicitarlas\/\">CaixaBank kredi kart\u0131 nas\u0131l talep edilir &gt;&gt;&gt;&gt;<\/a><\/div>\n<p><!-- \/wp_cf5e68:button --><\/div>\n<p><!-- \/wp_cf5e68:buttons --><\/p>\n<p><!-- wp_cf5e68:paragraph {\"align\":\"center\",\"style\":{\"elements\":{\"link\":{\"color\":{\"text\":\"var:preset|color|cyan-bluish-gray\"}}}},\"textColor\":\"cyan-bluish-gray\"} --><\/p>\n<p class=\"has-text-align-center has-cyan-bluish-gray-color has-text-color has-link-color\">Bahsi ge\u00e7en kartlarla ilgili makaleye y\u00f6nlendirileceksiniz.<\/p>\n<p><!-- \/wp_cf5e68:paragraph --><\/p>","protected":false},"excerpt":{"rendered":"<p>CaixaBank es reconocido como una de las mayores instituciones financieras locales. Entre sus productos, ofrece una amplia gama de cr\u00e9ditos,&#8230;<\/p>","protected":false},"author":24,"featured_media":19123,"parent":0,"menu_order":0,"comment_status":"closed","ping_status":"closed","template":"","meta":{"footnotes":""},"class_list":["post-19122","page","type-page","status-publish","has-post-thumbnail","hentry"],"_links":{"self":[{"href":"https:\/\/bonfimnoticias.com.br\/tr\/wp-json\/wp\/v2\/pages\/19122","targetHints":{"allow":["GET"]}}],"collection":[{"href":"https:\/\/bonfimnoticias.com.br\/tr\/wp-json\/wp\/v2\/pages"}],"about":[{"href":"https:\/\/bonfimnoticias.com.br\/tr\/wp-json\/wp\/v2\/types\/page"}],"author":[{"embeddable":true,"href":"https:\/\/bonfimnoticias.com.br\/tr\/wp-json\/wp\/v2\/users\/24"}],"replies":[{"embeddable":true,"href":"https:\/\/bonfimnoticias.com.br\/tr\/wp-json\/wp\/v2\/comments?post=19122"}],"version-history":[{"count":2,"href":"https:\/\/bonfimnoticias.com.br\/tr\/wp-json\/wp\/v2\/pages\/19122\/revisions"}],"predecessor-version":[{"id":19126,"href":"https:\/\/bonfimnoticias.com.br\/tr\/wp-json\/wp\/v2\/pages\/19122\/revisions\/19126"}],"wp:featuredmedia":[{"embeddable":true,"href":"https:\/\/bonfimnoticias.com.br\/tr\/wp-json\/wp\/v2\/media\/19123"}],"wp:attachment":[{"href":"https:\/\/bonfimnoticias.com.br\/tr\/wp-json\/wp\/v2\/media?parent=19122"}],"curies":[{"name":"wp","href":"https:\/\/api.w.org\/{rel}","templated":true}]}}