{"id":19073,"date":"2024-10-10T14:32:07","date_gmt":"2024-10-10T17:32:07","guid":{"rendered":"https:\/\/bonfimnoticias.com.br\/?page_id=19073"},"modified":"2024-10-10T14:32:07","modified_gmt":"2024-10-10T17:32:07","slug":"pp-banco-banesco-tarjeta","status":"publish","type":"page","link":"https:\/\/bonfimnoticias.com.br\/tr\/pp-banco-banesco-tarjeta\/","title":{"rendered":"Banco Banesco&#039;dan kredi kartlar\u0131"},"content":{"rendered":"<p style=\"text-align: center;\">Banco Banesco, faaliyet g\u00f6sterdi\u011fi \u00fclkelerde \u00f6nemi tart\u0131\u015f\u0131lmaz bir kurulu\u015ftur. Sundu\u011fu \u00e7e\u015fitli \u00fcr\u00fcnler aras\u0131nda, m\u00fc\u015fterilerinin ihtiya\u00e7lar\u0131n\u0131 kar\u015f\u0131lamak \u00fczere tasarlanm\u0131\u015f ve olduk\u00e7a cazip avantajlar sunan kredi kartlar\u0131 da yer almaktad\u0131r.<\/p>\n<p><br \/>\n<a href=\"https:\/\/bonfimnoticias.com.br\/tr\/banco-banesco-tarjeta-de-credito\/\"><br \/>\nBanesco kartlar\u0131 hakk\u0131nda daha fazla bilgi<br \/>\n<\/a><\/p>\n<p style=\"text-align: center;\">Resmi makaleye y\u00f6nlendirileceksiniz.<\/p>\n<style>\/*! elementor - v3.15.0 - 20-08-2023 *\/<br \/>.elementor-widget-image{text-align:center}.elementor-widget-image a{display:inline-block}.elementor-widget-image a img[src$=\".svg\"]{width:48px}.elementor-widget-image img{vertical-align:middle;display:inline-block}<\/style>\n<p><img loading=\"lazy\" decoding=\"async\" src=\"https:\/\/bonfimnoticias.com.br\/wp_cf5e68-content\/uploads\/2024\/05\/istockphoto-1406055705-612x612-1.jpg\" sizes=\"auto, (max-width: 612px) 100vw, 612px\" srcset=\"https:\/\/bonfimnoticias.com.br\/wp_cf5e68-content\/uploads\/2024\/05\/istockphoto-1406055705-612x612-1.jpg 612w, https:\/\/bonfimnoticias.com.br\/wp_cf5e68-content\/uploads\/2024\/05\/istockphoto-1406055705-612x612-1-400x400.jpg 400w\" alt=\"\" width=\"612\" height=\"612\" \/><\/p>\n<h2 style=\"text-align: center;\">Banesco kredi kartlar\u0131n\u0131n avantajlar\u0131 ve faydalar\u0131<\/h2>\n<p style=\"text-align: center;\">Banco Banesco&#039;nun kredi kart\u0131 teklifleri olduk\u00e7a \u00e7e\u015fitlidir ve bu y\u00f6n, farkl\u0131 ihtiya\u00e7lar\u0131 kar\u015f\u0131lamay\u0131 ama\u00e7lamaktad\u0131r; bu nedenle her birinin kendine \u00f6zg\u00fc \u00f6zellikleri olacakt\u0131r. Bununla birlikte, baz\u0131 genel \u00f6zellikleri ve avantajlar\u0131 vurgulayabiliriz.<\/p>\n<p><br \/>\n<a href=\"https:\/\/bonfimnoticias.com.br\/tr\/prestamos-de-banco-banesco\/#goog_rewarded\"><br \/>\nBanco Banesco&#039;nun di\u011fer finansal \u00fcr\u00fcnlerini ke\u015ffedin<br \/>\n<\/a><\/p>\n<p style=\"text-align: center;\">Resmi makaleye y\u00f6nlendirileceksiniz.<\/p>\n<p style=\"text-align: center;\"><strong>\u00d6d\u00fcl programlar\u0131na kat\u0131l\u0131m<\/strong>Banco Banesco kartlar\u0131, \u00fcr\u00fcnler, hizmetler veya seyahatler i\u00e7in harcayabilece\u011finiz puanlar ve binlerce puan biriktirmenizi sa\u011flar;<\/p>\n<p style=\"text-align: center;\"><strong>Sigorta teklifleri<\/strong>Seyahat, al\u0131\u015fveri\u015f ve daha bir\u00e7ok \u015fey i\u00e7in de sigorta yapt\u0131rabilirsiniz;<\/p>\n<p style=\"text-align: center;\"><strong> Seyahat yard\u0131m\u0131<\/strong>Bunlar arac\u0131l\u0131\u011f\u0131yla t\u0131bbi yard\u0131m, hukuki yard\u0131m, robotun kaybolmas\u0131 durumunda yard\u0131m vb. hizmetlere de eri\u015febilirsiniz.<\/p>\n<p style=\"text-align: center;\"><strong>Havaalanlar\u0131ndaki VIP salonlar\u0131na eri\u015fim<\/strong>U\u00e7akla seyahat ederken \u00e7ok daha fazla konfor ve rahatl\u0131k elde edebilirsiniz;<\/p>\n<p style=\"text-align: center;\"><strong>Uyarlanabilir \u00f6demeler<\/strong>\u00d6demelerinizi b\u00fct\u00e7enize uygun taksitler halinde yaparak daha esnek hale getirmeniz de m\u00fcmk\u00fcnd\u00fcr.<\/p>\n<p style=\"text-align: center;\">Banesco&#039;dan kredi kart\u0131 talep etmeyi d\u00fc\u015f\u00fcn\u00fcrken ve sunulan avantajlar\u0131 de\u011ferlendirirken, baz\u0131 \u015fartlara dikkat etmek \u00f6nemlidir; \u00f6rne\u011fin: bazen asgari bir gelire sahip olman\u0131z ve \u00f6deme kapasitenizi kan\u0131tlaman\u0131z gerekebilir ve bunu \u00fcr\u00fcn talebi s\u0131ras\u0131nda bir belgeyle ispatlaman\u0131z gerekecektir; bankan\u0131n faaliyet g\u00f6sterdi\u011fi \u00fclkede ikamet etti\u011finize dair kan\u0131t sunman\u0131z gerekebilir; \u015fehrin belediye ba\u015fkan\u0131 olman\u0131z gerekebilir; bankan\u0131n \u00f6deme kapasitenize g\u00fcvenmesi i\u00e7in iyi bir kredi ge\u00e7mi\u015fine sahip olman\u0131z gerekebilir.<\/p>\n<p style=\"text-align: center;\">Ancak, bunlar genel \u015fartlar olsa da, \u00fclkenizdeki bankan\u0131n internet sitesine girip se\u00e7ti\u011finiz \u00fcr\u00fcne g\u00f6re gerekebilecek ek \u015fartlar\u0131 kontrol etmeniz \u00e7ok \u00f6nemlidir. Bu a\u015famada ba\u015fvuru s\u00fcreci de ger\u00e7ekle\u015ftirilecektir. Ancak, talebinizi ad\u0131m ad\u0131m nas\u0131l ger\u00e7ekle\u015ftirece\u011finizi tam olarak anlamak i\u00e7in, resmi olarak yay\u0131nlanan makaleye eri\u015fmenizi \u00f6neririz.<\/p>\n<p style=\"text-align: center;\">Ayr\u0131ca, yay\u0131nlanan makale arac\u0131l\u0131\u011f\u0131yla, finans kurulu\u015funun \u00fcr\u00fcnlerini edinme konusunda g\u00fcven uyand\u0131racak daha fazla bilgi bulacaks\u0131n\u0131z; \u00e7\u00fcnk\u00fc bir teklifin en b\u00fcy\u00fck sat\u0131\u015f\u0131n\u0131 sa\u011flayan \u015fey, kendi \u00f6zellikleri de\u011fil, onu sunanlar\u0131n ba\u011fl\u0131l\u0131\u011f\u0131d\u0131r. Bu nedenle, \u00f6ncelikle Banco Banesco ile bu g\u00fcven ili\u015fkisini kurun, g\u00fcven kazanmak i\u00e7in ihtiya\u00e7lar\u0131n\u0131z\u0131 a\u00e7\u0131klay\u0131n ve kart \u00fcr\u00fcnlerinden birini talep edin. Bunlardan hi\u00e7biri ihtiya\u00e7lar\u0131n\u0131z\u0131 kar\u015f\u0131lamazsa veya ger\u00e7ekli\u011finize uymuyorsa, b\u00f6lgenizde faaliyet g\u00f6steren di\u011fer g\u00fcvenilir kurulu\u015flar\u0131 aray\u0131n ve ayn\u0131 s\u00fcreci izleyin. Ayr\u0131ca, uygun \u00fcr\u00fcn t\u00fcr\u00fcn\u00fc sat\u0131n almay\u0131 unutmay\u0131n; e\u011fer kart ise, Banco Banesco&#039;dan kart talep edin, e\u011fer kredi ise, Banco Banesco&#039;dan kredi talep edin, ancak \u00f6ncelikle ihtiya\u00e7lar\u0131n\u0131za dikkat edin.<\/p>","protected":false},"excerpt":{"rendered":"<p>El Banco Banesco es una instituci\u00f3n cuya importancia es incuestionable en los pa\u00edses donde opera. Entre la variedad de productos&#8230;<\/p>","protected":false},"author":19,"featured_media":18333,"parent":0,"menu_order":0,"comment_status":"open","ping_status":"closed","template":"","meta":{"footnotes":""},"class_list":["post-19073","page","type-page","status-publish","has-post-thumbnail","hentry"],"_links":{"self":[{"href":"https:\/\/bonfimnoticias.com.br\/tr\/wp-json\/wp\/v2\/pages\/19073","targetHints":{"allow":["GET"]}}],"collection":[{"href":"https:\/\/bonfimnoticias.com.br\/tr\/wp-json\/wp\/v2\/pages"}],"about":[{"href":"https:\/\/bonfimnoticias.com.br\/tr\/wp-json\/wp\/v2\/types\/page"}],"author":[{"embeddable":true,"href":"https:\/\/bonfimnoticias.com.br\/tr\/wp-json\/wp\/v2\/users\/19"}],"replies":[{"embeddable":true,"href":"https:\/\/bonfimnoticias.com.br\/tr\/wp-json\/wp\/v2\/comments?post=19073"}],"version-history":[{"count":1,"href":"https:\/\/bonfimnoticias.com.br\/tr\/wp-json\/wp\/v2\/pages\/19073\/revisions"}],"predecessor-version":[{"id":19074,"href":"https:\/\/bonfimnoticias.com.br\/tr\/wp-json\/wp\/v2\/pages\/19073\/revisions\/19074"}],"wp:featuredmedia":[{"embeddable":true,"href":"https:\/\/bonfimnoticias.com.br\/tr\/wp-json\/wp\/v2\/media\/18333"}],"wp:attachment":[{"href":"https:\/\/bonfimnoticias.com.br\/tr\/wp-json\/wp\/v2\/media?parent=19073"}],"curies":[{"name":"wp","href":"https:\/\/api.w.org\/{rel}","templated":true}]}}