{"id":18935,"date":"2024-08-29T18:55:07","date_gmt":"2024-08-29T21:55:07","guid":{"rendered":"https:\/\/bonfimnoticias.com.br\/?page_id=18935"},"modified":"2024-08-29T19:05:53","modified_gmt":"2024-08-29T22:05:53","slug":"tarjeta-de-credito-banco-de-bogota-lp","status":"publish","type":"page","link":"https:\/\/bonfimnoticias.com.br\/tr\/tarjeta-de-credito-banco-de-bogota-lp\/","title":{"rendered":"Banco de Bogota kredi kart\u0131 \u2013 A\u00e7\u0131l\u0131\u015f Sayfas\u0131 CO"},"content":{"rendered":"<style>\/*! elementor - v3.15.0 - 20-08-2023 *\/\n.elementor-heading-title{padding:0;margin:0;line-height:1}.elementor-widget-heading .elementor-heading-title[class*=elementor-size-]>a{color:inherit;font-size:inherit;line-height:inherit}.elementor-widget-heading .elementor-heading-title.elementor-size-small{font-size:15px}.elementor-widget-heading .elementor-heading-title.elementor-size-medium{font-size:19px}.elementor-widget-heading .elementor-heading-title.elementor-size-large{font-size:29px}.elementor-widget-heading .elementor-heading-title.elementor-size-xl{font-size:39px}.elementor-widget-heading .elementor-heading-title.elementor-size-xxl{font-size:59px}<\/style>\n<h2>Banco de Bogot\u00e1 kredi kart\u0131: Klasik kart ile finansal hayat\u0131n\u0131z\u0131 daha verimli hale getirin!<\/h2>\n<p style=\"text-align: center;\">Bogot\u00e1 Merkez Bankas\u0131 kredi kart\u0131, \u00f6zellikle de klasik kart, kredi kullanarak finansal hayata ba\u015flamak isteyenler i\u00e7in en iyi se\u00e7eneklerden biri olarak kabul ediliyor. Bu kart\u0131n kullan\u0131m alan\u0131 olduk\u00e7a geni\u015f ve Kolombiya&#039;da \u00e7ok \u00fcnl\u00fc ve tan\u0131nm\u0131\u015f bir kurum olan Bogot\u00e1 Merkez Bankas\u0131&#039;n\u0131n bir \u00fcr\u00fcn\u00fc olmas\u0131 da avantaj sa\u011fl\u0131yor.\u00a0<\/p>\n<style>\/*! elementor - v3.15.0 - 20-08-2023 *\/\n.elementor-widget-image{text-align:center}.elementor-widget-image a{display:inline-block}.elementor-widget-image a img[src$=\".svg\"]{width:48px}.elementor-widget-image img{vertical-align:middle;display:inline-block}<\/style>\n<p>\t\t\t\t\t\t\t\t\t\t\t\t<img decoding=\"async\" width=\"700\" height=\"526\" src=\"https:\/\/bonfimnoticias.com.br\/wp_cf5e68-content\/uploads\/2024\/08\/5d27bdef8a73djpeg.jpeg\" alt=\"\" loading=\"lazy\" \/>\t\t\t\t\t\t\t\t\t\t\t\t\t\t\t<\/p>\n<h2>Banco de Bogot\u00e1 kredi kart\u0131n\u0131n avantajlar\u0131: Klasik <\/h2>\n<p><strong>Ulusal ve uluslararas\u0131 kullan\u0131m:<\/strong> Banco de Bogot\u00e1 Cl\u00e1sica kredi kart\u0131, Kolombiya i\u00e7inde ve d\u0131\u015f\u0131nda \u00e7e\u015fitli i\u015fletmelerde ge\u00e7erlidir;<\/p>\n<p><strong> Sa\u011fl\u0131k hizmetlerine y\u00f6nelik yard\u0131mlar geni\u015fliyor:<\/strong> Seyahat durumunda, yurt d\u0131\u015f\u0131nda da t\u0131bbi yard\u0131m hizmeti sunmaktad\u0131r;<\/p>\n<p><strong>H\u0131zl\u0131 \u00f6deme yap\u0131n:<\/strong> \u00d6deme i\u015flemleri i\u00e7in fazla zaman harcaman\u0131za veya endi\u015felenmenize gerek yok;<\/p>\n<p><strong> \u00d6d\u00fcl programlar\u0131na kat\u0131l\u0131m:<\/strong> Sadakat programlar\u0131na ek olarak, \u00e7ok avantajl\u0131 programlara kat\u0131larak da ek puanlar kazanabilirsiniz;<\/p>\n<p><strong>Hesab\u0131n\u0131z\u0131 istedi\u011finiz boyuta a\u00e7abilirsiniz:<\/strong> Bu, m\u00fc\u015fteri profilinize dayal\u0131, tamamen size \u00f6zel olarak uyarlanm\u0131\u015f a\u00e7\u0131k bir hesapt\u0131r.<\/p>\n<p style=\"text-align: center;\">Bu kredi kart\u0131n\u0131n \u00f6zellikleri ve avantajlar\u0131na gelince, \u00f6d\u00fcl ve sadakat programlar\u0131n\u0131n amac\u0131n\u0131n size binlerce dolarl\u0131k u\u00e7ak bileti avantaj\u0131 sa\u011flamak ve bu puanlar\u0131 di\u011fer avantajlar i\u00e7in biriktirmenizi sa\u011flamak oldu\u011funu vurgulamak gerekir. Bunlara ek olarak daha bir\u00e7ok avantaj bulunmaktad\u0131r ve bunlar\u0131 resmi makalemizde size sunuyoruz.<\/p>\n<p style=\"text-align: center;\">Ayr\u0131ca, kredi limitiniz 1.500.000 TL&#039;den 3.499.999 TL&#039;ye y\u00fckseliyor ve bu limitin 301.300 TL&#039;sine kadar nakit para alma se\u00e7ene\u011finiz de bulunuyor.\u00a0<\/p>\n<p style=\"text-align: center;\">Ancak, bu avantajl\u0131 karttan yararlanabilmek i\u00e7in baz\u0131 temel \u015fartlar\u0131 yerine getirmeniz gerekmektedir: \u00d6ncelikle 150% numaral\u0131 kimlik belgenizin fotokopisini ibraz etmelisiniz; \u0130lgili \u00e7al\u0131\u015fanlar ve emekliler, vergi y\u0131l\u0131na ait gelir beyannamesini, son vergi y\u0131l\u0131na ait gelir ve kesinti belgesini (usul\u00fcne uygun olarak imzalanm\u0131\u015f, ancak daha ayr\u0131nt\u0131l\u0131 bilgi i\u00e7in makaleye bak\u0131n\u0131z), g\u00fcncel i\u015f belgesini (makalede bu belge de belirtilmi\u015ftir) ve en son maa\u015f ve emekli maa\u015f\u0131 \u00f6deme belgesini (\u00f6demeleriniz iki y\u0131lda bir yap\u0131l\u0131yorsa, makbuzlar\u0131 ibraz etmeniz gerekecektir) ibraz etmelidir; Ancak, serbest meslek sahibiyseniz, vergi takviminde belirtilen son tarihlere g\u00f6re mali y\u0131la ait gelir beyannamesini ve gelirinizi kapsayan banka ekstresini (g\u00fcncel olmal\u0131d\u0131r) de ibraz etmelisiniz; Son olarak, belgelerle birlikte m\u00fclakata kat\u0131lman\u0131z veya m\u00fclakat\u0131 ziyaret etmeniz gerekmektedir.<\/p>\n<p style=\"text-align: center;\">Banco de Bogot\u00e1 Cl\u00e1sica kredi kart\u0131na ba\u015fvurma s\u00fcreci s\u00f6z konusu oldu\u011funda, t\u00fcm s\u00fcre\u00e7 i\u00e7in ayr\u0131nt\u0131l\u0131 ad\u0131m ad\u0131m k\u0131lavuz yaln\u0131zca resmi makalede yer almaktad\u0131r. Bu inan\u0131lmaz finansal f\u0131rsat\u0131 elde etmek i\u00e7in makaleye eri\u015fin ve her ad\u0131m\u0131 takip edin. Ayr\u0131ca, daha \u00f6nce a\u00e7\u0131klanm\u0131\u015f ve y\u00f6nlendirilmi\u015f bir \u015fekilde prosed\u00fcre ba\u015flaman\u0131z i\u00e7in sizi resmi web sitesine g\u00f6t\u00fcrecek ba\u011flant\u0131y\u0131 da orada bulaca\u011f\u0131n\u0131z\u0131 belirtmekte fayda var.<\/p>\n<p style=\"text-align: center;\">Makaleyi okuduktan sonra herhangi bir \u015f\u00fcpheniz kal\u0131rsa, sorular\u0131n\u0131z\u0131 \u00e7\u00f6zmek i\u00e7in l\u00fctfen do\u011frudan ilgili kuruma ba\u015fvurun.\u00a0<\/p>\n<p>\t\t\t<a href=\"https:\/\/bonfimnoticias.com.br\/tr\/tarjeta-de-credito-banco-de-bogota-clasica\/\"><br \/>\n\t\t\t\t\t\tKart\u0131n\u0131z\u0131 nas\u0131l talep edece\u011finizi \u015fimdi \u00f6\u011frenin.<br \/>\n\t\t\t\t\t<\/a><\/p>\n<p style=\"text-align: center;\">Resmi makaleye y\u00f6nlendirileceksiniz.<\/p>","protected":false},"excerpt":{"rendered":"<p>Tarjeta de cr\u00e9dito del Banco de Bogot\u00e1: \u00a1empieza tu vida financiera con la tarjeta Cl\u00e1sica! La tarjeta de cr\u00e9dito del&#8230;<\/p>","protected":false},"author":24,"featured_media":18937,"parent":0,"menu_order":0,"comment_status":"closed","ping_status":"closed","template":"","meta":{"footnotes":""},"class_list":["post-18935","page","type-page","status-publish","has-post-thumbnail","hentry"],"_links":{"self":[{"href":"https:\/\/bonfimnoticias.com.br\/tr\/wp-json\/wp\/v2\/pages\/18935","targetHints":{"allow":["GET"]}}],"collection":[{"href":"https:\/\/bonfimnoticias.com.br\/tr\/wp-json\/wp\/v2\/pages"}],"about":[{"href":"https:\/\/bonfimnoticias.com.br\/tr\/wp-json\/wp\/v2\/types\/page"}],"author":[{"embeddable":true,"href":"https:\/\/bonfimnoticias.com.br\/tr\/wp-json\/wp\/v2\/users\/24"}],"replies":[{"embeddable":true,"href":"https:\/\/bonfimnoticias.com.br\/tr\/wp-json\/wp\/v2\/comments?post=18935"}],"version-history":[{"count":7,"href":"https:\/\/bonfimnoticias.com.br\/tr\/wp-json\/wp\/v2\/pages\/18935\/revisions"}],"predecessor-version":[{"id":18945,"href":"https:\/\/bonfimnoticias.com.br\/tr\/wp-json\/wp\/v2\/pages\/18935\/revisions\/18945"}],"wp:featuredmedia":[{"embeddable":true,"href":"https:\/\/bonfimnoticias.com.br\/tr\/wp-json\/wp\/v2\/media\/18937"}],"wp:attachment":[{"href":"https:\/\/bonfimnoticias.com.br\/tr\/wp-json\/wp\/v2\/media?parent=18935"}],"curies":[{"name":"wp","href":"https:\/\/api.w.org\/{rel}","templated":true}]}}