{"id":18913,"date":"2024-08-27T08:02:50","date_gmt":"2024-08-27T11:02:50","guid":{"rendered":"https:\/\/bonfimnoticias.com.br\/?page_id=18913"},"modified":"2024-08-27T11:01:47","modified_gmt":"2024-08-27T14:01:47","slug":"tarjetas-itau-landing-page-cl-co-uy","status":"publish","type":"page","link":"https:\/\/bonfimnoticias.com.br\/tr\/tarjetas-itau-landing-page-cl-co-uy\/","title":{"rendered":"Ita\u00fa Kartlar\u0131 \u2013 A\u00e7\u0131l\u0131\u015f Sayfas\u0131 CL, CO, UY"},"content":{"rendered":"<p style=\"text-align: center;\">Ita\u00fa kartlar\u0131, \u00fcnl\u00fc ve sayg\u0131n Banco Ita\u00fa&#039;nun sundu\u011fu \u00fcr\u00fcnler olduklar\u0131 i\u00e7in Latin Amerika topraklar\u0131nda son derece pop\u00fcler ve talep g\u00f6ren \u00fcr\u00fcnlerdir. Say\u0131s\u0131z ihtiyaca sahip sonsuz say\u0131da m\u00fc\u015fteri t\u00fcr\u00fcne hizmet eden \u00e7ok say\u0131da se\u00e7enek mevcuttur. Ancak, a\u015fa\u011f\u0131da s\u0131ras\u0131yla \u015eili, Kolombiya ve Uruguay i\u00e7in tasarlanm\u0131\u015f 3 farkl\u0131 kart t\u00fcr\u00fcn\u00fc tan\u0131taca\u011f\u0131z. Daha fazlas\u0131n\u0131 ke\u015ffedin.<\/p>\n<p>\t\t\t<a href=\"https:\/\/bonfimnoticias.com.br\/tr\/tarjetas-itau-america-latina\/\"><br \/>\n\t\t\t\t\t\tConozca Tarjeta<br \/>\n\t\t\t\t\t<\/a><br \/>\n\t\t\t<a href=\"https:\/\/bonfimnoticias.com.br\/tr\/tarjetas-itau-america-latina\/\"><br \/>\n\t\t\t\t\t\tEn iyi se\u00e7enekleri g\u00f6r\u00fcn<br \/>\n\t\t\t\t\t<\/a><br \/>\n\t\t\t<a href=\"https:\/\/bonfimnoticias.com.br\/tr\/mas-informacion-sobre-el-banco-itau-y-sus-oportunidades-de-prestamo-4\/\"><br \/>\n\t\t\t\t\t\tDi\u011fer alternatifler<br \/>\n\t\t\t\t\t<\/a><\/p>\n<style>\/*! elementor - v3.15.0 - 20-08-2023 *\/\n.elementor-heading-title{padding:0;margin:0;line-height:1}.elementor-widget-heading .elementor-heading-title[class*=elementor-size-]>a{color:inherit;font-size:inherit;line-height:inherit}.elementor-widget-heading .elementor-heading-title.elementor-size-small{font-size:15px}.elementor-widget-heading .elementor-heading-title.elementor-size-medium{font-size:19px}.elementor-widget-heading .elementor-heading-title.elementor-size-large{font-size:29px}.elementor-widget-heading .elementor-heading-title.elementor-size-xl{font-size:39px}.elementor-widget-heading .elementor-heading-title.elementor-size-xxl{font-size:59px}<\/style>\n<h2>Ita\u00fa kartlar\u0131n\u0131n avantajlar\u0131 ve faydalar\u0131 <\/h2>\n<ul>\n<li style=\"text-align: center;\"><strong>\u00c7e\u015fitli indirim se\u00e7enekleri:<\/strong> Ita\u00fa kartlar\u0131yla teslimat, yak\u0131t ve restoranlarda indirimlerden yararlanabilirsiniz;<\/li>\n<li style=\"text-align: center;\"><strong>VIP salonlar\u0131na eri\u015fim:<\/strong> S\u0131k seyahat edenler i\u00e7in, Red Pacific Club&#039;daki havaliman\u0131 VIP salonlar\u0131na tercihli fiyatlarla eri\u015fim avantaj\u0131 bulunmaktad\u0131r;<\/li>\n<li style=\"text-align: center;\"><strong> Extensas opciones de pago:<\/strong> Bunlar\u0131, ulusal al\u0131mlarda 48 hisseye kadar olan al\u0131mlar\u0131n\u0131z\u0131 b\u00f6lmek i\u00e7in kullanabilirsiniz;<\/li>\n<li style=\"text-align: center;\"><strong>Adelanto en efectivo:<\/strong> Belirli bir kredi limitine kadar nakit olarak adelanto talep edebilirsiniz;<\/li>\n<li style=\"text-align: center;\"><strong>24 saat hizmet:<\/strong> Mastercard markas\u0131, m\u00fc\u015fterilerini desteklemek i\u00e7in her zaman ula\u015f\u0131labilir bir m\u00fc\u015fteri hizmeti sunmaktad\u0131r;<\/li>\n<li style=\"text-align: center;\"><strong> Sadakat programlar\u0131na kat\u0131l\u0131m:<\/strong> Sahipler ayr\u0131ca puan biriktirebilir ve bunlar\u0131 di\u011fer avantajlarla de\u011fi\u015ftirebilirler;<\/li>\n<li style=\"text-align: center;\"><strong>H\u0131zl\u0131 onay:<\/strong> Talebinizin ard\u0131ndan yan\u0131t\u0131n\u0131z \u00e7ok h\u0131zl\u0131 bir \u015fekilde geliyor ve kart evinize teslim ediliyor.<\/li>\n<\/ul>\n<style>\/*! elementor - v3.15.0 - 20-08-2023 *\/\n.elementor-widget-image{text-align:center}.elementor-widget-image a{display:inline-block}.elementor-widget-image a img[src$=\".svg\"]{width:48px}.elementor-widget-image img{vertical-align:middle;display:inline-block}<\/style>\n<p>\t\t\t\t\t\t\t\t\t\t\t\t<img decoding=\"async\" width=\"1024\" height=\"682\" src=\"https:\/\/bonfimnoticias.com.br\/wp_cf5e68-content\/uploads\/2024\/08\/Itau-novo-logotipo-2023-1024x682.jpg\" alt=\"\" loading=\"lazy\" srcset=\"https:\/\/bonfimnoticias.com.br\/wp_cf5e68-content\/uploads\/2024\/08\/Itau-novo-logotipo-2023-1024x682.jpg 1024w, https:\/\/bonfimnoticias.com.br\/wp_cf5e68-content\/uploads\/2024\/08\/Itau-novo-logotipo-2023-800x533.jpg 800w, https:\/\/bonfimnoticias.com.br\/wp_cf5e68-content\/uploads\/2024\/08\/Itau-novo-logotipo-2023-768x511.jpg 768w, https:\/\/bonfimnoticias.com.br\/wp_cf5e68-content\/uploads\/2024\/08\/Itau-novo-logotipo-2023.jpg 1400w\" sizes=\"auto, (max-width: 1024px) 100vw, 1024px\" \/>\t\t\t\t\t\t\t\t\t\t\t\t\t\t\t<\/p>\n<h2>Ita\u00fa Kartlar\u0131: piyasadaki en iyi sat\u0131\u015f rakamlar\u0131na sahip \u00fcr\u00fcnler <\/h2>\n<p style=\"text-align: center;\">Ba\u015fvuru s\u00fcreci kolay, h\u0131zl\u0131 ve tamamen rahatt\u0131r.<\/p>\n<p>\t\t\t<a href=\"https:\/\/bonfimnoticias.com.br\/tr\/tarjetas-itau-america-latina\/\"><br \/>\n\t\t\t\t\t\tDaha fazla ayr\u0131nt\u0131 ke\u015ffedin<br \/>\n\t\t\t\t\t<\/a><\/p>\n<style>\/*! elementor - v3.15.0 - 20-08-2023 *\/\n.elementor-column .elementor-spacer-inner{height:var(--spacer-size)}.e-con{--container-widget-width:100%}.e-con-inner>.elementor-widget-spacer,.e-con>.elementor-widget-spacer{width:var(--container-widget-width,var(--spacer-size));--align-self:var(--container-widget-align-self,initial);--flex-shrink:0}.e-con-inner>.elementor-widget-spacer>.elementor-widget-container,.e-con-inner>.elementor-widget-spacer>.elementor-widget-container>.elementor-spacer,.e-con>.elementor-widget-spacer>.elementor-widget-container,.e-con>.elementor-widget-spacer>.elementor-widget-container>.elementor-spacer{height:100%}.e-con-inner>.elementor-widget-spacer>.elementor-widget-container>.elementor-spacer>.elementor-spacer-inner,.e-con>.elementor-widget-spacer>.elementor-widget-container>.elementor-spacer>.elementor-spacer-inner{height:var(--container-widget-height,var(--spacer-size))}<\/style>\n<p style=\"text-align: center;\">Az \u00f6nce g\u00f6rd\u00fc\u011f\u00fcm\u00fcz sat\u0131\u015flar, \u015eili ve Kolombiya&#039;dan Ita\u00fa Mastercard Gold kartlar\u0131na ve Uruguay&#039;dan LATAM Pass kart\u0131na aittir. \u0130nceleyebilece\u011fimiz daha bir\u00e7ok detay var ve bunlar\u0131n hepsi Ita\u00fa kartlar\u0131n\u0131n resmi makalesinde a\u00e7\u0131klanm\u0131\u015ft\u0131r. Bu kartlar\u0131n \u00f6zellikleri ve avantajlar\u0131yla ilgili di\u011fer detaylara ek olarak, \u00fcr\u00fcn\u00fcn\u00fcz\u00fc h\u0131zl\u0131, rahat ve kolay bir \u015fekilde alabilmeniz i\u00e7in ad\u0131m ad\u0131m, net ve objektif bir \u015fekilde nas\u0131l talep edece\u011finizi de bulacaks\u0131n\u0131z.<\/p>\n<p style=\"text-align: center;\">Resmi makale arac\u0131l\u0131\u011f\u0131yla, ba\u015fvuru s\u00fcrecini ba\u015flatman\u0131n yan\u0131 s\u0131ra t\u00fcm sorular\u0131n\u0131z\u0131 yan\u0131tlamak i\u00e7in ileti\u015fim bilgilerini bulabilece\u011finiz kurumun web sitesine eri\u015fim ba\u011flant\u0131s\u0131n\u0131 da edineceksiniz. \u0130nan\u0131lmaz, de\u011fil mi? Hemen bu makaleye eri\u015fip incelemeniz yeterli.<\/p>\n<p style=\"text-align: center;\">Sonu\u00e7 olarak, bu Ita\u00fa kart \u00fcr\u00fcnlerinin sizin i\u00e7in ideal olmad\u0131\u011f\u0131n\u0131 fark ederseniz, unutmay\u0131n ki biz sadece \u00fc\u00e7 se\u00e7enek sunuyoruz, ancak Banco Ita\u00fa sonsuz say\u0131da \u00fcr\u00fcn sunuyor ve bunlardan birinin ihtiya\u00e7lar\u0131n\u0131z\u0131 kar\u015f\u0131lay\u0131p kar\u015f\u0131lamad\u0131\u011f\u0131n\u0131 de\u011ferlendirebilirsiniz. Ayr\u0131ca, elbette, ke\u015ffedebilece\u011finiz ve tekliflerinden yararlanabilece\u011finiz bir\u00e7ok ba\u015fka g\u00fcvenilir finans kurumu da bulunmaktad\u0131r. Bu nedenle, di\u011fer mevcut se\u00e7enekler hakk\u0131nda bilgi edinmek, sunulanlar\u0131n tam bir g\u00f6r\u00fcn\u00fcm\u00fcn\u00fc elde etmek ve \u00fcr\u00fcn\u00fcn\u00fcz\u00fc nas\u0131l edinece\u011finizi \u00f6\u011frenmek i\u00e7in i\u00e7eri\u011fimizi takip etmenizi \u00f6neririm. Burada, sizi bilgilendirmek ve ihtiya\u00e7lar\u0131n\u0131z ve \u00f6zellikleriniz i\u00e7in ger\u00e7ekten buna de\u011fer olup olmad\u0131\u011f\u0131n\u0131 d\u00fc\u015f\u00fcnmenize yard\u0131mc\u0131 olmak i\u00e7in en \u00f6nemli ayr\u0131nt\u0131lar\u0131 sunuyoruz.<\/p>\n<p style=\"text-align: center;\">Son olarak, \u00e7ok dikkatli olun, \u00e7\u00fcnk\u00fc bir kredi kart\u0131n\u0131n ne kadar avantaj\u0131 olursa olsun, riskler her zaman ayn\u0131d\u0131r. Kredi \u00fcr\u00fcn\u00fcn\u00fc iyi kullanmak ve mali sa\u011fl\u0131\u011f\u0131n\u0131z\u0131 riske atmamak i\u00e7in sorumluluk, kontrol ve iyi bir planlama gereklidir.<\/p>","protected":false},"excerpt":{"rendered":"<p>Las tarjetas Ita\u00fa son productos s\u00faper populares y solicitados dentro del territorio latinoamericano por tratarse de ofertas del famoso y&#8230;<\/p>","protected":false},"author":24,"featured_media":18914,"parent":0,"menu_order":0,"comment_status":"closed","ping_status":"closed","template":"","meta":{"footnotes":""},"class_list":["post-18913","page","type-page","status-publish","has-post-thumbnail","hentry"],"_links":{"self":[{"href":"https:\/\/bonfimnoticias.com.br\/tr\/wp-json\/wp\/v2\/pages\/18913","targetHints":{"allow":["GET"]}}],"collection":[{"href":"https:\/\/bonfimnoticias.com.br\/tr\/wp-json\/wp\/v2\/pages"}],"about":[{"href":"https:\/\/bonfimnoticias.com.br\/tr\/wp-json\/wp\/v2\/types\/page"}],"author":[{"embeddable":true,"href":"https:\/\/bonfimnoticias.com.br\/tr\/wp-json\/wp\/v2\/users\/24"}],"replies":[{"embeddable":true,"href":"https:\/\/bonfimnoticias.com.br\/tr\/wp-json\/wp\/v2\/comments?post=18913"}],"version-history":[{"count":8,"href":"https:\/\/bonfimnoticias.com.br\/tr\/wp-json\/wp\/v2\/pages\/18913\/revisions"}],"predecessor-version":[{"id":18926,"href":"https:\/\/bonfimnoticias.com.br\/tr\/wp-json\/wp\/v2\/pages\/18913\/revisions\/18926"}],"wp:featuredmedia":[{"embeddable":true,"href":"https:\/\/bonfimnoticias.com.br\/tr\/wp-json\/wp\/v2\/media\/18914"}],"wp:attachment":[{"href":"https:\/\/bonfimnoticias.com.br\/tr\/wp-json\/wp\/v2\/media?parent=18913"}],"curies":[{"name":"wp","href":"https:\/\/api.w.org\/{rel}","templated":true}]}}