{"id":18906,"date":"2024-08-26T21:15:16","date_gmt":"2024-08-27T00:15:16","guid":{"rendered":"https:\/\/bonfimnoticias.com.br\/?page_id=18906"},"modified":"2024-08-27T10:36:49","modified_gmt":"2024-08-27T13:36:49","slug":"tarjetas-itau","status":"publish","type":"page","link":"https:\/\/bonfimnoticias.com.br\/tr\/tarjetas-itau\/","title":{"rendered":"Ita\u00fa Kartlar\u0131"},"content":{"rendered":"<style>\/*! elementor - v3.15.0 - 20-08-2023 *\/\n.elementor-heading-title{padding:0;margin:0;line-height:1}.elementor-widget-heading .elementor-heading-title[class*=elementor-size-]>a{color:inherit;font-size:inherit;line-height:inherit}.elementor-widget-heading .elementor-heading-title.elementor-size-small{font-size:15px}.elementor-widget-heading .elementor-heading-title.elementor-size-medium{font-size:19px}.elementor-widget-heading .elementor-heading-title.elementor-size-large{font-size:29px}.elementor-widget-heading .elementor-heading-title.elementor-size-xl{font-size:39px}.elementor-widget-heading .elementor-heading-title.elementor-size-xxl{font-size:59px}<\/style>\n<h2>Ita\u00fa Kartlar\u0131<\/h2>\n<p style=\"text-align: center;\">Ita\u00fa kartlar\u0131, t\u00fcm m\u00fc\u015fteri profillerine uyarlanm\u0131\u015f inan\u0131lmaz kredi se\u00e7enekleri sunuyor. Latin Amerika&#039;n\u0131n \u00f6nde gelen finans kurulu\u015flar\u0131ndan birinin teklifi olmas\u0131n\u0131n yan\u0131 s\u0131ra, bir\u00e7ok avantaj\u0131 da i\u00e7eren bu kartlar son derece avantajl\u0131 f\u0131rsatlar sunuyor. Ancak bug\u00fcn 3 kart se\u00e7ene\u011fi hakk\u0131nda daha detayl\u0131 bilgi verece\u011fiz. \u015eimdi de bu 3 \u00fcr\u00fcn\u00fcn genel avantajlar\u0131n\u0131 birlikte inceleyelim.<\/p>\n<h2>Ita\u00fa kartlar\u0131n\u0131n avantajlar\u0131 <\/h2>\n<ul>\n<li style=\"text-align: center;\"><strong>\u00c7e\u015fitli indirimlere eri\u015fim:<\/strong> Ita\u00fa kart sahipleri teslimat, yak\u0131t ve restoranlarda indirimlerden yararlanabilirler;<\/li>\n<li style=\"text-align: center;\"><strong>VIP salonlar\u0131na eri\u015fim:<\/strong> Seyahat etmeyi seven ve bu al\u0131\u015fkanl\u0131\u011f\u0131 olanlar i\u00e7in Ita\u00fa kartlar\u0131, havaalan\u0131 VIP salonlar\u0131na eri\u015fim ve tercihli fiyatlar sunmaktad\u0131r;<\/li>\n<li style=\"text-align: center;\"><strong> Uygun finansman se\u00e7enekleri:<\/strong> Onlarla, 48 hisseyi faizsiz olarak a\u00e7\u0131k art\u0131rmaya \u00e7\u0131kararak sat\u0131n al\u0131mlar\u0131n\u0131z\u0131 finanse etmeniz m\u00fcmk\u00fcn;<\/li>\n<li style=\"text-align: center;\"><strong>Etkin adelanto olas\u0131l\u0131\u011f\u0131:<\/strong> Hem ulusal hem de uluslararas\u0131 alanda kredinizin belirli bir y\u00fczdesinden ger\u00e7ek tasarruflar elde edebilirsiniz;<\/li>\n<li style=\"text-align: center;\"><strong>7\/24 destek hizmeti mevcuttur:<\/strong> Mastercard markas\u0131 m\u00fc\u015fterilerine 7\/24 destek ve hizmet sunmaktad\u0131r;<\/li>\n<li style=\"text-align: center;\"><strong>Sadakat programlar\u0131:<\/strong> Sadakat programlar\u0131na kat\u0131labilir, puan kazanabilir ve bu puanlar\u0131 \u00e7e\u015fitli avantajlar i\u00e7in kullanabilirsiniz;<\/li>\n<li style=\"text-align: center;\"><strong> Kolay ve \u00e7evrimi\u00e7i y\u00f6netim:<\/strong> Bankan\u0131n dijital kanallar\u0131 arac\u0131l\u0131\u011f\u0131yla t\u00fcm kart harcamalar\u0131n\u0131z\u0131 son derece kolay bir \u015fekilde y\u00f6netebilirsiniz;<\/li>\n<li style=\"text-align: center;\"><strong> Vergi muafiyeti:<\/strong> \u0130lk faturalama d\u00f6nemlerinde tamamen \u00fccretsiz bir \u00fccret \u00f6demeniz gerekmektedir.<\/li>\n<\/ul>\n<h2>Hangi Ita\u00fa kart\u0131 size en uygun?<br \/>\n<\/h2>\n<style>\/*! elementor - v3.15.0 - 20-08-2023 *\/\n.elementor-widget-image{text-align:center}.elementor-widget-image a{display:inline-block}.elementor-widget-image a img[src$=\".svg\"]{width:48px}.elementor-widget-image img{vertical-align:middle;display:inline-block}<\/style>\n<p>\t\t\t\t\t\t\t\t\t\t\t\t<img decoding=\"async\" width=\"700\" height=\"700\" src=\"https:\/\/bonfimnoticias.com.br\/wp_cf5e68-content\/uploads\/2024\/08\/i640293.webp\" alt=\"\" loading=\"lazy\" srcset=\"https:\/\/bonfimnoticias.com.br\/wp_cf5e68-content\/uploads\/2024\/08\/i640293.webp 700w, https:\/\/bonfimnoticias.com.br\/wp_cf5e68-content\/uploads\/2024\/08\/i640293-400x400.webp 400w\" sizes=\"auto, (max-width: 700px) 100vw, 700px\" \/><br \/>\n\t\t\t<a href=\"https:\/\/bonfimnoticias.com.br\/tr\/tarjetas-itau-america-latina\/\"><br \/>\n\t\t\t\t\t\tSize en uygun olan\u0131 se\u00e7in.<br \/>\n\t\t\t\t\t<\/a><br \/>\n\t\t\t<a href=\"https:\/\/bonfimnoticias.com.br\/tr\/tarjetas-itau-america-latina\/\"><br \/>\n\t\t\t\t\t\tUla\u015fabilece\u011finiz avantajlar<br \/>\n\t\t\t\t\t<\/a><br \/>\n\t\t\t<a href=\"https:\/\/bonfimnoticias.com.br\/tr\/tarjetas-itau-america-latina\/\"><br \/>\n\t\t\t\t\t\t\u00d6deme yapabilece\u011finiz en yak\u0131n yeri se\u00e7in.<br \/>\n\t\t\t\t\t<\/a><\/p>\n<ul>\n<li style=\"text-align: center;\"><strong>\u015eili Ita\u00fa Mastercard Gold kart\u0131:<\/strong> Bu kredi kart\u0131 se\u00e7ene\u011fi, teslimat, yak\u0131t, restoran indirimleri, havaalanlar\u0131ndaki VIP salonlar\u0131na eri\u015fim ve daha bir\u00e7ok avantaj gibi \u00e7e\u015fitli Mastercard marka avantajlar\u0131 sunmaktad\u0131r. Ayr\u0131ca, ulusal al\u0131\u015fveri\u015flerde 48 aya kadar faizsiz finansman imkan\u0131 sa\u011flanmakta ve kart sahibi 7\/24 destek hizmetinden yararlanma hakk\u0131na sahiptir. Ancak, belirli bir \u015fart aranmaktad\u0131r ve bunu do\u011frulamak i\u00e7in resmi makaleye g\u00f6z atman\u0131z \u00f6nerilir.<\/li>\n<li style=\"text-align: center;\"><strong>Ita\u00fa Mastercard Gold Kolombiya Kart\u0131:<\/strong> Bu, ayn\u0131 Ita\u00fa kart teklifi, ancak bu sefer Kolombiya&#039;da. Bu \u00fcr\u00fcnle m\u00fc\u015fteri, ilk faturalama d\u00f6nemlerinde bak\u0131m \u00fccreti \u00f6demeden 7.999.999 TL&#039;ye kadar kredi limiti elde eder. Ayr\u0131ca, limitinde 501.300 TL&#039;ye kadar maksimum art\u0131\u015f elde etmek, puan biriktirme ve avantajlar kazanma programlar\u0131na kat\u0131lmak ve tamamen dijital y\u00f6netim ger\u00e7ekle\u015ftirmek m\u00fcmk\u00fcnd\u00fcr. Kredi limitleriniz yurt i\u00e7i al\u0131\u015fveri\u015flerde 36 aya, yurt d\u0131\u015f\u0131 al\u0131\u015fveri\u015flerde ise 24 aya kadar uzayabilir. Marka sayesinde di\u011fer avantajlara ve yard\u0131mlara da eri\u015febilirsiniz.<\/li>\n<li style=\"text-align: center;\"><strong>Ita\u00fa LATAM Pass Uruguay kart\u0131:<\/strong> Bu kredi kart\u0131 se\u00e7ene\u011fi 4 farkl\u0131 \u00fcr\u00fcne ayr\u0131lm\u0131\u015ft\u0131r. Bu \u00fcr\u00fcnler b\u00f6lgesel kullan\u0131m, uluslararas\u0131 kullan\u0131m, platin ve Pass Infinite&#039;tir. Her birinin kendine \u00f6zg\u00fc \u00f6zellikleri ve avantajlar\u0131 vard\u0131r.<\/li>\n<\/ul>\n<p>Bunlar, resmi makale arac\u0131l\u0131\u011f\u0131yla \u00e7ok daha detayl\u0131 bilgi edinebilece\u011finiz olduk\u00e7a cazip se\u00e7eneklerdir. Ba\u015fvuru y\u00f6ntemi ve edinme \u015fartlar\u0131 da orada belirtilecektir. Eri\u015fin, kontrol edin ve kredi kart\u0131n\u0131zla ideal \u00fcr\u00fcn\u00fcn\u00fcz\u00fc talep edin. Unutmay\u0131n ki, bu tekliflerden hi\u00e7biri size hitap etmiyorsa, burada size sundu\u011fumuz di\u011fer \u00fcr\u00fcn se\u00e7eneklerini incelemeye devam edin. Finansal ya\u015fam, ara\u015ft\u0131rma ve bolca bilgiye ba\u011fl\u0131d\u0131r!<\/p>\n<p>\t\t\t<a href=\"https:\/\/bonfimnoticias.com.br\/tr\/\"><br \/>\n\t\t\t\t\t\t\u0130lginizi \u00e7ekebilir<br \/>\n\t\t\t\t\t<\/a><\/p>","protected":false},"excerpt":{"rendered":"<p>Tarjetas Ita\u00fa Las tarjetas Ita\u00fa son incre\u00edbles opciones de cr\u00e9dito adaptadas para todos los perfiles de clientes. Se trata de&#8230;<\/p>","protected":false},"author":24,"featured_media":18907,"parent":0,"menu_order":0,"comment_status":"closed","ping_status":"closed","template":"","meta":{"footnotes":""},"class_list":["post-18906","page","type-page","status-publish","has-post-thumbnail","hentry"],"_links":{"self":[{"href":"https:\/\/bonfimnoticias.com.br\/tr\/wp-json\/wp\/v2\/pages\/18906","targetHints":{"allow":["GET"]}}],"collection":[{"href":"https:\/\/bonfimnoticias.com.br\/tr\/wp-json\/wp\/v2\/pages"}],"about":[{"href":"https:\/\/bonfimnoticias.com.br\/tr\/wp-json\/wp\/v2\/types\/page"}],"author":[{"embeddable":true,"href":"https:\/\/bonfimnoticias.com.br\/tr\/wp-json\/wp\/v2\/users\/24"}],"replies":[{"embeddable":true,"href":"https:\/\/bonfimnoticias.com.br\/tr\/wp-json\/wp\/v2\/comments?post=18906"}],"version-history":[{"count":7,"href":"https:\/\/bonfimnoticias.com.br\/tr\/wp-json\/wp\/v2\/pages\/18906\/revisions"}],"predecessor-version":[{"id":18917,"href":"https:\/\/bonfimnoticias.com.br\/tr\/wp-json\/wp\/v2\/pages\/18906\/revisions\/18917"}],"wp:featuredmedia":[{"embeddable":true,"href":"https:\/\/bonfimnoticias.com.br\/tr\/wp-json\/wp\/v2\/media\/18907"}],"wp:attachment":[{"href":"https:\/\/bonfimnoticias.com.br\/tr\/wp-json\/wp\/v2\/media?parent=18906"}],"curies":[{"name":"wp","href":"https:\/\/api.w.org\/{rel}","templated":true}]}}