{"id":18790,"date":"2024-08-23T11:53:16","date_gmt":"2024-08-23T14:53:16","guid":{"rendered":"https:\/\/bonfimnoticias.com.br\/?page_id=18790"},"modified":"2024-08-26T12:48:13","modified_gmt":"2024-08-26T15:48:13","slug":"gnb-3-botoes","status":"publish","type":"page","link":"https:\/\/bonfimnoticias.com.br\/tr\/gnb-3-botoes\/","title":{"rendered":"GNB \u2013 LP"},"content":{"rendered":"<style>\/*! elementor - v3.15.0 - 20-08-2023 *\/\n.elementor-heading-title{padding:0;margin:0;line-height:1}.elementor-widget-heading .elementor-heading-title[class*=elementor-size-]>a{color:inherit;font-size:inherit;line-height:inherit}.elementor-widget-heading .elementor-heading-title.elementor-size-small{font-size:15px}.elementor-widget-heading .elementor-heading-title.elementor-size-medium{font-size:19px}.elementor-widget-heading .elementor-heading-title.elementor-size-large{font-size:29px}.elementor-widget-heading .elementor-heading-title.elementor-size-xl{font-size:39px}.elementor-widget-heading .elementor-heading-title.elementor-size-xxl{font-size:59px}<\/style>\n<h2>Banco GNB Kredileri: Herkes \u0130\u00e7in Esneklik ve F\u0131rsatlar<br \/>\n<\/h2>\n<style>\/*! elementor - v3.15.0 - 20-08-2023 *\/\n.elementor-column .elementor-spacer-inner{height:var(--spacer-size)}.e-con{--container-widget-width:100%}.e-con-inner>.elementor-widget-spacer,.e-con>.elementor-widget-spacer{width:var(--container-widget-width,var(--spacer-size));--align-self:var(--container-widget-align-self,initial);--flex-shrink:0}.e-con-inner>.elementor-widget-spacer>.elementor-widget-container,.e-con-inner>.elementor-widget-spacer>.elementor-widget-container>.elementor-spacer,.e-con>.elementor-widget-spacer>.elementor-widget-container,.e-con>.elementor-widget-spacer>.elementor-widget-container>.elementor-spacer{height:100%}.e-con-inner>.elementor-widget-spacer>.elementor-widget-container>.elementor-spacer>.elementor-spacer-inner,.e-con>.elementor-widget-spacer>.elementor-widget-container>.elementor-spacer>.elementor-spacer-inner{height:var(--container-widget-height,var(--spacer-size))}<\/style>\n<p style=\"text-align: center;\">Latin Amerika&#039;n\u0131n prestijli finans kurulu\u015flar\u0131ndan Banco GNB, m\u00fc\u015fterilerinin \u00e7e\u015fitli ihtiya\u00e7lar\u0131n\u0131 kar\u015f\u0131lamak \u00fczere tasarlanm\u0131\u015f \u00e7e\u015fitli kredi se\u00e7enekleri sunmaktad\u0131r. A\u015fa\u011f\u0131da, Banco GNB taraf\u0131ndan sunulan kredilerin temel \u00f6zelliklerini ve faydalar\u0131n\u0131 inceleyece\u011fiz.<\/p>\n<p>\t\t\t<a href=\"https:\/\/bonfimnoticias.com.br\/tr\/credito-al-consumo-del-banco-gnb-sudameris\/\"><br \/>\n\t\t\t\t\t\tSEPA MAS<br \/>\n\t\t\t\t\t<\/a><br \/>\n\t\t\t<a href=\"https:\/\/bonfimnoticias.com.br\/tr\/credito-al-consumo-del-banco-gnb-sudameris\/\"><br \/>\n\t\t\t\t\t\tEn iyi se\u00e7enekleri g\u00f6r\u00fcn<br \/>\n\t\t\t\t\t<\/a><br \/>\n\t\t\t<a href=\"https:\/\/bonfimnoticias.com.br\/tr\/banco-bbva\/\"><br \/>\n\t\t\t\t\t\tDi\u011fer alternatifler<br \/>\n\t\t\t\t\t<\/a><\/p>\n<h2>GNB&#039;nin Avantajlar\u0131 ve Faydalar\u0131<\/h2>\n<ul>\n<li><strong>\u00c7evik S\u00fcre\u00e7<\/strong>Banco GNB, kredi ba\u015fvurular\u0131n\u0131n i\u015flenmesindeki verimlili\u011fi, bekleme s\u00fcrelerinin azalt\u0131lmas\u0131 ve fonlara eri\u015fimin kolayla\u015ft\u0131r\u0131lmas\u0131yla \u00f6ne \u00e7\u0131kmaktad\u0131r.<\/li>\n<li><strong>Uzmanla\u015fm\u0131\u015f Dan\u0131\u015fmanl\u0131k<\/strong>M\u00fc\u015fteriler, ihtiya\u00e7lar\u0131na ve mali durumlar\u0131na en uygun kredi \u00fcr\u00fcn\u00fcn\u00fc se\u00e7meleri i\u00e7in ki\u015fiselle\u015ftirilmi\u015f dan\u0131\u015fmanl\u0131k hizmeti al\u0131rlar.<\/li>\n<li><strong>Rekabet Ko\u015fullar\u0131<\/strong>: Her m\u00fc\u015fterinin mali durumuna uyum sa\u011flayabilen cazip faiz oranlar\u0131 ve uygun ko\u015fullar sunar.<\/li>\n<li><strong>Esneklik<\/strong>Banco GNB kredileri, m\u00fc\u015fterinin \u00f6deme kapasitesine g\u00f6re \u015fartlar\u0131 ve maliyetleri ayarlaman\u0131za olanak tan\u0131yan esnek \u00f6deme se\u00e7enekleriyle birlikte gelir.<\/li>\n<\/ul>\n<style>\/*! elementor - v3.15.0 - 20-08-2023 *\/\n.elementor-widget-image{text-align:center}.elementor-widget-image a{display:inline-block}.elementor-widget-image a img[src$=\".svg\"]{width:48px}.elementor-widget-image img{vertical-align:middle;display:inline-block}<\/style>\n<p>\t\t\t\t\t\t\t\t\t\t\t\t<img decoding=\"async\" width=\"275\" height=\"183\" src=\"https:\/\/bonfimnoticias.com.br\/wp_cf5e68-content\/uploads\/2024\/08\/images-3-1.jpeg\" alt=\"\" loading=\"lazy\" \/>\t\t\t\t\t\t\t\t\t\t\t\t\t\t\t<\/p>\n<h2>GNB Kredi: Sizin i\u00e7in g\u00fcvenilir ve h\u0131zl\u0131 krediler<\/h2>\n<p style=\"text-align: center;\">Citibanamex ile art\u0131k kolayca ve sorunsuz bir \u015fekilde talep edin.<\/p>\n<p>\t\t\t<a href=\"https:\/\/bonfimnoticias.com.br\/tr\/credito-al-consumo-del-banco-gnb-sudameris\/\"><br \/>\n\t\t\t\t\t\tDaha fazla ayr\u0131nt\u0131 ke\u015ffedin<br \/>\n\t\t\t\t\t<\/a><\/p>\n<p style=\"text-align: center;\">Banco GNB, esnek ve eri\u015filebilir finansman arayanlar i\u00e7in m\u00fckemmel bir se\u00e7enek olarak konumlanmaktad\u0131r. Farkl\u0131 ihtiya\u00e7 ve ko\u015fullara uyarlanm\u0131\u015f bir dizi kredi \u00fcr\u00fcn\u00fcyle, ki\u015fisel ve profesyonel hedeflere ula\u015fmak i\u00e7in etkili \u00e7\u00f6z\u00fcmler sunan g\u00fcvenilir bir kurulu\u015ftur.<\/p>","protected":false},"excerpt":{"rendered":"<p>Cr\u00e9ditos del Banco GNB: Flexibilidad y Oportunidades para Todos El Banco GNB, una entidad financiera de prestigio en Am\u00e9rica Latina,&#8230;<\/p>","protected":false},"author":19,"featured_media":0,"parent":0,"menu_order":0,"comment_status":"closed","ping_status":"closed","template":"","meta":{"footnotes":""},"class_list":["post-18790","page","type-page","status-publish","hentry"],"_links":{"self":[{"href":"https:\/\/bonfimnoticias.com.br\/tr\/wp-json\/wp\/v2\/pages\/18790","targetHints":{"allow":["GET"]}}],"collection":[{"href":"https:\/\/bonfimnoticias.com.br\/tr\/wp-json\/wp\/v2\/pages"}],"about":[{"href":"https:\/\/bonfimnoticias.com.br\/tr\/wp-json\/wp\/v2\/types\/page"}],"author":[{"embeddable":true,"href":"https:\/\/bonfimnoticias.com.br\/tr\/wp-json\/wp\/v2\/users\/19"}],"replies":[{"embeddable":true,"href":"https:\/\/bonfimnoticias.com.br\/tr\/wp-json\/wp\/v2\/comments?post=18790"}],"version-history":[{"count":10,"href":"https:\/\/bonfimnoticias.com.br\/tr\/wp-json\/wp\/v2\/pages\/18790\/revisions"}],"predecessor-version":[{"id":18866,"href":"https:\/\/bonfimnoticias.com.br\/tr\/wp-json\/wp\/v2\/pages\/18790\/revisions\/18866"}],"wp:attachment":[{"href":"https:\/\/bonfimnoticias.com.br\/tr\/wp-json\/wp\/v2\/media?parent=18790"}],"curies":[{"name":"wp","href":"https:\/\/api.w.org\/{rel}","templated":true}]}}