{"id":18752,"date":"2024-08-23T11:02:03","date_gmt":"2024-08-23T14:02:03","guid":{"rendered":"https:\/\/bonfimnoticias.com.br\/?page_id=18752"},"modified":"2024-08-26T12:41:51","modified_gmt":"2024-08-26T15:41:51","slug":"citibanamex-1-botao","status":"publish","type":"page","link":"https:\/\/bonfimnoticias.com.br\/tr\/citibanamex-1-botao\/","title":{"rendered":"Citibanamex \u2013 LP"},"content":{"rendered":"<style>\/*! elementor - v3.15.0 - 20-08-2023 *\/\n.elementor-heading-title{padding:0;margin:0;line-height:1}.elementor-widget-heading .elementor-heading-title[class*=elementor-size-]>a{color:inherit;font-size:inherit;line-height:inherit}.elementor-widget-heading .elementor-heading-title.elementor-size-small{font-size:15px}.elementor-widget-heading .elementor-heading-title.elementor-size-medium{font-size:19px}.elementor-widget-heading .elementor-heading-title.elementor-size-large{font-size:29px}.elementor-widget-heading .elementor-heading-title.elementor-size-xl{font-size:39px}.elementor-widget-heading .elementor-heading-title.elementor-size-xxl{font-size:59px}<\/style>\n<h2>Citibanamex Kart\u0131: Kullan\u0131c\u0131lar \u0130\u00e7in Avantajlar ve Se\u00e7enekler<\/h2>\n<p style=\"text-align: center;\">Meksika pazar\u0131ndaki sa\u011flaml\u0131\u011f\u0131 ve ge\u00e7mi\u015fiyle bilinen Citibanamex kart\u0131, farkl\u0131 kullan\u0131c\u0131 tiplerinin ihtiya\u00e7lar\u0131n\u0131 kar\u015f\u0131lamak i\u00e7in \u00e7e\u015fitli se\u00e7enekler sunan bir finansal ara\u00e7t\u0131r. Temel kartlardan premium se\u00e7eneklere kadar Citibanamex, her m\u00fc\u015fterinin ya\u015fam tarz\u0131na ve beklentilerine uygun avantajlar sa\u011flar.<\/p>\n<style>\/*! elementor - v3.15.0 - 20-08-2023 *\/\n.elementor-widget-image{text-align:center}.elementor-widget-image a{display:inline-block}.elementor-widget-image a img[src$=\".svg\"]{width:48px}.elementor-widget-image img{vertical-align:middle;display:inline-block}<\/style>\n<p>\t\t\t\t\t\t\t\t\t\t\t\t<img decoding=\"async\" width=\"620\" height=\"467\" src=\"https:\/\/bonfimnoticias.com.br\/wp_cf5e68-content\/uploads\/2024\/08\/1-citibank.jpeg\" alt=\"\" loading=\"lazy\" \/>\t\t\t\t\t\t\t\t\t\t\t\t\t\t\t<\/p>\n<h2>Citibanamex Kartlar\u0131n\u0131n Faydalar\u0131<br \/>\n<\/h2>\n<ul>\n<li>\n<p><strong>Faizsiz Aylar<\/strong>Citibanamex kartlar\u0131n\u0131n en \u00f6nemli avantajlar\u0131ndan biri, geni\u015f bir anla\u015fmal\u0131 i\u015fletme a\u011f\u0131nda her ay faizsiz al\u0131\u015fveri\u015f yapabilme imkan\u0131d\u0131r. Bu sayede faiz oranlar\u0131 konusunda endi\u015felenmeden \u00f6nemli al\u0131\u015fveri\u015flerinizi finanse edebilirsiniz.<\/p>\n<\/li>\n<li>\n<p><strong>\u00d6d\u00fcl Program\u0131<\/strong>Kart t\u00fcr\u00fcne ba\u011fl\u0131 olarak, kullan\u0131c\u0131lar yapt\u0131klar\u0131 her al\u0131\u015fveri\u015f i\u00e7in nakit iadesi de dahil olmak \u00fczere puan biriktirebilirler. Bu avantajlar \u00fcr\u00fcnlerde, seyahatlerde veya hatta kart \u00fccretinin bir k\u0131sm\u0131n\u0131 \u00f6demek i\u00e7in kullan\u0131labilir.<\/p>\n<\/li>\n<li>\n<p><strong>\u00d6zel Promosyonlar<\/strong>Citibanamex, seyahat indirimleri, konser biletleri ve moda ve teknoloji ma\u011fazalar\u0131ndaki promosyonlar gibi \u00f6zel teklifleri s\u0131k s\u0131k misafirlerine sunmaktad\u0131r.<\/p>\n<\/li>\n<li>\n<p><strong>G\u00fcvenlik ve Koruma<\/strong>Citibanamex kartlar\u0131, kullan\u0131c\u0131lar\u0131 doland\u0131r\u0131c\u0131l\u0131k ve yetkisiz i\u015flemlerden korumak i\u00e7in en son teknolojiyle donat\u0131lm\u0131\u015ft\u0131r. Ayr\u0131ca, h\u0131rs\u0131zl\u0131k veya kay\u0131p durumunda koruma sigortas\u0131 da bulunmaktad\u0131r.<\/p>\n<\/li>\n<li style=\"text-align: center;\">\u00a0<\/li>\n<\/ul>\n<p style=\"text-align: center;\">Citibanamex kartlar\u0131, Meksika&#039;daki t\u00fcketiciler i\u00e7in g\u00fcvenilir ve \u00e7ok y\u00f6nl\u00fc bir se\u00e7enektir. Temel se\u00e7eneklerden premium kartlara kadar geni\u015f bir \u00fcr\u00fcn yelpazesi sunan Citibanamex, m\u00fc\u015fterilerinin finansal ihtiya\u00e7lar\u0131na uyum sa\u011flayarak ki\u015fisel finans y\u00f6netiminde b\u00fcy\u00fck fark yaratabilecek avantajlar sunmaktad\u0131r. \u0130ster \u00f6zel promosyonlardan yararlanmak, ister \u00f6d\u00fcller biriktirmek veya sadece harcamalar\u0131n\u0131z\u0131 daha etkili bir \u015fekilde y\u00f6netmek isteyin, Citibanamex&#039;in size uygun bir kart\u0131 mutlaka vard\u0131r.<\/p>\n<p>\t\t\t<a href=\"https:\/\/bonfimnoticias.com.br\/tr\/tarjeta-de-credito-citibanamex\/\"><br \/>\n\t\t\t\t\t\tDaha fazla bilgi i\u00e7in buraya t\u0131klay\u0131n.<br \/>\n\t\t\t\t\t<\/a><\/p>","protected":false},"excerpt":{"rendered":"<p>Tarjeta Citibanamex: Ventajas y Opciones para los Usuarios La tarjeta Citibanamex, conocida por su solidez y trayectoria en el mercado&#8230;<\/p>","protected":false},"author":19,"featured_media":0,"parent":0,"menu_order":0,"comment_status":"closed","ping_status":"closed","template":"","meta":{"footnotes":""},"class_list":["post-18752","page","type-page","status-publish","hentry"],"_links":{"self":[{"href":"https:\/\/bonfimnoticias.com.br\/tr\/wp-json\/wp\/v2\/pages\/18752","targetHints":{"allow":["GET"]}}],"collection":[{"href":"https:\/\/bonfimnoticias.com.br\/tr\/wp-json\/wp\/v2\/pages"}],"about":[{"href":"https:\/\/bonfimnoticias.com.br\/tr\/wp-json\/wp\/v2\/types\/page"}],"author":[{"embeddable":true,"href":"https:\/\/bonfimnoticias.com.br\/tr\/wp-json\/wp\/v2\/users\/19"}],"replies":[{"embeddable":true,"href":"https:\/\/bonfimnoticias.com.br\/tr\/wp-json\/wp\/v2\/comments?post=18752"}],"version-history":[{"count":11,"href":"https:\/\/bonfimnoticias.com.br\/tr\/wp-json\/wp\/v2\/pages\/18752\/revisions"}],"predecessor-version":[{"id":18857,"href":"https:\/\/bonfimnoticias.com.br\/tr\/wp-json\/wp\/v2\/pages\/18752\/revisions\/18857"}],"wp:attachment":[{"href":"https:\/\/bonfimnoticias.com.br\/tr\/wp-json\/wp\/v2\/media?parent=18752"}],"curies":[{"name":"wp","href":"https:\/\/api.w.org\/{rel}","templated":true}]}}