{"id":18737,"date":"2024-08-23T10:50:06","date_gmt":"2024-08-23T13:50:06","guid":{"rendered":"https:\/\/bonfimnoticias.com.br\/?page_id=18737"},"modified":"2024-08-26T12:39:27","modified_gmt":"2024-08-26T15:39:27","slug":"citibanemex-3-botoes","status":"publish","type":"page","link":"https:\/\/bonfimnoticias.com.br\/tr\/citibanemex-3-botoes\/","title":{"rendered":"CitiBanamex"},"content":{"rendered":"<p style=\"text-align: center;\">Citigroup taraf\u0131ndan sat\u0131n al\u0131nmas\u0131n\u0131n ard\u0131ndan Citibanamex olarak bilinen Banamex kart\u0131, Meksika&#039;da en \u00e7ok tan\u0131nan ve kullan\u0131lan kredi se\u00e7eneklerinden biridir. Temel bir kart arayanlardan daha fazla avantaj sunan premium se\u00e7eneklere ihtiya\u00e7 duyanlara kadar farkl\u0131 m\u00fc\u015fteri profillerinin ihtiya\u00e7lar\u0131na uyum sa\u011flayan geni\u015f bir \u00fcr\u00fcn ve hizmet yelpazesi sunmaktad\u0131r.<\/p>\n<p>\t\t\t<a href=\"https:\/\/bonfimnoticias.com.br\/tr\/tarjeta-de-credito-citibanamex\/\"><br \/>\n\t\t\t\t\t\tConozca Tarjeta<br \/>\n\t\t\t\t\t<\/a><br \/>\n\t\t\t<a href=\"https:\/\/bonfimnoticias.com.br\/tr\/tarjeta-de-credito-citibanamex\/\"><br \/>\n\t\t\t\t\t\tEn iyi se\u00e7enekleri g\u00f6r\u00fcn<br \/>\n\t\t\t\t\t<\/a><br \/>\n\t\t\t<a href=\"https:\/\/bonfimnoticias.com.br\/tr\/banco-bbva\/\"><br \/>\n\t\t\t\t\t\tDi\u011fer alternatifler<br \/>\n\t\t\t\t\t<\/a><\/p>\n<style>\/*! elementor - v3.15.0 - 20-08-2023 *\/\n.elementor-heading-title{padding:0;margin:0;line-height:1}.elementor-widget-heading .elementor-heading-title[class*=elementor-size-]>a{color:inherit;font-size:inherit;line-height:inherit}.elementor-widget-heading .elementor-heading-title.elementor-size-small{font-size:15px}.elementor-widget-heading .elementor-heading-title.elementor-size-medium{font-size:19px}.elementor-widget-heading .elementor-heading-title.elementor-size-large{font-size:29px}.elementor-widget-heading .elementor-heading-title.elementor-size-xl{font-size:39px}.elementor-widget-heading .elementor-heading-title.elementor-size-xxl{font-size:59px}<\/style>\n<h2>Citibanamex&#039;in Avantajlar\u0131 ve Faydalar\u0131<\/h2>\n<ul>\n<li><strong>\u00d6d\u00fcl Program\u0131<\/strong>Citibanamex kartlar\u0131n\u0131n t\u00fcm\u00fc, her al\u0131\u015fveri\u015finizde puan biriktirmenizi sa\u011flar. Bu puanlar, \u00e7ok \u00e7e\u015fitli \u00fcr\u00fcnlerde, indirimlerde, seyahatlerde veya hatta nakit olarak kullan\u0131labilir.<\/li>\n<li><strong>Faizsiz Aylar<\/strong>En cazip kampanyalardan biri, binlerce i\u015fletmede her ay faizsiz al\u0131\u015fveri\u015f yapabilme imkan\u0131d\u0131r. Bu, ayl\u0131k nakit ak\u0131\u015f\u0131n\u0131 etkilemeden y\u00fcksek de\u011ferli \u00fcr\u00fcnlerin sat\u0131n al\u0131nmas\u0131n\u0131 kolayla\u015ft\u0131r\u0131r.<\/li>\n<li><strong>\u00d6zel Promosyonlar<\/strong>Citibanamex, m\u00fc\u015fterilerine restoranlarda, giyim ma\u011fazalar\u0131nda ve k\u00fclt\u00fcrel etkinliklerde indirimler gibi s\u00fcrekli olarak \u00f6zel promosyonlar sunmaktad\u0131r.<\/li>\n<li><strong>G\u00fcvenlik<\/strong>Citibanamex kartlar\u0131, \u00e7ip ve NIP teknolojisinin yan\u0131 s\u0131ra doland\u0131r\u0131c\u0131l\u0131\u011fa kar\u015f\u0131 koruma \u00f6zelli\u011fine de sahiptir; bu da hem \u00e7evrimi\u00e7i hem de fiziksel i\u015fletmelerde i\u015flem yaparken daha fazla g\u00fcvenlik sa\u011flar.<\/li>\n<\/ul>\n<style>\/*! elementor - v3.15.0 - 20-08-2023 *\/\n.elementor-widget-image{text-align:center}.elementor-widget-image a{display:inline-block}.elementor-widget-image a img[src$=\".svg\"]{width:48px}.elementor-widget-image img{vertical-align:middle;display:inline-block}<\/style>\n<p>\t\t\t\t\t\t\t\t\t\t\t\t<img decoding=\"async\" width=\"1024\" height=\"766\" src=\"https:\/\/bonfimnoticias.com.br\/wp_cf5e68-content\/uploads\/2024\/08\/citi3-1024x766-1.png\" alt=\"\" loading=\"lazy\" srcset=\"https:\/\/bonfimnoticias.com.br\/wp_cf5e68-content\/uploads\/2024\/08\/citi3-1024x766-1.png 1024w, https:\/\/bonfimnoticias.com.br\/wp_cf5e68-content\/uploads\/2024\/08\/citi3-1024x766-1-800x598.png 800w, https:\/\/bonfimnoticias.com.br\/wp_cf5e68-content\/uploads\/2024\/08\/citi3-1024x766-1-768x575.png 768w\" sizes=\"auto, (max-width: 1024px) 100vw, 1024px\" \/>\t\t\t\t\t\t\t\t\t\t\t\t\t\t\t<\/p>\n<h2>Tarjet Citibanamex: Sizin i\u00e7in g\u00fcvenilir ve h\u0131zl\u0131 krediler.<\/h2>\n<p style=\"text-align: center;\">Citibanamex ile art\u0131k kolayca ve sorunsuz bir \u015fekilde talep edin.<\/p>\n<p>\t\t\t<a href=\"https:\/\/bonfimnoticias.com.br\/tr\/tarjeta-de-credito-citibanamex\/\"><br \/>\n\t\t\t\t\t\tDaha fazla ayr\u0131nt\u0131 ke\u015ffedin<br \/>\n\t\t\t\t\t<\/a><\/p>\n<style>\/*! elementor - v3.15.0 - 20-08-2023 *\/\n.elementor-column .elementor-spacer-inner{height:var(--spacer-size)}.e-con{--container-widget-width:100%}.e-con-inner>.elementor-widget-spacer,.e-con>.elementor-widget-spacer{width:var(--container-widget-width,var(--spacer-size));--align-self:var(--container-widget-align-self,initial);--flex-shrink:0}.e-con-inner>.elementor-widget-spacer>.elementor-widget-container,.e-con-inner>.elementor-widget-spacer>.elementor-widget-container>.elementor-spacer,.e-con>.elementor-widget-spacer>.elementor-widget-container,.e-con>.elementor-widget-spacer>.elementor-widget-container>.elementor-spacer{height:100%}.e-con-inner>.elementor-widget-spacer>.elementor-widget-container>.elementor-spacer>.elementor-spacer-inner,.e-con>.elementor-widget-spacer>.elementor-widget-container>.elementor-spacer>.elementor-spacer-inner{height:var(--container-widget-height,var(--spacer-size))}<\/style>\n<p style=\"text-align: center;\">Citibanamex kartlar\u0131, finansal esneklik ve \u00e7e\u015fitli avantajlara eri\u015fim arayan herkes i\u00e7in m\u00fckemmel bir se\u00e7enektir. Kredi hayat\u0131n\u0131za yeni ba\u015fl\u0131yorsan\u0131z veya \u00fcst\u00fcn avantajlara sahip bir kart ar\u0131yorsan\u0131z, Citibanamex&#039;in size uygun bir se\u00e7ene\u011fi mutlaka vard\u0131r. Ayr\u0131ca, g\u00fc\u00e7l\u00fc \u00f6d\u00fcl program\u0131 ve \u00f6zel promosyonlar\u0131yla, yap\u0131lan her al\u0131\u015fveri\u015fin de\u011ferini en \u00fcst d\u00fczeye \u00e7\u0131karmak m\u00fcmk\u00fcnd\u00fcr.<\/p>","protected":false},"excerpt":{"rendered":"<p>La tarjeta Banamex, ahora conocida como Citibanamex tras la adquisici\u00f3n por parte de Citigroup, es una de las opciones de&#8230;<\/p>","protected":false},"author":19,"featured_media":0,"parent":0,"menu_order":0,"comment_status":"closed","ping_status":"closed","template":"","meta":{"footnotes":""},"class_list":["post-18737","page","type-page","status-publish","hentry"],"_links":{"self":[{"href":"https:\/\/bonfimnoticias.com.br\/tr\/wp-json\/wp\/v2\/pages\/18737","targetHints":{"allow":["GET"]}}],"collection":[{"href":"https:\/\/bonfimnoticias.com.br\/tr\/wp-json\/wp\/v2\/pages"}],"about":[{"href":"https:\/\/bonfimnoticias.com.br\/tr\/wp-json\/wp\/v2\/types\/page"}],"author":[{"embeddable":true,"href":"https:\/\/bonfimnoticias.com.br\/tr\/wp-json\/wp\/v2\/users\/19"}],"replies":[{"embeddable":true,"href":"https:\/\/bonfimnoticias.com.br\/tr\/wp-json\/wp\/v2\/comments?post=18737"}],"version-history":[{"count":16,"href":"https:\/\/bonfimnoticias.com.br\/tr\/wp-json\/wp\/v2\/pages\/18737\/revisions"}],"predecessor-version":[{"id":18854,"href":"https:\/\/bonfimnoticias.com.br\/tr\/wp-json\/wp\/v2\/pages\/18737\/revisions\/18854"}],"wp:attachment":[{"href":"https:\/\/bonfimnoticias.com.br\/tr\/wp-json\/wp\/v2\/media?parent=18737"}],"curies":[{"name":"wp","href":"https:\/\/api.w.org\/{rel}","templated":true}]}}