{"id":18726,"date":"2024-08-23T10:01:29","date_gmt":"2024-08-23T13:01:29","guid":{"rendered":"https:\/\/bonfimnoticias.com.br\/?page_id=18726"},"modified":"2024-08-26T12:24:52","modified_gmt":"2024-08-26T15:24:52","slug":"tarjeta-santander-1-botao","status":"publish","type":"page","link":"https:\/\/bonfimnoticias.com.br\/tr\/tarjeta-santander-1-botao\/","title":{"rendered":"Santander Tarjeta Argentina"},"content":{"rendered":"<style>\/*! elementor - v3.15.0 - 20-08-2023 *\/\n.elementor-heading-title{padding:0;margin:0;line-height:1}.elementor-widget-heading .elementor-heading-title[class*=elementor-size-]>a{color:inherit;font-size:inherit;line-height:inherit}.elementor-widget-heading .elementor-heading-title.elementor-size-small{font-size:15px}.elementor-widget-heading .elementor-heading-title.elementor-size-medium{font-size:19px}.elementor-widget-heading .elementor-heading-title.elementor-size-large{font-size:29px}.elementor-widget-heading .elementor-heading-title.elementor-size-xl{font-size:39px}.elementor-widget-heading .elementor-heading-title.elementor-size-xxl{font-size:59px}<\/style>\n<h2>Arjantin&#039;de Santander Kart\u0131: Avantajlar\u0131, T\u00fcrleri ve Nas\u0131l Edinilir<\/h2>\n<p style=\"text-align: center;\">Orada <strong>Santander Kart\u0131<\/strong> Arjantin&#039;de, \u00fclkenin \u00f6nde gelen bankalar\u0131ndan ve \u0130spanyol uluslararas\u0131 Santander grubunun bir par\u00e7as\u0131 olan Banco Santander&#039;in bir finansal \u00fcr\u00fcn\u00fcd\u00fcr. Bu kart, hem kredi hem de banka kart\u0131 modlar\u0131nda geni\u015f bir hizmet ve avantaj yelpazesi sunmaktad\u0131r.<\/p>\n<style>\/*! elementor - v3.15.0 - 20-08-2023 *\/\n.elementor-widget-image{text-align:center}.elementor-widget-image a{display:inline-block}.elementor-widget-image a img[src$=\".svg\"]{width:48px}.elementor-widget-image img{vertical-align:middle;display:inline-block}<\/style>\n<p>\t\t\t\t\t\t\t\t\t\t\t\t<img decoding=\"async\" width=\"860\" height=\"504\" src=\"https:\/\/bonfimnoticias.com.br\/wp_cf5e68-content\/uploads\/2024\/07\/santander.jpeg\" alt=\"\" loading=\"lazy\" srcset=\"https:\/\/bonfimnoticias.com.br\/wp_cf5e68-content\/uploads\/2024\/07\/santander.jpeg 860w, https:\/\/bonfimnoticias.com.br\/wp_cf5e68-content\/uploads\/2024\/07\/santander-800x469.jpeg 800w, https:\/\/bonfimnoticias.com.br\/wp_cf5e68-content\/uploads\/2024\/07\/santander-768x450.jpeg 768w\" sizes=\"auto, (max-width: 860px) 100vw, 860px\" \/>\t\t\t\t\t\t\t\t\t\t\t\t\t\t\t<\/p>\n<h2>Santander Kartlar\u0131n\u0131n Faydalar\u0131<br \/>\n<\/h2>\n<ul>\n<li style=\"text-align: center;\"><strong>S\u00fcper Kul\u00fcp Program\u0131<\/strong>Santander kredi kartlar\u0131n\u0131 kullanan m\u00fc\u015fteriler, \u00e7e\u015fitli anla\u015fmal\u0131 i\u015fletmelerde \u00fcr\u00fcnler, seyahatler, deneyimler ve indirimler i\u00e7in kullan\u0131labilecek puanlar biriktirirler.<\/li>\n<li style=\"text-align: center;\"><strong>\u0130ndirimler ve promosyonlar<\/strong>Santander, s\u00fcpermarketler, restoranlar, moda ma\u011fazalar\u0131 ve ev aletleri de dahil olmak \u00fczere bir\u00e7ok ma\u011fazada \u00f6zel indirimler sunmaktad\u0131r.<\/li>\n<li style=\"text-align: center;\"><strong>\u00d6demelerde esneklik<\/strong>Santander kartlar\u0131, kullan\u0131c\u0131lara al\u0131\u015fveri\u015flerinin \u00f6demesini nas\u0131l yapacaklar\u0131n\u0131 se\u00e7me olana\u011f\u0131 sunar; finansman se\u00e7enekleri ve \u00f6deme ko\u015fullar\u0131 her m\u00fc\u015fterinin ihtiya\u00e7lar\u0131na g\u00f6re uyarlanabilir.<\/li>\n<li style=\"text-align: center;\"><strong>Geli\u015fmi\u015f g\u00fcvenlik<\/strong>Santander kartlar\u0131, EMV \u00e7ipleri gibi g\u00fcvenlik teknolojileriyle donat\u0131lm\u0131\u015ft\u0131r ve kart kullan\u0131m\u0131n\u0131 y\u00f6netmenize, kaybolmas\u0131 durumunda bloke etmenize ve daha fazlas\u0131na olanak tan\u0131yan mobil uygulamalar arac\u0131l\u0131\u011f\u0131yla kontrol ara\u00e7lar\u0131 sunar.<\/li>\n<li style=\"text-align: center;\"><strong>K\u00fcresel eri\u015fim<\/strong>Santander kredi kartlar\u0131yla m\u00fc\u015fteriler, sigorta ve uluslararas\u0131 yard\u0131m hizmetlerinin yan\u0131 s\u0131ra d\u00fcnyan\u0131n her yerinde nakit al\u0131\u015fveri\u015fi ve \u00e7ekim i\u015flemleri yapabilirler.<\/li>\n<\/ul>\n<p style=\"text-align: center;\">Arjantin&#039;de Santander kart\u0131 almak isteyenler, bir banka \u015fubesine ba\u015fvurabilir veya resmi web sitesi \u00fczerinden online olarak ba\u015fvuru s\u00fcrecini ba\u015flatabilirler. Bankada hesap sahibi olmak, gelir belgesi d\u00fczenlemek ve kredi de\u011ferlendirmesinden ge\u00e7mek gibi belirli \u015fartlar\u0131 yerine getirmek gerekmektedir.<\/p>\n<p style=\"text-align: center;\">Orada <strong>Santander Kart\u0131<\/strong> Arjantin&#039;deki finansal i\u015flemlerinde avantajlar\u0131, g\u00fcvenli\u011fi ve kolayl\u0131\u011f\u0131 bir arada arayanlar i\u00e7in m\u00fckemmel bir se\u00e7enektir.<\/p>\n<p>\t\t\t<a href=\"https:\/\/bonfimnoticias.com.br\/tr\/tarjetas-de-credito-santander-argentina\/\"><br \/>\n\t\t\t\t\t\tDaha fazla bilgi i\u00e7in buraya t\u0131klay\u0131n.<br \/>\n\t\t\t\t\t<\/a><\/p>","protected":false},"excerpt":{"rendered":"<p>Tarjeta Santander en Argentina: Beneficios, Tipos y C\u00f3mo Obtenerla La Tarjeta Santander en Argentina es un producto financiero del Banco&#8230;<\/p>","protected":false},"author":19,"featured_media":0,"parent":0,"menu_order":0,"comment_status":"closed","ping_status":"closed","template":"","meta":{"footnotes":""},"class_list":["post-18726","page","type-page","status-publish","hentry"],"_links":{"self":[{"href":"https:\/\/bonfimnoticias.com.br\/tr\/wp-json\/wp\/v2\/pages\/18726","targetHints":{"allow":["GET"]}}],"collection":[{"href":"https:\/\/bonfimnoticias.com.br\/tr\/wp-json\/wp\/v2\/pages"}],"about":[{"href":"https:\/\/bonfimnoticias.com.br\/tr\/wp-json\/wp\/v2\/types\/page"}],"author":[{"embeddable":true,"href":"https:\/\/bonfimnoticias.com.br\/tr\/wp-json\/wp\/v2\/users\/19"}],"replies":[{"embeddable":true,"href":"https:\/\/bonfimnoticias.com.br\/tr\/wp-json\/wp\/v2\/comments?post=18726"}],"version-history":[{"count":7,"href":"https:\/\/bonfimnoticias.com.br\/tr\/wp-json\/wp\/v2\/pages\/18726\/revisions"}],"predecessor-version":[{"id":18841,"href":"https:\/\/bonfimnoticias.com.br\/tr\/wp-json\/wp\/v2\/pages\/18726\/revisions\/18841"}],"wp:attachment":[{"href":"https:\/\/bonfimnoticias.com.br\/tr\/wp-json\/wp\/v2\/media?parent=18726"}],"curies":[{"name":"wp","href":"https:\/\/api.w.org\/{rel}","templated":true}]}}