{"id":18641,"date":"2024-08-22T12:56:44","date_gmt":"2024-08-22T15:56:44","guid":{"rendered":"https:\/\/bonfimnoticias.com.br\/?page_id=18641"},"modified":"2024-08-26T12:22:43","modified_gmt":"2024-08-26T15:22:43","slug":"scotia-pouso-com-4-botoes","status":"publish","type":"page","link":"https:\/\/bonfimnoticias.com.br\/tr\/scotia-pouso-com-4-botoes\/","title":{"rendered":"ScotiaBank"},"content":{"rendered":"<style>\/*! elementor - v3.15.0 - 20-08-2023 *\/\n.elementor-heading-title{padding:0;margin:0;line-height:1}.elementor-widget-heading .elementor-heading-title[class*=elementor-size-]>a{color:inherit;font-size:inherit;line-height:inherit}.elementor-widget-heading .elementor-heading-title.elementor-size-small{font-size:15px}.elementor-widget-heading .elementor-heading-title.elementor-size-medium{font-size:19px}.elementor-widget-heading .elementor-heading-title.elementor-size-large{font-size:29px}.elementor-widget-heading .elementor-heading-title.elementor-size-xl{font-size:39px}.elementor-widget-heading .elementor-heading-title.elementor-size-xxl{font-size:59px}<\/style>\n<h2>ScotiaBank Kredisi <\/h2>\n<p>K\u00fcresel \u00e7apta faaliyet g\u00f6steren \u00f6nde gelen Kanada bankalar\u0131ndan Scotiabank, ki\u015fisel krediler de dahil olmak \u00fczere \u00e7e\u015fitli finansal \u00fcr\u00fcnler sunmaktad\u0131r. Finans piyasas\u0131nda sa\u011flam bir itibara sahip olan Scotiabank, esnekli\u011fi ve rekabet\u00e7i ko\u015fullar\u0131yla \u00f6ne \u00e7\u0131kmaktad\u0131r. Bu yaz\u0131da, Scotiabank kredilerinin detaylar\u0131n\u0131, faydalar\u0131n\u0131 ve finansal ihtiya\u00e7lar\u0131n\u0131z\u0131 nas\u0131l kar\u015f\u0131layabileceklerini inceleyece\u011fiz.<\/p>\n<h2>Scotiabank kredilerinin avantajlar\u0131<\/h2>\n<ul>\n<li>Rekabet\u00e7i faiz oranlar\u0131: Scotiabank, \u00f6zellikle iyi bir kredi ge\u00e7mi\u015fine sahip m\u00fc\u015fteriler i\u00e7in rekabet\u00e7i faiz oranlar\u0131 sunmaktad\u0131r. Bu, kredi s\u00fcresi boyunca \u00f6nemli avantajlar sa\u011flayabilir.<\/li>\n<li>\u00d6deme esnekli\u011fi: Scotiabank kredileri, toplam kredi maliyetini d\u00fc\u015f\u00fcrmeye yard\u0131mc\u0131 olabilecek, cezas\u0131z \u00f6n \u00f6deme imkan\u0131 da dahil olmak \u00fczere \u00e7e\u015fitli \u00f6deme se\u00e7enekleri sunmaktad\u0131r.<\/li>\n<li>H\u0131zl\u0131 ve basit onay s\u00fcreci: Banka, ba\u015fvuru ve onay s\u00fcrecini daha h\u0131zl\u0131 ve verimli hale getirmek i\u00e7in geli\u015fmi\u015f teknolojiyi kullan\u0131yor. M\u00fc\u015fteriler s\u00fcreci \u00e7evrimi\u00e7i olarak bile ba\u015flatabilirler.<\/li>\n<li>M\u00fc\u015fteri hizmetleri: Scotiabank, m\u00fc\u015fterilerinin bilin\u00e7li kararlar almas\u0131na yard\u0131mc\u0131 olmak i\u00e7in s\u00fcrekli destek ve finansal dan\u0131\u015fmanl\u0131k sunan m\u00fckemmel m\u00fc\u015fteri hizmetleriyle tan\u0131nmaktad\u0131r.<\/li>\n<\/ul>\n<h2>Ba\u015fvuru \u015fartlar\u0131<\/h2>\n<style>\/*! elementor - v3.15.0 - 20-08-2023 *\/\n.elementor-widget-image{text-align:center}.elementor-widget-image a{display:inline-block}.elementor-widget-image a img[src$=\".svg\"]{width:48px}.elementor-widget-image img{vertical-align:middle;display:inline-block}<\/style>\n<p>\t\t\t\t\t\t\t\t\t\t\t\t<img decoding=\"async\" width=\"1024\" height=\"576\" src=\"https:\/\/bonfimnoticias.com.br\/wp_cf5e68-content\/uploads\/2024\/08\/Scotiabank-Logo-1024x576.png\" alt=\"\" loading=\"lazy\" srcset=\"https:\/\/bonfimnoticias.com.br\/wp_cf5e68-content\/uploads\/2024\/08\/Scotiabank-Logo-1024x576.png 1024w, https:\/\/bonfimnoticias.com.br\/wp_cf5e68-content\/uploads\/2024\/08\/Scotiabank-Logo-800x450.png 800w, https:\/\/bonfimnoticias.com.br\/wp_cf5e68-content\/uploads\/2024\/08\/Scotiabank-Logo-768x432.png 768w, https:\/\/bonfimnoticias.com.br\/wp_cf5e68-content\/uploads\/2024\/08\/Scotiabank-Logo-1536x864.png 1536w, https:\/\/bonfimnoticias.com.br\/wp_cf5e68-content\/uploads\/2024\/08\/Scotiabank-Logo-2048x1152.png 2048w\" sizes=\"auto, (max-width: 1024px) 100vw, 1024px\" \/><br \/>\n\t\t\t<a href=\"https:\/\/bonfimnoticias.com.br\/tr\/prestamo-personal-scotiabank-la-oportunidad-perfecta-para-tus-necesidades\/\"><br \/>\n\t\t\t\t\t\tSize en uygun olan\u0131 se\u00e7in.<br \/>\n\t\t\t\t\t<\/a><br \/>\n\t\t\t<a href=\"https:\/\/bonfimnoticias.com.br\/tr\/prestamo-personal-scotiabank-la-oportunidad-perfecta-para-tus-necesidades\/\"><br \/>\n\t\t\t\t\t\tUla\u015fabilece\u011finiz avantajlar<br \/>\n\t\t\t\t\t<\/a><br \/>\n\t\t\t<a href=\"https:\/\/bonfimnoticias.com.br\/tr\/prestamo-personal-scotiabank-la-oportunidad-perfecta-para-tus-necesidades\/\"><br \/>\n\t\t\t\t\t\t\u00d6deme yapabilece\u011finiz en yak\u0131n yeri se\u00e7in.<br \/>\n\t\t\t\t\t<\/a><\/p>\n<p>Scotiabank&#039;tan kredi ba\u015fvurusunda bulunmak i\u00e7in baz\u0131 temel \u015fartlar\u0131 yerine getirmeniz gerekecektir:<\/p>\n<ul>\n<li>Kredi Ge\u00e7mi\u015fi: \u0130yi bir kredi ge\u00e7mi\u015fi, onay s\u00fcrecini kolayla\u015ft\u0131rabilir ve daha iyi ko\u015fullar sa\u011flayabilir.<\/li>\n<li>Biletler: Taksit \u00f6deme kabiliyetini g\u00f6steren, ge\u00e7erli bilet belgesi.<\/li>\n<li>Belgeler: Kimlik, ikametgah belgesi ve mali durumunuzla ilgili bilgiler gibi ki\u015fisel belgeler.<\/li>\n<\/ul>\n<p>Scotiabank kredileri, \u00e7e\u015fitli ihtiya\u00e7lar i\u00e7in esnek ve uygun fiyatl\u0131 bir finansal \u00e7\u00f6z\u00fcm sunar. Rekabet\u00e7i faiz oranlar\u0131, h\u0131zl\u0131 onay s\u00fcreci ve iyi m\u00fc\u015fteri hizmetiyle, ki\u015fisel projeleri finanse etmek veya bor\u00e7lar\u0131 birle\u015ftirmek isteyenler i\u00e7in cazip bir se\u00e7enek olarak \u00f6ne \u00e7\u0131kmaktad\u0131r. Kredi almay\u0131 d\u00fc\u015f\u00fcn\u00fcyorsan\u0131z, finansal ihtiya\u00e7lar\u0131n\u0131z i\u00e7in en iyi \u00e7\u00f6z\u00fcm\u00fc bulmak \u00fczere Scotiabank&#039;\u0131n tekliflerini incelemeye de\u011fer.<\/p>\n<p>\t\t\t<a href=\"https:\/\/bonfimnoticias.com.br\/tr\/\"><br \/>\n\t\t\t\t\t\tDAHA FAZLA B\u0130LG\u0130 ED\u0130N\u0130N<br \/>\n\t\t\t\t\t<\/a><\/p>","protected":false},"excerpt":{"rendered":"<p>Prestamo ScotiaBank Scotiabank, un banco canadiense l\u00edder con presencia global, ofrece una variedad de productos financieros, incluidos pr\u00e9stamos personales. Con&#8230;<\/p>","protected":false},"author":19,"featured_media":0,"parent":0,"menu_order":0,"comment_status":"closed","ping_status":"closed","template":"","meta":{"footnotes":""},"class_list":["post-18641","page","type-page","status-publish","hentry"],"_links":{"self":[{"href":"https:\/\/bonfimnoticias.com.br\/tr\/wp-json\/wp\/v2\/pages\/18641","targetHints":{"allow":["GET"]}}],"collection":[{"href":"https:\/\/bonfimnoticias.com.br\/tr\/wp-json\/wp\/v2\/pages"}],"about":[{"href":"https:\/\/bonfimnoticias.com.br\/tr\/wp-json\/wp\/v2\/types\/page"}],"author":[{"embeddable":true,"href":"https:\/\/bonfimnoticias.com.br\/tr\/wp-json\/wp\/v2\/users\/19"}],"replies":[{"embeddable":true,"href":"https:\/\/bonfimnoticias.com.br\/tr\/wp-json\/wp\/v2\/comments?post=18641"}],"version-history":[{"count":33,"href":"https:\/\/bonfimnoticias.com.br\/tr\/wp-json\/wp\/v2\/pages\/18641\/revisions"}],"predecessor-version":[{"id":18837,"href":"https:\/\/bonfimnoticias.com.br\/tr\/wp-json\/wp\/v2\/pages\/18641\/revisions\/18837"}],"wp:attachment":[{"href":"https:\/\/bonfimnoticias.com.br\/tr\/wp-json\/wp\/v2\/media?parent=18641"}],"curies":[{"name":"wp","href":"https:\/\/api.w.org\/{rel}","templated":true}]}}