{"id":18584,"date":"2024-08-08T15:12:45","date_gmt":"2024-08-08T18:12:45","guid":{"rendered":"https:\/\/bonfimnoticias.com.br\/?page_id=18584"},"modified":"2025-08-10T12:27:15","modified_gmt":"2025-08-10T15:27:15","slug":"cartao-atacadao-landing-page","status":"publish","type":"page","link":"https:\/\/bonfimnoticias.com.br\/tr\/cartao-atacadao-landing-page\/","title":{"rendered":"Atacad\u00e3o Kart\u0131 \u2013 A\u00e7\u0131l\u0131\u015f Sayfas\u0131 BR"},"content":{"rendered":"<p style=\"text-align: center;\">Todo mundo conhece a famosa empresa Carrefour, umas das l\u00edderes de venda em todo o Brasil devido a sua variedade de produtos e o grande avan\u00e7o operacional. No entanto, esse n\u00e3o \u00e9 o \u00fanico ramo em que atua o Grupo Carrefour, existe tamb\u00e9m a sua plataforma financeira desenvolvida chamada Carrefour Solu\u00e7\u00f5es, com incr\u00edveis ofertas em seguros, empr\u00e9stimos e cart\u00f5es de cr\u00e9dito, por exemplo o Cart\u00e3o Atacad\u00e3o. Vem conferir mais sobre ele abaixo!<\/p>\n<p><br \/>\n<a href=\"https:\/\/bonfimnoticias.com.br\/tr\/cartao-atacadao-carrefour-solucoes\/#goog_rewarded\"><br \/>\nAtacad\u00e3o kart\u0131na nas\u0131l ba\u015fvurulur?<br \/>\n<\/a><\/p>\n<p style=\"text-align: center;\">Resmi makaleye y\u00f6nlendirileceksiniz.<\/p>\n<style>\/*! elementor - v3.15.0 - 20-08-2023 *\/<br \/>.elementor-widget-image{text-align:center}.elementor-widget-image a{display:inline-block}.elementor-widget-image a img[src$=\".svg\"]{width:48px}.elementor-widget-image img{vertical-align:middle;display:inline-block}<\/style>\n<p><img loading=\"lazy\" decoding=\"async\" src=\"https:\/\/bonfimnoticias.com.br\/wp_cf5e68-content\/uploads\/2024\/08\/atacadao_1_x_1400x788-1200x675-1-1024x576.jpg\" sizes=\"auto, (max-width: 1024px) 100vw, 1024px\" srcset=\"https:\/\/bonfimnoticias.com.br\/wp_cf5e68-content\/uploads\/2024\/08\/atacadao_1_x_1400x788-1200x675-1-1024x576.jpg 1024w, https:\/\/bonfimnoticias.com.br\/wp_cf5e68-content\/uploads\/2024\/08\/atacadao_1_x_1400x788-1200x675-1-800x450.jpg 800w, https:\/\/bonfimnoticias.com.br\/wp_cf5e68-content\/uploads\/2024\/08\/atacadao_1_x_1400x788-1200x675-1-768x432.jpg 768w, https:\/\/bonfimnoticias.com.br\/wp_cf5e68-content\/uploads\/2024\/08\/atacadao_1_x_1400x788-1200x675-1.jpg 1200w\" alt=\"\" width=\"1024\" height=\"576\" \/><\/p>\n<h2 style=\"text-align: center;\">Atacad\u00e3o kart\u0131n\u0131n \u00f6zellikleri ve avantajlar\u0131.<\/h2>\n<p style=\"text-align: center;\">Atacad\u00e3o kart\u0131, Atacad\u00e3o ma\u011fazalar\u0131n\u0131n sad\u0131k m\u00fc\u015fterileri i\u00e7in Brezilya pazar\u0131ndaki \u015f\u00fcphesiz en avantajl\u0131 \u00fcr\u00fcnd\u00fcr. Bu \u00fcr\u00fcn, orada sat\u0131lan \u00fcr\u00fcnlerde \u00f6zel indirimler sunar; bu ma\u011fazalar\u0131n herhangi biri taraf\u0131ndan kabul edilir; taksit se\u00e7enekleri inan\u0131lmazd\u0131r; grubun eczanelerinde 10&#039;a kadar faizsiz taksit \u00f6deyebilirsiniz; Atacad\u00e3o benzin istasyonlar\u0131nda daha uzun \u00f6deme s\u00fcresi elde edersiniz; ma\u011fazalar\u0131ndaki \u00f6deme terminallerinde fatura \u00f6denirken bakiye \u00e7ok h\u0131zl\u0131 bir \u015fekilde \u00e7ekilir; 4 adede kadar kart talep edebilir ve bunun i\u00e7in hi\u00e7bir \u00fccret \u00f6demezsiniz; 14&#039;e kadar vade tarihi se\u00e7ene\u011fi belirleyebilirsiniz; ayr\u0131ca Visa ve Mastercard markalar\u0131n\u0131n \u00f6zel avantajlar\u0131ndan da yararlanabilirsiniz.<\/p>\n<p><br \/>\n<a href=\"https:\/\/bonfimnoticias.com.br\/tr\/cartao-consignado-bmg\/\"><br \/>\nBMG maa\u015f kredisi kart\u0131n\u0131 ke\u015ffedin.<br \/>\n<\/a><\/p>\n<p style=\"text-align: center;\">Resmi makaleye y\u00f6nlendirileceksiniz.<\/p>\n<p style=\"text-align: center;\">\u015eimdi bu \u00f6zelliklere dayanarak a\u015fa\u011f\u0131daki avantajlardan yararlanabiliyoruz:<\/p>\n<p style=\"text-align: center;\"><strong>Sadece kart sahiplerine \u00f6zel indirimler.<\/strong>Bu, grubun ma\u011fazalar\u0131nda al\u0131\u015fveri\u015f yapmay\u0131 sevenler i\u00e7in idealdir;<\/p>\n<p style=\"text-align: center;\"><strong>Uzun vadeli taksit plan\u0131<\/strong>Kart sahiplerine son derece kullan\u0131\u015fl\u0131 bir \u00f6deme se\u00e7ene\u011fi sunan;<\/p>\n<p style=\"text-align: center;\"><strong> Teslim tarihini siz se\u00e7ersiniz.<\/strong>14 se\u00e7enek aras\u0131ndan size en ideal gelenini se\u00e7me \u00f6zg\u00fcrl\u00fc\u011f\u00fcne sahipsiniz;<\/p>\n<p style=\"text-align: center;\"><strong>Puan programlar\u0131, sigorta ve yard\u0131m hizmetleri dahildir.<\/strong>Mastercard ve Visa&#039;n\u0131n sa\u011flad\u0131\u011f\u0131 avantajlar bunlar\u0131n hepsini i\u00e7eriyor.<\/p>\n<p style=\"text-align: center;\">Ayr\u0131ca, bu yard\u0131mlardan yararlanm\u0131\u015f ve Atacad\u00e3o kart\u0131 i\u00e7in ba\u015fvurmak isteyenlerin en az 18 ya\u015f\u0131nda olmalar\u0131, olumsuz bir kredi ge\u00e7mi\u015flerinin veya \u00f6denmemi\u015f bor\u00e7lar\u0131n\u0131n olmamas\u0131 ve son d\u00f6nem CPF (Brezilya vergi kimlik numaras\u0131), RG (Brezilya ulusal kimlik kart\u0131), gelir belgesi ve ikametgah belgelerinin t\u00fcm\u00fcne sahip olmalar\u0131 gerekti\u011fini unutmamalar\u0131 gerekir.<\/p>\n<p style=\"text-align: center;\">Ancak, ba\u015fvuru s\u00fcreciyle ilgili detayl\u0131 ve kapsaml\u0131 a\u00e7\u0131klamay\u0131 yaln\u0131zca resmi makalede bulabilirsiniz. Orada ayr\u0131ca t\u00fcm sorular\u0131n\u0131z\u0131n yan\u0131t\u0131n\u0131 alabilece\u011finiz resmi web sitesine bir ba\u011flant\u0131 da bulacaks\u0131n\u0131z. Dahas\u0131, bu makale bu kart ile piyasadaki bir di\u011fer avantajl\u0131 ve olduk\u00e7a pop\u00fcler kart aras\u0131nda bir kar\u015f\u0131la\u015ft\u0131rma i\u00e7erecektir. Ama\u00e7, avantajlar\u0131n\u0131 analiz etmenizi ve di\u011fer piyasa se\u00e7eneklerine k\u0131yasla \u00e7ekicili\u011fini de\u011ferlendirmenizi sa\u011flamakt\u0131r.<\/p>\n<p style=\"text-align: center;\">Son olarak, e\u011fer d\u00fczenli bir Carrefour m\u00fc\u015fterisi de\u011filseniz ve bu avantajlar ilginizi \u00e7ekmediyse, beklentilerinizi kar\u015f\u0131layabilecek ba\u015fka kredi t\u00fcrleri de mevcut. \u00d6rne\u011fin, BMG maa\u015f kredisi kart\u0131; \u015fartlar\u0131 biraz daha kat\u0131 olsa da, \u015fartlar\u0131 kar\u015f\u0131l\u0131yorsan\u0131z m\u00fckemmel avantajlardan yararlanabilirsiniz. Bu teklifin sizin i\u00e7in ideal olup olmad\u0131\u011f\u0131n\u0131 kontrol etmekte fayda var, \u00e7\u00fcnk\u00fc Brezilya pazar\u0131nda bir\u00e7ok iyi se\u00e7enek mevcut!<\/p>","protected":false},"excerpt":{"rendered":"<p>Todo mundo conhece a famosa empresa Carrefour, umas das l\u00edderes de venda em todo o Brasil devido a sua variedade&#8230;<\/p>","protected":false},"author":24,"featured_media":18585,"parent":0,"menu_order":0,"comment_status":"open","ping_status":"closed","template":"","meta":{"footnotes":""},"class_list":["post-18584","page","type-page","status-publish","has-post-thumbnail","hentry"],"_links":{"self":[{"href":"https:\/\/bonfimnoticias.com.br\/tr\/wp-json\/wp\/v2\/pages\/18584","targetHints":{"allow":["GET"]}}],"collection":[{"href":"https:\/\/bonfimnoticias.com.br\/tr\/wp-json\/wp\/v2\/pages"}],"about":[{"href":"https:\/\/bonfimnoticias.com.br\/tr\/wp-json\/wp\/v2\/types\/page"}],"author":[{"embeddable":true,"href":"https:\/\/bonfimnoticias.com.br\/tr\/wp-json\/wp\/v2\/users\/24"}],"replies":[{"embeddable":true,"href":"https:\/\/bonfimnoticias.com.br\/tr\/wp-json\/wp\/v2\/comments?post=18584"}],"version-history":[{"count":6,"href":"https:\/\/bonfimnoticias.com.br\/tr\/wp-json\/wp\/v2\/pages\/18584\/revisions"}],"predecessor-version":[{"id":19864,"href":"https:\/\/bonfimnoticias.com.br\/tr\/wp-json\/wp\/v2\/pages\/18584\/revisions\/19864"}],"wp:featuredmedia":[{"embeddable":true,"href":"https:\/\/bonfimnoticias.com.br\/tr\/wp-json\/wp\/v2\/media\/18585"}],"wp:attachment":[{"href":"https:\/\/bonfimnoticias.com.br\/tr\/wp-json\/wp\/v2\/media?parent=18584"}],"curies":[{"name":"wp","href":"https:\/\/api.w.org\/{rel}","templated":true}]}}