{"id":18575,"date":"2024-08-08T14:09:03","date_gmt":"2024-08-08T17:09:03","guid":{"rendered":"https:\/\/bonfimnoticias.com.br\/?page_id=18575"},"modified":"2024-08-08T14:12:16","modified_gmt":"2024-08-08T17:12:16","slug":"cartao-consignado-bmg-lp","status":"publish","type":"page","link":"https:\/\/bonfimnoticias.com.br\/tr\/cartao-consignado-bmg-lp\/","title":{"rendered":"BMG Maa\u015f Kesintisi Kart\u0131 \u2013 A\u00e7\u0131l\u0131\u015f Sayfas\u0131 BR"},"content":{"rendered":"<p style=\"text-align: center;\">Resmi ad\u0131yla BMG maa\u015f kredisi kart\u0131, emekliler, INSS emeklileri ve Brezilya kamu \u00e7al\u0131\u015fanlar\u0131 i\u00e7in tasarlanm\u0131\u015f bir finansal \u00fcr\u00fcnd\u00fcr. Banco BMG&#039;nin sundu\u011fu bu avantajl\u0131 teklifi bug\u00fcn detayl\u0131 olarak ele alaca\u011f\u0131z. Daha fazla bilgi edinin.<\/p>\n<p><br \/>\n<a href=\"https:\/\/bonfimnoticias.com.br\/tr\/cartao-consignado-bmg\/\"><br \/>\nBMG maa\u015f kredisi kart\u0131n\u0131z\u0131 talep edin.<br \/>\n<\/a><\/p>\n<p style=\"text-align: center;\">Resmi makaleye y\u00f6nlendirileceksiniz.<\/p>\n<style>\/*! elementor - v3.15.0 - 20-08-2023 *\/<br \/>\n.elementor-widget-image{text-align:center}.elementor-widget-image a{display:inline-block}.elementor-widget-image a img[src$=\".svg\"]{width:48px}.elementor-widget-image img{vertical-align:middle;display:inline-block}<\/style>\n<p><img loading=\"lazy\" decoding=\"async\" src=\"https:\/\/bonfimnoticias.com.br\/wp_cf5e68-content\/uploads\/2024\/08\/cartao-de-credito-Portal-Financa-1.png\" sizes=\"auto, (max-width: 1000px) 100vw, 1000px\" srcset=\"https:\/\/bonfimnoticias.com.br\/wp_cf5e68-content\/uploads\/2024\/08\/cartao-de-credito-Portal-Financa-1.png 1000w, https:\/\/bonfimnoticias.com.br\/wp_cf5e68-content\/uploads\/2024\/08\/cartao-de-credito-Portal-Financa-1-800x533.png 800w, https:\/\/bonfimnoticias.com.br\/wp_cf5e68-content\/uploads\/2024\/08\/cartao-de-credito-Portal-Financa-1-768x511.png 768w\" alt=\"\" width=\"1000\" height=\"666\" \/><\/p>\n<h2 style=\"text-align: center;\">BMG maa\u015f kredisi kart\u0131n\u0131n \u00f6zellikleri ve avantajlar\u0131.<\/h2>\n<p style=\"text-align: center;\">En ba\u015f\u0131ndan itibaren, BMG maa\u015f kredisi kart\u0131n\u0131n hedef kitlesini genel hatlar\u0131yla belirledik: kullan\u0131c\u0131lar\u0131 emekliler, maa\u015f alanlar ve kamu \u00e7al\u0131\u015fanlar\u0131d\u0131r. Ancak elbette hepsi bu kadar de\u011fil; bu kategorideki ki\u015filerin Minas Gerais ve S\u00e3o Paulo eyaletlerinde ikamet etmeleri gerekmektedir. Ayr\u0131ca, bu \u00fcr\u00fcn\u00fcn \u00f6zelliklerine gelince: y\u0131ll\u0131k \u00fccret yok, faturalar kullan\u0131c\u0131n\u0131n maa\u015f\u0131ndan kesilir, kart sahibinin maa\u015f\u0131n\u0131n 1,45 kat\u0131na kadar kredi limiti, bu limitten 701.300 TL&#039;ye kadar para \u00e7ekme imkan\u0131, sigorta kapsam\u0131, S\u00e3o Paulo ve Pacheco eczanelerinde indirimler, ulusal ve uluslararas\u0131 kabul, cep telefonu kont\u00f6r y\u00fckleme, \u00fccretsiz nakit \u00e7ekme ve fatura tarihinden itibaren 40 g\u00fcne kadar \u00f6deme s\u00fcresi. \u0130nan\u0131lmaz, de\u011fil mi?<\/p>\n<p style=\"text-align: center;\">Bu do\u011frultuda, a\u015fa\u011f\u0131daki avantajlar\u0131 belirtiyoruz:<\/p>\n<p><br \/>\n<a href=\"https:\/\/bonfimnoticias.com.br\/tr\/cartao-atacadao-carrefour-solucoes\/\"><br \/>\nAtacad\u00e3o kart\u0131n\u0131 yak\u0131ndan tan\u0131y\u0131n.<br \/>\n<\/a><\/p>\n<p style=\"text-align: center;\">Resmi makaleye y\u00f6nlendirileceksiniz.<\/p>\n<p style=\"text-align: center;\"><strong>Kolay \u00f6deme:<\/strong> \u00d6demelerde gecikme veya son \u00f6deme tarihleri konusunda endi\u015felenmenize gerek yok, \u00e7\u00fcnk\u00fc fatura otomatik olarak maa\u015f\u0131n\u0131zdan kesiliyor.<\/p>\n<p style=\"text-align: center;\"><strong>Kredi limiti c\u00f6mert ve kontrol alt\u0131ndad\u0131r.<\/strong>Banco BMG, kullan\u0131c\u0131n\u0131n maa\u015f\u0131ndan biraz daha y\u00fcksek, ancak yine de \u00f6demeleri kar\u015f\u0131layabilecek d\u00fczeyde bir kredi limiti sunarak harika bir g\u00fcnl\u00fck kredi kart\u0131 stratejisi uyguluyor.<\/p>\n<p style=\"text-align: center;\"><strong>Nakit eri\u015fimi:<\/strong> \u00dccretsiz para \u00e7ekme i\u015flemleriyle kredi limitinizin 1&#039;ine kadar\u0131n\u0131 elde edebilirsiniz;<\/p>\n<p style=\"text-align: center;\"><strong>Sigorta dahildir:<\/strong> Ek bir \u00fccret \u00f6deyerek hayat sigortas\u0131 ve cenaze yard\u0131m\u0131 gibi ek teminatlar da ekleyebilirsiniz;<\/p>\n<p style=\"text-align: center;\"><strong> \u0130la\u00e7 masraflar\u0131ndan tasarruf etmek<\/strong>Anla\u015fmal\u0131 eczaneler, kart sahiplerine \u00f6zel indirimler sunmaktad\u0131r;<\/p>\n<p style=\"text-align: center;\">Bu \u00fcr\u00fcn\u00fcn sundu\u011fu bir\u00e7ok avantajdan sadece birka\u00e7\u0131n\u0131 burada s\u0131ralad\u0131\u011f\u0131m\u0131z\u0131 belirtmekte fayda var.<\/p>\n<p style=\"text-align: center;\">Ba\u015fvuru s\u00fcreciyle ilgili detayl\u0131 bilgileri resmi makalede bulabilirsiniz. Ayr\u0131ca, makalede sizi kurumun sayfas\u0131na y\u00f6nlendirecek bir ba\u011flant\u0131 da yer alacak; bu da s\u00fcre\u00e7le ilgili sorular\u0131n\u0131zda size yard\u0131mc\u0131 olacak, ki\u015fiselle\u015ftirilmi\u015f destek alman\u0131z\u0131 ve t\u00fcm sorunlar\u0131n\u0131z\u0131 \u00e7\u00f6zmenizi sa\u011flayacakt\u0131r.<\/p>\n<p style=\"text-align: center;\">E\u011fer bu \u00fcr\u00fcn size hitap etmediyse veya hedef kitleye uymuyorsan\u0131z endi\u015felenmeyin, di\u011fer g\u00fcvenilir kurumlar da harika se\u00e7enekler sunuyor. Atacad\u00e3o kart\u0131 ve Mercado Pago kart\u0131 buna g\u00fczel bir \u00f6rnek.<\/p>\n<p style=\"text-align: center;\">Son olarak, makalede bu kart ile piyasadaki bir di\u011fer harika ve cazip kart aras\u0131nda bir kar\u015f\u0131la\u015ft\u0131rma bulacaks\u0131n\u0131z; b\u00f6ylece bu kart\u0131n ger\u00e7ekten de bu kadar \u00e7ok se\u00e7enek aras\u0131nda de\u011ferli bir tercih olup olmad\u0131\u011f\u0131n\u0131 ve durumunuz i\u00e7in ger\u00e7ekten cazip olup olmad\u0131\u011f\u0131n\u0131 \u00f6\u011frenebileceksiniz.<\/p>\n<p style=\"text-align: center;\">Ayr\u0131ca, d\u00fcnya \u00e7ap\u0131nda milyonlarca vatanda\u015fa fayda sa\u011flayan en son finansal haberlerden haberdar olmak i\u00e7in i\u00e7eriklerimizi takip etmenizi \u00f6neririz.<\/p>","protected":false},"excerpt":{"rendered":"<p>O cart\u00e3o consignado BMG ou cart\u00e3o consignado benef\u00edcio BMG, como \u00e9 oficialmente conhecido, trata-se de um produto financeiro destinado a&#8230;<\/p>","protected":false},"author":24,"featured_media":18576,"parent":0,"menu_order":0,"comment_status":"open","ping_status":"closed","template":"","meta":{"footnotes":""},"class_list":["post-18575","page","type-page","status-publish","has-post-thumbnail","hentry"],"_links":{"self":[{"href":"https:\/\/bonfimnoticias.com.br\/tr\/wp-json\/wp\/v2\/pages\/18575","targetHints":{"allow":["GET"]}}],"collection":[{"href":"https:\/\/bonfimnoticias.com.br\/tr\/wp-json\/wp\/v2\/pages"}],"about":[{"href":"https:\/\/bonfimnoticias.com.br\/tr\/wp-json\/wp\/v2\/types\/page"}],"author":[{"embeddable":true,"href":"https:\/\/bonfimnoticias.com.br\/tr\/wp-json\/wp\/v2\/users\/24"}],"replies":[{"embeddable":true,"href":"https:\/\/bonfimnoticias.com.br\/tr\/wp-json\/wp\/v2\/comments?post=18575"}],"version-history":[{"count":5,"href":"https:\/\/bonfimnoticias.com.br\/tr\/wp-json\/wp\/v2\/pages\/18575\/revisions"}],"predecessor-version":[{"id":18581,"href":"https:\/\/bonfimnoticias.com.br\/tr\/wp-json\/wp\/v2\/pages\/18575\/revisions\/18581"}],"wp:featuredmedia":[{"embeddable":true,"href":"https:\/\/bonfimnoticias.com.br\/tr\/wp-json\/wp\/v2\/media\/18576"}],"wp:attachment":[{"href":"https:\/\/bonfimnoticias.com.br\/tr\/wp-json\/wp\/v2\/media?parent=18575"}],"curies":[{"name":"wp","href":"https:\/\/api.w.org\/{rel}","templated":true}]}}