{"id":18545,"date":"2024-07-22T23:02:53","date_gmt":"2024-07-23T02:02:53","guid":{"rendered":"https:\/\/bonfimnoticias.com.br\/?page_id=18545"},"modified":"2024-07-22T23:09:34","modified_gmt":"2024-07-23T02:09:34","slug":"prestamos-personales-scotiabank-lp","status":"publish","type":"page","link":"https:\/\/bonfimnoticias.com.br\/tr\/prestamos-personales-scotiabank-lp\/","title":{"rendered":"Scotiabank Bireysel Krediler \u2013 A\u00e7\u0131l\u0131\u015f Sayfas\u0131"},"content":{"rendered":"<p style=\"text-align: center;\">Scotiabank&#039;\u0131n tarihi 1832 y\u0131l\u0131nda Nueva Escocia&#039;ya kadar uzanmaktad\u0131r. O d\u00f6nemdeki ilk amac\u0131, n\u00fcfusun belirli bir kesiminin finansal ihtiya\u00e7lar\u0131n\u0131 kar\u015f\u0131lamakla s\u0131n\u0131rl\u0131yd\u0131, ancak banka geni\u015fledik\u00e7e bu durum de\u011fi\u015fti. Bug\u00fcn bankan\u0131n hizmetleri bir\u00e7ok k\u0131taya yay\u0131lm\u0131\u015f durumda ve Scotiabank m\u00fc\u015fterilerine sundu\u011fumuz hizmetler gibi inan\u0131lmaz finansal \u00fcr\u00fcn ve \u00e7\u00f6z\u00fcmlere eri\u015fim sa\u011fl\u0131yor.<\/p>\n<p><br \/>\n<a href=\"https:\/\/bonfimnoticias.com.br\/tr\/prestamo-personal-scotiabank-la-oportunidad-perfecta-para-tus-necesidades\/\"><br \/>\nScotiabank ki\u015fisel kredisine nas\u0131l ba\u015fvurulaca\u011f\u0131n\u0131 \u00f6\u011frenin.<br \/>\n<\/a><\/p>\n<p style=\"text-align: center;\">Resmi makaleye y\u00f6nlendirileceksiniz.<\/p>\n<style>\/*! elementor - v3.15.0 - 20-08-2023 *\/<br \/>\n.elementor-widget-image{text-align:center}.elementor-widget-image a{display:inline-block}.elementor-widget-image a img[src$=\".svg\"]{width:48px}.elementor-widget-image img{vertical-align:middle;display:inline-block}<\/style>\n<p><img loading=\"lazy\" decoding=\"async\" src=\"https:\/\/bonfimnoticias.com.br\/wp_cf5e68-content\/uploads\/2024\/07\/DALL\u00b7E-2024-07-22-22-18-10-A-cozy-banking-branch-environment-featuring-promotional-materials-for-Scotiabank-personal-loans--The-setting-includes-a-counter-with-a-large-banner-ad.webp\" sizes=\"auto, (max-width: 1024px) 100vw, 1024px\" srcset=\"https:\/\/bonfimnoticias.com.br\/wp_cf5e68-content\/uploads\/2024\/07\/DALL\u00b7E-2024-07-22-22-18-10-A-cozy-banking-branch-environment-featuring-promotional-materials-for-Scotiabank-personal-loans--The-setting-includes-a-counter-with-a-large-banner-ad.webp 1024w, https:\/\/bonfimnoticias.com.br\/wp_cf5e68-content\/uploads\/2024\/07\/DALL\u00b7E-2024-07-22-22-18-10-A-cozy-banking-branch-environment-featuring-promotional-materials-for-Scotiabank-personal-loans--The-setting-includes-a-counter-with-a-large-banner-ad-400x400.webp 400w, https:\/\/bonfimnoticias.com.br\/wp_cf5e68-content\/uploads\/2024\/07\/DALL\u00b7E-2024-07-22-22-18-10-A-cozy-banking-branch-environment-featuring-promotional-materials-for-Scotiabank-personal-loans--The-setting-includes-a-counter-with-a-large-banner-ad-800x800.webp 800w, https:\/\/bonfimnoticias.com.br\/wp_cf5e68-content\/uploads\/2024\/07\/DALL\u00b7E-2024-07-22-22-18-10-A-cozy-banking-branch-environment-featuring-promotional-materials-for-Scotiabank-personal-loans--The-setting-includes-a-counter-with-a-large-banner-ad-768x768.webp 768w\" alt=\"\" width=\"1024\" height=\"1024\" \/><\/p>\n<h2 style=\"text-align: center;\">Scotiabank bireysel kredisinin \u00f6zellikleri ve avantajlar\u0131<\/h2>\n<p style=\"text-align: center;\">Scotiabank&#039;tan ki\u015fisel kredi ba\u015fvurusu yapman\u0131n size sa\u011flad\u0131\u011f\u0131 faydalar\u0131 tan\u0131mlamadan \u00f6nce, bilmeniz gerekenleri netle\u015ftirecek olan \u00f6zelliklerini a\u00e7\u0131klayaca\u011f\u0131z.<\/p>\n<p style=\"text-align: center;\">Bu nedenle, g\u00fcvenilir bir finans kurulu\u015fundan gelen bir teklif olmas\u0131n\u0131n yan\u0131 s\u0131ra, Scotiabank&#039;tan al\u0131nan ki\u015fisel krediler, ayda 500 ila 50 bin dolar aras\u0131nda alma imkan\u0131 sunan f\u0131rsatlard\u0131r; \u00f6deme s\u00fcreniz 6 aydan 5 y\u0131la kadar uzayabilir; ve faiz oranlar\u0131 ile 1 aras\u0131nda de\u011fi\u015fmektedir, ancak bunlar\u0131n hepsi m\u00fc\u015fteri profilinize ve kredi notunuza ba\u011fl\u0131 olacakt\u0131r.<\/p>\n<p style=\"text-align: center;\">Bu \u00f6zelliklere dayanarak, genel olarak Scotiabank&#039;tan ki\u015fisel kredi alman\u0131n \u015fu avantajlar\u0131n\u0131 g\u00f6rebiliriz:<\/p>\n<p><br \/>\n<a href=\"https:\/\/bonfimnoticias.com.br\/tr\/prestamo-banco-bbva\/\"><br \/>\nBBVA Bank kredilerini ke\u015ffedin<br \/>\n<\/a><\/p>\n<p style=\"text-align: center;\">Resmi makaleye y\u00f6nlendirileceksiniz.<\/p>\n<p style=\"text-align: center;\"><strong>Her t\u00fcrl\u00fc ama\u00e7 i\u00e7in f\u0131rsat<\/strong>\u0130ster k\u00fc\u00e7\u00fck ister b\u00fcy\u00fck projeler i\u00e7in fonlara ihtiyac\u0131n\u0131z olsun, Scoatibank \u00e7e\u015fitli ama\u00e7lar i\u00e7in fon sa\u011flayabilir;<\/p>\n<p style=\"text-align: center;\"><strong>\u00dccretli konfor<\/strong>\u00d6deme s\u00fcreniz 5 y\u0131la kadar uzat\u0131labilir, bu da b\u00fct\u00e7enize uyum sa\u011flayan rahat taksitler garanti eder;<\/p>\n<p style=\"text-align: center;\"><strong>Cazip olabilecek \u00fccretler<\/strong>: Baz\u0131 fakt\u00f6rlere ba\u011fl\u0131 olarak, uygulanan oran 5% kadar d\u00fc\u015f\u00fck olabilir;<\/p>\n<p style=\"text-align: center;\">Bu avantajlar\u0131 analiz ettikten sonra, ki\u015fisel kredi ba\u015fvurusunda bulunmak isteyebilirsiniz, ancak Scotiabank ba\u015fvurunuzu onaylayacak belirli kriterler belirlemi\u015ftir. Her \u015feyden \u00f6nce, ba\u015fvuru sahibinin 18 ya\u015f\u0131ndan b\u00fcy\u00fck olmas\u0131, iyi bir kredi ge\u00e7mi\u015fine, kredi i\u00e7in kullan\u0131labilecek gelire ve kurumda a\u00e7\u0131k bir hesaba sahip olmas\u0131 gerekir. Ayr\u0131ca, baz\u0131 \u00fclkelerde teminat olarak bir varl\u0131k sunmak gereklidir.<\/p>\n<p style=\"text-align: center;\">Bu \u015fartlar yerine getirildikten sonra, ba\u015fvuru s\u00fcrecini ad\u0131m ad\u0131m incelemek i\u00e7in resmi makaleye eri\u015fmenizi \u00f6neririz. Ayr\u0131ca, i\u015fleme ba\u015flamadan \u00f6nce kimlik, ikametgah, bilet vb. gibi gerekli t\u00fcm belgeleri toplam\u0131\u015f olman\u0131z gerekti\u011fini de belirtmek isteriz. Bunlar\u0131n hepsi bankac\u0131l\u0131k analiz s\u00fcrecinde temel \u00f6neme sahiptir.<\/p>\n<p style=\"text-align: center;\">Son olarak, herhangi bir \u015f\u00fcpheniz varsa, resmi makalede bankan\u0131n kurumsal ba\u011flant\u0131s\u0131n\u0131 da bulacaks\u0131n\u0131z; bu ba\u011flant\u0131 sizi do\u011frudan Scotiabank ki\u015fisel kredi listesine y\u00f6nlendirecektir. Orada, kurumla ileti\u015fime ge\u00e7menin ve ya\u015fad\u0131\u011f\u0131n\u0131z herhangi bir sorunu \u00e7\u00f6zmenin yollar\u0131n\u0131 bulacaks\u0131n\u0131z.<\/p>\n<p style=\"text-align: center;\">E\u011fer bu \u00fcr\u00fcn ihtiya\u00e7lar\u0131n\u0131za uymuyorsa veya yukar\u0131da belirtilen \u015fartlar\u0131 kar\u015f\u0131lam\u0131yorsa endi\u015felenmeyin, bu tek se\u00e7enek de\u011fil. G\u00fcvenilir bir di\u011fer kurulu\u015f ise Banco BBVA&#039;d\u0131r; buradan da iyi avantajlara sahip kredi \u00fcr\u00fcnleri edinebilirsiniz. Sadece resmi belgenizi girmeniz ve bildirmeniz yeterlidir. Finansal bir \u00e7\u00f6z\u00fcm arayan herkes i\u00e7in ikinci veya daha fazla se\u00e7enek \u00e7ok \u00f6nemlidir, \u00e7\u00fcnk\u00fc hangi teklifin en uygun oldu\u011funu anlamak i\u00e7in bilgi ve kar\u015f\u0131la\u015ft\u0131rma \u015fartt\u0131r.<\/p>","protected":false},"excerpt":{"rendered":"<p>La historia de Scotiabank se remonta a 1832 en Nueva Escocia. El objetivo inicial era limitado en aquel entonces, ya&#8230;<\/p>","protected":false},"author":24,"featured_media":18546,"parent":0,"menu_order":0,"comment_status":"open","ping_status":"closed","template":"","meta":{"footnotes":""},"class_list":["post-18545","page","type-page","status-publish","has-post-thumbnail","hentry"],"_links":{"self":[{"href":"https:\/\/bonfimnoticias.com.br\/tr\/wp-json\/wp\/v2\/pages\/18545","targetHints":{"allow":["GET"]}}],"collection":[{"href":"https:\/\/bonfimnoticias.com.br\/tr\/wp-json\/wp\/v2\/pages"}],"about":[{"href":"https:\/\/bonfimnoticias.com.br\/tr\/wp-json\/wp\/v2\/types\/page"}],"author":[{"embeddable":true,"href":"https:\/\/bonfimnoticias.com.br\/tr\/wp-json\/wp\/v2\/users\/24"}],"replies":[{"embeddable":true,"href":"https:\/\/bonfimnoticias.com.br\/tr\/wp-json\/wp\/v2\/comments?post=18545"}],"version-history":[{"count":5,"href":"https:\/\/bonfimnoticias.com.br\/tr\/wp-json\/wp\/v2\/pages\/18545\/revisions"}],"predecessor-version":[{"id":18551,"href":"https:\/\/bonfimnoticias.com.br\/tr\/wp-json\/wp\/v2\/pages\/18545\/revisions\/18551"}],"wp:featuredmedia":[{"embeddable":true,"href":"https:\/\/bonfimnoticias.com.br\/tr\/wp-json\/wp\/v2\/media\/18546"}],"wp:attachment":[{"href":"https:\/\/bonfimnoticias.com.br\/tr\/wp-json\/wp\/v2\/media?parent=18545"}],"curies":[{"name":"wp","href":"https:\/\/api.w.org\/{rel}","templated":true}]}}