{"id":18533,"date":"2024-07-22T20:32:40","date_gmt":"2024-07-22T23:32:40","guid":{"rendered":"https:\/\/bonfimnoticias.com.br\/?page_id=18533"},"modified":"2025-06-01T17:29:28","modified_gmt":"2025-06-01T20:29:28","slug":"prestamos-personales-hsbc-lp","status":"publish","type":"page","link":"https:\/\/bonfimnoticias.com.br\/tr\/prestamos-personales-hsbc-lp\/","title":{"rendered":"HSBC ki\u015fisel kredileri"},"content":{"rendered":"<p style=\"text-align: center;\">HSBC Bank, 1865 y\u0131l\u0131n\u0131n ortalar\u0131nda Thomas Sutherland adl\u0131 bir \u0130sko\u00e7 taraf\u0131ndan kurulmu\u015ftur. Kurulu\u015funda amac\u0131, Avrupa ve Asya b\u00f6lgeleri aras\u0131ndaki ticari ihtiya\u00e7lara yard\u0131mc\u0131 olmakt\u0131, ancak geni\u015fledik\u00e7e bu durum de\u011fi\u015fti. Zamanla, Latin Amerika da dahil olmak \u00fczere d\u00fcnyan\u0131n farkl\u0131 b\u00f6lgelerinde ba\u015fka \u015fubeler a\u00e7\u0131lmaya ba\u015fland\u0131. Bu nedenle, bug\u00fcn d\u00fcnyan\u0131n \u00f6nde gelen kurulu\u015flar\u0131ndan biri oldu\u011funu s\u00f6yleyebiliriz. Ancak bug\u00fcn, kredi tekliflerimiz hakk\u0131nda daha spesifik bilgiler verece\u011fiz.<\/p>\n<p>\t\t\t\t\t<a href=\"https:\/\/bonfimnoticias.com.br\/tr\/prestamos-personales-hsbc-una-solucion-ventajosa-para-cualquier-contingencia-financiera\/\"><br \/>\n\t\t\t\t\t\t\t\t\tHSBC Bankas\u0131&#039;ndan Bireysel Krediler<br \/>\n\t\t\t\t\t<\/a><\/p>\n<p style=\"text-align: center;\">Resmi makaleye y\u00f6nlendirileceksiniz.<\/p>\n<p>\t\t\t\t\t\t\t\t\t\t\t\t\t<img loading=\"lazy\" decoding=\"async\" width=\"1024\" height=\"1024\" src=\"https:\/\/bonfimnoticias.com.br\/wp_cf5e68-content\/uploads\/2024\/07\/DALL\u00b7E-2024-07-22-19-30-06-A-professional-office-setting-with-a-banner-and-promotional-materials-for-HSBC-Bank-personal-loans--The-scene-includes-a-desk-with-a-computer-displayi.webp\" alt=\"\" srcset=\"https:\/\/bonfimnoticias.com.br\/wp_cf5e68-content\/uploads\/2024\/07\/DALL\u00b7E-2024-07-22-19-30-06-A-professional-office-setting-with-a-banner-and-promotional-materials-for-HSBC-Bank-personal-loans--The-scene-includes-a-desk-with-a-computer-displayi.webp 1024w, https:\/\/bonfimnoticias.com.br\/wp_cf5e68-content\/uploads\/2024\/07\/DALL\u00b7E-2024-07-22-19-30-06-A-professional-office-setting-with-a-banner-and-promotional-materials-for-HSBC-Bank-personal-loans--The-scene-includes-a-desk-with-a-computer-displayi-400x400.webp 400w, https:\/\/bonfimnoticias.com.br\/wp_cf5e68-content\/uploads\/2024\/07\/DALL\u00b7E-2024-07-22-19-30-06-A-professional-office-setting-with-a-banner-and-promotional-materials-for-HSBC-Bank-personal-loans--The-scene-includes-a-desk-with-a-computer-displayi-800x800.webp 800w, https:\/\/bonfimnoticias.com.br\/wp_cf5e68-content\/uploads\/2024\/07\/DALL\u00b7E-2024-07-22-19-30-06-A-professional-office-setting-with-a-banner-and-promotional-materials-for-HSBC-Bank-personal-loans--The-scene-includes-a-desk-with-a-computer-displayi-768x768.webp 768w\" sizes=\"auto, (max-width: 1024px) 100vw, 1024px\" \/>\t\t\t\t\t\t\t\t\t\t\t\t\t<\/p>\n<h2 style=\"text-align: center;\">HSBC bireysel kredilerinin \u00f6zellikleri ve avantajlar\u0131<\/h2>\n<p style=\"text-align: center;\">HSBC Bankas\u0131&#039;n\u0131n k\u00fcresel faaliyetlerinden bahsediyoruz. Finansal hizmetlerini sundu\u011fu her b\u00f6lgede, bu \u00fcr\u00fcnlerin \u00f6zelliklerinde belirli temel farkl\u0131l\u0131klar bulunmaktad\u0131r; ancak burada genel olarak Latin Amerika&#039;daki HSBC bireysel kredilerinden bahsedece\u011fiz.<\/p>\n<p style=\"text-align: center;\">\u00d6ncelikle, Latin Amerika&#039;daki HSBC ile 1.000 ABD dolar\u0131ndan ba\u015flayarak 4.000 ABD dolar\u0131na kadar kredi alabilirsiniz; hisselerinizi 6 ay ile 5 y\u0131l aras\u0131nda b\u00f6lebilirsiniz; \u00e7ok cazip yat\u0131r\u0131m f\u0131rsatlar\u0131na eri\u015febilir ve kurumdan net ve \u015feffaf bir s\u00fcre\u00e7 elde edebilirsiniz.<\/p>\n<p style=\"text-align: center;\">Dolay\u0131s\u0131yla, bu bilgilere dayanarak a\u015fa\u011f\u0131daki faydalar\u0131 g\u00f6rebiliriz:<\/p>\n<p style=\"text-align: center;\">\u00a0<\/p>\n<p><br \/>\n\t\t\t\t\t<a href=\"https:\/\/bonfimnoticias.com.br\/tr\/prestamo-banco-bbva\/\"><br \/>\n\t\t\t\t\t\t\t\t\tBBVA kredilerini ke\u015ffedin<br \/>\n\t\t\t\t\t<\/a><\/p>\n<p style=\"text-align: center;\">Resmi makaleye y\u00f6nlendirileceksiniz. <\/p>\n<p style=\"text-align: center;\"><strong>Herhangi bir ama\u00e7la ithalat<\/strong>B\u00fcy\u00fck projelerin finansman\u0131ndan daha k\u00fc\u00e7\u00fck projelerin finansman\u0131na kadar;<\/p>\n<p style=\"text-align: center;\"><strong>Uzun \u00f6deme ko\u015fullar\u0131<\/strong>Birden fazla noktada \u00f6deme yapmak m\u00fcmk\u00fcn, bu da c\u00fczdan\u0131n\u0131z\u0131 daha rahat kullanman\u0131z\u0131 sa\u011fl\u0131yor;<\/p>\n<p style=\"text-align: center;\"><strong>Alt s\u0131n\u0131f tipler<\/strong>\u00c7ekici tiplerden bahsetti\u011fimizde, piyasadaki di\u011ferlerine k\u0131yasla daha d\u00fc\u015f\u00fck fiyatl\u0131 olanlar\u0131 kastediyoruz;<\/p>\n<p style=\"text-align: center;\"><strong>\u015eeffafl\u0131k ve banka g\u00fcvenli\u011fi<\/strong>Baz\u0131 kurulu\u015flar s\u00f6zle\u015fmelerinde \u00f6nemli ayr\u0131nt\u0131lar\u0131 gizlemek isteyebilir, ancak HSBC&#039;de durum b\u00f6yle de\u011fildir. M\u00fc\u015fterinin dikkat ihtiyac\u0131n\u0131 g\u00f6z ard\u0131 etmeyen, bilgileri a\u00e7\u0131k\u00e7a sunan d\u00fcr\u00fcst bir bankad\u0131r.<\/p>\n<p style=\"text-align: center;\">Bu avantajlar\u0131 g\u00f6rd\u00fckten ve HSCB ki\u015fisel kredisi ba\u015fvurusunda bulunmak istedi\u011finizde, resmi makalede ba\u015fvurunuza ba\u015flamak i\u00e7in ad\u0131m ad\u0131m bir k\u0131lavuz bulacaks\u0131n\u0131z; ancak \u00f6ncelikle belirli \u015fartlar\u0131 yerine getirmeniz gerekmektedir: \u00d6ncelikle, resmi makalede de belirtilen t\u00fcm belgelerinizi toplaman\u0131z, iyi bir kredi puan\u0131na sahip olman\u0131z (ad\u0131n\u0131zda olumsuz bir kay\u0131t bulunmamas\u0131), 18 ya\u015f\u0131ndan b\u00fcy\u00fck olman\u0131z, baz\u0131 \u00fclkelerde kurumda a\u00e7\u0131k bir hesap ve baz\u0131 \u00fclkelerde de teminat olarak gayrimenkul talep etmeniz gerekmektedir; ancak kurumun web sitesindeki bilgileri incelemenizi \u00f6neririz.<\/p>\n<p style=\"text-align: center;\">Son olarak, resmi makale size kredi ba\u015fvurusunda bulunmak i\u00e7in baz\u0131 se\u00e7enekler sunacak ve se\u00e7ti\u011finiz herhangi bir durumda, makale size \u00fclkenizdeki resmi HSBC platformuna eri\u015fim ba\u011flant\u0131s\u0131n\u0131 da sa\u011flayacakt\u0131r. Sorun hakk\u0131nda herhangi bir \u015f\u00fcpheniz varsa, oraya gidip ileti\u015fim bilgilerinizi g\u00f6zden ge\u00e7irmeniz ve ki\u015fiselle\u015ftirilmi\u015f ve insanc\u0131l bir hizmet alman\u0131z faydal\u0131 olacakt\u0131r.<\/p>\n<p style=\"text-align: center;\">\u015eunu a\u00e7\u0131kl\u0131\u011fa kavu\u015fturmakta fayda var ki, burada sadece genel \u00f6zellikleri s\u0131ralad\u0131k, web sitesi bunlar\u0131 \u00e7ok daha spesifik bir \u015fekilde ele al\u0131yor, bu nedenle bahsi ge\u00e7en makaleyi okuyun ve k\u0131sa s\u00fcrede en \u00f6nemli yere y\u00f6nlendirileceksiniz. Paran\u0131z sizi bekliyor!<\/p>","protected":false},"excerpt":{"rendered":"<p>El Banco HSBC fue fundado a mediados de 1865 por un escoc\u00e9s llamado Thomas Sutherland. En el momento de su&#8230;<\/p>","protected":false},"author":24,"featured_media":18534,"parent":0,"menu_order":0,"comment_status":"open","ping_status":"closed","template":"","meta":{"footnotes":""},"class_list":["post-18533","page","type-page","status-publish","has-post-thumbnail","hentry"],"_links":{"self":[{"href":"https:\/\/bonfimnoticias.com.br\/tr\/wp-json\/wp\/v2\/pages\/18533","targetHints":{"allow":["GET"]}}],"collection":[{"href":"https:\/\/bonfimnoticias.com.br\/tr\/wp-json\/wp\/v2\/pages"}],"about":[{"href":"https:\/\/bonfimnoticias.com.br\/tr\/wp-json\/wp\/v2\/types\/page"}],"author":[{"embeddable":true,"href":"https:\/\/bonfimnoticias.com.br\/tr\/wp-json\/wp\/v2\/users\/24"}],"replies":[{"embeddable":true,"href":"https:\/\/bonfimnoticias.com.br\/tr\/wp-json\/wp\/v2\/comments?post=18533"}],"version-history":[{"count":11,"href":"https:\/\/bonfimnoticias.com.br\/tr\/wp-json\/wp\/v2\/pages\/18533\/revisions"}],"predecessor-version":[{"id":19616,"href":"https:\/\/bonfimnoticias.com.br\/tr\/wp-json\/wp\/v2\/pages\/18533\/revisions\/19616"}],"wp:featuredmedia":[{"embeddable":true,"href":"https:\/\/bonfimnoticias.com.br\/tr\/wp-json\/wp\/v2\/media\/18534"}],"wp:attachment":[{"href":"https:\/\/bonfimnoticias.com.br\/tr\/wp-json\/wp\/v2\/media?parent=18533"}],"curies":[{"name":"wp","href":"https:\/\/api.w.org\/{rel}","templated":true}]}}