{"id":18480,"date":"2024-07-01T13:21:52","date_gmt":"2024-07-01T16:21:52","guid":{"rendered":"https:\/\/bonfimnoticias.com.br\/?page_id=18480"},"modified":"2024-07-01T13:51:11","modified_gmt":"2024-07-01T16:51:11","slug":"banco-de-costa-rica-prestamo","status":"publish","type":"page","link":"https:\/\/bonfimnoticias.com.br\/tr\/banco-de-costa-rica-prestamo\/","title":{"rendered":"Kosta Rika Banka Kredisi"},"content":{"rendered":"<p style=\"text-align: center;\">Kosta Rika Merkez Bankas\u0131 (BCR), geni\u015f hizmet departman\u0131 ve \u00fclkenin ekonomik kalk\u0131nmas\u0131ndaki kilit rol\u00fcyle Kosta Rika&#039;n\u0131n en \u00f6nemli finans kurulu\u015flar\u0131ndan biridir. 1877&#039;de kurulan BCR, sa\u011flaml\u0131\u011f\u0131, yenilik\u00e7ili\u011fi ve s\u00fcrd\u00fcr\u00fclebilir kalk\u0131nmaya olan ba\u011fl\u0131l\u0131\u011f\u0131yla \u00f6ne \u00e7\u0131km\u0131\u015ft\u0131r.<\/p>\n<p><br \/>\n\t\t\t<a href=\"https:\/\/bonfimnoticias.com.br\/tr\/banco-de-costa-rica-prestamo-personal\/\"><br \/>\n\t\t\t\t\t\tSEPA MAS<br \/>\n\t\t\t\t\t<\/a><\/p>\n<p style=\"text-align: center;\">Resmi makaleye y\u00f6nlendirileceksiniz. <\/p>\n<style>\/*! elementor - v3.15.0 - 20-08-2023 *\/\n.elementor-widget-image{text-align:center}.elementor-widget-image a{display:inline-block}.elementor-widget-image a img[src$=\".svg\"]{width:48px}.elementor-widget-image img{vertical-align:middle;display:inline-block}<\/style>\n<p>\t\t\t\t\t\t\t\t\t\t\t\t<img decoding=\"async\" width=\"619\" height=\"375\" src=\"https:\/\/bonfimnoticias.com.br\/wp_cf5e68-content\/uploads\/2024\/07\/Screenshot_63.png\" alt=\"\" loading=\"lazy\" \/>\t\t\t\t\t\t\t\t\t\t\t\t\t\t\t<\/p>\n<h2 style=\"text-align: center;\">Kosta Rika Bankas\u0131&#039;n\u0131n Avantajlar\u0131<\/h2>\n<p style=\"text-align: center;\">Kosta Rika Bankas\u0131 (BCR), 140 y\u0131l\u0131 a\u015fk\u0131n ge\u00e7mi\u015fiyle istikrar ve g\u00fcvenilirlik, geni\u015f \u015fube a\u011f\u0131 ve dijital hizmetler arac\u0131l\u0131\u011f\u0131yla kolay eri\u015fim, y\u00fcksek kaliteli m\u00fc\u015fteri hizmetleri ve m\u00fc\u015fterilerin \u00e7e\u015fitli ihtiya\u00e7lar\u0131n\u0131 kar\u015f\u0131layacak geni\u015f bir finansal \u00fcr\u00fcn yelpazesi de dahil olmak \u00fczere bir\u00e7ok avantaj sunmaktad\u0131r.<\/p>\n<p><br \/>\n\t\t\t<a href=\"https:\/\/bonfimnoticias.com.br\/tr\/necesita-un-prestamo-para-sus-gastos-personales-echa-un-vistazo-a-la-oportunidad-que-te-ofrece-el-banco-santander\/\"><br \/>\n\t\t\t\t\t\tDAHA FAZLA B\u0130LG\u0130<br \/>\n\t\t\t\t\t<\/a><\/p>\n<p style=\"text-align: center;\">Resmi makaleye y\u00f6nlendirileceksiniz. <\/p>\n<ul>\n<li style=\"text-align: center;\"><strong>\u0130stikrar ve g\u00fcven:<\/strong> 140 y\u0131l\u0131 a\u015fk\u0131n ge\u00e7mi\u015fiyle BCR, m\u00fc\u015fterilerine g\u00fcvenlik sa\u011flayan, g\u00fcvenilir ve istikrarl\u0131 bir finans kurulu\u015fudur.<br \/><strong>Eri\u015filebilirlik ve kolayl\u0131k:<\/strong> Geni\u015f \u015fube a\u011f\u0131 ve dijital hizmetlere verdi\u011fi g\u00fc\u00e7l\u00fc \u00f6nemle BCR, m\u00fc\u015fterilerine eri\u015filebilirlik ve kolayl\u0131k sunarak, bankac\u0131l\u0131k hizmetlerine her yerden ve her zaman eri\u015fimi m\u00fcmk\u00fcn k\u0131l\u0131yor.<\/li>\n<li style=\"text-align: center;\"><strong>Y\u00fcksek kaliteli m\u00fc\u015fteri hizmetleri:<\/strong> BCR, nitelikli profesyonelleriyle her t\u00fcrl\u00fc sorunu veya soruyu \u00e7\u00f6zmeye haz\u0131r, m\u00fckemmel m\u00fc\u015fteri hizmetleriyle \u00f6ne \u00e7\u0131kmaktad\u0131r.<\/li>\n<li style=\"text-align: center;\"><strong>\u00dcr\u00fcn ve Hizmet \u00c7e\u015fitlili\u011fi:<\/strong> Sunulan \u00e7ok \u00e7e\u015fitli finansal \u00fcr\u00fcn ve hizmetler, m\u00fc\u015fterilerin tasarruf ve yat\u0131r\u0131mlardan finans ve sigortaya kadar ihtiya\u00e7lar\u0131na en uygun \u00e7\u00f6z\u00fcmleri bulmalar\u0131n\u0131 sa\u011flar.<br \/><strong>Toplumsal kat\u0131l\u0131m:<\/strong> BCR&#039;nin sosyal sorumluluk ve s\u00fcrd\u00fcr\u00fclebilir kalk\u0131nmaya olan g\u00fc\u00e7l\u00fc ba\u011fl\u0131l\u0131\u011f\u0131, toplum refah\u0131n\u0131 ve \u00fclkenin ekonomik kalk\u0131nmas\u0131n\u0131 destekleme konusundaki kararl\u0131l\u0131\u011f\u0131n\u0131 g\u00f6stermektedir.<\/li>\n<\/ul>\n<p style=\"text-align: center;\">\u00d6zetle, Banco de Costa Rica, m\u00fc\u015fteri hizmetlerinde m\u00fckemmelli\u011fe ve s\u00fcrd\u00fcr\u00fclebilir kalk\u0131nmaya kendini adam\u0131\u015f, g\u00fc\u00e7l\u00fc ve yenilik\u00e7i bir finans kurumu olarak \u00f6ne \u00e7\u0131kmaktad\u0131r. Geni\u015f \u00fcr\u00fcn ve hizmet yelpazesi, g\u00fc\u00e7l\u00fc dijital varl\u0131\u011f\u0131 ve finansal kapsay\u0131c\u0131l\u0131\u011fa odaklanmas\u0131yla BCR, verimli ve g\u00fcvenli finansal \u00e7\u00f6z\u00fcmler arayan ki\u015fi ve \u015firketler i\u00e7in g\u00fcvenilir ve avantajl\u0131 bir se\u00e7enektir.<\/p>","protected":false},"excerpt":{"rendered":"<p>El Banco de Costa Rica (BCR) es una de las instituciones financieras m\u00e1s importantes de Costa Rica, con una larga&#8230;<\/p>","protected":false},"author":19,"featured_media":18387,"parent":0,"menu_order":0,"comment_status":"open","ping_status":"closed","template":"","meta":{"footnotes":""},"class_list":["post-18480","page","type-page","status-publish","has-post-thumbnail","hentry"],"_links":{"self":[{"href":"https:\/\/bonfimnoticias.com.br\/tr\/wp-json\/wp\/v2\/pages\/18480","targetHints":{"allow":["GET"]}}],"collection":[{"href":"https:\/\/bonfimnoticias.com.br\/tr\/wp-json\/wp\/v2\/pages"}],"about":[{"href":"https:\/\/bonfimnoticias.com.br\/tr\/wp-json\/wp\/v2\/types\/page"}],"author":[{"embeddable":true,"href":"https:\/\/bonfimnoticias.com.br\/tr\/wp-json\/wp\/v2\/users\/19"}],"replies":[{"embeddable":true,"href":"https:\/\/bonfimnoticias.com.br\/tr\/wp-json\/wp\/v2\/comments?post=18480"}],"version-history":[{"count":4,"href":"https:\/\/bonfimnoticias.com.br\/tr\/wp-json\/wp\/v2\/pages\/18480\/revisions"}],"predecessor-version":[{"id":18486,"href":"https:\/\/bonfimnoticias.com.br\/tr\/wp-json\/wp\/v2\/pages\/18480\/revisions\/18486"}],"wp:featuredmedia":[{"embeddable":true,"href":"https:\/\/bonfimnoticias.com.br\/tr\/wp-json\/wp\/v2\/media\/18387"}],"wp:attachment":[{"href":"https:\/\/bonfimnoticias.com.br\/tr\/wp-json\/wp\/v2\/media?parent=18480"}],"curies":[{"name":"wp","href":"https:\/\/api.w.org\/{rel}","templated":true}]}}