{"id":18418,"date":"2024-06-06T14:07:40","date_gmt":"2024-06-06T17:07:40","guid":{"rendered":"https:\/\/bonfimnoticias.com.br\/?page_id=18418"},"modified":"2024-06-06T17:05:33","modified_gmt":"2024-06-06T20:05:33","slug":"banco-cgd-landing-page","status":"publish","type":"page","link":"https:\/\/bonfimnoticias.com.br\/tr\/banco-cgd-landing-page\/","title":{"rendered":"CGD Bankas\u0131"},"content":{"rendered":"<p style=\"text-align: center;\">CGD, 10 Nisan 1876&#039;da kurulan Portekiz&#039;in tarihi bir finans kurulu\u015fudur. Ba\u015flang\u0131\u00e7ta kamu i\u015flerinin finansman\u0131na odaklanan kurulu\u015f, zamanla \u00fclkenin \u00f6nde gelen kurumlar\u0131ndan biri haline gelmi\u015ftir. Bug\u00fcn faaliyetleri yurt d\u0131\u015f\u0131nda da devam etmekte olup, \u00fcr\u00fcn yelpazesi olduk\u00e7a geni\u015ftir.<\/p>\n<p><br \/>\n<a href=\"https:\/\/bonfimnoticias.com.br\/tr\/credito-pessoal-banco-cgd\/\"><br \/>\nCGD&#039;ye genel bir bak\u0131\u015f.<br \/>\n<\/a><\/p>\n<p style=\"text-align: center;\">Resmi makaleye y\u00f6nlendirileceksiniz.<\/p>\n<style>\/*! elementor - v3.15.0 - 20-08-2023 *\/<br \/>\n.elementor-widget-image{text-align:center}.elementor-widget-image a{display:inline-block}.elementor-widget-image a img[src$=\".svg\"]{width:48px}.elementor-widget-image img{vertical-align:middle;display:inline-block}<\/style>\n<p><img loading=\"lazy\" decoding=\"async\" src=\"https:\/\/bonfimnoticias.com.br\/wp_cf5e68-content\/uploads\/2024\/06\/DALL\u00b7E-2024-06-06-13-23-05-Imagem-do-edificio-sede-da-Caixa-Geral-de-Depositos-CGD-em-Lisboa-Portugal--O-edificio-e-historico-com-uma-fachada-imponente-e-classica-projetada.webp\" sizes=\"auto, (max-width: 1024px) 100vw, 1024px\" srcset=\"https:\/\/bonfimnoticias.com.br\/wp_cf5e68-content\/uploads\/2024\/06\/DALL\u00b7E-2024-06-06-13-23-05-Imagem-do-edificio-sede-da-Caixa-Geral-de-Depositos-CGD-em-Lisboa-Portugal--O-edificio-e-historico-com-uma-fachada-imponente-e-classica-projetada.webp 1024w, https:\/\/bonfimnoticias.com.br\/wp_cf5e68-content\/uploads\/2024\/06\/DALL\u00b7E-2024-06-06-13-23-05-Imagem-do-edificio-sede-da-Caixa-Geral-de-Depositos-CGD-em-Lisboa-Portugal--O-edificio-e-historico-com-uma-fachada-imponente-e-classica-projetada-400x400.webp 400w, https:\/\/bonfimnoticias.com.br\/wp_cf5e68-content\/uploads\/2024\/06\/DALL\u00b7E-2024-06-06-13-23-05-Imagem-do-edificio-sede-da-Caixa-Geral-de-Depositos-CGD-em-Lisboa-Portugal--O-edificio-e-historico-com-uma-fachada-imponente-e-classica-projetada-800x800.webp 800w, https:\/\/bonfimnoticias.com.br\/wp_cf5e68-content\/uploads\/2024\/06\/DALL\u00b7E-2024-06-06-13-23-05-Imagem-do-edificio-sede-da-Caixa-Geral-de-Depositos-CGD-em-Lisboa-Portugal--O-edificio-e-historico-com-uma-fachada-imponente-e-classica-projetada-768x768.webp 768w\" alt=\"\" width=\"1024\" height=\"1024\" \/><\/p>\n<h2 style=\"text-align: center;\">CGD \u00c7ok Ama\u00e7l\u0131 Ekspres Bireysel Kredinin Avantajl\u0131 \u00d6zellikleri<\/h2>\n<p style=\"text-align: center;\">CGD&#039;ye (Caixa Geral de Dep\u00f3sitos) eri\u015fti\u011finizde, \u00e7e\u015fitli kredi \u00fcr\u00fcnleri bulacaks\u0131n\u0131z; ancak bug\u00fcn sadece Express \u00c7ok Ama\u00e7l\u0131 Bireysel Krediyi ele alaca\u011f\u0131z. A\u015fa\u011f\u0131da \u00f6zelliklerine dair net bir genel bak\u0131\u015f yer almaktad\u0131r:<\/p>\n<p><br \/>\n<a href=\"https:\/\/bonfimnoticias.com.br\/tr\/cartao-gold-banco-santander\/\"><br \/>\nSantander Alt\u0131n Kredi Kart\u0131<br \/>\n<\/a><\/p>\n<p style=\"text-align: center;\">Resmi makaleye y\u00f6nlendirileceksiniz.<\/p>\n<p style=\"text-align: center;\"><strong>Daha pahal\u0131 ve daha ucuz finansman se\u00e7eneklerinin de\u011ferleri<\/strong>CGD bankas\u0131 arac\u0131l\u0131\u011f\u0131yla 3.000 \u20ac ile 75.000 \u20ac aras\u0131nda \u00e7ok ama\u00e7l\u0131 h\u0131zl\u0131 ki\u015fisel kredi ba\u015fvurusunda bulunabilirsiniz;<\/p>\n<p style=\"text-align: center;\"><strong>Esnek \u00f6demeler<\/strong>\u00d6demenizi 2 ila 7 y\u0131la b\u00f6lebilirsiniz;<\/p>\n<p style=\"text-align: center;\"><strong>Sabit faiz oran\u0131<\/strong>Bu y\u00f6n\u00fcn avantajlar\u0131 ve dezavantajlar\u0131 vard\u0131r; ba\u015fvuru sahibinin bunu analiz etmesi faydal\u0131 olacakt\u0131r.<\/p>\n<p style=\"text-align: center;\"><strong>Sigortaya eri\u015fim:<\/strong> Ayr\u0131ca, ya\u015f\u0131n\u0131za ve durumunuza ba\u011fl\u0131 olarak hayat sigortas\u0131 veya koruma sigortas\u0131 da yapt\u0131rabilirsiniz;<\/p>\n<p style=\"text-align: center;\">Ba\u015fvuru s\u00fcrecinden bahsetmemi\u015f olsak da, CGD&#039;nin talepleri analiz ederken genellikle \u00e7ok dikkatli ve titiz davrand\u0131\u011f\u0131n\u0131 ve bunun da yan\u0131t almada gecikmelere neden olabilece\u011fini belirtmekte fayda var. Ancak genel olarak, yan\u0131t genellikle talebin g\u00f6nderilmesinden sonraki 24 saat i\u00e7inde gelir ve para 48 saat i\u00e7inde serbest b\u0131rak\u0131l\u0131r; ancak t\u00fcm bunlar i\u015f g\u00fcnleri \u00fczerinden hesaplan\u0131r.<\/p>\n<p style=\"text-align: center;\">Ba\u015fvuru prosed\u00fcr\u00fcne gelince, bunu resmi makalede olduk\u00e7a objektif bir \u015fekilde detayland\u0131rd\u0131k, ancak endi\u015felenmeyin, ba\u015fvurunuzun onaylanmas\u0131 ve CGD&#039;den bu ki\u015fisel krediyi alabilmeniz i\u00e7in yine de belirli \u015fartlar\u0131 kar\u015f\u0131laman\u0131z gerekiyor: 18 ile 80 ya\u015f aras\u0131nda olmal\u0131s\u0131n\u0131z; Portekiz&#039;de ikamet etmelisiniz; kimlik belgelerinizi, adres ve gelir belgelerinizi (mali yeterlili\u011finizi kan\u0131tlamak i\u00e7in) ibraz etmelisiniz; ve olumsuz kay\u0131tlardan ar\u0131nm\u0131\u015f, temiz bir kredi ge\u00e7mi\u015fine sahip olmal\u0131s\u0131n\u0131z. T\u00fcm bunlar \u00e7ok \u00f6nemlidir.<\/p>\n<p style=\"text-align: center;\">\u00dcr\u00fcne ger\u00e7ekten ilgi duyuyorsan\u0131z ve yukar\u0131da belirtilen \u00f6n ko\u015fullar\u0131 kar\u015f\u0131l\u0131yorsan\u0131z, yine de baz\u0131 \u00f6nlemler alman\u0131z gerekiyor; ancak hi\u00e7bir \u015fey kusursuz de\u011fildir. Bu ki\u015fisel kredinin de k\u0131s\u0131tl\u0131 kullan\u0131m alanlar\u0131, baz\u0131 ek maliyetleri, titiz bir onay s\u00fcreci, bor\u00e7 riskleri ve istikrarl\u0131 gelir \u015fart\u0131 bulunmaktad\u0131r. Elbette, bu noktalar\u0131n baz\u0131lar\u0131 herhangi bir kredi f\u0131rsat\u0131 i\u00e7in ortakt\u0131r, ancak \u00e7ok dikkatli d\u00fc\u015f\u00fcnmek ve planlama yapmakta fayda var.<\/p>\n<p style=\"text-align: center;\">Son olarak, ihtiya\u00e7lar\u0131n\u0131za veya tercihlerinize uymuyorsa, CGD kurumsal web sitesindeki di\u011fer teklifleri ve \u00fclkenizdeki di\u011fer g\u00fcvenilir kurumlar\u0131 inceleyebilirsiniz. Ger\u00e7ek \u015fu ki, bir finansal \u00fcr\u00fcne kaydolmadan \u00f6nce, en iyi se\u00e7imi yapabilmek i\u00e7in iyi bilgilendirilmi\u015f olman\u0131z gerekir. Bu ba\u011flamda, finans d\u00fcnyas\u0131nda yer alan bir vatanda\u015f olmak i\u00e7in \u00f6ncelikle hevesli bir okuyucu olman\u0131z gerekti\u011finden, finans piyasas\u0131ndan en iyi \u00fcr\u00fcnleri ve haberleri sunarak katk\u0131da bulunuyoruz.<\/p>\n<p style=\"text-align: center;\">Ayr\u0131ca, \u015f\u00fcphe duyman\u0131z durumunda, web sitesinde t\u00fcm sorular\u0131n\u0131z\u0131 rahatl\u0131kla \u00e7\u00f6zebilece\u011finiz m\u00fc\u015fteri hizmetleri kanallar\u0131 da bulunmaktad\u0131r. Resmi makaleye eri\u015fin. Bu sizi do\u011frudan kurumsal portala y\u00f6nlendirebilir.<\/p>","protected":false},"excerpt":{"rendered":"<p>O CGD trata-se de uma institui\u00e7\u00e3o financeira hist\u00f3rica do pa\u00eds de Portugual, fundada em 10 de abril de 1876, inicialmente&#8230;<\/p>","protected":false},"author":24,"featured_media":18419,"parent":0,"menu_order":0,"comment_status":"open","ping_status":"closed","template":"","meta":{"footnotes":""},"class_list":["post-18418","page","type-page","status-publish","has-post-thumbnail","hentry"],"_links":{"self":[{"href":"https:\/\/bonfimnoticias.com.br\/tr\/wp-json\/wp\/v2\/pages\/18418","targetHints":{"allow":["GET"]}}],"collection":[{"href":"https:\/\/bonfimnoticias.com.br\/tr\/wp-json\/wp\/v2\/pages"}],"about":[{"href":"https:\/\/bonfimnoticias.com.br\/tr\/wp-json\/wp\/v2\/types\/page"}],"author":[{"embeddable":true,"href":"https:\/\/bonfimnoticias.com.br\/tr\/wp-json\/wp\/v2\/users\/24"}],"replies":[{"embeddable":true,"href":"https:\/\/bonfimnoticias.com.br\/tr\/wp-json\/wp\/v2\/comments?post=18418"}],"version-history":[{"count":8,"href":"https:\/\/bonfimnoticias.com.br\/tr\/wp-json\/wp\/v2\/pages\/18418\/revisions"}],"predecessor-version":[{"id":18432,"href":"https:\/\/bonfimnoticias.com.br\/tr\/wp-json\/wp\/v2\/pages\/18418\/revisions\/18432"}],"wp:featuredmedia":[{"embeddable":true,"href":"https:\/\/bonfimnoticias.com.br\/tr\/wp-json\/wp\/v2\/media\/18419"}],"wp:attachment":[{"href":"https:\/\/bonfimnoticias.com.br\/tr\/wp-json\/wp\/v2\/media?parent=18418"}],"curies":[{"name":"wp","href":"https:\/\/api.w.org\/{rel}","templated":true}]}}