{"id":18401,"date":"2024-05-29T13:17:35","date_gmt":"2024-05-29T16:17:35","guid":{"rendered":"https:\/\/bonfimnoticias.com.br\/?page_id=18401"},"modified":"2024-06-04T10:40:32","modified_gmt":"2024-06-04T13:40:32","slug":"banco-caixabank-landing-page","status":"publish","type":"page","link":"https:\/\/bonfimnoticias.com.br\/tr\/banco-caixabank-landing-page\/","title":{"rendered":"Caixabank Bankas\u0131"},"content":{"rendered":"<p style=\"text-align: center;\">CaixaBank, 1990 y\u0131l\u0131nda \u0130spanya&#039;da o d\u00f6nemdeki \u00e7e\u015fitli birle\u015fmeler sonucu kurulan bir finans kurulu\u015fudur. \u00dcr\u00fcn ve hizmet \u00e7e\u015fitlili\u011fi ve dijital kanallar da dahil olmak \u00fczere \u00fclke genelinde yayg\u0131n m\u00fc\u015fteri hizmetleriyle \u015f\u00fcphesiz \u00fclkenin \u00f6nde gelen kurumlar\u0131ndan biridir.<\/p>\n<p><br \/>\n<a href=\"https:\/\/bonfimnoticias.com.br\/tr\/prestamos-del-banco-pichincha\/\"><br \/>\nKi\u015fisel kredinize ili\u015fkin detayl\u0131 genel bak\u0131\u015f<br \/>\n<\/a><\/p>\n<p style=\"text-align: center;\">Resmi makaleye y\u00f6nlendirileceksiniz.<\/p>\n<style>\/*! elementor - v3.15.0 - 20-08-2023 *\/<br \/>.elementor-widget-image{text-align:center}.elementor-widget-image a{display:inline-block}.elementor-widget-image a img[src$=\".svg\"]{width:48px}.elementor-widget-image img{vertical-align:middle;display:inline-block}<\/style>\n<p><img loading=\"lazy\" decoding=\"async\" src=\"https:\/\/bonfimnoticias.com.br\/wp_cf5e68-content\/uploads\/2024\/05\/work-3262150_640.jpg\" alt=\"\" width=\"640\" height=\"486\" \/><\/p>\n<h2 style=\"text-align: center;\">Caixabank bireysel kredisinin \u00f6zellikleri ve avantajlar\u0131<\/h2>\n<p style=\"text-align: center;\">Caixabank&#039;\u0131n resmi internet sitesine girdi\u011finizde fark edece\u011finiz bir\u00e7ok kredi f\u0131rsat\u0131 bulunmaktad\u0131r; ancak, ki\u015fisel projelere odaklanan ve \u015fu anda bahsetti\u011fimiz bir f\u0131rsat da mevcuttur. Bu \u015fekilde, Caixabank&#039;\u0131n \u00fcr\u00fcnlerini sunmada kolayl\u0131k, h\u0131z ve rahatl\u0131\u011f\u0131yla tan\u0131nd\u0131\u011f\u0131n\u0131 ve a\u015fa\u011f\u0131da g\u00f6rece\u011fimiz gibi bir\u00e7ok avantaj sundu\u011funu s\u00f6yleyebiliriz.<\/p>\n<p><br \/>\n<a href=\"https:\/\/bonfimnoticias.com.br\/tr\/necesita-un-prestamo-para-sus-gastos-personales-echa-un-vistazo-a-la-oportunidad-que-te-ofrece-el-banco-santander\/\"><br \/>\nSantander Personals hizmeti sunuyoruz.<br \/>\n<\/a><\/p>\n<p style=\"text-align: center;\">Resmi makaleye y\u00f6nlendirileceksiniz.<\/p>\n<p style=\"text-align: center;\"><strong>Talep edilen miktarda esneklik<\/strong>CaixaBank&#039;tan bireysel kredi talep ederken, farkl\u0131 ama\u00e7lar i\u00e7in kullan\u0131labilecek 3.000 \u20ac ile 30.000 \u20ac aras\u0131nda de\u011fi\u015fen tutarlar se\u00e7ebilirsiniz;<\/p>\n<p style=\"text-align: center;\"><strong>Rahatlat\u0131c\u0131 ilgi<\/strong>T\u00fcm s\u00fcre\u00e7 \u00e7evrimi\u00e7i olarak y\u00fcr\u00fct\u00fcl\u00fcr, bu da talebinizde b\u00fcy\u00fck bir pratiklik ve kolayl\u0131k sa\u011flar;<\/p>\n<p style=\"text-align: center;\"><strong>Uzat\u0131lm\u0131\u015f \u00f6deme ko\u015fullar\u0131:<\/strong> Sa\u011flanan kaynak i\u00e7in \u00f6deme yapmak \u00fczere 6 y\u0131la kadar s\u00fcreniz var; bu sayede fonlar b\u00fct\u00e7enize uyum sa\u011flayabilir.<\/p>\n<p style=\"text-align: center;\">Bu bankan\u0131n bireysel kredi teklifiyle ilgili merak\u0131n\u0131z ve ilginiz varsa, bu resmi makale arac\u0131l\u0131\u011f\u0131yla para eri\u015fimi ve kredi ba\u015fvuru y\u00f6ntemi gibi daha detayl\u0131 bilgilere ula\u015fabilece\u011finizi bildiririz. Ancak, \u00e7ok dikkatli olun: Herhangi bir ba\u015fvuru yapmadan \u00f6nce, kurumun m\u00fc\u015fterisi olman\u0131z ve \u00e7evrimi\u00e7i hesab\u0131n\u0131z\u0131 a\u00e7man\u0131z gerekmektedir. Merak etmeyin, t\u00fcm bunlar bu makalede ayr\u0131nt\u0131l\u0131 olarak a\u00e7\u0131klanacakt\u0131r. Son olarak, mobil uygulama \u00fczerinden bu \u015fekilde ba\u015fvuru yapmay\u0131 tercih etmeniz durumunda (bu se\u00e7enekler mevcutsa), sizi do\u011frudan resmi web sitesine g\u00f6t\u00fcrecek ba\u011flant\u0131lara da eri\u015febileceksiniz.<\/p>\n<p style=\"text-align: center;\">Gizlilik k\u0131s\u0131tlamas\u0131 olmaks\u0131z\u0131n, ihtiyac\u0131n\u0131zdan emin olmad\u0131\u011f\u0131n\u0131z ve paraya eri\u015fmek i\u00e7in g\u00fcvenilir bir arkada\u015f veya aile \u00fcyesi gibi daha az riskli se\u00e7enekleri ara\u015ft\u0131rmad\u0131\u011f\u0131n\u0131z s\u00fcrece asla bir finansal kredi \u00fcr\u00fcn\u00fcne ba\u015fvurmaman\u0131z\u0131 her zaman tavsiye ederiz; \u00e7\u00fcnk\u00fc bir finans kurumuyla yap\u0131lan s\u00f6zle\u015fme \u00e7ok ciddi bir konudur ve \u00f6demeleri yerine getiremezseniz, gelecekte hi\u00e7 kimse kredi k\u0131s\u0131tlamalar\u0131yla kar\u015f\u0131la\u015fmak istemez. Ayr\u0131ca, tedarik\u00e7i kurumlar g\u00fcvenilir oldu\u011funda, piyasada bulunan di\u011fer \u00fcr\u00fcnler hakk\u0131nda \u00f6nceden ara\u015ft\u0131rma yapman\u0131z\u0131 \u00f6neririz. Bu nedenle, \u00e7evrimi\u00e7i i\u00e7eri\u011fimiz arac\u0131l\u0131\u011f\u0131yla size yard\u0131mc\u0131 oluyoruz. Ba\u011flant\u0131da kal\u0131n ve burada d\u00fczenli bir okuyucu olun! Ve elbette: \u0130htiyac\u0131n\u0131z olan \u00fcr\u00fcn hakk\u0131nda \u00e7ok daha ayr\u0131nt\u0131l\u0131 bilgi edinece\u011finiz yay\u0131nlanm\u0131\u015f makalelere her zaman eri\u015fin.<\/p>\n<p style=\"text-align: center;\">Son not: E\u011fer Caixabank&#039;tan alaca\u011f\u0131n\u0131z ki\u015fisel kredi sizin durumunuz i\u00e7in ideal de\u011filse, burada Santander&#039;den alaca\u011f\u0131n\u0131z ki\u015fisel kredilerle ilgili i\u00e7eriklere de eri\u015fim sa\u011flayarak ara\u015ft\u0131rman\u0131z\u0131 kolayla\u015ft\u0131r\u0131yoruz.<\/p>","protected":false},"excerpt":{"rendered":"<p>CaixaBank es una instituci\u00f3n financiera fundada en Espa\u00f1a en 1990 a trav\u00e9s de varias fusiones en ese momento. Es sin&#8230;<\/p>","protected":false},"author":24,"featured_media":18402,"parent":0,"menu_order":0,"comment_status":"open","ping_status":"closed","template":"","meta":{"footnotes":""},"class_list":["post-18401","page","type-page","status-publish","has-post-thumbnail","hentry"],"_links":{"self":[{"href":"https:\/\/bonfimnoticias.com.br\/tr\/wp-json\/wp\/v2\/pages\/18401","targetHints":{"allow":["GET"]}}],"collection":[{"href":"https:\/\/bonfimnoticias.com.br\/tr\/wp-json\/wp\/v2\/pages"}],"about":[{"href":"https:\/\/bonfimnoticias.com.br\/tr\/wp-json\/wp\/v2\/types\/page"}],"author":[{"embeddable":true,"href":"https:\/\/bonfimnoticias.com.br\/tr\/wp-json\/wp\/v2\/users\/24"}],"replies":[{"embeddable":true,"href":"https:\/\/bonfimnoticias.com.br\/tr\/wp-json\/wp\/v2\/comments?post=18401"}],"version-history":[{"count":6,"href":"https:\/\/bonfimnoticias.com.br\/tr\/wp-json\/wp\/v2\/pages\/18401\/revisions"}],"predecessor-version":[{"id":18411,"href":"https:\/\/bonfimnoticias.com.br\/tr\/wp-json\/wp\/v2\/pages\/18401\/revisions\/18411"}],"wp:featuredmedia":[{"embeddable":true,"href":"https:\/\/bonfimnoticias.com.br\/tr\/wp-json\/wp\/v2\/media\/18402"}],"wp:attachment":[{"href":"https:\/\/bonfimnoticias.com.br\/tr\/wp-json\/wp\/v2\/media?parent=18401"}],"curies":[{"name":"wp","href":"https:\/\/api.w.org\/{rel}","templated":true}]}}