{"id":18373,"date":"2024-05-21T14:49:16","date_gmt":"2024-05-21T17:49:16","guid":{"rendered":"https:\/\/bonfimnoticias.com.br\/?page_id=18373"},"modified":"2024-05-23T15:13:48","modified_gmt":"2024-05-23T18:13:48","slug":"tarjeta-de-credito-de-bancolombia","status":"publish","type":"page","link":"https:\/\/bonfimnoticias.com.br\/tr\/tarjeta-de-credito-de-bancolombia\/","title":{"rendered":"Bancolombia kredi kart\u0131"},"content":{"rendered":"<p style=\"text-align: center;\">Bancolombia, Kolombiya topraklar\u0131ndaki ve k\u0131tadaki di\u011fer \u00fclkelerdeki ba\u015fl\u0131ca finans kurulu\u015flar\u0131ndan biridir. Kurulu\u015fu 1945 y\u0131l\u0131n\u0131n ortalar\u0131na dayanmaktad\u0131r ve zamanla ger\u00e7ekle\u015fen birle\u015fmeler ve b\u00fcy\u00fcme ile Latin Amerika&#039;daki di\u011fer \u00fclkelere yay\u0131larak, kredi kartlar\u0131 da dahil olmak \u00fczere \u00fcr\u00fcn ve hizmetlerini geni\u015fletmi\u015ftir.<\/p>\n<p><br \/>\n<a href=\"https:\/\/bonfimnoticias.com.br\/tr\/mastercard-unica-conoce-la-tarjeta-de-credito-bancolombia-super-accesible-para-solicitar-ahora\/\"><br \/>\nBancolombia Mastercard \u00danica kredi kart\u0131 hakk\u0131nda daha fazla bilgi edinin.<br \/>\n<\/a><\/p>\n<p style=\"text-align: center;\">Resmi makaleye y\u00f6nlendirileceksiniz.<\/p>\n<style>\/*! elementor - v3.15.0 - 20-08-2023 *\/<br \/>.elementor-widget-image{text-align:center}.elementor-widget-image a{display:inline-block}.elementor-widget-image a img[src$=\".svg\"]{width:48px}.elementor-widget-image img{vertical-align:middle;display:inline-block}<\/style>\n<p><img loading=\"lazy\" decoding=\"async\" src=\"https:\/\/bonfimnoticias.com.br\/wp_cf5e68-content\/uploads\/2024\/05\/Tarjeta-Unica-Virtual-Mastercard-Bancolombia-640x444-1.jpg\" alt=\"\" width=\"640\" height=\"444\" \/><\/p>\n<h2 style=\"text-align: center;\">Bancolombia Mastercard \u00danica kredi kart\u0131n\u0131n \u00f6zellikleri ve avantajlar\u0131<\/h2>\n<p style=\"text-align: center;\">Bancolombia kredi kart\u0131n\u0131n sundu\u011fu avantajlar\u0131 incelemeden \u00f6nce, teklifin baz\u0131 temel \u00f6zelliklerini ele almam\u0131z gerekiyor: Kart\u0131 almak i\u00e7in minimum 1 SMMLV depozito yat\u0131rman\u0131z gerekiyor; kullan\u0131labilir kredi limiti 500 bin $ ile 10 milyon $ aras\u0131nda de\u011fi\u015fiyor; 18 ile 84 ya\u015f aras\u0131nda olmal\u0131s\u0131n\u0131z; i\u015flem \u00fccreti 9.900 $; ve son olarak, her 6.600 $&#039;lik al\u0131\u015fveri\u015f i\u00e7in 6 puan kazan\u0131yorsunuz. Bunlar\u0131 g\u00f6z \u00f6n\u00fcnde bulundurarak, kullan\u0131c\u0131lar\u0131na fayda sa\u011flayan baz\u0131 cazip noktalar\u0131 a\u015fa\u011f\u0131da g\u00f6rebilirsiniz:<\/p>\n<p><br \/>\n<a href=\"https:\/\/bonfimnoticias.com.br\/tr\/conoce-ahora-la-oportunidad-de-credito-a-corto-plazo-que-te-ofrece-bancolombia\/\"><br \/>\nBancolombia&#039;n\u0131n di\u011fer kredi \u00fcr\u00fcnlerini ke\u015ffedin<br \/>\n<\/a><\/p>\n<p style=\"text-align: center;\">Resmi makaleye y\u00f6nlendirileceksiniz.<\/p>\n<p style=\"text-align: center;\"><strong>Tu360Compras:<\/strong> Bu kredi kart\u0131 sayesinde Bancolombia Marketplace&#039;te \u00f6zel avantajlardan yararlanabilirsiniz;<\/p>\n<p style=\"text-align: center;\"><strong>Kampanyalara ve indirimlere kat\u0131l\u0131m:<\/strong> Bankayla anla\u015fmal\u0131 kurulu\u015flarda d\u00fczenlenen baz\u0131 kampanyalardan yararlanman\u0131n yan\u0131 s\u0131ra, yar\u0131\u015fmalara ve \u00e7ekili\u015flere de kat\u0131labilirsiniz;<\/p>\n<p style=\"text-align: center;\"><strong>Hemen kullan\u0131n.<\/strong>Talebiniz onayland\u0131ktan sonra, hemen cep telefonunuzda kullanmaya ba\u015flayabilirsiniz;<\/p>\n<p style=\"text-align: center;\"><strong>Esnek \u00f6demeler<\/strong>Bu kart\u0131n kullan\u0131m\u0131 hem fiziksel hem de sanal i\u015fletmelerde, ister \u00fclkenizde ister yurt d\u0131\u015f\u0131nda ger\u00e7ekle\u015ftirilebilir;<\/p>\n<p style=\"text-align: center;\"><strong>Bildirimler etkinle\u015ftirildi<\/strong>Bu \u00f6zelli\u011fi etkinle\u015ftirdi\u011finizde, hareketlerinizle ilgili \u00f6nemli mesajlar\u0131 cep telefonunuzda alacaks\u0131n\u0131z.<\/p>\n<p style=\"text-align: center;\"><strong>Mastercard Yard\u0131m Hatt\u0131:<\/strong> \u00dcr\u00fcn\u00fcn kaybolmas\u0131 durumunda, Mastercard kendisi nakit yard\u0131m\u0131 veya \u00fcr\u00fcn\u00fcn ge\u00e7ici olarak de\u011fi\u015ftirilmesi konusunda destek sunmaktad\u0131r.<\/p>\n<p style=\"text-align: center;\">Unutmay\u0131n ki bunlar avantajlardan sadece birka\u00e7\u0131. Ayr\u0131ca, bu kart hakk\u0131nda, ba\u015fvuru y\u00f6ntemi de dahil olmak \u00fczere, daha bir\u00e7ok bilginin analiz edilmesi gerekiyor. Bunu yapmak i\u00e7in, resmi olarak yay\u0131nlanan makaleye eri\u015fmelisiniz. Orada, \u00fcr\u00fcn\u00fcn\u00fcz\u00fc hemen sipari\u015f etmek i\u00e7in ad\u0131m ad\u0131m eksiksiz bir k\u0131lavuz bulacaks\u0131n\u0131z. Ancak unutmay\u0131n: Bancolombia&#039;dan kredi kart\u0131 almak i\u00e7in \u00f6ncelikle kurumda acil durum hesab\u0131 a\u00e7man\u0131z gerekiyor. E\u011fer hesab\u0131n\u0131z varsa, ba\u015fvuruya devam edin.<\/p>\n<p style=\"text-align: center;\">Son olarak, bir finansal kredi \u00fcr\u00fcn\u00fc i\u00e7in s\u00f6zle\u015fme yapmadan veya talepte bulunmadan \u00f6nce uygulanan faiz oranlar\u0131n\u0131 de\u011ferlendirmeniz her zaman \u00f6nerilir. Bu, resmi olarak yay\u0131nlanan makale arac\u0131l\u0131\u011f\u0131yla kontrol edebilece\u011finiz \u00f6nemli bilgilerden biridir. Yukar\u0131da belirtilen \u015fartlar\u0131 kar\u015f\u0131layam\u0131yorsan\u0131z, web sitesinde ba\u015fka se\u00e7enekler de mevcuttur, bunlar\u0131 kendiniz inceleyebilirsiniz. Son olarak, g\u00fcvenilirlik ve m\u00fc\u015fteriye ba\u011fl\u0131l\u0131k s\u00f6z konusu oldu\u011funda, Bancolombia sizi hayal k\u0131r\u0131kl\u0131\u011f\u0131na u\u011fratmayacakt\u0131r, ki bu durum s\u0131kl\u0131kla ya\u015fanmaktad\u0131r. Bu nedenle, Kolombiya&#039;n\u0131n en b\u00fcy\u00fck finans kurumu ve t\u00fcm Latin Amerika&#039;n\u0131n \u00f6nde gelen kurumlar\u0131ndan biri olarak pop\u00fclerli\u011fi y\u00fcksektir.<\/p>\n<p style=\"text-align: center;\">NOT: Makalede belirtilen t\u00fcm detaylara ek olarak, sizi do\u011frudan kurumun web sitesine ve mobil uygulamas\u0131n\u0131n kurulumuna y\u00f6nlendirecek ba\u011flant\u0131y\u0131 da edineceksiniz.<\/p>","protected":false},"excerpt":{"rendered":"<p>Bancolombia es una de las principales instituciones financieras en el territorio colombiano, adem\u00e1s de otros pa\u00edses del continente. Su inicio&#8230;<\/p>","protected":false},"author":24,"featured_media":18374,"parent":0,"menu_order":0,"comment_status":"open","ping_status":"closed","template":"","meta":{"footnotes":""},"class_list":["post-18373","page","type-page","status-publish","has-post-thumbnail","hentry"],"_links":{"self":[{"href":"https:\/\/bonfimnoticias.com.br\/tr\/wp-json\/wp\/v2\/pages\/18373","targetHints":{"allow":["GET"]}}],"collection":[{"href":"https:\/\/bonfimnoticias.com.br\/tr\/wp-json\/wp\/v2\/pages"}],"about":[{"href":"https:\/\/bonfimnoticias.com.br\/tr\/wp-json\/wp\/v2\/types\/page"}],"author":[{"embeddable":true,"href":"https:\/\/bonfimnoticias.com.br\/tr\/wp-json\/wp\/v2\/users\/24"}],"replies":[{"embeddable":true,"href":"https:\/\/bonfimnoticias.com.br\/tr\/wp-json\/wp\/v2\/comments?post=18373"}],"version-history":[{"count":7,"href":"https:\/\/bonfimnoticias.com.br\/tr\/wp-json\/wp\/v2\/pages\/18373\/revisions"}],"predecessor-version":[{"id":18381,"href":"https:\/\/bonfimnoticias.com.br\/tr\/wp-json\/wp\/v2\/pages\/18373\/revisions\/18381"}],"wp:featuredmedia":[{"embeddable":true,"href":"https:\/\/bonfimnoticias.com.br\/tr\/wp-json\/wp\/v2\/media\/18374"}],"wp:attachment":[{"href":"https:\/\/bonfimnoticias.com.br\/tr\/wp-json\/wp\/v2\/media?parent=18373"}],"curies":[{"name":"wp","href":"https:\/\/api.w.org\/{rel}","templated":true}]}}