{"id":18356,"date":"2024-05-17T13:33:15","date_gmt":"2024-05-17T16:33:15","guid":{"rendered":"https:\/\/bonfimnoticias.com.br\/?page_id=18356"},"modified":"2024-05-21T13:08:24","modified_gmt":"2024-05-21T16:08:24","slug":"banco-de-guayaquil","status":"publish","type":"page","link":"https:\/\/bonfimnoticias.com.br\/tr\/banco-de-guayaquil\/","title":{"rendered":"Guayaquil Bankas\u0131"},"content":{"rendered":"<p style=\"text-align: center;\">Banco de Guayaquil t\u00fcketici kredisi, esnek kullan\u0131m olana\u011f\u0131 sunar; yani ba\u015fvuru sahibi paray\u0131 hangi ama\u00e7la kullanmak isterse istesin, diledi\u011fi \u015fekilde kullanabilir.<\/p>\n<p><br \/>\n\t\t\t<a href=\"https:\/\/bonfimnoticias.com.br\/tr\/banco-de-guayaquil-solicite-ya-su-prestamo-financiero-en-pocos-pasos\/#goog_rewarded\"><br \/>\n\t\t\t\t\t\tBu f\u0131rsat hakk\u0131nda daha fazla bilgi<br \/>\n\t\t\t\t\t<\/a><\/p>\n<p style=\"text-align: center;\">Resmi makaleye y\u00f6nlendirileceksiniz. <\/p>\n<style>\/*! elementor - v3.15.0 - 20-08-2023 *\/\n.elementor-widget-image{text-align:center}.elementor-widget-image a{display:inline-block}.elementor-widget-image a img[src$=\".svg\"]{width:48px}.elementor-widget-image img{vertical-align:middle;display:inline-block}<\/style>\n<p>\t\t\t\t\t\t\t\t\t\t\t\t<img decoding=\"async\" width=\"1024\" height=\"683\" src=\"https:\/\/bonfimnoticias.com.br\/wp_cf5e68-content\/uploads\/2024\/05\/mercado-credito5-1024x683.png\" alt=\"\" loading=\"lazy\" srcset=\"https:\/\/bonfimnoticias.com.br\/wp_cf5e68-content\/uploads\/2024\/05\/mercado-credito5-1024x683.png 1024w, https:\/\/bonfimnoticias.com.br\/wp_cf5e68-content\/uploads\/2024\/05\/mercado-credito5-800x533.png 800w, https:\/\/bonfimnoticias.com.br\/wp_cf5e68-content\/uploads\/2024\/05\/mercado-credito5-768x512.png 768w, https:\/\/bonfimnoticias.com.br\/wp_cf5e68-content\/uploads\/2024\/05\/mercado-credito5.png 1200w\" sizes=\"auto, (max-width: 1024px) 100vw, 1024px\" \/>\t\t\t\t\t\t\t\t\t\t\t\t\t\t\t<\/p>\n<h2 style=\"text-align: center;\">Banco de Guayaquil&#039;in t\u00fcketici kredisinin \u00f6zelliklerini ve avantajlar\u0131n\u0131 ke\u015ffedin.<\/h2>\n<p style=\"text-align: center;\">Daha \u00f6nce de belirtildi\u011fi gibi, Banco de Guayaquil taraf\u0131ndan sunulan t\u00fcketici kredisi, paray\u0131 istedi\u011finiz gibi kullanman\u0131z i\u00e7in esnek bir f\u0131rsatt\u0131r. Krediyi ald\u0131\u011f\u0131n\u0131zda, \u00f6demeyi tamamlamak i\u00e7in 60 ay\u0131n\u0131z vard\u0131r. Kredinin toplam tutar\u0131 2.000 TL ile 60.000 TL aras\u0131nda de\u011fi\u015fmekte olup, .603 TL faiz uygulanmaktad\u0131r ve tutar Guayaquil banka hesab\u0131n\u0131za an\u0131nda aktar\u0131lmaktad\u0131r.<\/p>\n<p><br \/>\n\t\t\t<a href=\"https:\/\/bonfimnoticias.com.br\/tr\/prestamos-del-banco-pichincha\/\"><br \/>\n\t\t\t\t\t\tKredinizi nas\u0131l talep edece\u011finizi \u00f6\u011frenin.<br \/>\n\t\t\t\t\t<\/a><\/p>\n<p style=\"text-align: center;\">Resmi makaleye y\u00f6nlendirileceksiniz.<\/p>\n<p style=\"text-align: center;\"><strong>Banco de Guayaquil&#039;den t\u00fcketici kredisi alarak \u00f6demelerinizde esneklik elde edersiniz.<\/strong>Uzat\u0131lm\u0131\u015f s\u00fcreye ek olarak, \u00fccretlerinizi \u00f6deyece\u011finiz g\u00fcn\u00fc de se\u00e7ebilirsiniz;<\/p>\n<p style=\"text-align: center;\"><strong>\u00d6deme se\u00e7enekleri sizin tercihinize g\u00f6re.<\/strong>\u00dccretlerinizi banka uygulamas\u0131 \u00fczerinden veya otomatik \u00f6deme talimat\u0131 ile uzaktan \u00f6deyebilirsiniz;<\/p>\n<p style=\"text-align: center;\"><strong>H\u0131zl\u0131 cevap<\/strong>Kredinizin onaylanmas\u0131 piyasadaki en h\u0131zl\u0131 s\u00fcre\u00e7lerden biridir ve ayn\u0131 g\u00fcn i\u00e7inde ba\u015fvuruda bulunman\u0131z durumunda sadece birka\u00e7 saat i\u00e7inde tamamlanabilir.<\/p>\n<p style=\"text-align: center;\">Bankan\u0131n sundu\u011fu bu avantajlar\u0131n \u00f6tesinde, kurumun faaliyet g\u00f6sterdi\u011fi \u00fclkelerde sahip oldu\u011fu g\u00fcvenilirlik ve anlam da \u00f6nemli. \u00d6rne\u011fin, kuruldu\u011fu yer olan Ekvador&#039;da varl\u0131\u011f\u0131 tarihi ve yerel ekonomi i\u00e7in b\u00fcy\u00fck \u00f6nem ta\u015f\u0131yor. Bu arada, faaliyetleri Latin Amerika&#039;daki di\u011fer \u00fclkelere de yay\u0131l\u0131yor ve dijital kanallara da ula\u015f\u0131yor; her zaman m\u00fc\u015fterilerine ve kullan\u0131c\u0131lar\u0131na ayn\u0131 ba\u011fl\u0131l\u0131kla hizmet veriyor. Bu \u015fekilde, Banco de Guayaquil&#039;in \u00fcr\u00fcn ve hizmetlerinin piyasada ger\u00e7ekten cazip oldu\u011funu s\u00f6yleyebiliriz.<\/p>\n<p style=\"text-align: center;\">\u00dcr\u00fcn talebiyle ilgili olarak, resmi olarak yay\u0131nlanan makalede ad\u0131m ad\u0131m detayl\u0131 bir a\u00e7\u0131klama sunuyoruz. Orada ayr\u0131ca bankan\u0131n web sitesine y\u00f6nlendiren ba\u011flant\u0131y\u0131 da bulacaks\u0131n\u0131z ve bu \u015fekilde ba\u015fvuru s\u00fcrecinizi ba\u015flatabilirsiniz. Hala \u015f\u00fcpheleriniz varsa, banka kendi kurumsal web sitesi arac\u0131l\u0131\u011f\u0131yla m\u00fc\u015fterilerine destek kanallar\u0131 sunarak t\u00fcm sorular\u0131n\u0131 yan\u0131tl\u0131yor. Endi\u015felenmeyin, bu olduk\u00e7a sezgisel bir s\u00fcre\u00e7 ve belirtildi\u011fi gibi, Banco de Guayaquil \u00e7ok g\u00fcvenilir ve \u00f6zverili bir banka.<\/p>\n<p style=\"text-align: center;\">Son olarak, kredi ba\u015fvurusunda bulunmak isteyen okurlar\u0131m\u0131za her zaman ayn\u0131 tavsiyeyi veriyoruz: Bu t\u00fcr \u00fcr\u00fcnler, ger\u00e7ekten ihtiya\u00e7 duyulan durumlarda, gerekli kayna\u011fa eri\u015fmenin ba\u015fka bir yolu olmad\u0131\u011f\u0131nda kullan\u0131l\u0131r; \u00e7\u00fcnk\u00fc elbette para, faiziyle birlikte geri \u00f6denmelidir. Bu nedenle, her \u015feyden \u00f6nce, \u00f6demenizin mali durumunuzu olumsuz etkilememesi i\u00e7in finansal planlama yap\u0131n. B\u00fct\u00e7enize uygun ve gelirinizin b\u00fcy\u00fck bir b\u00f6l\u00fcm\u00fcn\u00fc tehlikeye atmayan kredi miktarlar\u0131n\u0131 se\u00e7in. T\u00fcm bu \u00f6zen \u00e7ok \u00f6nemlidir \u00e7\u00fcnk\u00fc, e\u011fer bir taahh\u00fct yoksa, gelecekte size zarar verebilecek d\u00fc\u015f\u00fck bir kredi puan\u0131na sahip olabilirsiniz.<\/p>","protected":false},"excerpt":{"rendered":"<p>El pr\u00e9stamo de consumo del Banco de Guayaquil es una oportunidad para uso flexible, es decir, para cualquier finalidad en&#8230;<\/p>","protected":false},"author":24,"featured_media":18357,"parent":0,"menu_order":0,"comment_status":"open","ping_status":"closed","template":"","meta":{"footnotes":""},"class_list":["post-18356","page","type-page","status-publish","has-post-thumbnail","hentry"],"_links":{"self":[{"href":"https:\/\/bonfimnoticias.com.br\/tr\/wp-json\/wp\/v2\/pages\/18356","targetHints":{"allow":["GET"]}}],"collection":[{"href":"https:\/\/bonfimnoticias.com.br\/tr\/wp-json\/wp\/v2\/pages"}],"about":[{"href":"https:\/\/bonfimnoticias.com.br\/tr\/wp-json\/wp\/v2\/types\/page"}],"author":[{"embeddable":true,"href":"https:\/\/bonfimnoticias.com.br\/tr\/wp-json\/wp\/v2\/users\/24"}],"replies":[{"embeddable":true,"href":"https:\/\/bonfimnoticias.com.br\/tr\/wp-json\/wp\/v2\/comments?post=18356"}],"version-history":[{"count":8,"href":"https:\/\/bonfimnoticias.com.br\/tr\/wp-json\/wp\/v2\/pages\/18356\/revisions"}],"predecessor-version":[{"id":18369,"href":"https:\/\/bonfimnoticias.com.br\/tr\/wp-json\/wp\/v2\/pages\/18356\/revisions\/18369"}],"wp:featuredmedia":[{"embeddable":true,"href":"https:\/\/bonfimnoticias.com.br\/tr\/wp-json\/wp\/v2\/media\/18357"}],"wp:attachment":[{"href":"https:\/\/bonfimnoticias.com.br\/tr\/wp-json\/wp\/v2\/media?parent=18356"}],"curies":[{"name":"wp","href":"https:\/\/api.w.org\/{rel}","templated":true}]}}