{"id":18252,"date":"2024-05-08T09:05:13","date_gmt":"2024-05-08T12:05:13","guid":{"rendered":"https:\/\/bonfimnoticias.com.br\/?page_id=18252"},"modified":"2024-10-11T15:49:58","modified_gmt":"2024-10-11T18:49:58","slug":"santander-prestamo","status":"publish","type":"page","link":"https:\/\/bonfimnoticias.com.br\/tr\/santander-prestamo\/","title":{"rendered":"Santander Kredisi"},"content":{"rendered":"<p>Santander Kredisi<\/p>\n<p>Santander Bireysel Kredisi ideal bir se\u00e7enektir.<\/p>\n\n<p style=\"text-align: center;\">Santander, ba\u015fvuru a\u015famas\u0131ndan fonlar\u0131n serbest b\u0131rak\u0131lmas\u0131na kadar basitle\u015ftirilmi\u015f bir s\u00fcre\u00e7le, mali durumunuzu kontrol etmenizi sa\u011flayan ve ihtiya\u00e7 duydu\u011funuz kaynaklara h\u0131zl\u0131 ve sorunsuz eri\u015fim imkan\u0131 sunan bir ki\u015fisel kredi deneyimi sunar.<\/p>\n<p>\t\t\t<a href=\"https:\/\/bonfimnoticias.com.br\/tr\/necesita-un-prestamo-para-sus-gastos-personales-echa-un-vistazo-a-la-oportunidad-que-te-ofrece-el-banco-santander\/\"><br \/>\n\t\t\t\t\t\t\u015eimdi Nas\u0131l Ba\u015fvurulur?<br \/>\n\t\t\t\t\t<\/a><\/p>\n<style>\/*! elementor - v3.15.0 - 20-08-2023 *\/\n.elementor-widget-image{text-align:center}.elementor-widget-image a{display:inline-block}.elementor-widget-image a img[src$=\".svg\"]{width:48px}.elementor-widget-image img{vertical-align:middle;display:inline-block}<\/style>\n<p>\t\t\t\t\t\t\t\t\t\t\t\t<img decoding=\"async\" width=\"860\" height=\"504\" src=\"https:\/\/bonfimnoticias.com.br\/wp_cf5e68-content\/uploads\/2024\/07\/santander.jpeg\" alt=\"\" loading=\"lazy\" srcset=\"https:\/\/bonfimnoticias.com.br\/wp_cf5e68-content\/uploads\/2024\/07\/santander.jpeg 860w, https:\/\/bonfimnoticias.com.br\/wp_cf5e68-content\/uploads\/2024\/07\/santander-800x469.jpeg 800w, https:\/\/bonfimnoticias.com.br\/wp_cf5e68-content\/uploads\/2024\/07\/santander-768x450.jpeg 768w\" sizes=\"auto, (max-width: 860px) 100vw, 860px\" \/>\t\t\t\t\t\t\t\t\t\t\t\t\t\t\t<\/p>\n<h2 style=\"text-align: center;\">\u0130lginizi \u00e7ekebilir:<\/h2>\n<p><a href=\"https:\/\/bonfimnoticias.com.br\/tr\/tarjetas-de-credito-caixabank-consulta-las-opciones-y-como-solicitarlas\/\"><br \/>\n<img loading=\"lazy\" decoding=\"async\" style=\"border-radius:5px;\" src=\"https:\/\/www.caixabank.es\/docs\/cards\/catalog\/img\/15_classic_244x170.jpg\" alt=\"\"><br \/>\nCaixabank Kart\u0131<br \/>\n<\/a><a style=\"background-color:; color:white; font-weight:bold;\" href=\"https:\/\/bonfimnoticias.com.br\/tr\/tarjetas-de-credito-caixabank-consulta-las-opciones-y-como-solicitarlas\/\">\u015eimdi Nas\u0131l Ba\u015fvurulur \u279c<\/a><\/p>\n<style>\n    .destaque-header-dd {\n        width: 360px;\n        display: flex;\n        flex-direction: column;\n        align-items: center;\n        justify-content: space-around;\n        border: 1px solid rgb(206 206 206 \/ 21%);\n        box-shadow: rgba(0, 0, 0, 0.1)0px 2px 3px;\n        border-radius: 5px;\n        padding: 0.5em 0;\n        margin: 1.5em 0;\n        background: #ffff;\n    }\n    a.comparison-item-dd {\n        text-decoration: none;\n        color: #000;\n    }\n    .wp_cf5e68-block-lazyblock-destaque-card {\n        display: flex;\n        justify-content: center;\n    }\n    .comparison-item-dd {\nmargin: 10px;\n        text-decoration: none;\n        display: flex;\n        flex-direction: column;\n        justify-content: center;\n        align-items: center;\n    }\n    .destaque-image-dd {\n        border-radius: 5px;\n        width: 360px;\n        height: 200px;\n        object-fit: cover;\n        box-shadow: none;\n    }\n    .destaque-title-dd {\n        font-size: 18px;\n        font-weight: bold;\n        padding-top: 16px;\n    }\n    .btn-cta-destaque-dd {\n        background: #FF3838;\n        font-size: 16px;\n        line-height: 3;\n        text-transform: none;\n        display: inline-block;\n        color: #fff;\n        fill: #fff;\n        border: none;\n        text-decoration: none;\n        outline: 3;\n        text-shadow: none;\n        box-shadow: rgba(0, 0, 0, 0.5)0px 2px 4px;\n        border-radius: 4px;\n    }\n    a.btn-cta-destaque-dd {\n        text-decoration: none;\n        height: 45px;\n        display: flex;\n        align-items: center;\n        padding: 0 1em;\n        margin: 16px 0 8px;\n    }\n<\/style>\n<h2 style=\"text-align: center;\"><strong>Avantajlar ve Faydalar<\/strong><\/h2>\n<p style=\"text-align: center;\">Bu finansal hizmetin, size finansal durumunuz \u00fczerinde kontrol sahibi olman\u0131z\u0131 sa\u011flayacak bir dizi avantaj ve fayda sunarak, isteklerinizi nas\u0131l ger\u00e7e\u011fe d\u00f6n\u00fc\u015ft\u00fcrebilece\u011fini ke\u015ffedin. \u015eimdi, Santander Ki\u015fisel Plan\u0131&#039;n\u0131n neden \u00fcst\u00fcn bir se\u00e7enek oldu\u011funu vurgulayan baz\u0131 \u00f6nemli noktalar\u0131 sunuyoruz:<\/p>\n<p style=\"text-align: center;\"><strong>Eri\u015fim kolayl\u0131\u011f\u0131 ve \u00e7eviklik:<\/strong><\/p>\n<p style=\"text-align: center;\">Santander ile bireysel krediler i\u00e7in ba\u015fvuru ve onay s\u00fcreci basitle\u015ftirilmi\u015f ve h\u0131zl\u0131d\u0131r. Sezgisel \u00e7evrimi\u00e7i ara\u00e7lar ve ki\u015fiselle\u015ftirilmi\u015f hizmet ile banka, m\u00fc\u015fterilerine finansal durumlar\u0131 \u00fczerinde kontrol imkan\u0131 sunarak, gerekli kaynaklara h\u0131zl\u0131 eri\u015fimlerini garanti eder.<\/p>\n<p style=\"text-align: center;\"><strong>Esnek ko\u015fullar:<\/strong><\/p>\n<p style=\"text-align: center;\">Pr\u00e9stamo Personal Santander&#039;in en belirgin avantajlar\u0131ndan biri, sundu\u011fu ko\u015fullar\u0131n esnekli\u011fidir. Kredi miktar\u0131ndan \u00f6deme s\u00fcresine kadar Santander, her m\u00fc\u015fterinin bireysel ihtiya\u00e7lar\u0131na uyum sa\u011flayarak ki\u015fiye \u00f6zel finansal \u00e7\u00f6z\u00fcmler sunar.<\/p>\n<p style=\"text-align: center;\"><strong>Rekabet\u00e7i fiyatlar ve \u015feffafl\u0131k:<\/strong><\/p>\n<p style=\"text-align: center;\">Santander, \u015feffafl\u0131k politikas\u0131 ve rekabet\u00e7i faiz oranlar\u0131yla \u00f6ne \u00e7\u0131k\u0131yor. Adil ve a\u00e7\u0131k\u00e7a iletilen faiz oranlar\u0131yla m\u00fc\u015fteriler, finansal geleceklerine ak\u0131ll\u0131ca bir yat\u0131r\u0131m yapt\u0131klar\u0131ndan emin olabilirler.<\/p>\n<p style=\"text-align: center;\"><strong>Ola\u011fan\u00fcst\u00fc m\u00fc\u015fteri hizmetleri:<\/strong><\/p>\n<p style=\"text-align: center;\">Santander, m\u00fckemmel finansal \u00fcr\u00fcnler sunmas\u0131n\u0131n yan\u0131 s\u0131ra, m\u00fc\u015fteri hizmetlerine olan ba\u011fl\u0131l\u0131\u011f\u0131yla da \u00f6ne \u00e7\u0131k\u0131yor. \u00d6zel bir m\u00fc\u015fteri hizmetleri ekibiyle banka, m\u00fc\u015fterilerinin finansal ihtiya\u00e7lar\u0131na en uygun \u00e7\u00f6z\u00fcmleri bulmalar\u0131na yard\u0131mc\u0131 olmak i\u00e7in her zaman haz\u0131r.<\/p>\n<p style=\"text-align: center;\">Sonu\u00e7 olarak, Santander Personal Pr\u00e9stamo, esnek, \u015feffaf ve rahat finansal \u00e7\u00f6z\u00fcmler arayanlar i\u00e7in g\u00fcvenilir ve ak\u0131ll\u0131 bir se\u00e7enektir. Santander ile f\u0131rsatlar\u0131n kilidini a\u00e7abilir ve finansal hedeflerinize g\u00fcvenle ve g\u00f6n\u00fcl rahatl\u0131\u011f\u0131yla ula\u015fabilirsiniz.<\/p>\n<p>\t\t\t<a href=\"https:\/\/bonfimnoticias.com.br\/tr\/necesita-un-prestamo-para-sus-gastos-personales-echa-un-vistazo-a-la-oportunidad-que-te-ofrece-el-banco-santander\/\"><br \/>\n\t\t\t\t\t\t\u015eimdi Nas\u0131l Ba\u015fvurulur?<br \/>\n\t\t\t\t\t<\/a><\/p>","protected":false},"excerpt":{"rendered":"<p>Santander Prestamo Pr\u00e9stamo Personal Santander es la opci\u00f3n ideal. Con un proceso simplificado desde la solicitud hasta la liberaci\u00f3n de&#8230;<\/p>","protected":false},"author":19,"featured_media":16311,"parent":0,"menu_order":0,"comment_status":"open","ping_status":"closed","template":"","meta":{"footnotes":""},"class_list":["post-18252","page","type-page","status-publish","has-post-thumbnail","hentry"],"_links":{"self":[{"href":"https:\/\/bonfimnoticias.com.br\/tr\/wp-json\/wp\/v2\/pages\/18252","targetHints":{"allow":["GET"]}}],"collection":[{"href":"https:\/\/bonfimnoticias.com.br\/tr\/wp-json\/wp\/v2\/pages"}],"about":[{"href":"https:\/\/bonfimnoticias.com.br\/tr\/wp-json\/wp\/v2\/types\/page"}],"author":[{"embeddable":true,"href":"https:\/\/bonfimnoticias.com.br\/tr\/wp-json\/wp\/v2\/users\/19"}],"replies":[{"embeddable":true,"href":"https:\/\/bonfimnoticias.com.br\/tr\/wp-json\/wp\/v2\/comments?post=18252"}],"version-history":[{"count":43,"href":"https:\/\/bonfimnoticias.com.br\/tr\/wp-json\/wp\/v2\/pages\/18252\/revisions"}],"predecessor-version":[{"id":19115,"href":"https:\/\/bonfimnoticias.com.br\/tr\/wp-json\/wp\/v2\/pages\/18252\/revisions\/19115"}],"wp:featuredmedia":[{"embeddable":true,"href":"https:\/\/bonfimnoticias.com.br\/tr\/wp-json\/wp\/v2\/media\/16311"}],"wp:attachment":[{"href":"https:\/\/bonfimnoticias.com.br\/tr\/wp-json\/wp\/v2\/media?parent=18252"}],"curies":[{"name":"wp","href":"https:\/\/api.w.org\/{rel}","templated":true}]}}