{"id":18218,"date":"2024-04-26T10:18:22","date_gmt":"2024-04-26T13:18:22","guid":{"rendered":"https:\/\/bonfimnoticias.com.br\/?page_id=18218"},"modified":"2024-04-26T10:19:00","modified_gmt":"2024-04-26T13:19:00","slug":"elementor-18218","status":"publish","type":"page","link":"https:\/\/bonfimnoticias.com.br\/tr\/elementor-18218\/","title":{"rendered":"Elementor #18218"},"content":{"rendered":"<p style=\"text-align: center;\">Santander bireysel kredisi, bankan\u0131n ek finansal kaynaklara ihtiya\u00e7 duyan m\u00fc\u015fterilerine sundu\u011fu bir se\u00e7enektir.\u00a0<\/p>\n<p>\t\t\t<a href=\"https:\/\/bonfimnoticias.com.br\/tr\/necesita-un-prestamo-para-sus-gastos-personales-echa-un-vistazo-a-la-oportunidad-que-te-ofrece-el-banco-santander\/\"><br \/>\n\t\t\t\t\t\tSEPA MAS<br \/>\n\t\t\t\t\t<\/a><\/p>\n<p style=\"text-align: center;\">Santander, m\u00fc\u015fterilerinin finansal ihtiya\u00e7lar\u0131n\u0131 verimli bir \u015fekilde kar\u015f\u0131lamak amac\u0131yla, onlara \u015feffaf ve eri\u015filebilir bir deneyim sunmay\u0131 hedeflemektedir.<\/p>\n<style>\/*! elementor - v3.15.0 - 20-08-2023 *\/\n.elementor-widget-image{text-align:center}.elementor-widget-image a{display:inline-block}.elementor-widget-image a img[src$=\".svg\"]{width:48px}.elementor-widget-image img{vertical-align:middle;display:inline-block}<\/style>\n<p>\t\t\t\t\t\t\t\t\t\t\t\t<img decoding=\"async\" src=\"https:\/\/bonfimnoticias.com.br\/wp_cf5e68-content\/uploads\/2024\/01\/Santander-Logo.jpg\" title=\"\" alt=\"\" loading=\"lazy\" \/><br \/>\n\t\t\t<a href=\"https:\/\/bonfimnoticias.com.br\/tr\/un-analisis-del-prestamo-personal-del-banco-bbva\/\"><br \/>\n\t\t\t\t\t\tObtenga un pr\u00e9stamo ahora<br \/>\n\t\t\t\t\t<\/a><\/p>\n<style>\/*! elementor - v3.15.0 - 20-08-2023 *\/\n.elementor-heading-title{padding:0;margin:0;line-height:1}.elementor-widget-heading .elementor-heading-title[class*=elementor-size-]>a{color:inherit;font-size:inherit;line-height:inherit}.elementor-widget-heading .elementor-heading-title.elementor-size-small{font-size:15px}.elementor-widget-heading .elementor-heading-title.elementor-size-medium{font-size:19px}.elementor-widget-heading .elementor-heading-title.elementor-size-large{font-size:29px}.elementor-widget-heading .elementor-heading-title.elementor-size-xl{font-size:39px}.elementor-widget-heading .elementor-heading-title.elementor-size-xxl{font-size:59px}<\/style>\n<h2>Avantajlar ve Faydalar<\/h2>\n<p style=\"text-align: center;\">\u00a0\u00d6deme tutarlar\u0131 ve ko\u015fullar\u0131, m\u00fc\u015fteri kredi analizine ve banka politikalar\u0131na ba\u011fl\u0131 olarak de\u011fi\u015febilir. Genel olarak, ba\u015fvuru s\u00fcreci belgelerin sunulmas\u0131n\u0131 ve ba\u015fvuru sahibinin mali durumunun analizini i\u00e7erir. Bu t\u00fcr bir hizmeti tercih etmeden \u00f6nce faiz oranlar\u0131na, \u015fartlara ve di\u011fer ko\u015fullara dan\u0131\u015fmak ve bunun m\u00fc\u015fterinin ihtiya\u00e7lar\u0131na ve mali kapasitesine uygun bir se\u00e7enek oldu\u011fundan emin olmak \u00f6nemlidir.<\/p>\n<ol>\n<li style=\"text-align: center;\"><strong>Kullan\u0131m Esnekli\u011fi<\/strong>Kredi, sa\u011fl\u0131k masraflar\u0131, e\u011fitim, seyahat gibi \u00e7e\u015fitli ama\u00e7lar i\u00e7in kullan\u0131labilir.<\/li>\n<li style=\"text-align: center;\"><strong>Basitle\u015ftirilmi\u015f S\u00fcre\u00e7:<\/strong> Santander, h\u0131zl\u0131 analiz ve onay imkan\u0131yla sorunsuz ve \u00e7evik bir ba\u015fvuru s\u00fcreci sunmay\u0131 hedefliyor.<\/li>\n<li style=\"text-align: center;\"><strong>G\u00fcmr\u00fck Ko\u015fullar\u0131:<\/strong> Kredi ko\u015fullar\u0131, miktar, \u00f6deme s\u00fcresi ve faiz oranlar\u0131 gibi unsurlar, her m\u00fc\u015fterinin finansal profiline g\u00f6re ki\u015fiselle\u015ftirilir.<\/li>\n<li style=\"text-align: center;\"><strong>\u00c7evrimi\u00e7i eri\u015fim:<\/strong> Banka, m\u00fc\u015fterilerine kolayl\u0131k ve rahatl\u0131k sa\u011flamak amac\u0131yla kredi ba\u015fvurusu ve takibi i\u00e7in \u00e7evrimi\u00e7i kanallar sunmaktad\u0131r.<\/li>\n<li style=\"text-align: center;\"><strong>S\u00f6zle\u015fme Ko\u015fullar\u0131nda \u015eeffafl\u0131k:<\/strong> Santander, faiz oranlar\u0131, tarifeler ve di\u011fer s\u00f6zle\u015fme ko\u015fullar\u0131 hakk\u0131nda net ve \u015feffaf bilgi sa\u011flamay\u0131 ve m\u00fc\u015fterilerin kredinin \u015fartlar\u0131n\u0131 tam olarak anlamalar\u0131n\u0131 sa\u011flamay\u0131 ama\u00e7lamaktad\u0131r.<\/li>\n<li style=\"text-align: center;\"><strong>Pe\u015fin \u00f6deme imkan\u0131:<\/strong> Baz\u0131 durumlarda, m\u00fc\u015fteriler \u00fccret \u00f6demelerini erteleyerek toplam faiz tutarlar\u0131nda indirim elde edebilirler.<\/li>\n<\/ol>\n<p>\t\t\t<a href=\"https:\/\/bonfimnoticias.com.br\/tr\/\"><br \/>\n\t\t\t\t\t\tAMA B\u0130Z SA\u011eLIYORUZ<br \/>\n\t\t\t\t\t<\/a><\/p>","protected":false},"excerpt":{"rendered":"<p>El pr\u00e9stamo personal Santander es una opci\u00f3n que ofrece el banco para clientes que necesitan recursos financieros adicionales.\u00a0 SEPA MAS&#8230;<\/p>","protected":false},"author":19,"featured_media":0,"parent":0,"menu_order":0,"comment_status":"closed","ping_status":"closed","template":"","meta":{"footnotes":""},"class_list":["post-18218","page","type-page","status-publish","hentry"],"_links":{"self":[{"href":"https:\/\/bonfimnoticias.com.br\/tr\/wp-json\/wp\/v2\/pages\/18218","targetHints":{"allow":["GET"]}}],"collection":[{"href":"https:\/\/bonfimnoticias.com.br\/tr\/wp-json\/wp\/v2\/pages"}],"about":[{"href":"https:\/\/bonfimnoticias.com.br\/tr\/wp-json\/wp\/v2\/types\/page"}],"author":[{"embeddable":true,"href":"https:\/\/bonfimnoticias.com.br\/tr\/wp-json\/wp\/v2\/users\/19"}],"replies":[{"embeddable":true,"href":"https:\/\/bonfimnoticias.com.br\/tr\/wp-json\/wp\/v2\/comments?post=18218"}],"version-history":[{"count":6,"href":"https:\/\/bonfimnoticias.com.br\/tr\/wp-json\/wp\/v2\/pages\/18218\/revisions"}],"predecessor-version":[{"id":18224,"href":"https:\/\/bonfimnoticias.com.br\/tr\/wp-json\/wp\/v2\/pages\/18218\/revisions\/18224"}],"wp:attachment":[{"href":"https:\/\/bonfimnoticias.com.br\/tr\/wp-json\/wp\/v2\/media?parent=18218"}],"curies":[{"name":"wp","href":"https:\/\/api.w.org\/{rel}","templated":true}]}}