{"id":18162,"date":"2024-04-24T11:35:22","date_gmt":"2024-04-24T14:35:22","guid":{"rendered":"https:\/\/bonfimnoticias.com.br\/?page_id=18162"},"modified":"2025-06-20T20:03:06","modified_gmt":"2025-06-20T23:03:06","slug":"banco-bbva","status":"publish","type":"page","link":"https:\/\/bonfimnoticias.com.br\/tr\/banco-bbva\/","title":{"rendered":"BBVA Bankas\u0131"},"content":{"rendered":"<p style=\"text-align: center;\">Banco BBVA, d\u00fcnya \u00e7ap\u0131nda tarihi ve \u00e7ok \u00f6nemli bir kurulu\u015ftur. \u00c7e\u015fitli \u015fekillerde ve benzersiz \u00f6zelliklere sahip BBVA Visa kredi kartlar\u0131 da dahil olmak \u00fczere bir\u00e7ok \u00fcr\u00fcn sunmaktad\u0131r.<\/p>\n<p><br \/>\n<a href=\"https:\/\/bonfimnoticias.com.br\/tr\/tarjetas-visa-ven-a-ver-todas-las-ofertas-de-tarjetas-de-credito-bbva-en-el-increible-banner-visa\/#goog_rewarded\"><br \/>\nBu kartlar hakk\u0131nda daha fazla bilgi<br \/>\n<\/a><\/p>\n<p style=\"text-align: center;\">Resmi makaleye y\u00f6nlendirileceksiniz.<\/p>\n<style>\/*! elementor - v3.15.0 - 20-08-2023 *\/<br \/>\n.elementor-widget-image{text-align:center}.elementor-widget-image a{display:inline-block}.elementor-widget-image a img[src$=\".svg\"]{width:48px}.elementor-widget-image img{vertical-align:middle;display:inline-block}<\/style>\n<p><img loading=\"lazy\" decoding=\"async\" src=\"https:\/\/bonfimnoticias.com.br\/wp_cf5e68-content\/uploads\/2024\/04\/DALL\u00b7E-2024-04-24-10.47.48-A-classic-architectural-design-of-a-BBVA-bank-branch-featuring-stone-walls-and-traditional-columned-entrance.-The-BBVA-logo-is-subtly-integrated-into.webp\" sizes=\"auto, (max-width: 1024px) 100vw, 1024px\" srcset=\"https:\/\/bonfimnoticias.com.br\/wp_cf5e68-content\/uploads\/2024\/04\/DALL\u00b7E-2024-04-24-10.47.48-A-classic-architectural-design-of-a-BBVA-bank-branch-featuring-stone-walls-and-traditional-columned-entrance.-The-BBVA-logo-is-subtly-integrated-into.webp 1024w, https:\/\/bonfimnoticias.com.br\/wp_cf5e68-content\/uploads\/2024\/04\/DALL\u00b7E-2024-04-24-10.47.48-A-classic-architectural-design-of-a-BBVA-bank-branch-featuring-stone-walls-and-traditional-columned-entrance.-The-BBVA-logo-is-subtly-integrated-into-800x800.webp 800w, https:\/\/bonfimnoticias.com.br\/wp_cf5e68-content\/uploads\/2024\/04\/DALL\u00b7E-2024-04-24-10.47.48-A-classic-architectural-design-of-a-BBVA-bank-branch-featuring-stone-walls-and-traditional-columned-entrance.-The-BBVA-logo-is-subtly-integrated-into-400x400.webp 400w, https:\/\/bonfimnoticias.com.br\/wp_cf5e68-content\/uploads\/2024\/04\/DALL\u00b7E-2024-04-24-10.47.48-A-classic-architectural-design-of-a-BBVA-bank-branch-featuring-stone-walls-and-traditional-columned-entrance.-The-BBVA-logo-is-subtly-integrated-into-768x768.webp 768w\" alt=\"\" width=\"1024\" height=\"1024\" \/><\/p>\n<h2 style=\"text-align: center;\">BBVA Visa kredi kartlar\u0131n\u0131n avantajlar\u0131 ve faydalar\u0131<\/h2>\n<p style=\"text-align: center;\">Daha \u00f6nce belirtilenleri tekrar a\u00e7\u0131kl\u0131\u011fa kavu\u015fturmak gerekiyor: BBVA Visa kredi kartlar\u0131 birden fazla se\u00e7enek sunuyor; her birinin kendine \u00f6zg\u00fc \u00f6zellikleri var ve genel \u00f6zellikler sunulmadan \u00f6nce bunlar\u0131n iyice vurgulanmas\u0131 gerekiyor. Visa Aqua, Visa Ara, Congelada, Infinite, Cl\u00e1sica, Gold ve Platinum kredi kartlar\u0131 mevcut. Resmi makale arac\u0131l\u0131\u011f\u0131yla \u00f6zelliklerini daha iyi inceleyebilirsiniz.<\/p>\n<p><br \/>\n<a href=\"https:\/\/bonfimnoticias.com.br\/tr\/un-analisis-del-prestamo-personal-del-banco-bbva\/\"><br \/>\nBanco BBVA&#039;n\u0131n di\u011fer \u00fcr\u00fcnlerini ke\u015ffedin<br \/>\n<\/a><\/p>\n<p style=\"text-align: center;\">Resmi makaleye y\u00f6nlendirileceksiniz.<\/p>\n<p style=\"text-align: center;\"><strong>BBVA Visa kredi kart\u0131 ba\u015fvurusu yaparak puan programlar\u0131na kat\u0131labilirsiniz:<\/strong> Sat\u0131n al\u0131mlar\u0131n\u0131zdan puan toplay\u0131n ve bu puanlar\u0131 seyahatler, \u00fcr\u00fcnler veya hizmetler i\u00e7in kullan\u0131n;<\/p>\n<p style=\"text-align: center;\"><strong> Asegurar m\u00e1s seguridad:<\/strong> Bu \u00fcr\u00fcnlerin g\u00fcvenlik \u00f6zellikleri olduk\u00e7a geli\u015fmi\u015f olup, m\u00fc\u015fterilerinizin bilgilerini korumak i\u00e7in idealdir;<\/p>\n<p style=\"text-align: center;\"><strong> Geni\u015fletilmi\u015f kabul:<\/strong> D\u00fcnya genelinde milyonlarca i\u015fletme, al\u0131\u015fveri\u015flerinizi onlar arac\u0131l\u0131\u011f\u0131yla yapman\u0131za olanak tan\u0131yor;<\/p>\n<p style=\"text-align: center;\"><strong>Ayr\u0131cal\u0131kl\u0131 hizmetlere eri\u015fin:<\/strong> Talep edilen Visa marka \u00fcr\u00fcn\u00fcne ba\u011fl\u0131 olarak, seyahat sigortas\u0131, konsiyerj hizmeti, havaalan\u0131 VIP salonlar\u0131na giri\u015f ve daha bir\u00e7ok \u00f6zel avantajdan yararlanabilirsiniz;<\/p>\n<p style=\"text-align: center;\"><strong> Esnek \u00f6deme se\u00e7enekleri:<\/strong> \u00d6deme ko\u015fullar\u0131 sizin beklentilerinize g\u00f6re uyarlan\u0131r;<\/p>\n<p style=\"text-align: center;\"><strong> \u00d6zel indirimler:<\/strong> BBVA Visa kart kullan\u0131c\u0131lar\u0131, \u00e7evrimi\u00e7i ma\u011fazalardan veya ilgili fiziksel ma\u011fazalardan yapt\u0131klar\u0131 al\u0131\u015fveri\u015flerde yaln\u0131zca BBVA Visa kart kullan\u0131c\u0131lar\u0131n\u0131n yararlanabilece\u011fi indirim ve promosyonlardan faydalanabilirler;<\/p>\n<p style=\"text-align: center;\"><strong> \u00c7evrimi\u00e7i y\u00f6netim:<\/strong> T\u00fcm harcamalar\u0131n\u0131z\u0131 rahat bir \u015fekilde y\u00f6netmenizi sa\u011flayan uygulama platformlar\u0131 mevcuttur.<\/p>\n<p style=\"text-align: center;\">T\u00fcm BBVA Visa kart teklifleri i\u00e7in ge\u00e7erli olan bu genel avantajlara ek olarak, t\u00fcm kartlarda ortak olan daha bir\u00e7ok \u00f6zellik de bulunmaktad\u0131r; \u00f6rne\u011fin, Kolombiya&#039;daki 130&#039;dan fazla restoranda sunulan #MartesVisa program\u0131na eri\u015febilir, uluslararas\u0131 seyahat s\u0131ras\u0131nda t\u0131bbi yard\u0131m hizmetinden yararlanabilir ve fiyat koruma hizmetinden de faydalanabilirsiniz.<\/p>\n<p style=\"text-align: center;\">Son olarak, bu teklifler hakk\u0131nda daha fazla bilgi edinmek ve size uygun olanlara nas\u0131l ba\u015fvuraca\u011f\u0131n\u0131z\u0131 anlamak i\u00e7in heyecanl\u0131 oldu\u011funuzu tahmin ediyoruz. Ancak, daha fazla ayr\u0131nt\u0131ya ula\u015fmak ve ba\u015fvuru s\u00fcrecinin ad\u0131m ad\u0131m talimatlar\u0131n\u0131 incelemek i\u00e7in BBVA Visa kredi kartlar\u0131n\u0131n resmi makalesine eri\u015fmeniz gerekecektir.<\/p>\n<p style=\"text-align: center;\">Ayr\u0131ca, \u015fu an i\u00e7in talebinizin, eri\u015fiminiz i\u00e7in basit ve tamamen sezgisel bir platform \u00fczerinden \u00e7evrimi\u00e7i olarak ger\u00e7ekle\u015ftirilebilece\u011fine karar verebiliyoruz. Bu nedenle, BBVA m\u00fc\u015fterisi olman\u0131n dikkate de\u011fer bir f\u0131rsat oldu\u011fu ve bankan\u0131n \u00fcr\u00fcnlerinin sundu\u011fu \u00e7e\u015fitli avantajlar ve bankan\u0131n onlarca y\u0131ld\u0131r elde etti\u011fi g\u00fcvenilirlik nedeniyle bu f\u0131rsat\u0131 de\u011ferlendirdi\u011fimiz sonucuna var\u0131yoruz.<\/p>\n<p style=\"text-align: center;\">Bu teklifleri detayl\u0131 olarak inceledi\u011finizde size ideal g\u00f6r\u00fcnm\u00fcyorsa, di\u011fer g\u00fcvenilir ve sayg\u0131n kurumlar\u0131 da ara\u015ft\u0131r\u0131n. Hangi bankadan sipari\u015f verece\u011finize karar vermeden \u00f6nce farkl\u0131 bankalar\u0131n \u00fcr\u00fcnlerini incelemek her zaman \u00f6nemlidir.<\/p>","protected":false},"excerpt":{"rendered":"<p>El Banco BBVA es una instituci\u00f3n hist\u00f3rica y bastante significativa en todo el mundo. Sus ofertas de productos son muchas,&#8230;<\/p>","protected":false},"author":24,"featured_media":18163,"parent":0,"menu_order":0,"comment_status":"open","ping_status":"closed","template":"","meta":{"footnotes":""},"class_list":["post-18162","page","type-page","status-publish","has-post-thumbnail","hentry"],"_links":{"self":[{"href":"https:\/\/bonfimnoticias.com.br\/tr\/wp-json\/wp\/v2\/pages\/18162","targetHints":{"allow":["GET"]}}],"collection":[{"href":"https:\/\/bonfimnoticias.com.br\/tr\/wp-json\/wp\/v2\/pages"}],"about":[{"href":"https:\/\/bonfimnoticias.com.br\/tr\/wp-json\/wp\/v2\/types\/page"}],"author":[{"embeddable":true,"href":"https:\/\/bonfimnoticias.com.br\/tr\/wp-json\/wp\/v2\/users\/24"}],"replies":[{"embeddable":true,"href":"https:\/\/bonfimnoticias.com.br\/tr\/wp-json\/wp\/v2\/comments?post=18162"}],"version-history":[{"count":8,"href":"https:\/\/bonfimnoticias.com.br\/tr\/wp-json\/wp\/v2\/pages\/18162\/revisions"}],"predecessor-version":[{"id":19723,"href":"https:\/\/bonfimnoticias.com.br\/tr\/wp-json\/wp\/v2\/pages\/18162\/revisions\/19723"}],"wp:featuredmedia":[{"embeddable":true,"href":"https:\/\/bonfimnoticias.com.br\/tr\/wp-json\/wp\/v2\/media\/18163"}],"wp:attachment":[{"href":"https:\/\/bonfimnoticias.com.br\/tr\/wp-json\/wp\/v2\/media?parent=18162"}],"curies":[{"name":"wp","href":"https:\/\/api.w.org\/{rel}","templated":true}]}}