{"id":18152,"date":"2024-04-22T19:33:01","date_gmt":"2024-04-22T22:33:01","guid":{"rendered":"https:\/\/bonfimnoticias.com.br\/?page_id=18152"},"modified":"2025-06-20T20:05:51","modified_gmt":"2025-06-20T23:05:51","slug":"prestamo-banco-bbva","status":"publish","type":"page","link":"https:\/\/bonfimnoticias.com.br\/tr\/prestamo-banco-bbva\/","title":{"rendered":"Banco BBVA&#039;dan Kredi"},"content":{"rendered":"<p><!-- wp_cf5e68:paragraph {\"align\":\"center\"} --><\/p>\n<p class=\"has-text-align-center\">G\u00fcvenilirlik, avantajlar ve esneklik sunan bir finansal \u00e7\u00f6z\u00fcm ar\u0131yorsan\u0131z, Banco BBVA&#039;dan alaca\u011f\u0131n\u0131z bir ki\u015fisel kredi dikkate de\u011fer bir se\u00e7enektir. Finans sekt\u00f6r\u00fcndeki onlarca y\u0131ll\u0131k deneyimi ve sa\u011flam itibar\u0131 ile BBVA, m\u00fc\u015fterilerinin ihtiya\u00e7lar\u0131n\u0131 verimli ve uygun bir \u015fekilde kar\u015f\u0131layan bir ki\u015fisel kredi sunmas\u0131yla \u00f6ne \u00e7\u0131kmaktad\u0131r.<\/p>\n<p><!-- \/wp_cf5e68:paragraph --><\/p>\n<p><!-- wp_cf5e68:paragraph --><\/p>\n<p><style>\/*! elementor - v3.15.0 - 20-08-2023 *\/<br \/>\n.elementor-widget-image{text-align:center}.elementor-widget-image a{display:inline-block}.elementor-widget-image a img[src$=\".svg\"]{width:48px}.elementor-widget-image img{vertical-align:middle;display:inline-block}<\/style>\n<\/p>\n<p><!-- \/wp_cf5e68:paragraph --><\/p>\n<p><!-- wp_cf5e68:paragraph --><\/p>\n<p><img loading=\"lazy\" decoding=\"async\" src=\"https:\/\/bonfimnoticias.com.br\/wp_cf5e68-content\/uploads\/2024\/04\/bbva-colombia-1024x576.jpg\" sizes=\"auto, (max-width: 1024px) 100vw, 1024px\" srcset=\"https:\/\/bonfimnoticias.com.br\/wp_cf5e68-content\/uploads\/2024\/04\/bbva-colombia-1024x576.jpg 1024w, https:\/\/bonfimnoticias.com.br\/wp_cf5e68-content\/uploads\/2024\/04\/bbva-colombia-800x450.jpg 800w, https:\/\/bonfimnoticias.com.br\/wp_cf5e68-content\/uploads\/2024\/04\/bbva-colombia-768x432.jpg 768w, https:\/\/bonfimnoticias.com.br\/wp_cf5e68-content\/uploads\/2024\/04\/bbva-colombia.jpg 1200w\" alt=\"\" width=\"1024\" height=\"576\"><br \/><a href=\"https:\/\/bonfimnoticias.com.br\/tr\/tarjetas-visa-ven-a-ver-todas-las-ofertas-de-tarjetas-de-credito-bbva-en-el-increible-banner-visa\/\"><br \/>\u0130lginizi \u00e7ekebilecek di\u011fer konular:<br \/><\/a><\/p>\n<p><!-- \/wp_cf5e68:paragraph --><\/p>\n<p><!-- wp_cf5e68:paragraph --><\/p>\n<p><style>\/*! elementor - v3.15.0 - 20-08-2023 *\/<br \/>\n.elementor-heading-title{padding:0;margin:0;line-height:1}.elementor-widget-heading .elementor-heading-title[class*=elementor-size-]>a{color:inherit;font-size:inherit;line-height:inherit}.elementor-widget-heading .elementor-heading-title.elementor-size-small{font-size:15px}.elementor-widget-heading .elementor-heading-title.elementor-size-medium{font-size:19px}.elementor-widget-heading .elementor-heading-title.elementor-size-large{font-size:29px}.elementor-widget-heading .elementor-heading-title.elementor-size-xl{font-size:39px}.elementor-widget-heading .elementor-heading-title.elementor-size-xxl{font-size:59px}<\/style>\n<\/p>\n<p><!-- \/wp_cf5e68:paragraph --><\/p>\n<p><!-- wp_cf5e68:heading --><\/p>\n<h2 class=\"wp_cf5e68-block-heading\">Avantajlar ve Faydalar<\/h2>\n<p><!-- \/wp_cf5e68:heading --><\/p>\n<p><!-- wp_cf5e68:list {\"ordered\":true} --><\/p>\n<ol><!-- wp_cf5e68:list-item --><\/p>\n<li><strong>Kolayl\u0131k ve \u00c7eviklik:<\/strong> BBVA bireysel kredi ba\u015fvuru s\u00fcreci basit ve h\u0131zl\u0131d\u0131r. Sezgisel bir \u00e7evrimi\u00e7i platform ile, herhangi bir zahmete girmeden veya a\u015f\u0131r\u0131 b\u00fcrokrasiyle u\u011fra\u015fmadan, nerede olursan\u0131z olun kredi ba\u015fvurunuza ba\u015flayabilirsiniz. Kredi analizi h\u0131zl\u0131 ve verimlidir, talebinize h\u0131zl\u0131 bir yan\u0131t sa\u011flar.<\/li>\n<p><!-- \/wp_cf5e68:list-item --><\/p>\n<p><!-- wp_cf5e68:list-item --><\/p>\n<li><strong>Rekabet\u00e7i fiyatlar ve \u015feffafl\u0131k:<\/strong> BBVA&#039;n\u0131n bireysel kredilerinin en \u00f6nemli avantajlar\u0131ndan biri, rekabet\u00e7i faiz oranlar\u0131 sunmas\u0131d\u0131r. Banka, adil ve \u015feffaf finansal ko\u015fullar sunmay\u0131 ama\u00e7layarak, uygun maliyetle ve s\u00fcre\u00e7 boyunca ho\u015f olmayan s\u00fcrprizler olmadan bireysel krediye eri\u015febilmenizi sa\u011flar. T\u00fcm kredi ko\u015fullar\u0131 a\u00e7\u0131k ve objektif bir \u015fekilde sunulur, b\u00f6ylece bilin\u00e7li bir karar verebilirsiniz.<\/li>\n<p><!-- \/wp_cf5e68:list-item --><\/p>\n<p><!-- wp_cf5e68:list-item --><\/p>\n<li><strong>\u00d6deme esnekli\u011fi ve ki\u015fiye \u00f6zel ko\u015fullar:<\/strong> Banco BBVA, her m\u00fc\u015fterinin kendine \u00f6zg\u00fc ihtiya\u00e7lar\u0131 ve finansal olanaklar\u0131 oldu\u011funu anl\u0131yor. Bu nedenle, \u00f6deme esnekli\u011fi sunarak, tercihlerinize ve imkanlar\u0131n\u0131za g\u00f6re \u00f6deme zaman\u0131n\u0131 ve tutar\u0131n\u0131 se\u00e7menize olanak tan\u0131yor. Bu ki\u015fiselle\u015ftirme, mali durumunuzu \u00e7ok fazla zorlamadan ki\u015fisel projelerinizi ger\u00e7ekle\u015ftirebilmenizi garanti ediyor.<\/li>\n<p><!-- \/wp_cf5e68:list-item --><\/p>\n<p><!-- wp_cf5e68:list-item --><\/p>\n<li><strong>Ki\u015fiselle\u015ftirilmi\u015f hizmet ve s\u00fcrekli destek:<\/strong> BBVA ki\u015fisel kredisi, ekonomik faydalar\u0131n yan\u0131 s\u0131ra, s\u00fcre\u00e7 boyunca ki\u015fiselle\u015ftirilmi\u015f hizmet ve s\u00fcrekli destek sunmaktad\u0131r. Sorular\u0131n\u0131z varsa veya yard\u0131ma ihtiyac\u0131n\u0131z olursa, size yard\u0131mc\u0131 olmak i\u00e7in her zaman haz\u0131r bulunan \u00f6zel bir ekip mevcuttur; bu da sorunsuz ve tatmin edici bir deneyim garanti eder.<\/li>\n<p><!-- \/wp_cf5e68:list-item --><\/ol>\n<p><!-- \/wp_cf5e68:list --><\/p>\n<p><!-- wp_cf5e68:paragraph --><\/p>\n<p><a href=\"https:\/\/bonfimnoticias.com.br\/tr\/\"><br \/><\/a><\/p>\n<p><!-- \/wp_cf5e68:paragraph --><\/p>","protected":false},"excerpt":{"rendered":"<p>Si buscas una soluci\u00f3n financiera que a\u00fane fiabilidad, ventajas y flexibilidad, un pr\u00e9stamo personal del Banco BBVA es una opci\u00f3n&#8230;<\/p>","protected":false},"author":19,"featured_media":16314,"parent":0,"menu_order":0,"comment_status":"open","ping_status":"closed","template":"","meta":{"footnotes":""},"class_list":["post-18152","page","type-page","status-publish","has-post-thumbnail","hentry"],"_links":{"self":[{"href":"https:\/\/bonfimnoticias.com.br\/tr\/wp-json\/wp\/v2\/pages\/18152","targetHints":{"allow":["GET"]}}],"collection":[{"href":"https:\/\/bonfimnoticias.com.br\/tr\/wp-json\/wp\/v2\/pages"}],"about":[{"href":"https:\/\/bonfimnoticias.com.br\/tr\/wp-json\/wp\/v2\/types\/page"}],"author":[{"embeddable":true,"href":"https:\/\/bonfimnoticias.com.br\/tr\/wp-json\/wp\/v2\/users\/19"}],"replies":[{"embeddable":true,"href":"https:\/\/bonfimnoticias.com.br\/tr\/wp-json\/wp\/v2\/comments?post=18152"}],"version-history":[{"count":12,"href":"https:\/\/bonfimnoticias.com.br\/tr\/wp-json\/wp\/v2\/pages\/18152\/revisions"}],"predecessor-version":[{"id":19727,"href":"https:\/\/bonfimnoticias.com.br\/tr\/wp-json\/wp\/v2\/pages\/18152\/revisions\/19727"}],"wp:featuredmedia":[{"embeddable":true,"href":"https:\/\/bonfimnoticias.com.br\/tr\/wp-json\/wp\/v2\/media\/16314"}],"wp:attachment":[{"href":"https:\/\/bonfimnoticias.com.br\/tr\/wp-json\/wp\/v2\/media?parent=18152"}],"curies":[{"name":"wp","href":"https:\/\/api.w.org\/{rel}","templated":true}]}}