{"id":18133,"date":"2024-04-17T11:37:44","date_gmt":"2024-04-17T14:37:44","guid":{"rendered":"https:\/\/bonfimnoticias.com.br\/?page_id=18133"},"modified":"2024-04-17T12:17:55","modified_gmt":"2024-04-17T15:17:55","slug":"banco-do-brasil","status":"publish","type":"page","link":"https:\/\/bonfimnoticias.com.br\/tr\/banco-do-brasil\/","title":{"rendered":"Brezilya Bankas\u0131"},"content":{"rendered":"<p>Banco do Brasil&#039;in di\u011fer Latin Amerika \u00fclkelerindeki finansman kredileri, d\u0131\u015f ticarete ve di\u011fer \u015firketlere y\u00f6nelik finansmana odaklanm\u0131\u015ft\u0131r.<\/p>\n<p><br \/>\n<a href=\"https:\/\/bonfimnoticias.com.br\/tr\/banco-do-brasil-prestamos\/#goog_rewarded\"><br \/>\nOkumaya devam edin<br \/>\n<\/a><\/p>\n<p>Resmi makaleye y\u00f6nlendirileceksiniz.<\/p>\n<style>\/*! elementor - v3.15.0 - 20-08-2023 *\/<br \/>.elementor-widget-image{text-align:center}.elementor-widget-image a{display:inline-block}.elementor-widget-image a img[src$=\".svg\"]{width:48px}.elementor-widget-image img{vertical-align:middle;display:inline-block}<\/style>\n<p><img loading=\"lazy\" decoding=\"async\" src=\"https:\/\/bonfimnoticias.com.br\/wp_cf5e68-content\/uploads\/2024\/04\/DALL\u00b7E-2024-04-17-10.40.15-A-conceptual-image-depicting-the-theme-of-loans.-The-image-includes-a-large-symbolic-stack-of-money-in-the-center-surrounded-by-miniature-figures-of.webp\" sizes=\"auto, (max-width: 1024px) 100vw, 1024px\" srcset=\"https:\/\/bonfimnoticias.com.br\/wp_cf5e68-content\/uploads\/2024\/04\/DALL\u00b7E-2024-04-17-10.40.15-A-conceptual-image-depicting-the-theme-of-loans.-The-image-includes-a-large-symbolic-stack-of-money-in-the-center-surrounded-by-miniature-figures-of.webp 1024w, https:\/\/bonfimnoticias.com.br\/wp_cf5e68-content\/uploads\/2024\/04\/DALL\u00b7E-2024-04-17-10.40.15-A-conceptual-image-depicting-the-theme-of-loans.-The-image-includes-a-large-symbolic-stack-of-money-in-the-center-surrounded-by-miniature-figures-of-800x800.webp 800w, https:\/\/bonfimnoticias.com.br\/wp_cf5e68-content\/uploads\/2024\/04\/DALL\u00b7E-2024-04-17-10.40.15-A-conceptual-image-depicting-the-theme-of-loans.-The-image-includes-a-large-symbolic-stack-of-money-in-the-center-surrounded-by-miniature-figures-of-400x400.webp 400w, https:\/\/bonfimnoticias.com.br\/wp_cf5e68-content\/uploads\/2024\/04\/DALL\u00b7E-2024-04-17-10.40.15-A-conceptual-image-depicting-the-theme-of-loans.-The-image-includes-a-large-symbolic-stack-of-money-in-the-center-surrounded-by-miniature-figures-of-768x768.webp 768w\" alt=\"\" width=\"1024\" height=\"1024\" \/><\/p>\n<h2 style=\"text-align: center;\">Banco do Brasil kredilerinin avantajlar\u0131n\u0131 ve faydalar\u0131n\u0131 ke\u015ffedin.<\/h2>\n<p style=\"text-align: center;\">Bu kredilerin sa\u011flad\u0131\u011f\u0131 faydalar\u0131 analiz etmeden \u00f6nce, Banco do Brasil&#039;in Latin Amerika&#039;da sundu\u011fu kredi t\u00fcrlerini bilmemiz gerekiyor. Bu nedenle, resmi makalede \u00e7ok daha ayr\u0131nt\u0131l\u0131 bir a\u00e7\u0131klama yap\u0131lm\u0131\u015f olsa da, sunulan kredilerin \u015funlar oldu\u011funu belirtmeliyiz: ihracat kredi limitleri, d\u00f6viz s\u00f6zle\u015fmesi adelantosu, d\u00f6viz teslimatl\u0131 adelantosu ve son olarak d\u0131\u015f kredi limitleri. Bu nedenle, bu \u00fcr\u00fcnlerin faydalar\u0131n\u0131 a\u015fa\u011f\u0131da inceleyebilirsiniz.<\/p>\n<p><br \/>\n<a href=\"https:\/\/bonfimnoticias.com.br\/tr\/necesita-un-prestamo-para-sus-gastos-personales-echa-un-vistazo-a-la-oportunidad-que-te-ofrece-el-banco-santander\/\"><br \/>\nDi\u011fer kredi f\u0131rsatlar\u0131n\u0131 ke\u015ffedin<br \/>\n<\/a><\/p>\n<p>Resmi makaleye y\u00f6nlendirileceksiniz.<\/p>\n<p><strong>\u0130hracat i\u00e7in kredi limitlerinin baz\u0131 avantajlar\u0131<\/strong>Bu finansal hizmet, \u015firketlerin \u00fcr\u00fcnlerini daha kolay ihra\u00e7 etmelerine ve b\u00f6ylece i\u015flerini geni\u015fletmelerine yard\u0131mc\u0131 olur. Bu hizmetler, bir \u00fclkenin ekonomisini g\u00fc\u00e7lendirmede b\u00fcy\u00fck fayda sa\u011flar.<\/p>\n<p><strong>Adelanto borsa s\u00f6zle\u015fmesi<\/strong>Bu da, mallar\u0131n sevkiyat \u00f6ncesi finansman\u0131 yoluyla \u015firketlerin nakit ak\u0131\u015f\u0131n\u0131 iyile\u015ftirir;<\/p>\n<p><strong>Adelanto&#039;nun d\u00f6viz teslimat\u0131<\/strong>Bu finansman bir \u00f6ncekine benzer, ancak sevkiyat sonras\u0131 i\u00e7indir ve \u015firketlerin \u00f6deme beklerken ihracattan sonra faaliyetlerine devam edebilmelerini sa\u011flar;<\/p>\n<p><strong>D\u0131\u015f kredi hatlar\u0131<\/strong>: Kaynaklar\u0131 kurum i\u00e7i olarak eri\u015filemeyen b\u00fcy\u00fck \u00f6l\u00e7ekli projeleri finanse etmek i\u00e7in kullan\u0131lan bir \u00fcr\u00fcn.<\/p>\n<p>BB&#039;nin finansal \u00fcr\u00fcnleri hakk\u0131nda baz\u0131 \u00f6zel detaylar\u0131 inceledikten sonra, Banco do Brasil&#039;in Latin Amerika&#039;daki kredileri hakk\u0131nda yay\u0131nlanan resmi makaleye eri\u015ferek bu \u00fcr\u00fcnlere nas\u0131l ba\u015fvurabilece\u011finizi de \u00f6\u011frenebilirsiniz. Orada, ba\u015fvurunuzda size yard\u0131mc\u0131 olacak ad\u0131m ad\u0131m bir k\u0131lavuz bulacaks\u0131n\u0131z.<\/p>\n<p>Ancak unutmay\u0131n ki, \u00e7o\u011fu geleneksel bankada herhangi bir ba\u015fvuru yapmadan \u00f6nce, iyi bir kredi ge\u00e7mi\u015fine sahip olmak ve mali temerr\u00fctlerden ar\u0131nm\u0131\u015f olmak gereklidir.<\/p>\n<p>Ayr\u0131ca, herhangi bir \u00fcr\u00fcn i\u00e7in talepte bulunmadan \u00f6nce her zaman \u00f6n ara\u015ft\u0131rma yapman\u0131n \u00f6nemini vurgulamak gerekir. Di\u011fer kurumlar\u0131 ve di\u011fer teklifleri ara\u015ft\u0131r\u0131n; ger\u00e7ekli\u011finize ve yeteneklerinize daha uygun f\u0131rsatlar kar\u015f\u0131n\u0131za \u00e7\u0131kabilir. Banco do Brasil&#039;in Latin Amerika&#039;daki en b\u00fcy\u00fck rakiplerinden biri, k\u00fcresel d\u00fczeyde tan\u0131nan ve piyasada \u00e7ok cazip \u00fcr\u00fcnler sunan b\u00fcy\u00fck bir kurulu\u015f olan Banco Santander&#039;dir. \u00dcr\u00fcn ve hizmetleri hem bireylere hem de \u015firketlere hizmet vermektedir. Onlar\u0131 incelemeye de\u011fer.<\/p>\n<p>E\u011fer Banco do Brasil \u00fcr\u00fcnlerini satmaya devam etmeyi tercih ederseniz, \u00e7ok g\u00fcvenilir bir kurumla i\u015f yap\u0131yorsunuz demektir; ancak, s\u00f6zle\u015fmenin t\u00fcm h\u00fck\u00fcmlerini her zaman \u00e7ok detayl\u0131 bir \u015fekilde kontrol etmeyi unutmay\u0131n. \u00d6zellikle faiz oranlar\u0131 ve \u00f6deme ko\u015fullar\u0131 s\u00f6z konusu oldu\u011funda, hi\u00e7bir bilgiyi asla ba\u015fkalar\u0131na aktarmay\u0131n. Ayr\u0131ca, s\u00f6zle\u015fmeden do\u011fan taahh\u00fct g\u00f6z \u00f6n\u00fcne al\u0131nd\u0131\u011f\u0131nda, bireylere k\u0131yasla kurumlara her zaman daha uygun se\u00e7enekler sundu\u011fumuza inan\u0131yorum. Bu nedenle, ko\u015fullar\u0131 ve kapasitenizi analiz edin ve ba\u015fvuru s\u00fcrecinizi ba\u015flat\u0131n.<\/p>","protected":false},"excerpt":{"rendered":"<p>Los pr\u00e9stamos financieros del Banco do Brasil en otros pa\u00edses de Am\u00e9rica Latina est\u00e1n enfocados en el comercio exterior y&#8230;<\/p>","protected":false},"author":24,"featured_media":18135,"parent":0,"menu_order":0,"comment_status":"open","ping_status":"closed","template":"","meta":{"footnotes":""},"class_list":["post-18133","page","type-page","status-publish","has-post-thumbnail","hentry"],"_links":{"self":[{"href":"https:\/\/bonfimnoticias.com.br\/tr\/wp-json\/wp\/v2\/pages\/18133","targetHints":{"allow":["GET"]}}],"collection":[{"href":"https:\/\/bonfimnoticias.com.br\/tr\/wp-json\/wp\/v2\/pages"}],"about":[{"href":"https:\/\/bonfimnoticias.com.br\/tr\/wp-json\/wp\/v2\/types\/page"}],"author":[{"embeddable":true,"href":"https:\/\/bonfimnoticias.com.br\/tr\/wp-json\/wp\/v2\/users\/24"}],"replies":[{"embeddable":true,"href":"https:\/\/bonfimnoticias.com.br\/tr\/wp-json\/wp\/v2\/comments?post=18133"}],"version-history":[{"count":7,"href":"https:\/\/bonfimnoticias.com.br\/tr\/wp-json\/wp\/v2\/pages\/18133\/revisions"}],"predecessor-version":[{"id":18142,"href":"https:\/\/bonfimnoticias.com.br\/tr\/wp-json\/wp\/v2\/pages\/18133\/revisions\/18142"}],"wp:featuredmedia":[{"embeddable":true,"href":"https:\/\/bonfimnoticias.com.br\/tr\/wp-json\/wp\/v2\/media\/18135"}],"wp:attachment":[{"href":"https:\/\/bonfimnoticias.com.br\/tr\/wp-json\/wp\/v2\/media?parent=18133"}],"curies":[{"name":"wp","href":"https:\/\/api.w.org\/{rel}","templated":true}]}}