{"id":18016,"date":"2024-03-18T14:18:36","date_gmt":"2024-03-18T17:18:36","guid":{"rendered":"https:\/\/bonfimnoticias.com.br\/?page_id=18016"},"modified":"2024-03-18T14:20:06","modified_gmt":"2024-03-18T17:20:06","slug":"pp-tarjeta-carrefour-pass","status":"publish","type":"page","link":"https:\/\/bonfimnoticias.com.br\/tr\/pp-tarjeta-carrefour-pass\/","title":{"rendered":"Carrefour Pass \u2013 Kart"},"content":{"rendered":"<p style=\"text-align: center;\">Elbette b\u00fcy\u00fck k\u00fcresel s\u00fcpermarket zinciri Carrefour&#039;u biliyorsunuzdur. Bu \u00e7okuluslu \u015firket, Carrefour Pass hizmeti arac\u0131l\u0131\u011f\u0131yla kredi teklifleri de sunmaktad\u0131r. Bu tekliflerden biri de Carrefour kart\u0131 olarak adland\u0131r\u0131lan, t\u00fcm kullan\u0131c\u0131lar\u0131n\u0131n al\u0131\u015fveri\u015flerini \u00f6deyerek farkl\u0131 avantajlardan yararlanmalar\u0131n\u0131 sa\u011flayan bir finansal \u00fcr\u00fcnd\u00fcr.<\/p>\n<p><br \/>\n<a href=\"https:\/\/bonfimnoticias.com.br\/tr\/solicitar-la-tarjeta-pass-carrefour\/\"><br \/>\nCarrefour Pass kart\u0131 nas\u0131l talep edilir?<br \/>\n<\/a><br \/>\n<img loading=\"lazy\" decoding=\"async\" src=\"https:\/\/bonfimnoticias.com.br\/wp_cf5e68-content\/uploads\/2024\/03\/DALL\u00b7E-2024-03-18-13.50.47-Design-a-generic-credit-card-with-a-blue-and-white-color-scheme-featuring-a-fictional-supermarket-logo-in-the-center.-The-card-should-have-a-chip-on-.webp\" sizes=\"auto, (max-width: 1024px) 100vw, 1024px\" srcset=\"https:\/\/bonfimnoticias.com.br\/wp_cf5e68-content\/uploads\/2024\/03\/DALL\u00b7E-2024-03-18-13.50.47-Design-a-generic-credit-card-with-a-blue-and-white-color-scheme-featuring-a-fictional-supermarket-logo-in-the-center.-The-card-should-have-a-chip-on-.webp 1024w, https:\/\/bonfimnoticias.com.br\/wp_cf5e68-content\/uploads\/2024\/03\/DALL\u00b7E-2024-03-18-13.50.47-Design-a-generic-credit-card-with-a-blue-and-white-color-scheme-featuring-a-fictional-supermarket-logo-in-the-center.-The-card-should-have-a-chip-on--800x800.webp 800w, https:\/\/bonfimnoticias.com.br\/wp_cf5e68-content\/uploads\/2024\/03\/DALL\u00b7E-2024-03-18-13.50.47-Design-a-generic-credit-card-with-a-blue-and-white-color-scheme-featuring-a-fictional-supermarket-logo-in-the-center.-The-card-should-have-a-chip-on--400x400.webp 400w, https:\/\/bonfimnoticias.com.br\/wp_cf5e68-content\/uploads\/2024\/03\/DALL\u00b7E-2024-03-18-13.50.47-Design-a-generic-credit-card-with-a-blue-and-white-color-scheme-featuring-a-fictional-supermarket-logo-in-the-center.-The-card-should-have-a-chip-on--768x768.webp 768w, https:\/\/bonfimnoticias.com.br\/wp_cf5e68-content\/uploads\/2024\/03\/DALL\u00b7E-2024-03-18-13.50.47-Design-a-generic-credit-card-with-a-blue-and-white-color-scheme-featuring-a-fictional-supermarket-logo-in-the-center.-The-card-should-have-a-chip-on--96x96.webp 96w, https:\/\/bonfimnoticias.com.br\/wp_cf5e68-content\/uploads\/2024\/03\/DALL\u00b7E-2024-03-18-13.50.47-Design-a-generic-credit-card-with-a-blue-and-white-color-scheme-featuring-a-fictional-supermarket-logo-in-the-center.-The-card-should-have-a-chip-on--150x150.webp 150w\" alt=\"\" width=\"1024\" height=\"1024\" \/><\/p>\n<h2 style=\"text-align: center;\">Carrefour Pass kart\u0131 talep etmenin avantajlar\u0131 ve faydalar\u0131<\/h2>\n<p style=\"text-align: center;\">Bir \u00fcr\u00fcne sahip olma iste\u011fini tetikleyen en \u00f6nemli nokta, \u015f\u00fcphesiz sundu\u011fu avantajlard\u0131r. Bu nedenle, Carrefour ge\u00e7i\u015f kart\u0131 talep eden m\u00fc\u015fterilerin elde edebilece\u011fi avantajlardan bahsetmek i\u00e7eri\u011fimiz i\u00e7in \u00e7ok \u00f6nemlidir:<\/p>\n<p><br \/>\n<a href=\"https:\/\/bonfimnoticias.com.br\/tr\/prestamo-carrefour-completamente-online\/\"><br \/>\nDi\u011fer Carrefour Pass \u00fcr\u00fcnlerini ke\u015ffedin<br \/>\n<\/a><\/p>\n<p style=\"text-align: center;\"><strong>\u0130ndirimlere ve kampanyalara eri\u015fim:<\/strong> Kart sahipleri, Carrefour ma\u011fazalar\u0131nda ve anla\u015fmal\u0131 ma\u011fazalarda \u00fcr\u00fcn ve hizmetlerde \u00f6zel indirimlerden yararlanabilirler;<\/p>\n<p style=\"text-align: center;\"><strong>Puan ve para iadesi programlar\u0131na kat\u0131l\u0131m:<\/strong> Bu puanlar\u0131 biriktirip daha sonra al\u0131\u015fveri\u015flerde kullanabilece\u011fimiz f\u0131rsatlardan haberdar m\u0131s\u0131n\u0131z? Carrefour Pass kart\u0131 da bu imkan\u0131 sunuyor;<\/p>\n<p style=\"text-align: center;\"><strong>Sat\u0131n alma finansman\u0131:<\/strong> Ayr\u0131ca, ilgi alanlar\u0131n\u0131za ve uygulanan indirimlere ba\u011fl\u0131 olarak, sat\u0131n al\u0131mlar\u0131n\u0131z\u0131 birka\u00e7 taksite b\u00f6lebilirsiniz;<\/p>\n<p style=\"text-align: center;\"><strong>Di\u011fer kredi f\u0131rsatlar\u0131:<\/strong> Bu kart\u0131 kullanmak size daha fazla ki\u015fisel kredi edinme olana\u011f\u0131 da sa\u011flar;<\/p>\n<p style=\"text-align: center;\"><strong>Esnek \u00f6deme se\u00e7enekleri:<\/strong> Ger\u00e7ekli\u011finize en uygun vade tarihlerini se\u00e7ebilirsiniz;<\/p>\n<p style=\"text-align: center;\"><strong>Di\u011fer hizmetlere eri\u015fim:<\/strong> Se\u00e7ilen \u00fcr\u00fcne ba\u011fl\u0131 olarak sigorta, yard\u0131m ve daha bir\u00e7ok hizmet dahildir;<\/p>\n<p style=\"text-align: center;\">\u00a0<strong>\u00c7evrimi\u00e7i y\u00f6netim:<\/strong> T\u00fcm harcamalar\u0131n\u0131z\u0131n takibini \u00e7evrimi\u00e7i bir sistem \u00fczerinden ger\u00e7ekle\u015ftirin.<\/p>\n<p style=\"text-align: center;\">Carrefour gibi son derece g\u00fcvenli bir \u015firket arac\u0131l\u0131\u011f\u0131yla t\u00fcm bu avantajlara eri\u015febildi\u011finizi hayal edin. Ancak, L\u00dcTFEN D\u0130KKAT ED\u0130N, \u00e7\u00fcnk\u00fc herhangi bir finansal \u00fcr\u00fcn talep etmeden \u00f6nce, \u015fartlar\u0131n\u0131 ve ko\u015fullar\u0131n\u0131, uygulanacak faiz oranlar\u0131n\u0131 ve \u00fcr\u00fcnle ilgili t\u00fcm detayl\u0131 bilgileri analiz etmek gereklidir.<\/p>\n<p style=\"text-align: center;\">Ayr\u0131ca, hi\u00e7bir \u00fcr\u00fcn\u00fcn yaln\u0131zca avantajlar\u0131ndan ibaret olmad\u0131\u011f\u0131 a\u00e7\u0131kt\u0131r. Carrefour Pass kart\u0131 talep etmek, dikkate al\u0131nmas\u0131 gereken baz\u0131 noktalar\u0131 da beraberinde getirir ve bunlar\u0131 Carrefour Pass Kart\u0131n\u0131n Dezavantajlar\u0131 olarak tan\u0131mlayabiliriz; ancak, bu \u00f6zel noktalar ve kart\u0131n\u0131z\u0131 talep etme y\u00f6ntemi, yaln\u0131zca sizin i\u00e7in olu\u015fturulan bu makaleye eri\u015fmenizi sa\u011flayacakt\u0131r. Ayr\u0131ca, herhangi bir \u00fcr\u00fcn\u00fc edinmeden \u00f6nce gerekli \u00f6zeni g\u00f6stermenize yard\u0131mc\u0131 olacak, dikkat edilmesi gereken baz\u0131 di\u011fer ayr\u0131nt\u0131lar\u0131 da belirleyebilirsiniz. Bu nedenle, finansal bir m\u00fc\u015fteri olman\u0131n asla sadece \u00fcr\u00fcn talep etmek, kurumlara eri\u015fmek vb. ile ilgili olmad\u0131\u011f\u0131n\u0131, ayn\u0131 zamanda piyasa hakk\u0131nda bilgi sahibi olmak, finansal i\u00e7erikleri s\u00fcrekli okumak ve bu nedenle \u00e7o\u011fu zaman en d\u00fcrt\u00fcsel kullan\u0131c\u0131lar\u0131n yapabilece\u011fi potansiyel hatalardan her zaman korunmak anlam\u0131na geldi\u011fini s\u00f6yleyebiliriz.<\/p>\n<p style=\"text-align: center;\">Makaleye eri\u015femiyorsan\u0131z ve \u015f\u00fcpheleriniz devam ediyorsa, ki\u015fiselle\u015ftirilmi\u015f destek almak ve t\u00fcm \u015f\u00fcphelerinizi gidermek i\u00e7in kendi Carrefour Pass kurulu\u015funuzla ileti\u015fime ge\u00e7meniz de m\u00fcmk\u00fcnd\u00fcr. Yine, i\u00e7erikte bunun nas\u0131l yap\u0131laca\u011f\u0131na dair bir se\u00e7enek sunulacakt\u0131r; bu, resmi web sitesine eri\u015fim yoluyla veya kurulu\u015fun sundu\u011fu ayn\u0131 ileti\u015fim ara\u00e7lar\u0131 arac\u0131l\u0131\u011f\u0131yla olabilir.<\/p>","protected":false},"excerpt":{"rendered":"<p>Seguramente ya conoces la gran cadena de supermercados mundial Carrefour. Esta multinacional tambi\u00e9n es responsable de ofrecer ofertas de cr\u00e9dito&#8230;<\/p>","protected":false},"author":24,"featured_media":18039,"parent":0,"menu_order":0,"comment_status":"open","ping_status":"closed","template":"","meta":{"footnotes":""},"class_list":["post-18016","page","type-page","status-publish","has-post-thumbnail","hentry"],"_links":{"self":[{"href":"https:\/\/bonfimnoticias.com.br\/tr\/wp-json\/wp\/v2\/pages\/18016","targetHints":{"allow":["GET"]}}],"collection":[{"href":"https:\/\/bonfimnoticias.com.br\/tr\/wp-json\/wp\/v2\/pages"}],"about":[{"href":"https:\/\/bonfimnoticias.com.br\/tr\/wp-json\/wp\/v2\/types\/page"}],"author":[{"embeddable":true,"href":"https:\/\/bonfimnoticias.com.br\/tr\/wp-json\/wp\/v2\/users\/24"}],"replies":[{"embeddable":true,"href":"https:\/\/bonfimnoticias.com.br\/tr\/wp-json\/wp\/v2\/comments?post=18016"}],"version-history":[{"count":0,"href":"https:\/\/bonfimnoticias.com.br\/tr\/wp-json\/wp\/v2\/pages\/18016\/revisions"}],"wp:featuredmedia":[{"embeddable":true,"href":"https:\/\/bonfimnoticias.com.br\/tr\/wp-json\/wp\/v2\/media\/18039"}],"wp:attachment":[{"href":"https:\/\/bonfimnoticias.com.br\/tr\/wp-json\/wp\/v2\/media?parent=18016"}],"curies":[{"name":"wp","href":"https:\/\/api.w.org\/{rel}","templated":true}]}}