{"id":17972,"date":"2024-03-13T14:38:31","date_gmt":"2024-03-13T17:38:31","guid":{"rendered":"https:\/\/bonfimnoticias.com.br\/?page_id=17972"},"modified":"2025-06-19T17:28:43","modified_gmt":"2025-06-19T20:28:43","slug":"pp-tarjeta-de-credito-mercado-pago","status":"publish","type":"page","link":"https:\/\/bonfimnoticias.com.br\/tr\/pp-tarjeta-de-credito-mercado-pago\/","title":{"rendered":"Mercado Pago"},"content":{"rendered":"<p style=\"text-align: center;\">Mercado Pago es una plataforma financiera digital vinculada al e-commerce Mercado Libre, cuyas ofertas son bastante variadas en cuanto a servicios de pagos y productos, como es el caso de sus tarjetas de cr\u00e9dito.<\/p>\n<p><br \/>\n\t\t\t\t\t\t\t\t\t\t\t\t\t\t\t<img loading=\"lazy\" decoding=\"async\" width=\"1024\" height=\"1024\" src=\"https:\/\/bonfimnoticias.com.br\/wp_cf5e68-content\/uploads\/2024\/03\/DALL\u00b7E-2024-03-13-14.16.21-Design-an-image-showcasing-the-digital-payment-interface-of-a-mobile-app-similar-to-Mercado-Pago-with-features-such-as-a-digital-wallet-QR-code-scan.webp\" alt=\"\" srcset=\"https:\/\/bonfimnoticias.com.br\/wp_cf5e68-content\/uploads\/2024\/03\/DALL\u00b7E-2024-03-13-14.16.21-Design-an-image-showcasing-the-digital-payment-interface-of-a-mobile-app-similar-to-Mercado-Pago-with-features-such-as-a-digital-wallet-QR-code-scan.webp 1024w, https:\/\/bonfimnoticias.com.br\/wp_cf5e68-content\/uploads\/2024\/03\/DALL\u00b7E-2024-03-13-14.16.21-Design-an-image-showcasing-the-digital-payment-interface-of-a-mobile-app-similar-to-Mercado-Pago-with-features-such-as-a-digital-wallet-QR-code-scan-800x800.webp 800w, https:\/\/bonfimnoticias.com.br\/wp_cf5e68-content\/uploads\/2024\/03\/DALL\u00b7E-2024-03-13-14.16.21-Design-an-image-showcasing-the-digital-payment-interface-of-a-mobile-app-similar-to-Mercado-Pago-with-features-such-as-a-digital-wallet-QR-code-scan-400x400.webp 400w, https:\/\/bonfimnoticias.com.br\/wp_cf5e68-content\/uploads\/2024\/03\/DALL\u00b7E-2024-03-13-14.16.21-Design-an-image-showcasing-the-digital-payment-interface-of-a-mobile-app-similar-to-Mercado-Pago-with-features-such-as-a-digital-wallet-QR-code-scan-768x768.webp 768w, https:\/\/bonfimnoticias.com.br\/wp_cf5e68-content\/uploads\/2024\/03\/DALL\u00b7E-2024-03-13-14.16.21-Design-an-image-showcasing-the-digital-payment-interface-of-a-mobile-app-similar-to-Mercado-Pago-with-features-such-as-a-digital-wallet-QR-code-scan-96x96.webp 96w, https:\/\/bonfimnoticias.com.br\/wp_cf5e68-content\/uploads\/2024\/03\/DALL\u00b7E-2024-03-13-14.16.21-Design-an-image-showcasing-the-digital-payment-interface-of-a-mobile-app-similar-to-Mercado-Pago-with-features-such-as-a-digital-wallet-QR-code-scan-150x150.webp 150w\" sizes=\"auto, (max-width: 1024px) 100vw, 1024px\" \/>\t\t\t\t\t\t\t\t\t\t\t\t\t\t\t<\/p>\n<h2 style=\"text-align: center;\">Mercado Pago kredi kart\u0131n\u0131n avantajlar\u0131 ve faydalar\u0131<\/h2>\n<p style=\"text-align: center;\">B\u00fcy\u00fck olas\u0131l\u0131kla Mercado Pago hakk\u0131nda \u00e7ok \u015fey duymu\u015fsunuzdur, ancak sundu\u011fu finansal \u00fcr\u00fcnler hakk\u0131nda belki de o kadar fazla bilgi sahibi de\u011filsinizdir. Bu nedenle, bu teklifler hakk\u0131nda daha fazla bilgi edinmenizi sa\u011flamak i\u00e7in, kredi kart\u0131n\u0131zla ba\u011flant\u0131l\u0131 en b\u00fcy\u00fck avantaj ve faydalar\u0131n baz\u0131lar\u0131n\u0131 inceleyin ve dijital \u00f6deme sisteminin ba\u015far\u0131s\u0131n\u0131n ard\u0131ndaki nedeni anlay\u0131n.<\/p>\n\n<p style=\"text-align: center;\"><strong>Geni\u015fletilmi\u015f kabul:<\/strong> Mercado Pago kredi kart\u0131, d\u00fcnya \u00e7ap\u0131nda milyonlarca ticari i\u015fletmede \u00f6deme i\u00e7in kabul edilmektedir;<\/p>\n<p style=\"text-align: center;\"><strong>Sosyal yard\u0131m programlar\u0131:<\/strong> Bu sayede avantaj programlar\u0131na eri\u015febilir, puan biriktirebilir ve bunlar\u0131 al\u0131\u015fveri\u015f veya hizmetlerde kullanabilirsiniz;<\/p>\n<p style=\"text-align: center;\"><strong>Muafiyet:<\/strong> Mercado Pago kredi kart\u0131n\u0131n y\u0131ll\u0131k \u00fccreti tamamen \u00fccretsizdir;<\/p>\n<p style=\"text-align: center;\"><strong> Mayor control y comodidad:<\/strong> Nerede olursan\u0131z olun, harcamalar\u0131n\u0131z\u0131n t\u00fcm kontrol\u00fcn\u00fc ve takibini cep telefonunuz arac\u0131l\u0131\u011f\u0131yla ger\u00e7ekle\u015ftirirsiniz;<\/p>\n<p style=\"text-align: center;\"><strong> Para iadesi:<\/strong> Ayr\u0131ca para iadesi programlar\u0131na da kat\u0131labilirsiniz;<\/p>\n<p style=\"text-align: center;\"><strong> G\u00fcvenlik:<\/strong> Mercado Pago, t\u0131pk\u0131 Mercado Libre gibi, m\u00fc\u015fterilerine en iyi deneyimi sunmay\u0131 hedefleyen g\u00fcvenli ve g\u00fcvenilir bir platformdur;<\/p>\n<p style=\"text-align: center;\"><strong> Yard\u0131ma eri\u015fim:<\/strong> Ek yard\u0131m ve sigorta imkanlar\u0131ndan da yararlanmak m\u00fcmk\u00fcnd\u00fcr;<\/p>\n<p style=\"text-align: center;\"><strong>\u00dcr\u00fcn\u00fc talep etmenin kolayl\u0131\u011f\u0131<\/strong>\u00c7evrimi\u00e7i olarak, kolayca ve \u00e7ok h\u0131zl\u0131 bir \u015fekilde talep edilebilir;<\/p>\n<p style=\"text-align: center;\"><strong>Dijital c\u00fczdan:<\/strong> Mercado Pago m\u00fc\u015fterisi oldu\u011funuzda, bu hizmete dijital kart\u0131n\u0131z \u00fczerinden de eri\u015febilirsiniz.<\/p>\n<p style=\"text-align: center;\">Mercado Pago kredi kart\u0131n\u0131z\u0131n \u00f6zel avantajlar\u0131n\u0131 inceledikten ve teklifle ilgilendikten sonra, t\u00fcm finansal \u00fcr\u00fcnlerin ba\u015fvuru sahiplerinin de\u011ferlendirmesi i\u00e7in bir dizi temel gereksinimi kar\u015f\u0131lamas\u0131 gerekti\u011fini \u00f6nceden hat\u0131rlay\u0131n. Bu nedenle, \u00fcr\u00fcn i\u00e7in ba\u015fvurunuzun de\u011ferlendirilmesi i\u00e7in bu gereksinimlere uymam\u0131z \u00e7ok \u00f6nemlidir.<\/p>\n<p style=\"text-align: center;\">\u0130yi mi? Sonu\u00e7ta bu \u015fartlar\u0131n neler oldu\u011funu merak ediyor musunuz? Yay\u0131nlanan makaleler arac\u0131l\u0131\u011f\u0131yla, ba\u015fvuru s\u00fcrecinizin t\u00fcm ad\u0131mlar\u0131n\u0131 anlaman\u0131n yan\u0131 s\u0131ra, bunlar hakk\u0131nda genel olarak daha kapsaml\u0131 bilgi edinebilirsiniz. Makale ayr\u0131ca, okuyucu kitlesinin en iyi \u015fekilde anlamas\u0131 i\u00e7in tamamen \u00fccretsiz ve objektif olarak, prosed\u00fcre hemen ba\u015flanabilmesi i\u00e7in resmi platforma bir ba\u011flant\u0131 arac\u0131l\u0131\u011f\u0131yla eri\u015fim sa\u011flayacakt\u0131r.<\/p>\n<p style=\"text-align: center;\">Ancak, sipari\u015finizi nas\u0131l ba\u015flataca\u011f\u0131n\u0131z\u0131 kontrol etmeden \u00f6nce, Mercado Pago&#039;nun kendisi hakk\u0131nda verilen bilgileri dikkatlice okuman\u0131z\u0131n da \u00f6nemli oldu\u011funu vurgulamak gerekir; \u00e7\u00fcnk\u00fc bir \u00fcr\u00fcn asla sadece faydalar\u0131ndan ibaret de\u011fildir, ayn\u0131 zamanda onu sunan\u0131n size kazand\u0131rd\u0131\u011f\u0131 g\u00fcven ve kullan\u0131c\u0131lar\u0131na olan ba\u011fl\u0131l\u0131\u011f\u0131 da \u00f6nemlidir. Mercado Pago&#039;nun bu konuda bir referans oldu\u011funu biliyoruz, ancak buna ra\u011fmen, bu uyar\u0131y\u0131, \u00f6zellikle dijital yollarla \u00fcr\u00fcnlere eri\u015fen t\u00fcketiciler olmak \u00fczere, her alanda t\u00fcketicilere sunulan di\u011fer t\u00fcm teklifler i\u00e7in de yapmak \u00e7ok \u00f6nemlidir.<\/p>","protected":false},"excerpt":{"rendered":"<p>Mercado Pago es una plataforma financiera digital vinculada al e-commerce Mercado Libre, cuyas ofertas son bastante variadas en cuanto a&#8230;<\/p>","protected":false},"author":24,"featured_media":17998,"parent":0,"menu_order":0,"comment_status":"open","ping_status":"closed","template":"","meta":{"footnotes":""},"class_list":["post-17972","page","type-page","status-publish","has-post-thumbnail","hentry"],"_links":{"self":[{"href":"https:\/\/bonfimnoticias.com.br\/tr\/wp-json\/wp\/v2\/pages\/17972","targetHints":{"allow":["GET"]}}],"collection":[{"href":"https:\/\/bonfimnoticias.com.br\/tr\/wp-json\/wp\/v2\/pages"}],"about":[{"href":"https:\/\/bonfimnoticias.com.br\/tr\/wp-json\/wp\/v2\/types\/page"}],"author":[{"embeddable":true,"href":"https:\/\/bonfimnoticias.com.br\/tr\/wp-json\/wp\/v2\/users\/24"}],"replies":[{"embeddable":true,"href":"https:\/\/bonfimnoticias.com.br\/tr\/wp-json\/wp\/v2\/comments?post=17972"}],"version-history":[{"count":4,"href":"https:\/\/bonfimnoticias.com.br\/tr\/wp-json\/wp\/v2\/pages\/17972\/revisions"}],"predecessor-version":[{"id":19715,"href":"https:\/\/bonfimnoticias.com.br\/tr\/wp-json\/wp\/v2\/pages\/17972\/revisions\/19715"}],"wp:featuredmedia":[{"embeddable":true,"href":"https:\/\/bonfimnoticias.com.br\/tr\/wp-json\/wp\/v2\/media\/17998"}],"wp:attachment":[{"href":"https:\/\/bonfimnoticias.com.br\/tr\/wp-json\/wp\/v2\/media?parent=17972"}],"curies":[{"name":"wp","href":"https:\/\/api.w.org\/{rel}","templated":true}]}}