{"id":17949,"date":"2024-03-12T13:27:33","date_gmt":"2024-03-12T16:27:33","guid":{"rendered":"https:\/\/bonfimnoticias.com.br\/?page_id=17949"},"modified":"2024-03-12T13:29:53","modified_gmt":"2024-03-12T16:29:53","slug":"pp-banco-bna-tarjetas-de-credito","status":"publish","type":"page","link":"https:\/\/bonfimnoticias.com.br\/tr\/pp-banco-bna-tarjetas-de-credito\/","title":{"rendered":"BNA Bankas\u0131"},"content":{"rendered":"<p style=\"text-align: center;\">Visa ve Mastercard markalar\u0131 aras\u0131nda se\u00e7enekler sunan BNA kredi kartlar\u0131, binlerce lira biriktirmek, puan programlar\u0131ndan yararlanmak ve Arjantin&#039;in en tan\u0131nm\u0131\u015f kurumunun m\u00fc\u015fterisi olmak isteyenler i\u00e7in m\u00fckemmel \u00fcr\u00fcnlerdir!<\/p>\n<p><br \/>\n<a href=\"https:\/\/bonfimnoticias.com.br\/tr\/tarjetas-de-credito-bna-ventajas\/\"><br \/>\nBNA kredi kartlar\u0131 hakk\u0131nda daha fazla bilgi<br \/>\n<\/a><\/p>\n<p style=\"text-align: center;\">Ba\u015fka bir makaleye y\u00f6nlendirileceksiniz.<\/p>\n<p><img loading=\"lazy\" decoding=\"async\" src=\"https:\/\/bonfimnoticias.com.br\/wp_cf5e68-content\/uploads\/2024\/03\/DALL\u00b7E-2024-03-12-12.56.50-A-majestic-and-classical-building-symbolizing-the-Banco-de-la-Nacion-Argentina-featuring-grand-architectural-elements-typical-of-the-early-20th-centu.webp\" sizes=\"auto, (max-width: 1024px) 100vw, 1024px\" srcset=\"https:\/\/bonfimnoticias.com.br\/wp_cf5e68-content\/uploads\/2024\/03\/DALL\u00b7E-2024-03-12-12.56.50-A-majestic-and-classical-building-symbolizing-the-Banco-de-la-Nacion-Argentina-featuring-grand-architectural-elements-typical-of-the-early-20th-centu.webp 1024w, https:\/\/bonfimnoticias.com.br\/wp_cf5e68-content\/uploads\/2024\/03\/DALL\u00b7E-2024-03-12-12.56.50-A-majestic-and-classical-building-symbolizing-the-Banco-de-la-Nacion-Argentina-featuring-grand-architectural-elements-typical-of-the-early-20th-centu-800x800.webp 800w, https:\/\/bonfimnoticias.com.br\/wp_cf5e68-content\/uploads\/2024\/03\/DALL\u00b7E-2024-03-12-12.56.50-A-majestic-and-classical-building-symbolizing-the-Banco-de-la-Nacion-Argentina-featuring-grand-architectural-elements-typical-of-the-early-20th-centu-400x400.webp 400w, https:\/\/bonfimnoticias.com.br\/wp_cf5e68-content\/uploads\/2024\/03\/DALL\u00b7E-2024-03-12-12.56.50-A-majestic-and-classical-building-symbolizing-the-Banco-de-la-Nacion-Argentina-featuring-grand-architectural-elements-typical-of-the-early-20th-centu-768x768.webp 768w, https:\/\/bonfimnoticias.com.br\/wp_cf5e68-content\/uploads\/2024\/03\/DALL\u00b7E-2024-03-12-12.56.50-A-majestic-and-classical-building-symbolizing-the-Banco-de-la-Nacion-Argentina-featuring-grand-architectural-elements-typical-of-the-early-20th-centu-96x96.webp 96w, https:\/\/bonfimnoticias.com.br\/wp_cf5e68-content\/uploads\/2024\/03\/DALL\u00b7E-2024-03-12-12.56.50-A-majestic-and-classical-building-symbolizing-the-Banco-de-la-Nacion-Argentina-featuring-grand-architectural-elements-typical-of-the-early-20th-centu-150x150.webp 150w\" alt=\"\" width=\"1024\" height=\"1024\" \/><\/p>\n<h2 style=\"text-align: center;\">Banco BNA kredi kartlar\u0131n\u0131n avantajlar\u0131 ve faydalar\u0131<\/h2>\n<p style=\"text-align: center;\">Daha \u00f6nce de belirtildi\u011fi gibi, Banco BNA&#039;n\u0131n kredi kart\u0131 teklifleri Visa ve Mastercard markalar\u0131 alt\u0131nda toplanm\u0131\u015f olup, Arjantin finans piyasas\u0131nda bir dizi olduk\u00e7a cazip avantaj sunmaktad\u0131r.<\/p>\n<p><br \/>\n<a href=\"https:\/\/bonfimnoticias.com.br\/tr\/banco-de-la-nacion-argentina\/\"><br \/>\nBanco BNA&#039;n\u0131n ki\u015fisel hizmetlerini ke\u015ffedin<br \/>\n<\/a><\/p>\n<p style=\"text-align: center;\">Ba\u015fka bir makaleye y\u00f6nlendirileceksiniz.<\/p>\n<p style=\"text-align: center;\">\u00d6ncelikle, Mastercard markas\u0131yla ba\u011flant\u0131l\u0131 avantajlara odaklanaca\u011f\u0131z:<\/p>\n<p style=\"text-align: center;\"><strong>\u00d6zel indirimlere eri\u015fim<\/strong>BNA Mastercard kredi kart\u0131 ile seyahatlerinizde ve al\u0131\u015fveri\u015flerinizde \u00f6zel indirimlerden yararlanabilirsiniz;<\/p>\n<p style=\"text-align: center;\"><strong> Sosyal yard\u0131m programlar\u0131na kat\u0131l\u0131m<\/strong>Ayr\u0131ca, sat\u0131n al\u0131mlarda kullanmak \u00fczere puan biriktirebilir veya seyahatleriniz i\u00e7in mil biriktirebilirsiniz;<\/p>\n<p style=\"text-align: center;\"><strong> Kredi s\u00f6zle\u015fmesi:<\/strong> BNA kredi \u00fcr\u00fcnleri daha kolay ve avantajl\u0131 hale geliyor;<\/p>\n<p style=\"text-align: center;\"><strong>\u00c7evrimi\u00e7i kontrol<\/strong>T\u00fcm harcamalar\u0131n\u0131z\u0131 cep telefonunuz \u00fczerinden y\u00f6netebilirsiniz.<\/p>\n<p style=\"text-align: center;\">Visa kartlar\u0131n\u0131n da avantajlar\u0131 birbirine \u00e7ok benzer, ancak her birini daha detayl\u0131 inceleyece\u011fiz:<\/p>\n<p style=\"text-align: center;\"><strong>Cazip ve \u00f6zel indirimler:<\/strong> Visa kartlar\u0131yla ayr\u0131ca al\u0131\u015fveri\u015flerinizde ve seyahatlerinizde \u00f6zel indirimlerden yararlanabilir ve piyasadaki en iyi fiyat\u0131 elde edebilirsiniz;<\/p>\n<p style=\"text-align: center;\"><strong> Ek kartlar:<\/strong> Ayr\u0131ca ba\u015fka kartlar\u0131 da herhangi bir \u00fccret \u00f6demeden edinebilirsiniz;<\/p>\n<p style=\"text-align: center;\"><strong> Di\u011fer istisnalar<\/strong>: ihra\u00e7 eden komisyonda \u00fccretsizdir;<\/p>\n<p style=\"text-align: center;\"><strong>Sosyal yard\u0131m programlar\u0131na kat\u0131l\u0131m:<\/strong> Mastercard kredi kartlar\u0131na benzer bir di\u011fer nokta ise Visa kartlar\u0131n\u0131n da kullan\u0131c\u0131lar\u0131na puanlar\u0131n\u0131 u\u00e7u\u015flarda \u00f6d\u00fcl ve avantajlarla de\u011fi\u015ftirme olana\u011f\u0131 sunmas\u0131d\u0131r;<\/p>\n<p style=\"text-align: center;\"><strong>Kredi S\u00f6zle\u015fmeleri:<\/strong> Ayr\u0131ca, etkili ulusal kredinizin s\u00f6zle\u015fmesinin yap\u0131lmas\u0131n\u0131 da m\u00fcmk\u00fcn k\u0131lar.<\/p>\n<p style=\"text-align: center;\">Ayr\u0131ca, markalar\u0131n &quot;kartlar\u0131&quot;ndan \u00e7o\u011ful olarak bahsetti\u011fimizde, Visa kartlar\u0131n\u0131n Classic International, Visa Gold, Platinum ve Signature se\u00e7eneklerini sundu\u011funu belirtmek gerekir. Benzer \u015fekilde, Mastercard kredi kartlar\u0131 da farkl\u0131 se\u00e7eneklere ayr\u0131lm\u0131\u015ft\u0131r ve her birinin kendine \u00f6zg\u00fc avantajlar\u0131 vard\u0131r; bu da bizi bir kez daha, listelenen avantajlar\u0131n \u00d6ZEL DE\u011e\u0130L, GENEL oldu\u011funu vurgulaman\u0131n \u00f6nemine getiriyor.<\/p>\n<p style=\"text-align: center;\">Son olarak, markalar\u0131n resmi web siteleri kart talebinin nas\u0131l yap\u0131laca\u011f\u0131na dair daha iyi bir a\u00e7\u0131klama sunmaktad\u0131r; bu da kartlara eri\u015fimin \u00f6nemini g\u00f6stermektedir. Ayr\u0131ca, BNA kartlar\u0131ndaki kredilere gelince, tekliflerinde \u00f6zetlenen \u00e7e\u015fitli finansal kredi \u00fcr\u00fcnlerini ve banka kartlar\u0131, \u00f6n \u00f6demeli kartlar ve banka kartlar\u0131n\u0131n kullan\u0131m\u0131na y\u00f6nelik di\u011fer kartlar\u0131 sunmad\u0131\u011f\u0131m\u0131z\u0131 hat\u0131rlatmak isteriz.<\/p>\n<p style=\"text-align: center;\">D\u0130KKAT! \u015e\u00fcphe durumunda, Banco BNA ayn\u0131 zamanda geleneksel bir kurumdur ve Arjantin&#039;in t\u00fcm b\u00f6lgelerinde, ilgilenen ki\u015filerin tercih etmeleri halinde \u015fahsen ilgilenebilece\u011fi \u015fekilde hizmet vermektedir. Aksi takdirde, kurumun web sitesi, ileti\u015fim kurman\u0131z i\u00e7in di\u011fer (daha uygun) yollar\u0131 sunmaktad\u0131r. (Tarihi bir kurum oldu\u011fu i\u00e7in, \u00fcr\u00fcn\u00fcn\u00fcn gereksinimlerini dikkatlice de\u011ferlendirir ve talepten \u00f6nce bunlar\u0131n kar\u015f\u0131lanmas\u0131n\u0131 sa\u011flar.)<\/p>","protected":false},"excerpt":{"rendered":"<p>Las tarjetas de cr\u00e9dito BNA, cuyas ofertas se dividen en opciones entre las marcas Visa y Mastercard, son excelentes productos&#8230;<\/p>","protected":false},"author":24,"featured_media":17974,"parent":0,"menu_order":0,"comment_status":"open","ping_status":"closed","template":"","meta":{"footnotes":""},"class_list":["post-17949","page","type-page","status-publish","has-post-thumbnail","hentry"],"_links":{"self":[{"href":"https:\/\/bonfimnoticias.com.br\/tr\/wp-json\/wp\/v2\/pages\/17949","targetHints":{"allow":["GET"]}}],"collection":[{"href":"https:\/\/bonfimnoticias.com.br\/tr\/wp-json\/wp\/v2\/pages"}],"about":[{"href":"https:\/\/bonfimnoticias.com.br\/tr\/wp-json\/wp\/v2\/types\/page"}],"author":[{"embeddable":true,"href":"https:\/\/bonfimnoticias.com.br\/tr\/wp-json\/wp\/v2\/users\/24"}],"replies":[{"embeddable":true,"href":"https:\/\/bonfimnoticias.com.br\/tr\/wp-json\/wp\/v2\/comments?post=17949"}],"version-history":[{"count":1,"href":"https:\/\/bonfimnoticias.com.br\/tr\/wp-json\/wp\/v2\/pages\/17949\/revisions"}],"predecessor-version":[{"id":18143,"href":"https:\/\/bonfimnoticias.com.br\/tr\/wp-json\/wp\/v2\/pages\/17949\/revisions\/18143"}],"wp:featuredmedia":[{"embeddable":true,"href":"https:\/\/bonfimnoticias.com.br\/tr\/wp-json\/wp\/v2\/media\/17974"}],"wp:attachment":[{"href":"https:\/\/bonfimnoticias.com.br\/tr\/wp-json\/wp\/v2\/media?parent=17949"}],"curies":[{"name":"wp","href":"https:\/\/api.w.org\/{rel}","templated":true}]}}