{"id":17870,"date":"2024-03-01T13:44:56","date_gmt":"2024-03-01T16:44:56","guid":{"rendered":"https:\/\/bonfimnoticias.com.br\/?page_id=17870"},"modified":"2024-03-01T14:04:58","modified_gmt":"2024-03-01T17:04:58","slug":"pretfran","status":"publish","type":"page","link":"https:\/\/bonfimnoticias.com.br\/tr\/pretfran\/","title":{"rendered":"Gayrimenkul Sat\u0131n Al\u0131m\u0131"},"content":{"rendered":"<p style=\"text-align: center;\">\u00d6nceden hareketsiz bir finansman, hareketsiz finansman ad\u0131 ile uyumlu, \u00f6zel bir m\u00fclk i\u00e7in fon alman\u0131n en iyi yoludur. Bu, bir ev veya bir dairenin, an\u0131nda mevcut olan toplam miktardan fazla olmamas\u0131na izin verir.<\/p>\n<p><br \/>\n<a href=\"https:\/\/bonfimnoticias.com.br\/tr\/opportunite-contracter-pret-immobilier-33\/\"><br \/>\nOKUMA METN\u0130N\u0130 TAK\u0130P ED\u0130N<br \/>\n<\/a><\/p>\n<h2 style=\"text-align: center;\">Avantajlar ve faydalar<\/h2>\n<p style=\"text-align: center;\">Hareketsizle\u015ftirme s\u00fcreci genel olarak bir bankay\u0131, bir finans kurumunu veya m\u00fclkiyeti g\u00fcvence alt\u0131na almak i\u00e7in gerekli olan bir kredi kooperatifini kapsar.<\/p>\n<p><br \/>\n<a href=\"https:\/\/bonfimnoticias.com.br\/tr\/un-apercu-des-offres-de-cartes-de-debit-en-france\/\"><br \/>\nSEVEB\u0130L\u0130RS\u0130N\u0130Z<br \/>\n<\/a><br \/>\n<img loading=\"lazy\" decoding=\"async\" src=\"https:\/\/bonfimnoticias.com.br\/wp_cf5e68-content\/uploads\/2024\/03\/Screenshot_7.png\" sizes=\"auto, (max-width: 472px) 100vw, 472px\" srcset=\"https:\/\/bonfimnoticias.com.br\/wp_cf5e68-content\/uploads\/2024\/03\/Screenshot_7.png 472w, https:\/\/bonfimnoticias.com.br\/wp_cf5e68-content\/uploads\/2024\/03\/Screenshot_7-96x96.png 96w, https:\/\/bonfimnoticias.com.br\/wp_cf5e68-content\/uploads\/2024\/03\/Screenshot_7-150x149.png 150w\" alt=\"\" width=\"472\" height=\"469\" \/><\/p>\n<p style=\"text-align: center;\"><strong>Sabit faizli krediler<\/strong>Bu t\u00fcr kredilerde faiz oran\u0131 kredi s\u00fcresi boyunca ayn\u0131 kal\u0131r, yani ayl\u0131k \u00f6demeler de tutarl\u0131 olur.<\/p>\n<p style=\"text-align: center;\"><strong>De\u011fi\u015fken krediler<\/strong>Bu kredilerde faiz oran\u0131 piyasa endekslerine ba\u011fl\u0131 olarak zaman i\u00e7inde de\u011fi\u015febilir. Bu durum, ayl\u0131k \u00f6demelerin zaman i\u00e7inde dalgalanmas\u0131na, ba\u015flang\u0131\u00e7ta daha d\u00fc\u015f\u00fck olmas\u0131na ancak daha sonra artmas\u0131na neden olabilir.<\/p>\n<p style=\"text-align: center;\"><strong>Ba\u015flang\u0131\u00e7 d\u00f6nemi i\u00e7in sabit faiz oranl\u0131 krediler.<\/strong>Bu krediler, ba\u015flang\u0131\u00e7 d\u00f6nemi i\u00e7in sabit bir faiz oran\u0131 sunar; sonras\u0131nda ise faiz oran\u0131 piyasa endekslerine ba\u011fl\u0131 olarak periyodik olarak ayarlanabilir.<\/p>\n<p style=\"text-align: center;\"><strong>Devlet kredileri<\/strong>Baz\u0131 h\u00fck\u00fcmetler, d\u00fc\u015f\u00fck gelirli al\u0131c\u0131lara yard\u0131mc\u0131 olmak veya belirli co\u011frafi b\u00f6lgeleri te\u015fvik etmek i\u00e7in kredi programlar\u0131 sunmaktad\u0131r. Bu programlar, uygun faiz oranlar\u0131 veya d\u00fc\u015f\u00fck pe\u015finat \u015fartlar\u0131 sunabilir.<\/p>\n<p style=\"text-align: center;\">Bir \u00f6n onay s\u00fcreci elde etmek i\u00e7in, mimarlar genel olarak bir \u00f6n onay s\u00fcrecinden ge\u00e7tiler veya kredi ge\u00e7mi\u015fi, gelirleri ve mevcut olan ger\u00e7ekleri dikkate alarak haz\u0131r kapasiteye sahip olacaklar. Onayland\u0131ktan sonra, a\u015f\u00e7\u0131lar onaylanan \u00f6n limitte \u00f6zel bir \u00fcr\u00fcn aramaya ba\u015flayabilirler.<\/p>","protected":false},"excerpt":{"rendered":"<p>Un pr\u00eat immobilier, \u00e9galement connu sous le nom de financement immobilier, est un moyen commun d\u2019obtenir des fonds pour l\u2019achat&#8230;<\/p>","protected":false},"author":19,"featured_media":17835,"parent":0,"menu_order":0,"comment_status":"open","ping_status":"closed","template":"","meta":{"footnotes":""},"class_list":["post-17870","page","type-page","status-publish","has-post-thumbnail","hentry"],"_links":{"self":[{"href":"https:\/\/bonfimnoticias.com.br\/tr\/wp-json\/wp\/v2\/pages\/17870","targetHints":{"allow":["GET"]}}],"collection":[{"href":"https:\/\/bonfimnoticias.com.br\/tr\/wp-json\/wp\/v2\/pages"}],"about":[{"href":"https:\/\/bonfimnoticias.com.br\/tr\/wp-json\/wp\/v2\/types\/page"}],"author":[{"embeddable":true,"href":"https:\/\/bonfimnoticias.com.br\/tr\/wp-json\/wp\/v2\/users\/19"}],"replies":[{"embeddable":true,"href":"https:\/\/bonfimnoticias.com.br\/tr\/wp-json\/wp\/v2\/comments?post=17870"}],"version-history":[{"count":0,"href":"https:\/\/bonfimnoticias.com.br\/tr\/wp-json\/wp\/v2\/pages\/17870\/revisions"}],"wp:featuredmedia":[{"embeddable":true,"href":"https:\/\/bonfimnoticias.com.br\/tr\/wp-json\/wp\/v2\/media\/17835"}],"wp:attachment":[{"href":"https:\/\/bonfimnoticias.com.br\/tr\/wp-json\/wp\/v2\/media?parent=17870"}],"curies":[{"name":"wp","href":"https:\/\/api.w.org\/{rel}","templated":true}]}}