{"id":17862,"date":"2024-02-29T16:12:22","date_gmt":"2024-02-29T19:12:22","guid":{"rendered":"https:\/\/bonfimnoticias.com.br\/?page_id=17862"},"modified":"2025-04-10T12:59:44","modified_gmt":"2025-04-10T15:59:44","slug":"banco-chile","status":"publish","type":"page","link":"https:\/\/bonfimnoticias.com.br\/tr\/banco-chile\/","title":{"rendered":"\u015eili Bankas\u0131"},"content":{"rendered":"<p style=\"text-align: center;\">Banco De Chile, ki\u015fisel krediler de dahil olmak \u00fczere \u00e7e\u015fitli finansal \u00fcr\u00fcnler sunmaktad\u0131r ve g\u00fcvenilir ve esnek finansal \u00e7\u00f6z\u00fcmler arayanlar i\u00e7in pop\u00fcler bir se\u00e7enek olmu\u015ftur.<\/p>\n<p><br \/>\n\t\t\t\t\t<a href=\"https:\/\/bonfimnoticias.com.br\/tr\/credito-al-consumo-del-banco-de-chile\/\"><br \/>\n\t\t\t\t\t\t\t\t\tSEPA MAS<br \/>\n\t\t\t\t\t<\/a><\/p>\n<h2 style=\"text-align: center;\">Banco De Chile kredilerinin avantajlar\u0131 ve faydalar\u0131<\/h2>\n<p style=\"text-align: center;\">Banco De Chile&#039;nin sundu\u011fu kredi, m\u00fc\u015fteriler i\u00e7in cazip bir se\u00e7enek haline getiren \u00e7e\u015fitli avantajlar sunmaktad\u0131r. Rekabet\u00e7i faiz oranlar\u0131, esnek \u015fartlar ve basitle\u015ftirilmi\u015f ba\u015fvuru s\u00fcreciyle banka, uygun ve ekonomik bir finansal deneyim sunmaktad\u0131r. <\/p>\n<p><br \/>\n\t\t\t\t\t<a href=\"https:\/\/bonfimnoticias.com.br\/tr\/necesita-un-prestamo-para-sus-gastos-personales-echa-un-vistazo-a-la-oportunidad-que-te-ofrece-el-banco-santander\/\"><br \/>\n\t\t\t\t\t\t\t\t\tBE\u011eENEB\u0130L\u0130RS\u0130N\u0130Z<br \/>\n\t\t\t\t\t<\/a><br \/>\n\t\t\t\t\t\t\t\t\t\t\t\t\t<img loading=\"lazy\" decoding=\"async\" width=\"600\" height=\"600\" src=\"https:\/\/bonfimnoticias.com.br\/wp_cf5e68-content\/uploads\/2025\/04\/banco-de-chile-600.png\" alt=\"Banco de Chile\" srcset=\"https:\/\/bonfimnoticias.com.br\/wp_cf5e68-content\/uploads\/2025\/04\/banco-de-chile-600.png 600w, https:\/\/bonfimnoticias.com.br\/wp_cf5e68-content\/uploads\/2025\/04\/banco-de-chile-600-400x400.png 400w\" sizes=\"auto, (max-width: 600px) 100vw, 600px\" \/>\t\t\t\t\t\t\t\t\t\t\t\t\t<\/p>\n<p style=\"text-align: center;\"><strong>Rekabet\u00e7i fiyatlar ve esnek ko\u015fullar:<\/strong><br \/>Banco De Chile kredilerinin en \u00f6nemli avantajlar\u0131ndan biri, rekabet\u00e7i t\u00fcrleri ve esnek \u015fartlar\u0131d\u0131r. Faiz oranlar\u0131 genellikle piyasadaki di\u011fer bankalarla rekabet edebilir d\u00fczeydedir, bu nedenle finansman arayanlar i\u00e7in cazip bir se\u00e7enektir. Ayr\u0131ca, kredi \u015fartlar\u0131 m\u00fc\u015fterinin bireysel ihtiya\u00e7lar\u0131na g\u00f6re ayarlanabilir, bu da daha fazla esneklik sa\u011flar.<\/p>\n<p style=\"text-align: center;\"><strong>Basitle\u015ftirilmi\u015f Talep S\u00fcreci:<\/strong><br \/>Banco De Chile&#039;deki kredi ba\u015fvuru s\u00fcreci, sadeli\u011fi ve kolayl\u0131\u011f\u0131yla bilinir. M\u00fc\u015fteriler ba\u015fvuru s\u00fcrecini \u00e7evrimi\u00e7i olarak ba\u015flatarak zamandan ve emekten tasarruf edebilirler. Banka genellikle taleplere h\u0131zl\u0131 yan\u0131t vererek m\u00fc\u015fterilerin gerekli fonlara h\u0131zl\u0131 bir \u015fekilde eri\u015fmelerini sa\u011flar.<\/p>\n<p style=\"text-align: center;\"><strong>Ola\u011fan\u00fcst\u00fc m\u00fc\u015fteri hizmetleri:<\/strong><br \/>El Banco De Chile, ola\u011fan\u00fcst\u00fc m\u00fc\u015fteri hizmetleriyle tan\u0131nmaktad\u0131r. Temsilciler, ba\u015fvuru a\u015famas\u0131ndan geri \u00f6demeye kadar kredi s\u00fcrecinin t\u00fcm a\u015famalar\u0131nda m\u00fc\u015fterilere yard\u0131mc\u0131 olmak i\u00e7in haz\u0131rd\u0131r. Bankan\u0131n m\u00fc\u015fteri odakl\u0131 yakla\u015f\u0131m\u0131, olumlu ve sorunsuz bir deneyime katk\u0131da bulunur.<\/p>\n<p style=\"text-align: center;\"><strong>\u00dcr\u00fcn ve \u00f6deme se\u00e7eneklerinde \u00e7e\u015fitlilik:<\/strong><br \/>Banco De Chile, geleneksel bireysel kredilere ek olarak, m\u00fc\u015fterilerinin farkl\u0131 ihtiya\u00e7lar\u0131n\u0131 kar\u015f\u0131lamak i\u00e7in \u00e7e\u015fitli finansal \u00fcr\u00fcnler sunmaktad\u0131r. Bunlar aras\u0131nda e\u011fitim, konut ve ticari projeler i\u00e7in krediler yer almaktad\u0131r. Ayr\u0131ca banka, geri \u00f6demenin kolay ve uygun fiyatl\u0131 olmas\u0131 i\u00e7in \u00e7e\u015fitli \u00f6deme se\u00e7enekleri sunmaktad\u0131r.<\/p>\n<p style=\"text-align: center;\">\u00d6zetle, Banco De Chile kredisi, finansman arayan herkes i\u00e7in g\u00fcvenilir ve esnek bir se\u00e7enektir. Rekabet\u00e7i faiz oranlar\u0131, basitle\u015ftirilmi\u015f ba\u015fvuru s\u00fcreci, m\u00fckemmel m\u00fc\u015fteri hizmetleri ve \u00e7e\u015fitli \u00fcr\u00fcn yelpazesiyle banka, m\u00fc\u015fterilerin finansal ihtiya\u00e7lar\u0131n\u0131 kar\u015f\u0131lamak i\u00e7in sa\u011flam bir se\u00e7enek olarak \u00f6ne \u00e7\u0131kmaktad\u0131r. Ancak, potansiyel bor\u00e7lular\u0131n uygunluk \u015fartlar\u0131n\u0131n ve onay s\u00fcrecindeki olas\u0131 gecikmelerin fark\u0131nda olmalar\u0131 gerekmektedir. Genel olarak, Banco de la Naci\u00f3n Argentina, finansal destek arayanlar i\u00e7in g\u00fcvenilir bir se\u00e7enek olmaya devam etmektedir.<\/p>","protected":false},"excerpt":{"rendered":"<p>El Banco De Chile ofrece una variedad de productos financieros, incluyendo pr\u00e9stamos personales, y ha sido una opci\u00f3n popular para&#8230;<\/p>","protected":false},"author":19,"featured_media":17835,"parent":0,"menu_order":0,"comment_status":"open","ping_status":"closed","template":"","meta":{"footnotes":""},"class_list":["post-17862","page","type-page","status-publish","has-post-thumbnail","hentry"],"_links":{"self":[{"href":"https:\/\/bonfimnoticias.com.br\/tr\/wp-json\/wp\/v2\/pages\/17862","targetHints":{"allow":["GET"]}}],"collection":[{"href":"https:\/\/bonfimnoticias.com.br\/tr\/wp-json\/wp\/v2\/pages"}],"about":[{"href":"https:\/\/bonfimnoticias.com.br\/tr\/wp-json\/wp\/v2\/types\/page"}],"author":[{"embeddable":true,"href":"https:\/\/bonfimnoticias.com.br\/tr\/wp-json\/wp\/v2\/users\/19"}],"replies":[{"embeddable":true,"href":"https:\/\/bonfimnoticias.com.br\/tr\/wp-json\/wp\/v2\/comments?post=17862"}],"version-history":[{"count":3,"href":"https:\/\/bonfimnoticias.com.br\/tr\/wp-json\/wp\/v2\/pages\/17862\/revisions"}],"predecessor-version":[{"id":19597,"href":"https:\/\/bonfimnoticias.com.br\/tr\/wp-json\/wp\/v2\/pages\/17862\/revisions\/19597"}],"wp:featuredmedia":[{"embeddable":true,"href":"https:\/\/bonfimnoticias.com.br\/tr\/wp-json\/wp\/v2\/media\/17835"}],"wp:attachment":[{"href":"https:\/\/bonfimnoticias.com.br\/tr\/wp-json\/wp\/v2\/media?parent=17862"}],"curies":[{"name":"wp","href":"https:\/\/api.w.org\/{rel}","templated":true}]}}