{"id":17775,"date":"2024-02-22T14:06:12","date_gmt":"2024-02-22T17:06:12","guid":{"rendered":"https:\/\/bonfimnoticias.com.br\/?page_id=17775"},"modified":"2024-02-22T14:29:30","modified_gmt":"2024-02-22T17:29:30","slug":"tarjeta-santander","status":"publish","type":"page","link":"https:\/\/bonfimnoticias.com.br\/tr\/tarjeta-santander\/","title":{"rendered":"Santander Bankas\u0131"},"content":{"rendered":"<p style=\"text-align: center;\">Santander Resumen kredi kart\u0131, finansal i\u015flemlerinde esneklik ve pratiklik arayan m\u00fc\u015fterilere y\u00f6nelik bir se\u00e7enektir.\u00a0<\/p>\n<p><br \/>\n\t\t\t<a href=\"https:\/\/bonfimnoticias.com.br\/tr\/tarjetas-del-banco-santander\/\"><br \/>\n\t\t\t\t\t\tDAHA FAZLA B\u0130LG\u0130 ED\u0130N\u0130N<br \/>\n\t\t\t\t\t<\/a><br \/>\n\t\t\t\t\t\t\t\t\t\t\t\t\t\t\t<img decoding=\"async\" width=\"800\" height=\"800\" src=\"https:\/\/bonfimnoticias.com.br\/wp_cf5e68-content\/uploads\/2024\/02\/6369214-cartao-pagamento-via-pos-maquina-metodo-de-pagamento-ilustracao-vetor-800x800.jpg\" alt=\"IMAGEM SOBRE CARTAO DE CREDITO\" loading=\"lazy\" srcset=\"https:\/\/bonfimnoticias.com.br\/wp_cf5e68-content\/uploads\/2024\/02\/6369214-cartao-pagamento-via-pos-maquina-metodo-de-pagamento-ilustracao-vetor-800x800.jpg 800w, https:\/\/bonfimnoticias.com.br\/wp_cf5e68-content\/uploads\/2024\/02\/6369214-cartao-pagamento-via-pos-maquina-metodo-de-pagamento-ilustracao-vetor-400x400.jpg 400w, https:\/\/bonfimnoticias.com.br\/wp_cf5e68-content\/uploads\/2024\/02\/6369214-cartao-pagamento-via-pos-maquina-metodo-de-pagamento-ilustracao-vetor-768x768.jpg 768w, https:\/\/bonfimnoticias.com.br\/wp_cf5e68-content\/uploads\/2024\/02\/6369214-cartao-pagamento-via-pos-maquina-metodo-de-pagamento-ilustracao-vetor-96x96.jpg 96w, https:\/\/bonfimnoticias.com.br\/wp_cf5e68-content\/uploads\/2024\/02\/6369214-cartao-pagamento-via-pos-maquina-metodo-de-pagamento-ilustracao-vetor-150x150.jpg 150w, https:\/\/bonfimnoticias.com.br\/wp_cf5e68-content\/uploads\/2024\/02\/6369214-cartao-pagamento-via-pos-maquina-metodo-de-pagamento-ilustracao-vetor.jpg 980w\" sizes=\"auto, (max-width: 800px) 100vw, 800px\" \/>\t\t\t\t\t\t\t\t\t\t\t\t\t\t\t<\/p>\n<h2 style=\"text-align: center;\"><strong>Avantajlar ve Faydalar<\/strong><\/h2>\n<p style=\"text-align: center;\">Santander Resumen kredi kart\u0131, gelir belgesi gerektirmeyen kolay ba\u015fvuru s\u00fcrecinden, basitle\u015ftirilmi\u015f finansal kontrole kadar kullan\u0131c\u0131lar\u0131na bir dizi avantaj sunmaktad\u0131r.<\/p>\n<p><br \/>\n\t\t\t<a href=\"https:\/\/bonfimnoticias.com.br\/tr\/necesita-un-prestamo-para-sus-gastos-personales-echa-un-vistazo-a-la-oportunidad-que-te-ofrece-el-banco-santander\/\"><br \/>\n\t\t\t\t\t\tBE\u011eENEB\u0130L\u0130RS\u0130N\u0130Z<br \/>\n\t\t\t\t\t<\/a><\/p>\n<p style=\"text-align: center;\"><strong>\u00d6d\u00fcl programlar\u0131:<\/strong> Bir\u00e7ok Santander kart\u0131, m\u00fc\u015fterilerin al\u0131\u015fveri\u015flerinden puan biriktirdi\u011fi \u00f6d\u00fcl programlar\u0131 sunmaktad\u0131r. Bu puanlar, seyahat, \u00fcr\u00fcnler, anla\u015fmal\u0131 kurulu\u015flarda indirimler gibi \u00e7e\u015fitli avantajlar i\u00e7in kullan\u0131labilir.<\/p>\n<p style=\"text-align: center;\"><strong>Ek avantajlar:<\/strong> Santander kredi kartlar\u0131, seyahat sigortas\u0131, yol yard\u0131m\u0131, sat\u0131n alma sigortas\u0131, uzat\u0131lm\u0131\u015f garantiler, h\u0131rs\u0131zl\u0131k ve kay\u0131p korumas\u0131 gibi bir dizi ek avantajla birlikte gelir. Bu avantajlar, kart t\u00fcr\u00fcne ba\u011fl\u0131 olarak de\u011fi\u015febilir.<\/p>\n<p style=\"text-align: center;\"><strong>\u00d6deme se\u00e7enekleri:<\/strong> Santander m\u00fc\u015fterileri, kart t\u00fcr\u00fcne ve mevcut ko\u015fullara ba\u011fl\u0131 olarak, genellikle al\u0131\u015fveri\u015flerini faizsiz olarak birka\u00e7 taksitte \u00f6deme se\u00e7ene\u011fine sahiptir. Ayr\u0131ca, Santander art\u0131k esnek \u00f6deme se\u00e7enekleri ve d\u00f6ner krediye eri\u015fim imkan\u0131 da sunmaktad\u0131r.<\/p>\n<p style=\"text-align: center;\"><strong>Ba\u015fvuru ve \u0130nternet Bankac\u0131l\u0131\u011f\u0131:<\/strong> Santander m\u00fc\u015fterileri, hesaplar\u0131n\u0131 rahat\u00e7a y\u00f6netmelerini sa\u011flayan bir \u0130nternet Bankac\u0131l\u0131\u011f\u0131 uygulamas\u0131na eri\u015febilirler. Bu platformlar arac\u0131l\u0131\u011f\u0131yla m\u00fc\u015fteriler faturalar\u0131 g\u00f6r\u00fcnt\u00fcleyebilir, harcamalar\u0131 takip edebilir, \u00f6deme yapabilir, limit art\u0131r\u0131m\u0131 talebinde bulunabilir ve di\u011fer i\u015flemleri ger\u00e7ekle\u015ftirebilirler.<\/p>\n<p style=\"text-align: center;\"><strong>Geni\u015f kabul:<\/strong> Santander kredi kartlar\u0131, kart markas\u0131n\u0131n (Visa, Mastercard, Elo, vb.) kabul edildi\u011fi her yerde, Brezilya ve yurt d\u0131\u015f\u0131nda binlerce i\u015fletmede yayg\u0131n olarak kabul g\u00f6rmektedir.<\/p>\n<p style=\"text-align: center;\"><strong>\u0130ndirim ve ittifak programlar\u0131:<\/strong> Santander, kredi kart\u0131 m\u00fc\u015fterilerine \u00f6zel indirimler ve ayr\u0131cal\u0131kl\u0131 promosyonlar sunmak amac\u0131yla periyodik olarak \u00e7e\u015fitli \u015firket ve kurulu\u015flarla ittifaklar kurmaktad\u0131r.<\/p>\n<p style=\"text-align: center;\"><strong>Sosyal yard\u0131m programlar\u0131:<\/strong> Baz\u0131 Santander kartlar\u0131, havaalanlar\u0131ndaki VIP salonlar\u0131na eri\u015fim, \u00f6zel etkinliklere kat\u0131l\u0131m gibi belirli avantaj programlar\u0131 sunmaktad\u0131r.<\/p>\n<p>\t\t\t<a href=\"https:\/\/bonfimnoticias.com.br\/tr\/\"><br \/>\n\t\t\t\t\t\tBE\u011eENEB\u0130L\u0130RS\u0130N\u0130Z<br \/>\n\t\t\t\t\t<\/a><\/p>","protected":false},"excerpt":{"rendered":"<p>La tarjeta de cr\u00e9dito Santander Resumen es una opci\u00f3n dirigida a clientes que buscan sencillez y practicidad en sus transacciones&#8230;<\/p>","protected":false},"author":19,"featured_media":16311,"parent":0,"menu_order":0,"comment_status":"open","ping_status":"closed","template":"","meta":{"footnotes":""},"class_list":["post-17775","page","type-page","status-publish","has-post-thumbnail","hentry"],"_links":{"self":[{"href":"https:\/\/bonfimnoticias.com.br\/tr\/wp-json\/wp\/v2\/pages\/17775","targetHints":{"allow":["GET"]}}],"collection":[{"href":"https:\/\/bonfimnoticias.com.br\/tr\/wp-json\/wp\/v2\/pages"}],"about":[{"href":"https:\/\/bonfimnoticias.com.br\/tr\/wp-json\/wp\/v2\/types\/page"}],"author":[{"embeddable":true,"href":"https:\/\/bonfimnoticias.com.br\/tr\/wp-json\/wp\/v2\/users\/19"}],"replies":[{"embeddable":true,"href":"https:\/\/bonfimnoticias.com.br\/tr\/wp-json\/wp\/v2\/comments?post=17775"}],"version-history":[{"count":0,"href":"https:\/\/bonfimnoticias.com.br\/tr\/wp-json\/wp\/v2\/pages\/17775\/revisions"}],"wp:featuredmedia":[{"embeddable":true,"href":"https:\/\/bonfimnoticias.com.br\/tr\/wp-json\/wp\/v2\/media\/16311"}],"wp:attachment":[{"href":"https:\/\/bonfimnoticias.com.br\/tr\/wp-json\/wp\/v2\/media?parent=17775"}],"curies":[{"name":"wp","href":"https:\/\/api.w.org\/{rel}","templated":true}]}}