{"id":17495,"date":"2024-01-26T15:05:20","date_gmt":"2024-01-26T18:05:20","guid":{"rendered":"https:\/\/bonfimnoticias.com.br\/?page_id=17495"},"modified":"2024-04-05T20:00:54","modified_gmt":"2024-04-05T23:00:54","slug":"prestamos-creditea","status":"publish","type":"page","link":"https:\/\/bonfimnoticias.com.br\/tr\/prestamos-creditea\/","title":{"rendered":"Creditea&#039;ya hizmet verdik."},"content":{"rendered":"<style>\/*! elementor - v3.15.0 - 20-08-2023 *\/\n.elementor-heading-title{padding:0;margin:0;line-height:1}.elementor-widget-heading .elementor-heading-title[class*=elementor-size-]>a{color:inherit;font-size:inherit;line-height:inherit}.elementor-widget-heading .elementor-heading-title.elementor-size-small{font-size:15px}.elementor-widget-heading .elementor-heading-title.elementor-size-medium{font-size:19px}.elementor-widget-heading .elementor-heading-title.elementor-size-large{font-size:29px}.elementor-widget-heading .elementor-heading-title.elementor-size-xl{font-size:39px}.elementor-widget-heading .elementor-heading-title.elementor-size-xxl{font-size:59px}<\/style>\n<h2>Creditea Banka Kredisi<\/h2>\n<style>\/*! elementor - v3.15.0 - 20-08-2023 *\/\n.elementor-column .elementor-spacer-inner{height:var(--spacer-size)}.e-con{--container-widget-width:100%}.e-con-inner>.elementor-widget-spacer,.e-con>.elementor-widget-spacer{width:var(--container-widget-width,var(--spacer-size));--align-self:var(--container-widget-align-self,initial);--flex-shrink:0}.e-con-inner>.elementor-widget-spacer>.elementor-widget-container,.e-con-inner>.elementor-widget-spacer>.elementor-widget-container>.elementor-spacer,.e-con>.elementor-widget-spacer>.elementor-widget-container,.e-con>.elementor-widget-spacer>.elementor-widget-container>.elementor-spacer{height:100%}.e-con-inner>.elementor-widget-spacer>.elementor-widget-container>.elementor-spacer>.elementor-spacer-inner,.e-con>.elementor-widget-spacer>.elementor-widget-container>.elementor-spacer>.elementor-spacer-inner{height:var(--container-widget-height,var(--spacer-size))}<\/style>\n<p style=\"text-align: center;\">Bireysel kredi, fonlar\u0131 birle\u015ftirmekten e\u011fitime, sa\u011fl\u0131k hizmetlerine yat\u0131r\u0131m yapmaya veya beklenmedik masraflar\u0131 kar\u015f\u0131lamaya kadar \u00e7e\u015fitli ihtiya\u00e7lar\u0131 kar\u015f\u0131lamak i\u00e7in stratejik olarak kullan\u0131labilen bir finansal ara\u00e7t\u0131r.<\/p>\n<style>\/*! elementor - v3.15.0 - 20-08-2023 *\/\n.elementor-widget-image{text-align:center}.elementor-widget-image a{display:inline-block}.elementor-widget-image a img[src$=\".svg\"]{width:48px}.elementor-widget-image img{vertical-align:middle;display:inline-block}<\/style>\n<p>\t\t\t\t\t\t\t\t\t\t\t\t<img decoding=\"async\" width=\"1024\" height=\"721\" src=\"https:\/\/bonfimnoticias.com.br\/wp_cf5e68-content\/uploads\/2024\/02\/Diferencas-entre-emprestimo-pessoal-e-emprestimo-consignado-1024x721.jpg\" alt=\"\" loading=\"lazy\" srcset=\"https:\/\/bonfimnoticias.com.br\/wp_cf5e68-content\/uploads\/2024\/02\/Diferencas-entre-emprestimo-pessoal-e-emprestimo-consignado-1024x721.jpg 1024w, https:\/\/bonfimnoticias.com.br\/wp_cf5e68-content\/uploads\/2024\/02\/Diferencas-entre-emprestimo-pessoal-e-emprestimo-consignado-800x563.jpg 800w, https:\/\/bonfimnoticias.com.br\/wp_cf5e68-content\/uploads\/2024\/02\/Diferencas-entre-emprestimo-pessoal-e-emprestimo-consignado-768x541.jpg 768w, https:\/\/bonfimnoticias.com.br\/wp_cf5e68-content\/uploads\/2024\/02\/Diferencas-entre-emprestimo-pessoal-e-emprestimo-consignado-1536x1081.jpg 1536w, https:\/\/bonfimnoticias.com.br\/wp_cf5e68-content\/uploads\/2024\/02\/Diferencas-entre-emprestimo-pessoal-e-emprestimo-consignado-2048x1442.jpg 2048w, https:\/\/bonfimnoticias.com.br\/wp_cf5e68-content\/uploads\/2024\/02\/Diferencas-entre-emprestimo-pessoal-e-emprestimo-consignado-150x106.jpg 150w\" sizes=\"auto, (max-width: 1024px) 100vw, 1024px\" \/><br \/>\n\t\t\t<a href=\"https:\/\/bonfimnoticias.com.br\/tr\/creditea-mexico-oportunidades-credito\/\"><br \/>\n\t\t\t\t\t\t\u015e\u0130MD\u0130 KRED\u0130 TALEB\u0130NDE BULUNUN<br \/>\n\t\t\t\t\t<\/a><\/p>\n<p style=\"text-align: center;\">Kredi ba\u015fvurusu i\u00e7in genellikle kimlik belgeleri, gelir belgesi, ikametgah belgesi ve ki\u015fisel bilgiler gereklidir. Minimum ya\u015f \u015fart\u0131n\u0131 kar\u015f\u0131laman\u0131z gerekir ve baz\u0131 durumlarda kefalet talep edebilirsiniz.<\/p>\n<h2>Avantajlar ve faydalar<\/h2>\n<p style=\"text-align: center;\">Bireysel kredinin avantajlar\u0131 ve faydalar\u0131, ki\u015fisel ko\u015fullara ve kredi \u015fartlar\u0131na ba\u011fl\u0131 olarak de\u011fi\u015febilir. A\u015fa\u011f\u0131da bireysel kredilerle ili\u015fkili baz\u0131 yayg\u0131n avantajlar yer almaktad\u0131r:<\/p>\n<p>\t\t\t<a href=\"https:\/\/bonfimnoticias.com.br\/tr\/necesita-un-prestamo-para-sus-gastos-personales-echa-un-vistazo-a-la-oportunidad-que-te-ofrece-el-banco-santander\/\"><br \/>\n\t\t\t\t\t\tKRED\u0130 NASIL ALINIR?<br \/>\n\t\t\t\t\t<\/a><\/p>\n<p style=\"text-align: center;\"><strong>Kullan\u0131m esnekli\u011fi: <\/strong>Ki\u015fisel hizmetlerimiz, kaynaklar\u0131n kullan\u0131m\u0131nda esneklik sunar. Bu kaynaklar\u0131 fatura \u00f6deme, evinizi iyile\u015ftirme, sa\u011fl\u0131k masraflar\u0131n\u0131 kar\u015f\u0131lama veya hatta e\u011fitime yat\u0131r\u0131m yapma gibi \u00e7e\u015fitli ama\u00e7lar i\u00e7in kullanabilirsiniz.<\/p>\n<p style=\"text-align: center;\"><strong>Fonlar\u0131n h\u0131zl\u0131 bir \u015fekilde kullan\u0131labilirli\u011fi: <\/strong>Di\u011fer kredi t\u00fcrleriyle kar\u015f\u0131la\u015ft\u0131r\u0131ld\u0131\u011f\u0131nda, ki\u015fisel kredilerin onay s\u00fcreci genellikle daha h\u0131zl\u0131d\u0131r ve bu da fonlara h\u0131zl\u0131 eri\u015fim sa\u011flar.<\/p>\n<p style=\"text-align: center;\"><strong>Herhangi bir \u00f6zel garanti gerekmiyor: <\/strong>Bireysel krediler garanti edilmez; bu da belirli varl\u0131klar\u0131 (ev veya araba gibi) teminat olarak g\u00f6stermenin gerekli olmad\u0131\u011f\u0131 anlam\u0131na gelir. Bu, teminat olarak g\u00f6sterebilece\u011fi \u00f6nemli varl\u0131klar\u0131 olmayanlar i\u00e7in bir avantaj olabilir.<\/p>\n<p style=\"text-align: center;\"><strong>Esnek \u00f6deme ko\u015fullar\u0131: <\/strong>Bir\u00e7ok ki\u015fisel kredi, esnek \u00f6deme ko\u015fullar\u0131 sunar; bu da ihtiya\u00e7lar\u0131n\u0131za ve mali durumunuza en uygun s\u00fcreyi se\u00e7menize olanak tan\u0131r.<\/p>\n<p style=\"text-align: center;\"><strong>Rekabet\u00e7i faiz oranlar\u0131 (iyi bir kredi ge\u00e7mi\u015fi i\u00e7in): <\/strong>\u0130yi bir kredi ge\u00e7mi\u015finiz varsa, daha d\u00fc\u015f\u00fck faiz oranlar\u0131ndan yararlanabilirsiniz; bu da ki\u015fisel krediyi finansal a\u00e7\u0131dan cazip bir se\u00e7enek haline getirir.<\/p>","protected":false},"excerpt":{"rendered":"<p>Pr\u00e9stamo Bancario Creditea Un pr\u00e9stamo personal es una herramienta financiera que se puede utilizar estrat\u00e9gicamente para cubrir diversas necesidades, desde&#8230;<\/p>","protected":false},"author":19,"featured_media":0,"parent":0,"menu_order":0,"comment_status":"closed","ping_status":"closed","template":"","meta":{"footnotes":""},"class_list":["post-17495","page","type-page","status-publish","hentry"],"_links":{"self":[{"href":"https:\/\/bonfimnoticias.com.br\/tr\/wp-json\/wp\/v2\/pages\/17495","targetHints":{"allow":["GET"]}}],"collection":[{"href":"https:\/\/bonfimnoticias.com.br\/tr\/wp-json\/wp\/v2\/pages"}],"about":[{"href":"https:\/\/bonfimnoticias.com.br\/tr\/wp-json\/wp\/v2\/types\/page"}],"author":[{"embeddable":true,"href":"https:\/\/bonfimnoticias.com.br\/tr\/wp-json\/wp\/v2\/users\/19"}],"replies":[{"embeddable":true,"href":"https:\/\/bonfimnoticias.com.br\/tr\/wp-json\/wp\/v2\/comments?post=17495"}],"version-history":[{"count":3,"href":"https:\/\/bonfimnoticias.com.br\/tr\/wp-json\/wp\/v2\/pages\/17495\/revisions"}],"predecessor-version":[{"id":18127,"href":"https:\/\/bonfimnoticias.com.br\/tr\/wp-json\/wp\/v2\/pages\/17495\/revisions\/18127"}],"wp:attachment":[{"href":"https:\/\/bonfimnoticias.com.br\/tr\/wp-json\/wp\/v2\/media?parent=17495"}],"curies":[{"name":"wp","href":"https:\/\/api.w.org\/{rel}","templated":true}]}}