{"id":17390,"date":"2024-01-18T14:22:49","date_gmt":"2024-01-18T17:22:49","guid":{"rendered":"https:\/\/bonfimnoticias.com.br\/?page_id=17390"},"modified":"2024-01-18T14:47:38","modified_gmt":"2024-01-18T17:47:38","slug":"amex-latam","status":"publish","type":"page","link":"https:\/\/bonfimnoticias.com.br\/tr\/amex-latam\/","title":{"rendered":"AMEX"},"content":{"rendered":"<p style=\"text-align: center;\">Bireysel kredi, finans kurulu\u015flar\u0131 taraf\u0131ndan sunulan ve m\u00fc\u015fterilerin \u00e7e\u015fitli ki\u015fisel ihtiya\u00e7lar\u0131n\u0131 kar\u015f\u0131lamak i\u00e7in para talep etmelerine olanak tan\u0131yan bir kredi t\u00fcr\u00fcd\u00fcr.<\/p>\n<p><br \/>\n\t\t\t<a href=\"https:\/\/bonfimnoticias.com.br\/tr\/oportunidades-de-american-express-para-los-prestatarios\/\"><br \/>\n\t\t\t\t\t\tDAHA FAZLA B\u0130LG\u0130 ED\u0130N\u0130N<br \/>\n\t\t\t\t\t<\/a><br \/>\n\t\t\t\t\t\t\t\t\t\t\t\t\t\t\t<img decoding=\"async\" width=\"612\" height=\"306\" src=\"https:\/\/bonfimnoticias.com.br\/wp_cf5e68-content\/uploads\/2024\/01\/Emprestimo-Consignado-Santander-2-1.jpg\" alt=\"\" loading=\"lazy\" srcset=\"\/\/bonfimnoticias.com.br\/wp_cf5e68-content\/uploads\/2024\/01\/Emprestimo-Consignado-Santander-2-1.jpg 612w, \/\/bonfimnoticias.com.br\/wp_cf5e68-content\/uploads\/2024\/01\/Emprestimo-Consignado-Santander-2-1-150x75.jpg 150w\" sizes=\"auto, (max-width: 612px) 100vw, 612px\" \/>\t\t\t\t\t\t\t\t\t\t\t\t\t\t\t<\/p>\n<h2 style=\"text-align: center;\"><strong>Avantajlar ve Faydalar<\/strong><\/h2>\n<p style=\"text-align: center;\">Bireysel kredinin avantajlar\u0131 ve faydalar\u0131 vard\u0131r, ancak her durumun ayr\u0131 ayr\u0131 de\u011ferlendirilmesi \u00f6nemlidir. A\u015fa\u011f\u0131da bireysel kredilerle ili\u015fkili baz\u0131 yayg\u0131n avantajlar yer almaktad\u0131r:<\/p>\n<p><br \/>\n\t\t\t<a href=\"https:\/\/bonfimnoticias.com.br\/tr\/necesita-un-prestamo-para-sus-gastos-personales-echa-un-vistazo-a-la-oportunidad-que-te-ofrece-el-banco-santander\/\"><br \/>\n\t\t\t\t\t\tBURADAN KE\u015eFED\u0130N<br \/>\n\t\t\t\t\t<\/a><\/p>\n<p style=\"text-align: center;\"><strong>Kullan\u0131m Esnekli\u011fi:<\/strong> En \u00f6nemli avantajlardan biri, kaynaklar\u0131n kullan\u0131m\u0131ndaki esnekliktir. M\u00fc\u015fteriler, beklenmedik t\u0131bbi masraflar\u0131 kar\u015f\u0131lamak, evde iyile\u015ftirmeler yapmak, mevcut bor\u00e7lar\u0131 \u00f6demek veya di\u011fer ki\u015fisel ama\u00e7lar i\u00e7in ihtiya\u00e7 duyduklar\u0131 \u015fekilde paray\u0131 kullanabilirler.<\/p>\n<p style=\"text-align: center;\"><strong>Onay h\u0131z\u0131:<\/strong> Di\u011fer kredi t\u00fcrleriyle kar\u015f\u0131la\u015ft\u0131r\u0131ld\u0131\u011f\u0131nda, ki\u015fisel kredilerin onay s\u00fcre\u00e7leri genellikle daha h\u0131zl\u0131d\u0131r. Bu da onlar\u0131, h\u0131zl\u0131 bir \u015fekilde fon elde etmenin gerekli oldu\u011fu durumlar i\u00e7in cazip bir se\u00e7enek haline getirir.<\/p>\n<p style=\"text-align: center;\"><strong>Herhangi bir \u00f6zel garanti gerekmemektedir:<\/strong> Genel olarak, ki\u015fisel krediler ara\u00e7 veya gayrimenkul gibi belirli bir teminat gerektirmez. Bu, teminat olarak sunabilece\u011fi varl\u0131\u011f\u0131 olmayan ki\u015filer i\u00e7in faydal\u0131 olabilir.<\/p>\n<p style=\"text-align: center;\"><strong>Pago en cuotas fijas:<\/strong> Bireysel kredilerin ayl\u0131k \u00f6demeleri sabittir, bu da bor\u00e7lular i\u00e7in finansal planlamay\u0131 kolayla\u015ft\u0131r\u0131r. Bu \u00f6ng\u00f6r\u00fclebilirlik, m\u00fc\u015fterilerin varsay\u0131mlar\u0131n\u0131 daha iyi y\u00f6netmelerine yard\u0131mc\u0131 olur.<\/p>\n<p style=\"text-align: center;\"><strong>\u0130yi bir kredi ge\u00e7mi\u015fi i\u00e7in en iyi \u00e7\u0131karlar:<\/strong> \u0130yi bir kredi ge\u00e7mi\u015fine sahip m\u00fc\u015fteriler genellikle ki\u015fisel krediler i\u00e7in daha d\u00fc\u015f\u00fck faiz oranlar\u0131 elde edebilirler. Bu da zaman i\u00e7inde toplam maliyetlerin d\u00fc\u015fmesine yol a\u00e7abilir.<\/p>\n<p style=\"text-align: center;\">\u00a0<\/p>\n<p>\t\t\t<a href=\"https:\/\/bonfimnoticias.com.br\/tr\/\"><br \/>\n\t\t\t\t\t\t\u0130LG\u0130N\u0130Z\u0130 \u00c7EKEB\u0130L\u0130R<br \/>\n\t\t\t\t\t<\/a><\/p>","protected":false},"excerpt":{"rendered":"<p>Un pr\u00e9stamo personal es un tipo de cr\u00e9dito ofrecido por instituciones financieras que permite a los clientes pedir dinero prestado&#8230;<\/p>","protected":false},"author":19,"featured_media":16311,"parent":0,"menu_order":0,"comment_status":"open","ping_status":"closed","template":"","meta":{"footnotes":""},"class_list":["post-17390","page","type-page","status-publish","has-post-thumbnail","hentry"],"_links":{"self":[{"href":"https:\/\/bonfimnoticias.com.br\/tr\/wp-json\/wp\/v2\/pages\/17390","targetHints":{"allow":["GET"]}}],"collection":[{"href":"https:\/\/bonfimnoticias.com.br\/tr\/wp-json\/wp\/v2\/pages"}],"about":[{"href":"https:\/\/bonfimnoticias.com.br\/tr\/wp-json\/wp\/v2\/types\/page"}],"author":[{"embeddable":true,"href":"https:\/\/bonfimnoticias.com.br\/tr\/wp-json\/wp\/v2\/users\/19"}],"replies":[{"embeddable":true,"href":"https:\/\/bonfimnoticias.com.br\/tr\/wp-json\/wp\/v2\/comments?post=17390"}],"version-history":[{"count":1,"href":"https:\/\/bonfimnoticias.com.br\/tr\/wp-json\/wp\/v2\/pages\/17390\/revisions"}],"predecessor-version":[{"id":18250,"href":"https:\/\/bonfimnoticias.com.br\/tr\/wp-json\/wp\/v2\/pages\/17390\/revisions\/18250"}],"wp:featuredmedia":[{"embeddable":true,"href":"https:\/\/bonfimnoticias.com.br\/tr\/wp-json\/wp\/v2\/media\/16311"}],"wp:attachment":[{"href":"https:\/\/bonfimnoticias.com.br\/tr\/wp-json\/wp\/v2\/media?parent=17390"}],"curies":[{"name":"wp","href":"https:\/\/api.w.org\/{rel}","templated":true}]}}