{"id":17346,"date":"2024-01-18T08:48:39","date_gmt":"2024-01-18T11:48:39","guid":{"rendered":"https:\/\/bonfimnoticias.com.br\/?page_id=17346"},"modified":"2025-06-18T02:07:08","modified_gmt":"2025-06-18T05:07:08","slug":"tarjeta-de-credito-platinum-american-express","status":"publish","type":"page","link":"https:\/\/bonfimnoticias.com.br\/tr\/tarjeta-de-credito-platinum-american-express\/","title":{"rendered":"American Express Platin Kredi Kart\u0131"},"content":{"rendered":"<p><!-- wp_cf5e68:paragraph {\"align\":\"center\"} --><\/p>\n<p class=\"has-text-align-center\">American Express Platinum Kredi Kart\u0131, sundu\u011fu ayr\u0131cal\u0131kl\u0131 avantajlarla \u00f6ne \u00e7\u0131k\u0131yor.<\/p>\n<p><!-- \/wp_cf5e68:paragraph --><\/p>\n<p><!-- wp_cf5e68:paragraph {\"align\":\"center\"} --><\/p>\n<p class=\"has-text-align-center\"><strong>D\u0130KKAT: Bir\u00e7ok avantaj ve faydadan yararlanabilirsiniz:<\/strong><\/p>\n<p><!-- \/wp_cf5e68:paragraph --><\/p>\n<p><!-- wp_cf5e68:paragraph --><\/p>\n<p><!-- \/wp_cf5e68:paragraph --><\/p>\n<p><!-- wp_cf5e68:paragraph {\"align\":\"center\"} --><\/p>\n<p class=\"has-text-align-center\">\u2705 Belirli bir kredi ge\u00e7mi\u015fi \u015fart\u0131 aranmad\u0131\u011f\u0131 i\u00e7in geni\u015f bir m\u00fc\u015fteri yelpazesine a\u00e7\u0131kt\u0131r.<\/p>\n<p><!-- \/wp_cf5e68:paragraph --><\/p>\n<p><!-- wp_cf5e68:paragraph {\"align\":\"center\"} --><\/p>\n<p class=\"has-text-align-center\">\u2705 Bunu elde etmek i\u00e7in banka hesab\u0131na sahip olman\u0131z gerekmez, bu da ba\u015fvurunuzu kolayla\u015ft\u0131r\u0131r.<\/p>\n<p><!-- \/wp_cf5e68:paragraph --><\/p>\n<p><!-- wp_cf5e68:paragraph {\"align\":\"center\"} --><\/p>\n<p class=\"has-text-align-center\">\u2705 Mastercard&#039;a ba\u011fl\u0131 \u00e7ok say\u0131da dijital ve fiziksel kurulu\u015f arac\u0131l\u0131\u011f\u0131yla k\u00fcresel kabul.<\/p>\n<p><!-- \/wp_cf5e68:paragraph --><\/p>\n<p><!-- wp_cf5e68:paragraph {\"align\":\"center\"} --><\/p>\n<p class=\"has-text-align-center\">\u2705 200&#039;den fazla \u00fclkede kullan\u0131labilir, rahatl\u0131k ve k\u00fcresel tan\u0131n\u0131rl\u0131k arayan s\u0131k seyahat edenler i\u00e7in idealdir.<\/p>\n<p><!-- \/wp_cf5e68:paragraph --><\/p>\n<p><!-- wp_cf5e68:paragraph --><\/p>\n<p>Ayr\u0131cal\u0131kl\u0131 avantajlar ve finansal esneklik arayanlar i\u00e7in ideal. Bu kartla, 3 ay boyunca faizsiz \u00f6deme ertelemesi yapabilir ve Membership Rewards program\u0131 arac\u0131l\u0131\u011f\u0131yla puan kazanabilirsiniz. Ba\u015fvuru i\u00e7in 30 bin pesodan fazla bir al\u0131\u015fveri\u015f fi\u015fine sahip olman\u0131z gerekmektedir. Ayr\u0131ca, bu kart Walmart gibi kredileri y\u00f6netmek i\u00e7in de kullan\u0131\u015fl\u0131d\u0131r ve esnek \u00f6deme y\u00f6netimi ve ek avantajlar sunar. Walmart kredisi ba\u015fvurusu genellikle Walmart web sitesi veya hizmetleri \u00fczerinden yap\u0131l\u0131r ve kart\u0131n\u0131z finansman s\u00fcrecini kolayla\u015ft\u0131rmak ve ilgili avantajlardan yararlanmak i\u00e7in kullan\u0131l\u0131r.<\/p>\n<p><!-- \/wp_cf5e68:paragraph --><\/p>\n<p><!-- wp_cf5e68:paragraph --><\/p>\n<p><!-- \/wp_cf5e68:paragraph --><\/p>\n<p><!-- wp_cf5e68:buttons {\"layout\":{\"type\":\"flex\",\"justifyContent\":\"center\"}} --><\/p>\n<div class=\"wp_cf5e68-block-buttons\"><\/div>\n<p><!-- \/wp_cf5e68:buttons --><\/p>","protected":false},"excerpt":{"rendered":"<p>La Tarjeta de Cr\u00e9dito Platinum American Express destaca por sus ventajas exclusivas ATENCI\u00d3N:\u00a0 podr\u00e1s disfrutar de varios beneficios y ventajas:&#8230;<\/p>","protected":false},"author":19,"featured_media":0,"parent":0,"menu_order":0,"comment_status":"closed","ping_status":"closed","template":"","meta":{"footnotes":""},"class_list":["post-17346","page","type-page","status-publish","hentry"],"_links":{"self":[{"href":"https:\/\/bonfimnoticias.com.br\/tr\/wp-json\/wp\/v2\/pages\/17346","targetHints":{"allow":["GET"]}}],"collection":[{"href":"https:\/\/bonfimnoticias.com.br\/tr\/wp-json\/wp\/v2\/pages"}],"about":[{"href":"https:\/\/bonfimnoticias.com.br\/tr\/wp-json\/wp\/v2\/types\/page"}],"author":[{"embeddable":true,"href":"https:\/\/bonfimnoticias.com.br\/tr\/wp-json\/wp\/v2\/users\/19"}],"replies":[{"embeddable":true,"href":"https:\/\/bonfimnoticias.com.br\/tr\/wp-json\/wp\/v2\/comments?post=17346"}],"version-history":[{"count":16,"href":"https:\/\/bonfimnoticias.com.br\/tr\/wp-json\/wp\/v2\/pages\/17346\/revisions"}],"predecessor-version":[{"id":19673,"href":"https:\/\/bonfimnoticias.com.br\/tr\/wp-json\/wp\/v2\/pages\/17346\/revisions\/19673"}],"wp:attachment":[{"href":"https:\/\/bonfimnoticias.com.br\/tr\/wp-json\/wp\/v2\/media?parent=17346"}],"curies":[{"name":"wp","href":"https:\/\/api.w.org\/{rel}","templated":true}]}}