{"id":17242,"date":"2023-12-20T16:29:12","date_gmt":"2023-12-20T19:29:12","guid":{"rendered":"https:\/\/bonfimnoticias.com.br\/bank-of-america-2\/"},"modified":"2024-01-16T20:30:22","modified_gmt":"2024-01-16T23:30:22","slug":"bank-of-america-2","status":"publish","type":"page","link":"https:\/\/bonfimnoticias.com.br\/tr\/bank-of-america-2\/","title":{"rendered":"Amerika Bankas\u0131"},"content":{"rendered":"<p>Bank of America kredi kart\u0131, Amerika Birle\u015fik Devletleri&#039;nin en b\u00fcy\u00fck bankalar\u0131ndan biri taraf\u0131ndan sunulan bir finansal \u00fcr\u00fcnd\u00fcr. Geni\u015f bir se\u00e7enek yelpazesi sunan banka, farkl\u0131 ihtiya\u00e7lara ve m\u00fc\u015fteri profillerine uyum sa\u011flayan kredi kartlar\u0131 sunmaktad\u0131r.<\/p>\n<section><\/section>\n<p><!-- c2 --><ins data-ad-client=\"ca-pub-8467596234382548\" data-ad-slot=\"4129955308\" data-ad-format=\"auto\" data-full-width-responsive=\"true\"><\/ins><\/p>\n<p><a href=\"#\"><br \/>\nDAHA FAZLA B\u0130LG\u0130 ED\u0130N\u0130N<br \/>\n<\/a><\/p>\n<p>Bank of America kredi kart\u0131, Amerika Birle\u015fik Devletleri&#039;nin en b\u00fcy\u00fck bankalar\u0131ndan biri taraf\u0131ndan sunulan bir finansal \u00fcr\u00fcnd\u00fcr. Geni\u015f bir se\u00e7enek yelpazesi sunan banka, farkl\u0131 ihtiya\u00e7lara ve m\u00fc\u015fteri profillerine uyum sa\u011flayan kredi kartlar\u0131 sunmaktad\u0131r.<\/p>\n<p>Bank of America kredi kartlar\u0131, kart sahiplerine \u00f6d\u00fcl programlar\u0131, nakit iadeleri, u\u00e7ak biletleri ve di\u011fer te\u015fvikler gibi avantajlar sunabilir. Ayr\u0131ca, bir\u00e7ok kart seyahat sigortas\u0131, doland\u0131r\u0131c\u0131l\u0131k korumas\u0131 ve 7\/24 k\u00fcresel yard\u0131m gibi \u00f6zel hizmetlere eri\u015fim sa\u011flar.<\/p>\n<section><\/section>\n<p><!-- c2 --><ins data-ad-client=\"ca-pub-8467596234382548\" data-ad-slot=\"4129955308\" data-ad-format=\"auto\" data-full-width-responsive=\"true\"><\/ins><\/p>\n<p><a href=\"https:\/\/ihomeworkhelp.com\/consulte-ahora-otra-guia-para-solicitar-una-tarjeta-de-credito-travel-rewards-de-bank-of-america\/\"><br \/><\/a><img loading=\"lazy\" decoding=\"async\" src=\"https:\/\/bonfimnoticias.com.br\/wp_cf5e68-content\/uploads\/2023\/12\/Bank_of_America_logo_vertical-1.jpg\" alt=\"\" width=\"1000\" height=\"544\" \/><\/p>\n<section><\/section>\n<p><!-- c2 --><ins data-ad-client=\"ca-pub-8467596234382548\" data-ad-slot=\"4129955308\" data-ad-format=\"auto\" data-full-width-responsive=\"true\"><\/ins><\/p>\n<section>\n<h2>Avantajlar ve Faydalar<\/h2>\n<p>Bank of America kredi kartlar\u0131, kart sahiplerine \u00e7e\u015fitli avantajlar ve faydalar sunmaktad\u0131r. Bunlar aras\u0131nda \u00f6d\u00fcl programlar\u0131, nakit iadeleri, u\u00e7ak biletleri, seyahat sigortas\u0131, doland\u0131r\u0131c\u0131l\u0131k korumas\u0131, VIP salonlar\u0131na eri\u015fim, \u00fcye indirimleri ve \u00f6zel programlar yer almaktad\u0131r. Her kart\u0131n kendine \u00f6zg\u00fc \u00f6zellikleri olabilir ve bu avantajlardan en iyi \u015fekilde yararlanmak i\u00e7in kart sahiplerinin \u015fartlar ve ko\u015fullar\u0131 anlamalar\u0131 \u00e7ok \u00f6nemlidir.<\/p>\n<ol>\n<li id=\"tw-target-text\" dir=\"ltr\" data-placeholder=\"Tradu\u00e7\u00e3o\" data-ved=\"2ahUKEwi66dXJrp6DAxX4rpUCHdWeCNwQ3ewLegQICBAQ\"><strong>\u00d6d\u00fcl programlar\u0131:<\/strong> Bank of America&#039;n\u0131n bir\u00e7ok kredi kart\u0131, kart sahiplerine yap\u0131lan her al\u0131\u015fveri\u015f i\u00e7in binlerce puan ve geri \u00f6deme kazanma imkan\u0131 sunan \u00f6d\u00fcl programlar\u0131 sunmaktad\u0131r. Bu avantajlar seyahat, \u00fcr\u00fcn, indirim veya hatta faturay\u0131 azaltmak i\u00e7in kullan\u0131labilir.<\/li>\n<li><strong>Para iadesi:<\/strong> Baz\u0131 kredi kartlar\u0131, yap\u0131lan al\u0131\u015fveri\u015flerde harcanan tutar\u0131n belirli bir y\u00fczdesini iade eder; bu da kart sahipleri i\u00e7in \u00f6nemli bir maliyet anlam\u0131na gelebilir.<\/li>\n<li><strong>Millas<\/strong> Havayollar\u0131: Belirli kartlar, \u00f6d\u00fcl olarak havayolu mil puan\u0131 sunabilir; bu da kart sahiplerinin gelecekteki seyahatler veya daha \u00fcst s\u0131n\u0131f u\u00e7u\u015flar i\u00e7in puan biriktirmelerine olanak tan\u0131r.<\/li>\n<li><strong>Sigorta ve Korumalar<\/strong>Bank of America&#039;n\u0131n bir\u00e7ok kredi kart\u0131 seyahat sigortas\u0131, ara\u00e7 kiralama sigortas\u0131, sat\u0131n al\u0131nan \u00fcr\u00fcnlerin \u00e7al\u0131nmas\u0131na veya hasar g\u00f6rmesine kar\u015f\u0131 koruma ve di\u011fer t\u00fcketici koruma avantajlar\u0131n\u0131 i\u00e7ermektedir.<\/li>\n<li><strong>VIP salonlar\u0131na eri\u015fim:<\/strong> Premium kategori kartlar\u0131, havaalanlar\u0131ndaki VIP salonlar\u0131na eri\u015fim imkan\u0131 sunarak seyahat s\u0131ras\u0131nda daha konforlu bir deneyim sa\u011flar.<\/li>\n<li><strong>\u00d6zel Programlar:<\/strong> Kart sahipleri \u00f6zel etkinliklere, g\u00f6sterilere ve etkinliklere \u00fccretsiz giri\u015f hakk\u0131na ve di\u011fer k\u00fclt\u00fcrel avantajlara eri\u015febilirler.<\/li>\n<li><strong>\u00dcyelere \u00f6zel indirimler:<\/strong> Bank of America&#039;n\u0131n i\u015f ortaklar\u0131yla yapt\u0131\u011f\u0131 i\u015f birlikleri sayesinde kart sahiplerine \u00f6zel indirimler, promosyonlar ve ayr\u0131cal\u0131kl\u0131 teklifler sunulabiliyor.<\/li>\n<li><strong>Sahtekarl\u0131\u011fa kar\u015f\u0131 koruma:<\/strong> Bank of America genellikle geli\u015fmi\u015f doland\u0131r\u0131c\u0131l\u0131k tespit sistemleri sunar ve \u015f\u00fcpheli bir i\u015flem durumunda kart sahiplerine bildirimde bulunur ve onlar\u0131 korumak i\u00e7in i\u015flemleri bloke edebilir.<\/li>\n<\/ol>\n<\/section>\n<p>\u00a0<\/p>\n<section><\/section>\n<p><!-- c2 --><ins data-ad-client=\"ca-pub-8467596234382548\" data-ad-slot=\"4129955308\" data-ad-format=\"auto\" data-full-width-responsive=\"true\"><\/ins><\/p>\n<p><a href=\"https:\/\/bonfimnoticias.com.br\/tr\/como-solicito-la-tarjeta-de-credito-the-platinum-american-express\/\"><br \/>\nKRED\u0130 KARTI ALMAYI TERC\u0130H ED\u0130YORUM<br \/>\n<\/a><\/p>","protected":false},"excerpt":{"rendered":"<p>La tarjeta de cr\u00e9dito Bank of America es un producto financiero ofrecido por uno de los bancos m\u00e1s grandes de&#8230;<\/p>","protected":false},"author":24,"featured_media":17220,"parent":0,"menu_order":0,"comment_status":"open","ping_status":"closed","template":"","meta":{"footnotes":""},"class_list":["post-17242","page","type-page","status-publish","has-post-thumbnail","hentry"],"_links":{"self":[{"href":"https:\/\/bonfimnoticias.com.br\/tr\/wp-json\/wp\/v2\/pages\/17242","targetHints":{"allow":["GET"]}}],"collection":[{"href":"https:\/\/bonfimnoticias.com.br\/tr\/wp-json\/wp\/v2\/pages"}],"about":[{"href":"https:\/\/bonfimnoticias.com.br\/tr\/wp-json\/wp\/v2\/types\/page"}],"author":[{"embeddable":true,"href":"https:\/\/bonfimnoticias.com.br\/tr\/wp-json\/wp\/v2\/users\/24"}],"replies":[{"embeddable":true,"href":"https:\/\/bonfimnoticias.com.br\/tr\/wp-json\/wp\/v2\/comments?post=17242"}],"version-history":[{"count":0,"href":"https:\/\/bonfimnoticias.com.br\/tr\/wp-json\/wp\/v2\/pages\/17242\/revisions"}],"wp:featuredmedia":[{"embeddable":true,"href":"https:\/\/bonfimnoticias.com.br\/tr\/wp-json\/wp\/v2\/media\/17220"}],"wp:attachment":[{"href":"https:\/\/bonfimnoticias.com.br\/tr\/wp-json\/wp\/v2\/media?parent=17242"}],"curies":[{"name":"wp","href":"https:\/\/api.w.org\/{rel}","templated":true}]}}