{"id":17232,"date":"2024-01-04T15:37:46","date_gmt":"2024-01-04T18:37:46","guid":{"rendered":"https:\/\/bonfimnoticias.com.br\/bancolombia\/"},"modified":"2024-01-24T08:30:06","modified_gmt":"2024-01-24T11:30:06","slug":"bancolombia","status":"publish","type":"page","link":"https:\/\/bonfimnoticias.com.br\/tr\/bancolombia\/","title":{"rendered":"Kolombiya Bankas\u0131"},"content":{"rendered":"<p style=\"text-align: center;\"><a href=\"https:\/\/bonfimnoticias.com.br\/tr\/conoce-ahora-la-oportunidad-de-credito-a-corto-plazo-que-te-ofrece-bancolombia\/\">Bancolombia Hakk\u0131nda Her \u015eey: Finansal Hizmetleri ve \u00d6zel \u0130ndirimleri Ke\u015ffedin!<\/a><\/p>\n<p>\t\t\t\t\t\t\t\t\t\t\t\t\t\t\t\t<a href=\"https:\/\/bonfimnoticias.com.br\/tr\/conoce-ahora-la-oportunidad-de-credito-a-corto-plazo-que-te-ofrece-bancolombia\/\"><br \/>\n\t\t\t\t\t\t\t<img decoding=\"async\" width=\"600\" height=\"600\" src=\"https:\/\/bonfimnoticias.com.br\/wp_cf5e68-content\/uploads\/2024\/01\/bancolombia-600.png\" alt=\"\" loading=\"lazy\" srcset=\"\/\/bonfimnoticias.com.br\/wp_cf5e68-content\/uploads\/2024\/01\/bancolombia-600.png 600w, \/\/bonfimnoticias.com.br\/wp_cf5e68-content\/uploads\/2024\/01\/bancolombia-600-400x400.png 400w, \/\/bonfimnoticias.com.br\/wp_cf5e68-content\/uploads\/2024\/01\/bancolombia-600-96x96.png 96w, \/\/bonfimnoticias.com.br\/wp_cf5e68-content\/uploads\/2024\/01\/bancolombia-600-150x150.png 150w\" sizes=\"auto, (max-width: 600px) 100vw, 600px\" \/>\t\t\t\t\t\t\t\t<\/a><br \/>\n\t\t\t<a href=\"https:\/\/bonfimnoticias.com.br\/tr\/conoce-ahora-la-oportunidad-de-credito-a-corto-plazo-que-te-ofrece-bancolombia\/\"><br \/>\n\t\t\t\t\t\t\u015e\u0130MD\u0130 BULUN<br \/>\n\t\t\t\t\t<\/a><\/p>\n<p style=\"text-align: center;\">Bancolombia, m\u00fc\u015fterilerinin \u00e7e\u015fitli finansal ihtiya\u00e7lar\u0131n\u0131 kar\u015f\u0131layan geni\u015f bir yelpazede ki\u015fisel krediler sunmaktad\u0131r. Bu krediler aras\u0131nda teminatl\u0131 ve teminats\u0131z se\u00e7enekler, ki\u015fisel kredi limitleri ve bor\u00e7 alanlara esneklik sa\u011flayan di\u011fer t\u00fcrler yer almaktad\u0131r. M\u00fc\u015fteriler, kendi ko\u015fullar\u0131na uygun \u00f6deme ko\u015fullar\u0131n\u0131 se\u00e7ebilir ve ba\u015fvuru s\u00fcrecini kolayla\u015ft\u0131rmak i\u00e7in internet bankac\u0131l\u0131\u011f\u0131 ve mobil uygulamalar gibi dijital kanallara g\u00fcvenebilirler.<\/p>\n<h2>\u00a0<\/h2>\n<h2>\u00a0<\/h2>\n<h2 style=\"text-align: center;\"><strong>Avantajlar ve Faydalar<\/strong><\/h2>\n<p>Kredilerimiz, finansal kaynaklara an\u0131nda eri\u015fim sa\u011flayarak hedeflere ula\u015fmay\u0131 ve acil ihtiya\u00e7lar\u0131 kar\u015f\u0131lamay\u0131 m\u00fcmk\u00fcn k\u0131lan yeni avantajlar sunmaktad\u0131r. Ba\u015fl\u0131ca faydalar aras\u0131nda finansal esneklik, \u00f6demelerin zamana yay\u0131lmas\u0131na olanak tan\u0131ma ve olumlu bir kredi ge\u00e7mi\u015fi olu\u015fturma f\u0131rsat\u0131 yer almaktad\u0131r. \u015eirketler i\u00e7in bu krediler, g\u00fcnl\u00fck operasyonlar\u0131 ve geni\u015flemeyi kolayla\u015ft\u0131ran \u00f6nemli bir likidite kayna\u011f\u0131 temsil etmektedir.<\/p>\n<p>\t\t\t<a href=\"https:\/\/bonfimnoticias.com.br\/tr\/necesita-un-prestamo-para-sus-gastos-personales-echa-un-vistazo-a-la-oportunidad-que-te-ofrece-el-banco-santander\/\"><br \/>\n\t\t\t\t\t\tSEPA MAS<br \/>\n\t\t\t\t\t<\/a><br \/>\n\t\t<\/p>\n<ol>\n<li style=\"text-align: center;\"><strong>Uluslararas\u0131 Varl\u0131k:<\/strong> Kolombiya merkezli bir banka olan Bancolombia, uluslararas\u0131 varl\u0131\u011f\u0131n\u0131 geni\u015fleterek di\u011fer Latin Amerika \u00fclkelerindeki m\u00fc\u015fterilerine hizmet vermekte ve stratejik konumlarda \u015fubeler a\u00e7maktad\u0131r.<\/li>\n<li style=\"text-align: center;\"><strong>Bankac\u0131l\u0131k Hizmetleri:<\/strong> \u00c7e\u015fitli bankac\u0131l\u0131k \u00fcr\u00fcnleri ve hizmetleri sunmaktad\u0131r; bunlar aras\u0131nda cari hesaplar, tasarruf hesaplar\u0131, kredi kartlar\u0131, bireysel krediler ve konut kredileri yer almaktad\u0131r.<\/li>\n<li style=\"text-align: center;\"><strong>Kurumsal Banka:<\/strong> \u00c7e\u015fitli sekt\u00f6rlerden \u015firketlere hizmet veren bu kurulu\u015f, faaliyetlerini desteklemek i\u00e7in finansal \u00e7\u00f6z\u00fcmler ve \u00f6zel hizmetler sunmaktad\u0131r.<\/li>\n<li style=\"text-align: center;\"><strong>Yat\u0131r\u0131m Bankas\u0131:<\/strong> Yat\u0131r\u0131m bankac\u0131l\u0131\u011f\u0131 hizmetleri sunar; m\u00fc\u015fterilerine birle\u015fme ve devralmalar, fon toplama, menkul k\u0131ymet ihra\u00e7lar\u0131 ve di\u011fer finansal hizmetler konusunda dan\u0131\u015fmanl\u0131k yapar.<\/li>\n<li style=\"text-align: center;\"><strong>Finansal teknoloji:<\/strong> Bir\u00e7ok modern banka gibi Bancolombia da dijital hizmetlerini geli\u015ftirmek i\u00e7in finansal teknolojiye (fintech) yat\u0131r\u0131m yapt\u0131 ve m\u00fc\u015fterilerine internet bankac\u0131l\u0131\u011f\u0131 se\u00e7enekleri ve mobil uygulamalar sunuyor.<\/li>\n<li style=\"text-align: center;\"><strong>Sosyal Sorumluluk:<\/strong> Bancolombia, kurumsal sosyal sorumlulu\u011fa ba\u011fl\u0131 kalarak \u00e7e\u015fitli sosyal giri\u015fimlere ve topluluk geli\u015ftirme projelerine kat\u0131lmaktad\u0131r.<\/li>\n<li style=\"text-align: center;\"><strong>S\u00fcrd\u00fcr\u00fclebilir Kalk\u0131nma:<\/strong> Banka, s\u00fcrd\u00fcr\u00fclebilir uygulamalara ilgi g\u00f6sterdi\u011fini ve faaliyetlerine \u00e7evresel, sosyal ve y\u00f6neti\u015fim unsurlar\u0131n\u0131 entegre etti\u011fini ortaya koymu\u015ftur.<\/li>\n<\/ol>\n<p>\t\t\t<a href=\"#\"><br \/>\n\t\t\t\t\t\tDAHA FAZLA KRED\u0130 G\u00d6R\u00dcN<br \/>\n\t\t\t\t\t<\/a><\/p>","protected":false},"excerpt":{"rendered":"<p>Todo sobre Bancolombia:Descubre los Servicios Financieros y Ventajas Exclusivas! ENCU\u00c9NTRALO AHORA Bancolombia ofrece una amplia gama de pr\u00e9stamos personales, satisfaciendo&#8230;<\/p>","protected":false},"author":19,"featured_media":16311,"parent":0,"menu_order":0,"comment_status":"open","ping_status":"closed","template":"","meta":{"footnotes":""},"class_list":["post-17232","page","type-page","status-publish","has-post-thumbnail","hentry"],"_links":{"self":[{"href":"https:\/\/bonfimnoticias.com.br\/tr\/wp-json\/wp\/v2\/pages\/17232","targetHints":{"allow":["GET"]}}],"collection":[{"href":"https:\/\/bonfimnoticias.com.br\/tr\/wp-json\/wp\/v2\/pages"}],"about":[{"href":"https:\/\/bonfimnoticias.com.br\/tr\/wp-json\/wp\/v2\/types\/page"}],"author":[{"embeddable":true,"href":"https:\/\/bonfimnoticias.com.br\/tr\/wp-json\/wp\/v2\/users\/19"}],"replies":[{"embeddable":true,"href":"https:\/\/bonfimnoticias.com.br\/tr\/wp-json\/wp\/v2\/comments?post=17232"}],"version-history":[{"count":0,"href":"https:\/\/bonfimnoticias.com.br\/tr\/wp-json\/wp\/v2\/pages\/17232\/revisions"}],"wp:featuredmedia":[{"embeddable":true,"href":"https:\/\/bonfimnoticias.com.br\/tr\/wp-json\/wp\/v2\/media\/16311"}],"wp:attachment":[{"href":"https:\/\/bonfimnoticias.com.br\/tr\/wp-json\/wp\/v2\/media?parent=17232"}],"curies":[{"name":"wp","href":"https:\/\/api.w.org\/{rel}","templated":true}]}}