{"id":17223,"date":"2024-01-03T15:31:22","date_gmt":"2024-01-03T18:31:22","guid":{"rendered":"https:\/\/bonfimnoticias.com.br\/?page_id=17223"},"modified":"2024-02-09T10:39:26","modified_gmt":"2024-02-09T13:39:26","slug":"prestamo-bradesco-2","status":"publish","type":"page","link":"https:\/\/bonfimnoticias.com.br\/tr\/prestamo-bradesco-2\/","title":{"rendered":"Bradesco Kredisi"},"content":{"rendered":"<p id=\"tw-target-text\" dir=\"ltr\" data-placeholder=\"Tradu\u00e7\u00e3o\" data-ved=\"2ahUKEwjng4-oyMGDAxW-ppUCHeGxD4IQ3ewLegQICBAQ\">Hayallerinize y\u0131llarca beklemek zorunda kalmadan ula\u015fmay\u0131 hi\u00e7 d\u00fc\u015f\u00fcnd\u00fcn\u00fcz m\u00fc? Hayalinizdeki seyahati yapmay\u0131, e\u011fitime yat\u0131r\u0131m yapmay\u0131 veya verilerinizi h\u0131zl\u0131 ve verimli bir \u015fekilde birle\u015ftirmeyi hayal edin.<\/p>\n<p>\t\t\t<a href=\"https:\/\/bonfimnoticias.com.br\/tr\/descubra-ahora-mismo-la-variedad-de-prestamos-que-ofrece-el-banco-bradesco\/\"><br \/>\n\t\t\t\t\t\tSEPA MAS<br \/>\n\t\t\t\t\t<\/a><br \/>\n\t\t\t\t\t\t\t\t\t\t\t\t\t\t\t<img decoding=\"async\" width=\"980\" height=\"980\" src=\"https:\/\/bonfimnoticias.com.br\/wp_cf5e68-content\/uploads\/2024\/02\/13441496-design-de-ilustracao-de-estilo-simples-de-desembolso-de-emprestimo-gratis-vetor.jpg\" alt=\"\" loading=\"lazy\" srcset=\"https:\/\/bonfimnoticias.com.br\/wp_cf5e68-content\/uploads\/2024\/02\/13441496-design-de-ilustracao-de-estilo-simples-de-desembolso-de-emprestimo-gratis-vetor.jpg 980w, https:\/\/bonfimnoticias.com.br\/wp_cf5e68-content\/uploads\/2024\/02\/13441496-design-de-ilustracao-de-estilo-simples-de-desembolso-de-emprestimo-gratis-vetor-800x800.jpg 800w, https:\/\/bonfimnoticias.com.br\/wp_cf5e68-content\/uploads\/2024\/02\/13441496-design-de-ilustracao-de-estilo-simples-de-desembolso-de-emprestimo-gratis-vetor-400x400.jpg 400w, https:\/\/bonfimnoticias.com.br\/wp_cf5e68-content\/uploads\/2024\/02\/13441496-design-de-ilustracao-de-estilo-simples-de-desembolso-de-emprestimo-gratis-vetor-768x768.jpg 768w, https:\/\/bonfimnoticias.com.br\/wp_cf5e68-content\/uploads\/2024\/02\/13441496-design-de-ilustracao-de-estilo-simples-de-desembolso-de-emprestimo-gratis-vetor-96x96.jpg 96w, https:\/\/bonfimnoticias.com.br\/wp_cf5e68-content\/uploads\/2024\/02\/13441496-design-de-ilustracao-de-estilo-simples-de-desembolso-de-emprestimo-gratis-vetor-150x150.jpg 150w\" sizes=\"auto, (max-width: 980px) 100vw, 980px\" \/><br \/>\n\t\t\t\t<\/p>\n<h2>Avantajlar ve Faydalar<\/h2>\n<section>\n<p style=\"text-align: center;\">Bradesco&#039;dan al\u0131nan ki\u015fisel kredinin avantajlar\u0131 aras\u0131nda h\u0131zl\u0131 \u00f6deme, paran\u0131n farkl\u0131 ama\u00e7lar i\u00e7in kullan\u0131m\u0131nda esneklik, \u00f6zel teminat gerektirmemesi, \u00fclke genelinde bankac\u0131l\u0131k hizmetlerine daha kolay eri\u015fim ve kredi ko\u015fullar\u0131n\u0131n m\u00fczakere edilebilmesi yer almaktad\u0131r.<\/p>\n<\/section>\n<p>\t\t\t<a href=\"https:\/\/bonfimnoticias.com.br\/tr\/un-analisis-del-prestamo-personal-del-banco-bbva\/\"><br \/>\n\t\t\t\t\t\tObtenga un pr\u00e9stamo ahora<br \/>\n\t\t\t\t\t<\/a><\/p>\n<ol>\n<li style=\"text-align: center;\"><strong>Finansal esneklik:<\/strong> Bireysel kredi benzersiz bir esneklik sunar. \u0130htiya\u00e7lar\u0131n\u0131za ve mali olanaklar\u0131n\u0131za en uygun kredi miktar\u0131n\u0131 ve \u00f6deme plan\u0131n\u0131 se\u00e7ebilirsiniz.<\/li>\n<li style=\"text-align: center;\"><strong>Fonlar\u0131n H\u0131zl\u0131 Onaylanmas\u0131 ve Serbest B\u0131rak\u0131lmas\u0131:<\/strong> Geleneksel kredilerin uzun bekleme s\u00fcrelerini ve b\u00fcrokrasisini hat\u0131rlay\u0131n. Ki\u015fisel kredi ile onay h\u0131zl\u0131d\u0131r ve fonlar rekor s\u00fcrede serbest b\u0131rak\u0131l\u0131r, bu da paray\u0131 ihtiya\u00e7 duydu\u011funuzda kullanman\u0131za olanak tan\u0131r.<\/li>\n<li style=\"text-align: center;\"><strong>No Se Requieren Garant\u00edas:<\/strong>Gayrimenkul veya ara\u00e7 gibi teminat gerektiren di\u011fer kredi t\u00fcrlerinin aksine, ki\u015fisel kredi herhangi bir teminat gerektirmez. Bu da daha az endi\u015fe ve paray\u0131 istedi\u011finiz gibi kullanma \u00f6zg\u00fcrl\u00fc\u011f\u00fc anlam\u0131na gelir.<\/li>\n<li style=\"text-align: center;\"><strong>Rekabet\u00e7i fiyatlar:<\/strong> Rekabet\u00e7i ve \u015feffaf faiz oranlar\u0131yla, bireysel kredi farkl\u0131 m\u00fc\u015fteri profilleri i\u00e7in uygun fiyatl\u0131 bir finansal \u00e7\u00f6z\u00fcm sunmaktad\u0131r. Ne kadar \u00f6deyece\u011finizi tam olarak bilmenin verdi\u011fi huzurla, hi\u00e7bir tats\u0131z s\u00fcrprizle kar\u015f\u0131la\u015fmazs\u0131n\u0131z.<\/li>\n<\/ol>\n<p>\t\t\t<a href=\"https:\/\/bonfimnoticias.com.br\/tr\/tarjetas-bbva-particulares-empresas\/\"><br \/>\n\t\t\t\t\t\tBE\u011eENEB\u0130L\u0130RS\u0130N\u0130Z<br \/>\n\t\t\t\t\t<\/a><\/p>","protected":false},"excerpt":{"rendered":"<p>\u00bfAlguna vez has pensado en alcanzar tus sue\u00f1os sin esperar a\u00f1os para ahorrar? Imagina realizar ese viaje so\u00f1ado, invertir en&#8230;<\/p>","protected":false},"author":19,"featured_media":16314,"parent":0,"menu_order":0,"comment_status":"open","ping_status":"closed","template":"","meta":{"footnotes":""},"class_list":["post-17223","page","type-page","status-publish","has-post-thumbnail","hentry"],"_links":{"self":[{"href":"https:\/\/bonfimnoticias.com.br\/tr\/wp-json\/wp\/v2\/pages\/17223","targetHints":{"allow":["GET"]}}],"collection":[{"href":"https:\/\/bonfimnoticias.com.br\/tr\/wp-json\/wp\/v2\/pages"}],"about":[{"href":"https:\/\/bonfimnoticias.com.br\/tr\/wp-json\/wp\/v2\/types\/page"}],"author":[{"embeddable":true,"href":"https:\/\/bonfimnoticias.com.br\/tr\/wp-json\/wp\/v2\/users\/19"}],"replies":[{"embeddable":true,"href":"https:\/\/bonfimnoticias.com.br\/tr\/wp-json\/wp\/v2\/comments?post=17223"}],"version-history":[{"count":0,"href":"https:\/\/bonfimnoticias.com.br\/tr\/wp-json\/wp\/v2\/pages\/17223\/revisions"}],"wp:featuredmedia":[{"embeddable":true,"href":"https:\/\/bonfimnoticias.com.br\/tr\/wp-json\/wp\/v2\/media\/16314"}],"wp:attachment":[{"href":"https:\/\/bonfimnoticias.com.br\/tr\/wp-json\/wp\/v2\/media?parent=17223"}],"curies":[{"name":"wp","href":"https:\/\/api.w.org\/{rel}","templated":true}]}}