{"id":16281,"date":"2023-12-12T05:45:59","date_gmt":"2023-12-12T08:45:59","guid":{"rendered":"https:\/\/bonfimnoticias.com.br\/usa-american-express-loan\/"},"modified":"2023-12-12T05:45:59","modified_gmt":"2023-12-12T08:45:59","slug":"usa-american-express-loan","status":"publish","type":"page","link":"https:\/\/bonfimnoticias.com.br\/tr\/usa-american-express-loan\/","title":{"rendered":"American Express Kredisi"},"content":{"rendered":"<p>American Express National Bank, nitelikli kart sahiplerine teminats\u0131z ki\u015fisel krediler sunmaktad\u0131r. 3.500 TL ile 25.000 TL aras\u0131nda de\u011fi\u015fen bu krediler, 12, 24 veya 36 ay vadeyle geri \u00f6denebilir. Rekabet\u00e7i faiz oranlar\u0131 ve bor\u00e7 konsolidasyonu i\u00e7in do\u011frudan \u00f6demeler sunan American Express ki\u015fisel kredisi, y\u00fcksek faizli bor\u00e7lar\u0131n\u0131 birle\u015ftirmek isteyenler i\u00e7in uygun bir se\u00e7enektir.<\/p>\n<p><a href=\"https:\/\/bonfimnoticias.com.br\/tr\/how-to-get-walmart-plus-amex-platinum-with-a-loan-american-express\/\"><br \/>\nBilgi birikimi<br \/>\n<\/a><\/p>\n<style>\/*! elementor - v3.18.0 - 20-12-2023 *\/\n.elementor-widget-image{text-align:center}.elementor-widget-image a{display:inline-block}.elementor-widget-image a img[src$=\".svg\"]{width:48px}.elementor-widget-image img{vertical-align:middle;display:inline-block}<\/style>\n<p><img loading=\"lazy\" decoding=\"async\" width=\"1024\" height=\"346\" src=\"https:\/\/bonfimnoticias.com.br\/wp_cf5e68-content\/uploads\/2024\/01\/maxresdefault-6-e1702360005917-1-2.jpg\" alt=\"\" srcset=\"https:\/\/bonfimnoticias.com.br\/wp_cf5e68-content\/uploads\/2024\/01\/maxresdefault-6-e1702360005917-1-2.jpg 1024w, https:\/\/bonfimnoticias.com.br\/wp_cf5e68-content\/uploads\/2024\/01\/maxresdefault-6-e1702360005917-1-2.jpg 300w, https:\/\/bonfimnoticias.com.br\/wp_cf5e68-content\/uploads\/2024\/01\/maxresdefault-6-e1702360005917-1-2.jpg 768w, https:\/\/bonfimnoticias.com.br\/wp_cf5e68-content\/uploads\/2024\/01\/maxresdefault-6-e1702360005917-1-2.jpg 150w, https:\/\/bonfimnoticias.com.br\/wp_cf5e68-content\/uploads\/2024\/01\/maxresdefault-6-e1702360005917-1-2.jpg 1280w\" sizes=\"auto, (max-width: 1024px) 100vw, 1024px\" \/><\/p>\n<h2>American Express Taraf\u0131ndan Sunulan Teminats\u0131z Bireysel Kredi T\u00fcrleri<\/h2>\n<p>American Express, \u00e7e\u015fitli ama\u00e7lar i\u00e7in tasarlanm\u0131\u015f teminats\u0131z ki\u015fisel krediler sunmaktad\u0131r. American Express ki\u015fisel kredisi i\u00e7in uygun kullan\u0131m alanlar\u0131 \u015funlard\u0131r:<\/p>\n<ol>\n<li>American Express taraf\u0131ndan issued edilenler hari\u00e7, di\u011fer y\u00fcksek faizli kredi kartlar\u0131ndan kaynaklanan bor\u00e7lar\u0131n birle\u015ftirilmesi.<\/li>\n<li>Ev tadilat projeleri.<\/li>\n<li>Seyahat masraflar\u0131.<\/li>\n<li>Yeni ev aletlerinin sat\u0131n al\u0131nmas\u0131.<\/li>\n<li>Di\u011fer \u00f6nemli kalemlerin sat\u0131n al\u0131nmas\u0131.<\/li>\n<\/ol>\n<p>Ancak, American Express ki\u015fisel kredisinin kullan\u0131lamayaca\u011f\u0131 belirli ama\u00e7lar vard\u0131r. Bunlar aras\u0131nda i\u015fletme giderleri, ara\u00e7 al\u0131mlar\u0131 (pe\u015finat \u00f6demesi hari\u00e7), gayrimenkul al\u0131mlar\u0131, y\u00fcksek\u00f6\u011frenim masraflar\u0131 ve menkul k\u0131ymet al\u0131mlar\u0131 yer almaktad\u0131r. Ayr\u0131ca, ki\u015fisel kredinizden elde edilen paray\u0131 American Express kredi kart\u0131n\u0131zdaki mevcut bor\u00e7lar\u0131 birle\u015ftirmek veya yeniden finanse etmek i\u00e7in kullanamayaca\u011f\u0131n\u0131z\u0131 da belirtmek \u00f6nemlidir.<\/p>\n<p><center><br \/>\nReklam<br \/>\n<\/center><\/p>\n<h2 id=\"mntl-sc-block_2-0-39\">American Express&#039;i Di\u011fer Bireysel Kredi Sa\u011flay\u0131c\u0131lar\u0131yla Kar\u015f\u0131la\u015ft\u0131r\u0131n<\/h2>\n<figure id=\"mntl-sc-block_2-0-40\" data-tracking-container=\"true\" data-tracking-id=\"table-block\">\n<table>\n<colgroup span=\"1\"><\/colgroup>\n<colgroup span=\"1\"><\/colgroup>\n<colgroup span=\"1\"><\/colgroup>\n<colgroup span=\"1\"><\/colgroup>\n<thead>\n<tr>\n<th>\u00a0<\/th>\n<th><b>American Express<\/b><\/th>\n<th><b>Citibank<\/b><\/th>\n<th><b>ABD Bankas\u0131<\/b><\/th>\n<\/tr>\n<\/thead>\n<tbody data-check=\"0\">\n<tr>\n<td><b>APR Aral\u0131\u011f\u0131<\/b><\/td>\n<td>4.98%\u201318.97%<\/td>\n<td>10.49%\u201319.49%<\/td>\n<td>8.24%\u201324.99%<\/td>\n<\/tr>\n<tr>\n<td><b>Kredi Miktarlar\u0131<\/b><\/td>\n<td>$3,500\u2013$40,000<\/td>\n<td>$2.000\u2013$30.000<\/td>\n<td>$1.000\u2013$50.000<\/td>\n<\/tr>\n<tr>\n<td><b>Kredi \u015eartlar\u0131<\/b><\/td>\n<td>12\u201360 ay<\/td>\n<td>12\u201360 ay<\/td>\n<td>12\u201384 ay<\/td>\n<\/tr>\n<tr>\n<td><b>\u00d6nerilen Minimum Kredi Puan\u0131<\/b><\/td>\n<td>A\u00e7\u0131klanmad\u0131<\/td>\n<td>A\u00e7\u0131klanmad\u0131<\/td>\n<td>660<\/td>\n<\/tr>\n<tr>\n<td><b>Ba\u015flang\u0131\u00e7 \u00dccreti<\/b><\/td>\n<td>Hi\u00e7biri<\/td>\n<td>Hi\u00e7biri<\/td>\n<td>Hi\u00e7biri<\/td>\n<\/tr>\n<tr>\n<td><b>Paray\u0131 Alma S\u00fcresi<\/b><\/td>\n<td>3 g\u00fcn<\/td>\n<td>Ayn\u0131 g\u00fcn<\/td>\n<td>1 g\u00fcn<\/td>\n<\/tr>\n<\/tbody>\n<\/table>\n<\/figure>\n<p><a href=\"https:\/\/bonfimnoticias.com.br\/tr\/how-to-get-walmart-plus-amex-platinum-with-a-loan-american-express\/\"><br \/>\nDaha fazla bilgi edin<br \/>\n<\/a><br \/>\n<a href=\"https:\/\/bonfimnoticias.com.br\/tr\/check-out-this-overview-of-zippyloans-personal-loan-opportunities\/\"><br \/>\nDaha Fazla Kredi<br \/>\n<\/a><\/p>","protected":false},"excerpt":{"rendered":"<p>American Express National Bank provides unsecured personal loans to qualified cardholders. These loans, ranging from $3,500 to $25,000, can be&#8230;<\/p>","protected":false},"author":19,"featured_media":16282,"parent":0,"menu_order":0,"comment_status":"open","ping_status":"open","template":"","meta":{"footnotes":""},"class_list":["post-16281","page","type-page","status-publish","has-post-thumbnail","hentry"],"_links":{"self":[{"href":"https:\/\/bonfimnoticias.com.br\/tr\/wp-json\/wp\/v2\/pages\/16281","targetHints":{"allow":["GET"]}}],"collection":[{"href":"https:\/\/bonfimnoticias.com.br\/tr\/wp-json\/wp\/v2\/pages"}],"about":[{"href":"https:\/\/bonfimnoticias.com.br\/tr\/wp-json\/wp\/v2\/types\/page"}],"author":[{"embeddable":true,"href":"https:\/\/bonfimnoticias.com.br\/tr\/wp-json\/wp\/v2\/users\/19"}],"replies":[{"embeddable":true,"href":"https:\/\/bonfimnoticias.com.br\/tr\/wp-json\/wp\/v2\/comments?post=16281"}],"version-history":[{"count":0,"href":"https:\/\/bonfimnoticias.com.br\/tr\/wp-json\/wp\/v2\/pages\/16281\/revisions"}],"wp:featuredmedia":[{"embeddable":true,"href":"https:\/\/bonfimnoticias.com.br\/tr\/wp-json\/wp\/v2\/media\/16282"}],"wp:attachment":[{"href":"https:\/\/bonfimnoticias.com.br\/tr\/wp-json\/wp\/v2\/media?parent=16281"}],"curies":[{"name":"wp","href":"https:\/\/api.w.org\/{rel}","templated":true}]}}