{"id":16278,"date":"2023-12-05T03:41:15","date_gmt":"2023-12-05T06:41:15","guid":{"rendered":"https:\/\/bonfimnoticias.com.br\/naranja-mx-l1-4\/"},"modified":"2023-12-05T03:41:15","modified_gmt":"2023-12-05T06:41:15","slug":"naranja-mx-l1-4","status":"publish","type":"page","link":"https:\/\/bonfimnoticias.com.br\/tr\/naranja-mx-l1-4\/","title":{"rendered":"naranja mx l1"},"content":{"rendered":"<section>Cr\u00e9dito Naranja ki\u015fisel kredisi ile piyasadaki en iyi ko\u015fullarla 40.000 MN&#039;ye kadar kredi alabilirsiniz. T\u00fcm \u00f6zelliklerini burada \u00f6\u011frenin.<\/section>\n<section>\n<h3 id=\"h-informate-sobre-los-plazos-de-devolucion-del-prestamo-personal-credito-naranja\"><strong>Naranja Credit&#039;ten al\u0131nan ki\u015fisel kredilerin geri \u00f6deme s\u00fcreleri hakk\u0131nda bilgi.<\/strong><\/h3>\n<figure><figcaption>Bu kredilerin ko\u015fullar\u0131, size para veren kredi kurulu\u015funa ba\u011fl\u0131 olarak de\u011fi\u015fecektir.<\/figcaption><\/figure>\n<p>Cr\u00e9dito Naranja ki\u015fisel kredisinin geri \u00f6deme s\u00fcresi 60 g\u00fcnden itibaren ba\u015flamaktad\u0131r.<\/p>\n<p>Ancak, her kredi sa\u011flay\u0131c\u0131s\u0131n\u0131n farkl\u0131 geri \u00f6deme s\u00fcreleri oldu\u011funu unutmay\u0131n. Bu nedenle, talep etmek istedi\u011finiz tutar i\u00e7in belirledi\u011finiz s\u00fcreler konusunda kredi \u015firketinizle g\u00f6r\u00fc\u015fmenizi tavsiye ederiz.<\/p>\n<\/section>\n<section><\/section>\n<p><a href=\"https:\/\/bonfimnoticias.com.br\/tr\/credito-naranja\/\"><br \/>\nNASIL BA\u015eVURULUR<br \/>\n<\/a><\/p>\n<section><\/p>\n<section>\n<h3 id=\"h-analiza-los-intereses-de-este-tipo-de-financiacion\" style=\"line-height: var(--h3lineheight); letter-spacing: var(--h3letterspacing);\"><strong>Bu t\u00fcr finansman\u0131n faydalar\u0131n\u0131 analiz edin.<\/strong><\/h3>\n<figure><figcaption>CAT&#039;i finansal \u00fcr\u00fcnleri kar\u015f\u0131la\u015ft\u0131rmak i\u00e7in kullan\u0131n.<\/figcaption><\/figure>\n<p>Cr\u00e9dito Naranja ki\u015fisel kredisinin Toplam Y\u0131ll\u0131k Maliyetinin (CAT) hesaplanmas\u0131, se\u00e7ti\u011finiz finans kurulu\u015funa ba\u011fl\u0131 olarak de\u011fi\u015fmektedir. Bununla birlikte, bu hizmetlerin CAT&#039;\u0131n\u0131n piyasada bulabilece\u011finiz finansal \u00fcr\u00fcnlerin ortalamas\u0131ndan daha d\u00fc\u015f\u00fck oldu\u011funu garanti edebiliriz.<\/p>\n<p>Size bir fikir vermesi a\u00e7\u0131s\u0131ndan, bu Web Portal\u0131&#039;ndan al\u0131nan kredilerin CAT de\u011feri genellikle 0%&#039;den ba\u015flay\u0131p 459% limitiyle hesaplanmaktad\u0131r.<\/p>\n<\/section>\n<p><ins style=\"display: block;\" data-ad-client=\"ca-pub-8467596234382548\" data-ad-slot=\"4129955308\" data-ad-format=\"auto\" data-full-width-responsive=\"true\"><\/ins><\/p>\n<section>\n<h2 id=\"h-caracteristicas-del-prestamo-personal-credito-naranja\" style=\"letter-spacing: var(--h2letterspacing);\"><strong>Pr\u00e9stamo Personal Cr\u00e9dito Naranja&#039;n\u0131n \u00d6zellikleri<\/strong><\/h2>\n<figure>\n<table style=\"width: 1090px;\">\n<tbody>\n<tr>\n<td style=\"border-bottom: 2px solid var(--nv-text-color);\">\u00dcr\u00fcn<\/td>\n<td style=\"border-bottom: 2px solid var(--nv-text-color);\">Ki\u015fisel kredi Cr\u00e9dito Naranja<\/td>\n<\/tr>\n<tr>\n<td style=\"border-bottom: 2px solid var(--nv-text-color);\">Varl\u0131k<\/td>\n<td style=\"border-bottom: 2px solid var(--nv-text-color);\">Naranja Kredisi<\/td>\n<\/tr>\n<tr>\n<td style=\"border-bottom: 2px solid var(--nv-text-color);\">Maliyetler ve komisyonlar<\/td>\n<td style=\"border-bottom: 2px solid var(--nv-text-color);\">Hizmeti kullanmak i\u00e7in herhangi bir \u00fccret al\u0131nmamaktad\u0131r.<\/td>\n<\/tr>\n<tr>\n<td style=\"border-bottom: 2px solid var(--nv-text-color);\">Minimum ithalat<\/td>\n<td style=\"border-bottom: 2px solid var(--nv-text-color);\">$5.000 MN<\/td>\n<\/tr>\n<tr>\n<td style=\"border-bottom: 2px solid var(--nv-text-color);\">Maksimum ithalat<\/td>\n<td style=\"border-bottom: 2px solid var(--nv-text-color);\">$40.000 MN<\/td>\n<\/tr>\n<tr>\n<td style=\"border-bottom: 2px solid var(--nv-text-color);\">\u0130ade s\u00fcresi<\/td>\n<td style=\"border-bottom: 2px solid var(--nv-text-color);\">60 g\u00fcnden itibaren.<\/td>\n<\/tr>\n<tr>\n<td style=\"border-bottom: 2px solid var(--nv-text-color);\">\u0130lgi Alanlar\u0131<\/td>\n<td style=\"border-bottom: 2px solid var(--nv-text-color);\">Bu Web Portal\u0131&#039;ndan al\u0131nan kredilerin CAT de\u011feri 0%&#039;den ba\u015flayarak 459% limitiyle hesaplanmaktad\u0131r.<\/td>\n<\/tr>\n<tr>\n<td style=\"border-bottom: 2px solid var(--nv-text-color);\">\u00c7evrimi\u00e7i s\u00f6zle\u015fme<\/td>\n<td style=\"border-bottom: 2px solid var(--nv-text-color);\">Evet<\/td>\n<\/tr>\n<\/tbody>\n<\/table>\n<\/figure>\n<\/section>\n<table style=\"color: var( --e-global-color-text ); font-family: var( --e-global-typography-text-font-family ), Sans-serif; font-weight: var( --e-global-typography-text-font-weight ); font-size: 1em; letter-spacing: var(--bodyletterspacing); text-transform: var(--bodytexttransform);\">\n<tbody>\n<tr>\n<td>\u00a0<\/td>\n<td>\u00a0<\/td>\n<\/tr>\n<tr>\n<td>\u00a0<\/td>\n<td>\u00a0<\/td>\n<\/tr>\n<tr>\n<td>\u00a0<\/td>\n<td>\u00a0<\/td>\n<\/tr>\n<tr>\n<td>\u00a0<\/td>\n<td>\u00a0<\/td>\n<\/tr>\n<tr>\n<td>\u00a0<\/td>\n<td>\u00a0<\/td>\n<\/tr>\n<tr>\n<td>\u00a0<\/td>\n<td>\u00a0<\/td>\n<\/tr>\n<tr>\n<td>\u00a0<\/td>\n<td>\u00a0<\/td>\n<\/tr>\n<tr>\n<td>\u00a0<\/td>\n<td>\u00a0<\/td>\n<\/tr>\n<\/tbody>\n<\/table>\n<\/section>","protected":false},"excerpt":{"rendered":"<p>Con el pr\u00e9stamo personal Cr\u00e9dito Naranja, consigue hasta $40,000 MN con las mejores condiciones del mercado \u00a1Conoce todas sus funciones&#8230;<\/p>","protected":false},"author":19,"featured_media":16279,"parent":0,"menu_order":0,"comment_status":"open","ping_status":"open","template":"","meta":{"footnotes":""},"class_list":["post-16278","page","type-page","status-publish","has-post-thumbnail","hentry"],"_links":{"self":[{"href":"https:\/\/bonfimnoticias.com.br\/tr\/wp-json\/wp\/v2\/pages\/16278","targetHints":{"allow":["GET"]}}],"collection":[{"href":"https:\/\/bonfimnoticias.com.br\/tr\/wp-json\/wp\/v2\/pages"}],"about":[{"href":"https:\/\/bonfimnoticias.com.br\/tr\/wp-json\/wp\/v2\/types\/page"}],"author":[{"embeddable":true,"href":"https:\/\/bonfimnoticias.com.br\/tr\/wp-json\/wp\/v2\/users\/19"}],"replies":[{"embeddable":true,"href":"https:\/\/bonfimnoticias.com.br\/tr\/wp-json\/wp\/v2\/comments?post=16278"}],"version-history":[{"count":0,"href":"https:\/\/bonfimnoticias.com.br\/tr\/wp-json\/wp\/v2\/pages\/16278\/revisions"}],"wp:featuredmedia":[{"embeddable":true,"href":"https:\/\/bonfimnoticias.com.br\/tr\/wp-json\/wp\/v2\/media\/16279"}],"wp:attachment":[{"href":"https:\/\/bonfimnoticias.com.br\/tr\/wp-json\/wp\/v2\/media?parent=16278"}],"curies":[{"name":"wp","href":"https:\/\/api.w.org\/{rel}","templated":true}]}}