{"id":16276,"date":"2023-12-05T00:27:32","date_gmt":"2023-12-05T03:27:32","guid":{"rendered":"https:\/\/bonfimnoticias.com.br\/privacy-policy-2\/"},"modified":"2023-12-05T00:27:32","modified_gmt":"2023-12-05T03:27:32","slug":"privacy-policy-2","status":"publish","type":"page","link":"https:\/\/bonfimnoticias.com.br\/tr\/privacy-policy-2\/","title":{"rendered":"Gizlilik Politikas\u0131"},"content":{"rendered":"<p><!-- wp_cf5e68:paragraph --><\/p>\n<p>Gizlili\u011finiz bizim i\u00e7in \u00f6nemlidir. Work Help&#039;in politikas\u0131, web sitemiz arac\u0131l\u0131\u011f\u0131yla sizden toplayabilece\u011fimiz her t\u00fcrl\u00fc bilgiye ili\u015fkin gizlili\u011finize sayg\u0131 duymakt\u0131r. <a href=\"https:\/\/ihomeworkhelp.com\/\">\u0130\u015f Yard\u0131m\u0131<\/a>ve sahip oldu\u011fumuz ve i\u015fletti\u011fimiz di\u011fer siteler.<\/p>\n<p><!-- \/wp_cf5e68:paragraph --><\/p>\n<p><!-- wp_cf5e68:paragraph --><\/p>\n<p>Ki\u015fisel bilgilerinizi yaln\u0131zca size bir hizmet sunmak i\u00e7in ger\u00e7ekten ihtiya\u00e7 duydu\u011fumuzda talep ederiz. Bu bilgileri adil ve yasal yollarla, sizin bilginiz ve onay\u0131n\u0131zla toplar\u0131z. Ayr\u0131ca, neden toplad\u0131\u011f\u0131m\u0131z\u0131 ve nas\u0131l kullan\u0131laca\u011f\u0131n\u0131 da size bildiririz.<\/p>\n<p><!-- \/wp_cf5e68:paragraph --><\/p>\n<p><!-- wp_cf5e68:paragraph --><\/p>\n<p>Toplad\u0131\u011f\u0131m\u0131z bilgileri yaln\u0131zca talep etti\u011finiz hizmeti size sunmak i\u00e7in gerekli oldu\u011fu s\u00fcre boyunca sakl\u0131yoruz. Saklad\u0131\u011f\u0131m\u0131z verileri, kay\u0131p ve h\u0131rs\u0131zl\u0131\u011f\u0131 \u00f6nlemek, ayr\u0131ca yetkisiz eri\u015fim, if\u015fa, kopyalama, kullan\u0131m veya de\u011fi\u015ftirme i\u015flemlerini engellemek i\u00e7in ticari olarak kabul edilebilir y\u00f6ntemlerle koruyaca\u011f\u0131z.<\/p>\n<p><!-- \/wp_cf5e68:paragraph --><\/p>\n<p><!-- wp_cf5e68:paragraph --><\/p>\n<p>Kanunen zorunlu haller d\u0131\u015f\u0131nda, ki\u015fisel olarak tan\u0131mlay\u0131c\u0131 hi\u00e7bir bilgiyi kamuoyuyla veya \u00fc\u00e7\u00fcnc\u00fc taraflarla payla\u015fm\u0131yoruz.<\/p>\n<p><!-- \/wp_cf5e68:paragraph --><\/p>\n<p><!-- wp_cf5e68:paragraph --><\/p>\n<p>Web sitemiz, bizim taraf\u0131m\u0131zdan i\u015fletilmeyen harici sitelere ba\u011flant\u0131 verebilir. Bu sitelerin i\u00e7eri\u011fi ve uygulamalar\u0131 \u00fczerinde hi\u00e7bir kontrol\u00fcm\u00fcz olmad\u0131\u011f\u0131n\u0131 ve bunlardan kaynaklanan herhangi bir sorumlulu\u011fu kabul edemeyece\u011fimizi l\u00fctfen unutmay\u0131n.&nbsp;<a href=\"https:\/\/privacypolicies.in\/\" rel=\"noreferrer noopener\" target=\"_blank\">Gizlilik politikalar\u0131<\/a>.<\/p>\n<p><!-- \/wp_cf5e68:paragraph --><\/p>\n<p><!-- wp_cf5e68:paragraph --><\/p>\n<p>Ki\u015fisel bilgilerinizi payla\u015fma talebimizi reddetmekte \u00f6zg\u00fcrs\u00fcn\u00fcz; ancak bu durumda istedi\u011finiz baz\u0131 hizmetleri size sa\u011flayamayabilece\u011fimizi l\u00fctfen unutmay\u0131n.<\/p>\n<p><!-- \/wp_cf5e68:paragraph --><\/p>\n<p><!-- wp_cf5e68:paragraph --><\/p>\n<p>Web sitemizi kullanmaya devam etmeniz, gizlilik ve ki\u015fisel bilgilerle ilgili uygulamalar\u0131m\u0131z\u0131 kabul etti\u011finiz anlam\u0131na gelecektir. Kullan\u0131c\u0131 verilerini ve ki\u015fisel bilgileri nas\u0131l i\u015fledi\u011fimizle ilgili herhangi bir sorunuz varsa, l\u00fctfen bizimle ileti\u015fime ge\u00e7in.<\/p>\n<p><!-- \/wp_cf5e68:paragraph --><\/p>\n<p><!-- wp_cf5e68:heading --><\/p>\n<h2 class=\"wp_cf5e68-block-heading\">Work Help i\u00e7in \u00c7erez Politikas\u0131<\/h2>\n<p><!-- \/wp_cf5e68:heading --><\/p>\n<p><!-- wp_cf5e68:paragraph --><\/p>\n<p>Bu, https:\/\/ihomeworkhelp.com\/ adresinden eri\u015filebilen Work Help&#039;in \u00c7erez Politikas\u0131d\u0131r.<\/p>\n<p><!-- \/wp_cf5e68:paragraph --><\/p>\n<p><!-- wp_cf5e68:heading {\"level\":3} --><\/p>\n<h3 class=\"wp_cf5e68-block-heading\">\u00c7erezler Nedir?<\/h3>\n<p><!-- \/wp_cf5e68:heading --><\/p>\n<p><!-- wp_cf5e68:paragraph --><\/p>\n<p>Hemen hemen t\u00fcm profesyonel web sitelerinde oldu\u011fu gibi, bu site de kullan\u0131c\u0131 deneyiminizi iyile\u015ftirmek i\u00e7in bilgisayar\u0131n\u0131za indirilen k\u00fc\u00e7\u00fck dosyalar olan \u00e7erezleri kullanmaktad\u0131r. Bu sayfada, \u00e7erezlerin hangi bilgileri toplad\u0131\u011f\u0131, bunlar\u0131 nas\u0131l kulland\u0131\u011f\u0131m\u0131z ve neden bazen bu \u00e7erezleri saklamam\u0131z gerekti\u011fi a\u00e7\u0131klanmaktad\u0131r. Ayr\u0131ca, bu \u00e7erezlerin saklanmas\u0131n\u0131 nas\u0131l engelleyebilece\u011finizi de payla\u015faca\u011f\u0131z; ancak bu, sitenin i\u015flevselli\u011finin baz\u0131 unsurlar\u0131n\u0131 d\u00fc\u015f\u00fcrebilir veya bozabilir.<\/p>\n<p><!-- \/wp_cf5e68:paragraph --><\/p>\n<p><!-- wp_cf5e68:heading {\"level\":3} --><\/p>\n<h3 class=\"wp_cf5e68-block-heading\">\u00c7erezleri Nas\u0131l Kullan\u0131yoruz?<\/h3>\n<p><!-- \/wp_cf5e68:heading --><\/p>\n<p><!-- wp_cf5e68:paragraph --><\/p>\n<p>A\u015fa\u011f\u0131da ayr\u0131nt\u0131lar\u0131 verilen \u00e7e\u015fitli nedenlerle \u00e7erez kullan\u0131yoruz. Ne yaz\u0131k ki, \u00e7o\u011fu durumda, bu siteye ekledikleri i\u015flevselli\u011fi ve \u00f6zellikleri tamamen devre d\u0131\u015f\u0131 b\u0131rakmadan \u00e7erezleri devre d\u0131\u015f\u0131 b\u0131rakmak i\u00e7in sekt\u00f6r standard\u0131 se\u00e7enekler bulunmamaktad\u0131r. Kulland\u0131\u011f\u0131n\u0131z bir hizmeti sa\u011flamak i\u00e7in kullan\u0131l\u0131yor olmalar\u0131 ihtimaline kar\u015f\u0131, ihtiyac\u0131n\u0131z olup olmad\u0131\u011f\u0131ndan emin de\u011filseniz t\u00fcm \u00e7erezleri a\u00e7\u0131k b\u0131rakman\u0131z \u00f6nerilir.<\/p>\n<p><!-- \/wp_cf5e68:paragraph --><\/p>\n<p><!-- wp_cf5e68:heading {\"level\":3} --><\/p>\n<h3 class=\"wp_cf5e68-block-heading\">\u00c7erezleri Devre D\u0131\u015f\u0131 B\u0131rakma<\/h3>\n<p><!-- \/wp_cf5e68:heading --><\/p>\n<p><!-- wp_cf5e68:paragraph --><\/p>\n<p>Taray\u0131c\u0131n\u0131z\u0131n ayarlar\u0131n\u0131 de\u011fi\u015ftirerek \u00e7erezlerin ayarlanmas\u0131n\u0131 engelleyebilirsiniz (bunu nas\u0131l yapaca\u011f\u0131n\u0131z konusunda taray\u0131c\u0131n\u0131z\u0131n Yard\u0131m b\u00f6l\u00fcm\u00fcne bak\u0131n). \u00c7erezleri devre d\u0131\u015f\u0131 b\u0131rakman\u0131n, bu ve ziyaret etti\u011finiz di\u011fer bir\u00e7ok web sitesinin i\u015flevselli\u011fini etkileyece\u011fini unutmay\u0131n. \u00c7erezleri devre d\u0131\u015f\u0131 b\u0131rakmak genellikle bu sitenin belirli i\u015flevlerini ve \u00f6zelliklerini de devre d\u0131\u015f\u0131 b\u0131rakacakt\u0131r. Bu nedenle \u00e7erezleri devre d\u0131\u015f\u0131 b\u0131rakmaman\u0131z \u00f6nerilir.<\/p>\n<p><!-- \/wp_cf5e68:paragraph --><\/p>\n<p><!-- wp_cf5e68:heading {\"level\":3} --><\/p>\n<h3 class=\"wp_cf5e68-block-heading\">Ayarlad\u0131\u011f\u0131m\u0131z \u00c7erezler<\/h3>\n<p><!-- \/wp_cf5e68:heading --><\/p>\n<p><!-- wp_cf5e68:heading {\"level\":3} --><\/p>\n<h3 class=\"wp_cf5e68-block-heading\">\u00dc\u00e7\u00fcnc\u00fc Taraf \u00c7erezleri<\/h3>\n<p><!-- \/wp_cf5e68:heading --><\/p>\n<p><!-- wp_cf5e68:paragraph --><\/p>\n<p>Baz\u0131 \u00f6zel durumlarda, g\u00fcvenilir \u00fc\u00e7\u00fcnc\u00fc taraflarca sa\u011flanan \u00e7erezleri de kullan\u0131yoruz. A\u015fa\u011f\u0131daki b\u00f6l\u00fcmde, bu site arac\u0131l\u0131\u011f\u0131yla kar\u015f\u0131la\u015fabilece\u011finiz \u00fc\u00e7\u00fcnc\u00fc taraf \u00e7erezleri hakk\u0131nda ayr\u0131nt\u0131l\u0131 bilgi verilmektedir.<\/p>\n<p><!-- \/wp_cf5e68:paragraph --><\/p>\n<p><!-- wp_cf5e68:list --><\/p>\n<ul><!-- wp_cf5e68:list-item --><\/p>\n<li>Reklam yay\u0131nlamak i\u00e7in kulland\u0131\u011f\u0131m\u0131z Google AdSense hizmeti, web genelinde daha alakal\u0131 reklamlar sunmak ve belirli bir reklam\u0131n size g\u00f6sterilme say\u0131s\u0131n\u0131 s\u0131n\u0131rlamak i\u00e7in DoubleClick \u00e7erezini kullan\u0131r.<\/li>\n<p><!-- \/wp_cf5e68:list-item --><\/p>\n<p><!-- wp_cf5e68:list-item --><\/p>\n<li>Google AdSense hakk\u0131nda daha fazla bilgi i\u00e7in resmi Google AdSense gizlilik SSS sayfas\u0131na bak\u0131n.<\/li>\n<p><!-- \/wp_cf5e68:list-item --><\/p>\n<p><!-- wp_cf5e68:list-item --><\/p>\n<li>Bu sitenin i\u015fletme maliyetlerini kar\u015f\u0131lamak ve daha fazla geli\u015ftirme i\u00e7in fon sa\u011flamak amac\u0131yla reklamlardan yararlan\u0131yoruz. Bu sitede kullan\u0131lan davran\u0131\u015fsal reklam \u00e7erezleri, ilgi alanlar\u0131n\u0131z\u0131 anonim olarak izleyerek ve ilginizi \u00e7ekebilecek benzer \u015feyleri sunarak size m\u00fcmk\u00fcn olan en alakal\u0131 reklamlar\u0131 sunmam\u0131z\u0131 sa\u011flamak \u00fczere tasarlanm\u0131\u015ft\u0131r.<\/li>\n<p><!-- \/wp_cf5e68:list-item --><\/p>\n<p><!-- wp_cf5e68:list-item --><\/p>\n<li>Birka\u00e7 i\u015f orta\u011f\u0131m\u0131z bizim ad\u0131m\u0131za reklam vermektedir ve ortakl\u0131k izleme \u00e7erezleri, m\u00fc\u015fterilerimizin sitemize i\u015f orta\u011f\u0131 sitelerimizden biri arac\u0131l\u0131\u011f\u0131yla gelip gelmedi\u011fini g\u00f6rmemizi sa\u011flar; b\u00f6ylece onlar\u0131 uygun \u015fekilde \u00f6d\u00fcllendirebilir ve gerekti\u011finde ortakl\u0131k ortaklar\u0131m\u0131z\u0131n size sat\u0131n alma i\u015fleminiz i\u00e7in sa\u011flayabilecekleri bonuslar\u0131 sunmalar\u0131na olanak tan\u0131yabiliriz.<\/li>\n<p><!-- \/wp_cf5e68:list-item --><\/ul>\n<p><!-- \/wp_cf5e68:list --><\/p>\n<p><!-- wp_cf5e68:heading {\"level\":3} --><\/p>\n<h3 class=\"wp_cf5e68-block-heading\">Kullan\u0131c\u0131n\u0131n sorumluluklar\u0131<\/h3>\n<p><!-- \/wp_cf5e68:heading --><\/p>\n<p><!-- wp_cf5e68:paragraph --><\/p>\n<p>Kullan\u0131c\u0131, sitede sunulan i\u00e7erik ve bilgileri, taklit\u00e7i olmayan, ancak a\u00e7\u0131klay\u0131c\u0131 bir davran\u0131\u015fla uygun \u015fekilde kullanma sorumlulu\u011funu \u00fcstlenir:<\/p>\n<p><!-- \/wp_cf5e68:paragraph --><\/p>\n<p><!-- wp_cf5e68:list --><\/p>\n<ul><!-- wp_cf5e68:list-item --><\/p>\n<li>A) Yasa d\u0131\u015f\u0131 veya iyi niyet ve kamu d\u00fczenine ayk\u0131r\u0131 faaliyetlerde bulunmamak;<\/li>\n<p><!-- \/wp_cf5e68:list-item --><\/p>\n<p><!-- wp_cf5e68:list-item --><\/p>\n<li>B) Irk\u00e7\u0131, yabanc\u0131 d\u00fc\u015fman\u0131 veya kumar i\u00e7erikli propaganda veya i\u00e7erik, her t\u00fcrl\u00fc yasad\u0131\u015f\u0131 pornografi, ter\u00f6rist iddialar\u0131 veya insan haklar\u0131na ayk\u0131r\u0131 i\u00e7erik yaymamak;<\/li>\n<p><!-- \/wp_cf5e68:list-item --><\/p>\n<p><!-- wp_cf5e68:list-item --><\/p>\n<li>C) Work Help&#039;in, tedarik\u00e7ilerinin veya \u00fc\u00e7\u00fcnc\u00fc taraflar\u0131n fiziksel sistemlerine (donan\u0131m) ve eri\u015filemez (yaz\u0131l\u0131m) sistemlerine zarar vermeyin, bilgisayar vir\u00fcsleri veya daha \u00f6nce belirtilen zararlara neden olabilecek di\u011fer donan\u0131m veya yaz\u0131l\u0131m sistemlerini bula\u015ft\u0131rmay\u0131n veya yaymay\u0131n.<\/li>\n<p><!-- \/wp_cf5e68:list-item --><\/ul>\n<p><!-- \/wp_cf5e68:list --><\/p>\n<p><!-- wp_cf5e68:heading {\"level\":3} --><\/p>\n<h3 class=\"wp_cf5e68-block-heading\">Daha fazla bilgi<\/h3>\n<p><!-- \/wp_cf5e68:heading --><\/p>\n<p><!-- wp_cf5e68:paragraph --><\/p>\n<p>Umar\u0131m bu durum sizin i\u00e7in a\u00e7\u0131kl\u0131\u011fa kavu\u015fmu\u015ftur ve daha \u00f6nce de belirtildi\u011fi gibi, ihtiyac\u0131n\u0131z olup olmad\u0131\u011f\u0131ndan emin olmad\u0131\u011f\u0131n\u0131z bir \u015fey varsa, sitemizde kulland\u0131\u011f\u0131n\u0131z \u00f6zelliklerden biriyle etkile\u015fime girebilece\u011fi ihtimaline kar\u015f\u0131 \u00e7erezleri etkin b\u0131rakmak genellikle daha g\u00fcvenlidir.<\/p>\n<p><!-- \/wp_cf5e68:paragraph --><\/p>\n<p><!-- wp_cf5e68:paragraph --><\/p>\n<p>Bu politika 5 Aral\u0131k 2023 00:27 tarihinden itibaren ge\u00e7erlidir.<\/p>\n<p><!-- \/wp_cf5e68:paragraph --><\/p>","protected":false},"excerpt":{"rendered":"<p>Your privacy is important to us. It is Work Help&#8217;s policy to respect your privacy regarding any information we may&#8230;<\/p>","protected":false},"author":19,"featured_media":16277,"parent":0,"menu_order":0,"comment_status":"open","ping_status":"open","template":"","meta":{"footnotes":""},"class_list":["post-16276","page","type-page","status-publish","has-post-thumbnail","hentry"],"_links":{"self":[{"href":"https:\/\/bonfimnoticias.com.br\/tr\/wp-json\/wp\/v2\/pages\/16276","targetHints":{"allow":["GET"]}}],"collection":[{"href":"https:\/\/bonfimnoticias.com.br\/tr\/wp-json\/wp\/v2\/pages"}],"about":[{"href":"https:\/\/bonfimnoticias.com.br\/tr\/wp-json\/wp\/v2\/types\/page"}],"author":[{"embeddable":true,"href":"https:\/\/bonfimnoticias.com.br\/tr\/wp-json\/wp\/v2\/users\/19"}],"replies":[{"embeddable":true,"href":"https:\/\/bonfimnoticias.com.br\/tr\/wp-json\/wp\/v2\/comments?post=16276"}],"version-history":[{"count":0,"href":"https:\/\/bonfimnoticias.com.br\/tr\/wp-json\/wp\/v2\/pages\/16276\/revisions"}],"wp:featuredmedia":[{"embeddable":true,"href":"https:\/\/bonfimnoticias.com.br\/tr\/wp-json\/wp\/v2\/media\/16277"}],"wp:attachment":[{"href":"https:\/\/bonfimnoticias.com.br\/tr\/wp-json\/wp\/v2\/media?parent=16276"}],"curies":[{"name":"wp","href":"https:\/\/api.w.org\/{rel}","templated":true}]}}