{"id":16250,"date":"2022-10-13T22:46:59","date_gmt":"2022-10-14T01:46:59","guid":{"rendered":"https:\/\/bonfimnoticias.com.br\/encontramos-a-melhor-opcao-para-voce\/"},"modified":"2022-10-13T22:46:59","modified_gmt":"2022-10-14T01:46:59","slug":"encontramos-a-melhor-opcao-para-voce","status":"publish","type":"page","link":"https:\/\/bonfimnoticias.com.br\/tr\/encontramos-a-melhor-opcao-para-voce\/","title":{"rendered":"Sizin i\u00e7in en iyi se\u00e7ene\u011fi bulduk."},"content":{"rendered":"<p>\u2705 Uzaktan E\u011fitim<br \/>\n<\/p>\n<p>\u2705 \u00dccretsiz Kurslar<br \/>\n<\/p>\n<p>\u2705 Sertifikal\u0131<br \/>\n<br \/>\n<strong>\u015eimdi nas\u0131l kay\u0131t olabilece\u011finizi \u00f6\u011frenin!<\/strong><\/p>","protected":false},"excerpt":{"rendered":"<p>\u2705 EAD \u2705 Cursos Gratuitos \u2705 Com Certificado Veja agora mesmo como voc\u00ea pode se inscrever!<\/p>","protected":false},"author":19,"featured_media":16251,"parent":0,"menu_order":0,"comment_status":"closed","ping_status":"closed","template":"","meta":{"footnotes":""},"class_list":["post-16250","page","type-page","status-publish","has-post-thumbnail","hentry"],"_links":{"self":[{"href":"https:\/\/bonfimnoticias.com.br\/tr\/wp-json\/wp\/v2\/pages\/16250","targetHints":{"allow":["GET"]}}],"collection":[{"href":"https:\/\/bonfimnoticias.com.br\/tr\/wp-json\/wp\/v2\/pages"}],"about":[{"href":"https:\/\/bonfimnoticias.com.br\/tr\/wp-json\/wp\/v2\/types\/page"}],"author":[{"embeddable":true,"href":"https:\/\/bonfimnoticias.com.br\/tr\/wp-json\/wp\/v2\/users\/19"}],"replies":[{"embeddable":true,"href":"https:\/\/bonfimnoticias.com.br\/tr\/wp-json\/wp\/v2\/comments?post=16250"}],"version-history":[{"count":0,"href":"https:\/\/bonfimnoticias.com.br\/tr\/wp-json\/wp\/v2\/pages\/16250\/revisions"}],"wp:featuredmedia":[{"embeddable":true,"href":"https:\/\/bonfimnoticias.com.br\/tr\/wp-json\/wp\/v2\/media\/16251"}],"wp:attachment":[{"href":"https:\/\/bonfimnoticias.com.br\/tr\/wp-json\/wp\/v2\/media?parent=16250"}],"curies":[{"name":"wp","href":"https:\/\/api.w.org\/{rel}","templated":true}]}}