{"id":16240,"date":"2022-10-04T01:43:48","date_gmt":"2022-10-04T04:43:48","guid":{"rendered":"https:\/\/bonfimnoticias.com.br\/emprestimo-casas-bahia\/"},"modified":"2022-10-04T01:43:48","modified_gmt":"2022-10-04T04:43:48","slug":"emprestimo-casas-bahia","status":"publish","type":"page","link":"https:\/\/bonfimnoticias.com.br\/tr\/emprestimo-casas-bahia\/","title":{"rendered":"Casas Bahia Kredisi"},"content":{"rendered":"<ul>\n<li style=\"text-align: center;\"><b>Kolay sipari\u015f:<\/b>\u00a0Daha \u00f6nce de belirtti\u011fimiz gibi, kredi ba\u015fvurunuzu tamamen \u00e7evrimi\u00e7i olarak yapabilirsiniz. Ayr\u0131ca, s\u00fcre\u00e7 basit ve h\u0131zl\u0131d\u0131r.<\/li>\n<li style=\"text-align: center;\"><b>Faiz oranlar\u0131:<\/b>\u00a0Faiz oranlar\u0131 cazip ve her t\u00fcketicinin profiline g\u00f6re ki\u015fiselle\u015ftirilmi\u015ftir. Bu nedenle, daha d\u00fc\u015f\u00fck faiz oranlar\u0131 elde etme \u015fans\u0131n\u0131z vard\u0131r.<\/li>\n<li style=\"text-align: center;\"><b>H\u0131zl\u0131 serbest b\u0131rakma<\/b>Onayland\u0131ktan sonra, para 24 saat i\u00e7inde hesab\u0131n\u0131za yat\u0131r\u0131lacakt\u0131r.<\/li>\n<\/ul>","protected":false},"excerpt":{"rendered":"<p>Facilidade no pedido:\u00a0como falamos, voc\u00ea pode solicitar o empr\u00e9stimo de forma totalmente online. Al\u00e9m disso, o processo \u00e9 simples e&#8230;<\/p>","protected":false},"author":19,"featured_media":0,"parent":0,"menu_order":0,"comment_status":"closed","ping_status":"closed","template":"","meta":{"footnotes":""},"class_list":["post-16240","page","type-page","status-publish","hentry"],"_links":{"self":[{"href":"https:\/\/bonfimnoticias.com.br\/tr\/wp-json\/wp\/v2\/pages\/16240","targetHints":{"allow":["GET"]}}],"collection":[{"href":"https:\/\/bonfimnoticias.com.br\/tr\/wp-json\/wp\/v2\/pages"}],"about":[{"href":"https:\/\/bonfimnoticias.com.br\/tr\/wp-json\/wp\/v2\/types\/page"}],"author":[{"embeddable":true,"href":"https:\/\/bonfimnoticias.com.br\/tr\/wp-json\/wp\/v2\/users\/19"}],"replies":[{"embeddable":true,"href":"https:\/\/bonfimnoticias.com.br\/tr\/wp-json\/wp\/v2\/comments?post=16240"}],"version-history":[{"count":0,"href":"https:\/\/bonfimnoticias.com.br\/tr\/wp-json\/wp\/v2\/pages\/16240\/revisions"}],"wp:attachment":[{"href":"https:\/\/bonfimnoticias.com.br\/tr\/wp-json\/wp\/v2\/media?parent=16240"}],"curies":[{"name":"wp","href":"https:\/\/api.w.org\/{rel}","templated":true}]}}