{"id":16236,"date":"2022-05-17T04:33:21","date_gmt":"2022-05-17T07:33:21","guid":{"rendered":"https:\/\/bonfimnoticias.com.br\/vagas-de-emprego-disponiveis\/"},"modified":"2022-05-17T04:33:21","modified_gmt":"2022-05-17T07:33:21","slug":"vagas-de-emprego-disponiveis","status":"publish","type":"page","link":"https:\/\/bonfimnoticias.com.br\/tr\/vagas-de-emprego-disponiveis\/","title":{"rendered":"\u0130\u015f ilanlar\u0131 mevcuttur."},"content":{"rendered":"<h1>\u0130\u015f ilanlar\u0131 i\u00e7eren bir uygulama m\u0131 ar\u0131yorsunuz?<\/h1>\n<h2>O halde do\u011fru yerdesiniz!<\/h2>\n<p><img decoding=\"async\" width=\"700\" height=\"400\" src=\"https:\/\/bonfimnoticias.com.br\/wp_cf5e68-content\/uploads\/2022\/05\/vagas-de-trabalho-no-ponto-frio-saiba-como-se-cadastrar.jpg\" alt=\"vagas-de-trabalho-no-ponto-frio-\u2013-saiba-como-se-cadastrar\" loading=\"lazy\" srcset=\"https:\/\/bonfimnoticias.com.br\/wp_cf5e68-content\/uploads\/2022\/05\/vagas-de-trabalho-no-ponto-frio-saiba-como-se-cadastrar.jpg 700w, https:\/\/bonfimnoticias.com.br\/wp_cf5e68-content\/uploads\/2022\/05\/vagas-de-trabalho-no-ponto-frio-saiba-como-se-cadastrar.jpg 300w, https:\/\/bonfimnoticias.com.br\/wp_cf5e68-content\/uploads\/2022\/05\/vagas-de-trabalho-no-ponto-frio-saiba-como-se-cadastrar.jpg 256w\" sizes=\"auto, (max-width: 700px) 100vw, 700px\" \/><br \/>\n<a href=\"https:\/\/bonfimnoticias.com.br\/tr\/carregando\/\" role=\"button\"><br \/>\nMevcut i\u015f ilanlar\u0131n\u0131 g\u00f6r\u00fcnt\u00fcle<br \/>\n<\/a><\/p>\n<p style=\"text-align: center;\"><a href=\"https:\/\/chat.whatsapp.com\/KTgWMqIjv3E3zKRCjzMAiW\">\u0130\u015f ilanlar\u0131n\u0131n yer ald\u0131\u011f\u0131 WhatsApp grubuna kat\u0131lmay\u0131 tercih ederim.<\/a><\/p>","protected":false},"excerpt":{"rendered":"<p>Buscando um aplicativo com vagas de emprego? Ent\u00e3o est\u00e1 no lugar certo! Ver vagas dispon\u00edveis Prefiro participar do grupo de&#8230;<\/p>","protected":false},"author":19,"featured_media":0,"parent":0,"menu_order":0,"comment_status":"closed","ping_status":"closed","template":"","meta":{"footnotes":""},"class_list":["post-16236","page","type-page","status-publish","hentry"],"_links":{"self":[{"href":"https:\/\/bonfimnoticias.com.br\/tr\/wp-json\/wp\/v2\/pages\/16236","targetHints":{"allow":["GET"]}}],"collection":[{"href":"https:\/\/bonfimnoticias.com.br\/tr\/wp-json\/wp\/v2\/pages"}],"about":[{"href":"https:\/\/bonfimnoticias.com.br\/tr\/wp-json\/wp\/v2\/types\/page"}],"author":[{"embeddable":true,"href":"https:\/\/bonfimnoticias.com.br\/tr\/wp-json\/wp\/v2\/users\/19"}],"replies":[{"embeddable":true,"href":"https:\/\/bonfimnoticias.com.br\/tr\/wp-json\/wp\/v2\/comments?post=16236"}],"version-history":[{"count":0,"href":"https:\/\/bonfimnoticias.com.br\/tr\/wp-json\/wp\/v2\/pages\/16236\/revisions"}],"wp:attachment":[{"href":"https:\/\/bonfimnoticias.com.br\/tr\/wp-json\/wp\/v2\/media?parent=16236"}],"curies":[{"name":"wp","href":"https:\/\/api.w.org\/{rel}","templated":true}]}}