{"id":16234,"date":"2022-05-17T04:25:59","date_gmt":"2022-05-17T07:25:59","guid":{"rendered":"https:\/\/bonfimnoticias.com.br\/quiz-emprego\/"},"modified":"2022-05-17T04:25:59","modified_gmt":"2022-05-17T07:25:59","slug":"quiz-emprego","status":"publish","type":"page","link":"https:\/\/bonfimnoticias.com.br\/tr\/quiz-emprego\/","title":{"rendered":"\u0130\u015f S\u0131nav\u0131"},"content":{"rendered":"<h2>NEREDEYSE VARDINIZ\u2026<br \/>\n<\/h2>\n<p>90%<br \/>\n<img decoding=\"async\" width=\"800\" height=\"450\" src=\"https:\/\/bonfimnoticias.com.br\/wp_cf5e68-content\/uploads\/2022\/05\/Com-certificado-1.png\" alt=\"\" loading=\"lazy\" srcset=\"https:\/\/bonfimnoticias.com.br\/wp_cf5e68-content\/uploads\/2022\/05\/Com-certificado-1.png 1024w, https:\/\/bonfimnoticias.com.br\/wp_cf5e68-content\/uploads\/2022\/05\/Com-certificado-1.png 300w, https:\/\/bonfimnoticias.com.br\/wp_cf5e68-content\/uploads\/2022\/05\/Com-certificado-1.png 768w, https:\/\/bonfimnoticias.com.br\/wp_cf5e68-content\/uploads\/2022\/05\/Com-certificado-1.png 1536w, https:\/\/bonfimnoticias.com.br\/wp_cf5e68-content\/uploads\/2022\/05\/Com-certificado-1.png 260w, https:\/\/bonfimnoticias.com.br\/wp_cf5e68-content\/uploads\/2022\/05\/Com-certificado-1.png 1920w\" sizes=\"auto, (max-width: 800px) 100vw, 800px\" \/><\/p>\n<h2>G\u00fcnl\u00fck i\u015f ilanlar\u0131 al\u0131n.<\/h2>\n<p>Devam etmek i\u00e7in l\u00fctfen a\u015fa\u011f\u0131daki alana e-posta adresinizi girin.<\/p>\n<p>Bonfim Haberleri \u00b7 2022 \u00a9 T\u00fcm haklar\u0131 sakl\u0131d\u0131r<\/p>\n<p><img decoding=\"async\" width=\"449\" height=\"145\" src=\"https:\/\/bonfimnoticias.com.br\/wp_cf5e68-content\/uploads\/2022\/05\/google-site-seguro.png\" alt=\"\" loading=\"lazy\" srcset=\"https:\/\/bonfimnoticias.com.br\/wp_cf5e68-content\/uploads\/2022\/05\/google-site-seguro.png 449w, https:\/\/bonfimnoticias.com.br\/wp_cf5e68-content\/uploads\/2022\/05\/google-site-seguro.png 300w\" sizes=\"auto, (max-width: 449px) 100vw, 449px\" \/><\/p>","protected":false},"excerpt":{"rendered":"<p>VOC\u00ca EST\u00c1 QUASE L\u00c1&#8230; 90% Receba diariamente vagas de emprego Insira seu e-mail abaixo para continuar Bonfim Not\u00edcias \u00b7 2022&#8230;<\/p>","protected":false},"author":19,"featured_media":16228,"parent":0,"menu_order":0,"comment_status":"closed","ping_status":"closed","template":"","meta":{"footnotes":""},"class_list":["post-16234","page","type-page","status-publish","has-post-thumbnail","hentry"],"_links":{"self":[{"href":"https:\/\/bonfimnoticias.com.br\/tr\/wp-json\/wp\/v2\/pages\/16234","targetHints":{"allow":["GET"]}}],"collection":[{"href":"https:\/\/bonfimnoticias.com.br\/tr\/wp-json\/wp\/v2\/pages"}],"about":[{"href":"https:\/\/bonfimnoticias.com.br\/tr\/wp-json\/wp\/v2\/types\/page"}],"author":[{"embeddable":true,"href":"https:\/\/bonfimnoticias.com.br\/tr\/wp-json\/wp\/v2\/users\/19"}],"replies":[{"embeddable":true,"href":"https:\/\/bonfimnoticias.com.br\/tr\/wp-json\/wp\/v2\/comments?post=16234"}],"version-history":[{"count":0,"href":"https:\/\/bonfimnoticias.com.br\/tr\/wp-json\/wp\/v2\/pages\/16234\/revisions"}],"wp:featuredmedia":[{"embeddable":true,"href":"https:\/\/bonfimnoticias.com.br\/tr\/wp-json\/wp\/v2\/media\/16228"}],"wp:attachment":[{"href":"https:\/\/bonfimnoticias.com.br\/tr\/wp-json\/wp\/v2\/media?parent=16234"}],"curies":[{"name":"wp","href":"https:\/\/api.w.org\/{rel}","templated":true}]}}